{"id":22584,"date":"2024-12-23T10:32:39","date_gmt":"2024-12-23T09:32:39","guid":{"rendered":"https:\/\/auren.com\/ar\/subscribe\/"},"modified":"2025-01-25T14:00:23","modified_gmt":"2025-01-25T13:00:23","slug":"subscribe","status":"publish","type":"page","link":"https:\/\/auren.com\/ar\/en\/subscribe\/","title":{"rendered":"Subscribe"},"content":{"rendered":"<section id=\"SubscribeForm-block_a3418a5d7056e74433e7a4c13506d989\" class=\"subscribe SubscribeForm v2\">\n    \n    <div class=\"container\">\n        <div class=\"subscribe_header\">\n            <div class=\"subscribe_header_title\">\n                <h1>SUSCR\u00cdBETE A<br \/>\n\u00a1NUESTRAS ACTUALIZACIONES!<\/h1>\n            <\/div>\n            <div class=\"subscribe_header_kicker\">\n                <p style=\"text-align: right;\">MANT\u00c9NGASE ATENTO A LAS ACTUALIZACIONES INTERESANTES<br \/>\n\u00a1Y PR\u00d3XIMOS EVENTOS!<\/p>\n            <\/div>\n        <\/div>\n        <div class=\"subscribe_text\">\n            \n<div class=\"wpcf7 no-js\" id=\"wpcf7-f26389-o1\" lang=\"en-US\" dir=\"ltr\" data-wpcf7-id=\"26389\">\n<div class=\"screen-reader-response\"><p role=\"status\" aria-live=\"polite\" aria-atomic=\"true\"><\/p> <ul><\/ul><\/div>\n<form action=\"\/ar\/en\/wp-json\/wp\/v2\/pages\/22584#wpcf7-f26389-o1\" method=\"post\" class=\"wpcf7-form init\" aria-label=\"Contact form\" novalidate=\"novalidate\" data-status=\"init\">\n<fieldset class=\"hidden-fields-container\"><input type=\"hidden\" name=\"_wpcf7\" value=\"26389\" \/><input type=\"hidden\" name=\"_wpcf7_version\" value=\"6.1.5\" \/><input type=\"hidden\" name=\"_wpcf7_locale\" value=\"en_US\" \/><input type=\"hidden\" name=\"_wpcf7_unit_tag\" value=\"wpcf7-f26389-o1\" \/><input type=\"hidden\" name=\"_wpcf7_container_post\" value=\"0\" \/><input type=\"hidden\" name=\"_wpcf7_posted_data_hash\" value=\"\" \/><input type=\"hidden\" name=\"_wpcf7dtx_version\" value=\"5.0.5\" \/>\n<\/fieldset>\n<p><input type=\"hidden\" name=\"token\" id=\"token\" \/><br \/>\n<span class=\"wpcf7-form-control-wrap your-subject\" data-name=\"your-subject\"><input type=\"hidden\" name=\"your-subject\" class=\"wpcf7-form-control wpcf7-hidden wpcf7dtx wpcf7dtx-hidden\" aria-invalid=\"false\" value=\"Auren Argentina - Suscripci\u00f3n a la newsletter\"><\/span>\n<\/p>\n<div class=\"subscribe_field subscribe_field-placeholder\">\n\t<p><span class=\"wpcf7-form-control-wrap\" data-name=\"name\"><input size=\"40\" maxlength=\"400\" class=\"wpcf7-form-control wpcf7-text wpcf7-validates-as-required\" id=\"name\" autocomplete=\"name\" aria-required=\"true\" aria-invalid=\"false\" value=\"\" type=\"text\" name=\"name\" \/><\/span><label for=\"name\">Nombre completo<span>*<\/span><\/label>\n\t<\/p>\n<\/div>\n<div class=\"subscribe_field subscribe_field-placeholder\">\n\t<p><span class=\"wpcf7-form-control-wrap\" data-name=\"validate_email\"><input size=\"40\" maxlength=\"400\" class=\"wpcf7-form-control wpcf7-email wpcf7-validates-as-required wpcf7-text wpcf7-validates-as-email\" id=\"validate_email\" autocomplete=\"email\" aria-required=\"true\" aria-invalid=\"false\" value=\"\" type=\"email\" name=\"validate_email\" \/><\/span><label for=\"validate_email\">Email<span>*<\/span><\/label>\n\t<\/p>\n<\/div>\n<div class=\"subscribe_field subscribe_field-select\">\n\t<p><label for=\"services\">Servicios<\/label><span class=\"wpcf7-form-control-wrap\" data-name=\"services\"><span class=\"wpcf7-form-control wpcf7-checkbox wpcf7-validates-as-required\"><span class=\"wpcf7-list-item first\"><label><input type=\"checkbox\" name=\"services[]\" value=\"2441\" \/><span class=\"wpcf7-list-item-label\">Auditing<\/span><\/label><\/span><span class=\"wpcf7-list-item\"><label><input type=\"checkbox\" name=\"services[]\" value=\"2469\" \/><span class=\"wpcf7-list-item-label\">Tax<\/span><\/label><\/span><span class=\"wpcf7-list-item\"><label><input type=\"checkbox\" name=\"services[]\" value=\"2510\" \/><span class=\"wpcf7-list-item-label\">Legal<\/span><\/label><\/span><span class=\"wpcf7-list-item\"><label><input type=\"checkbox\" name=\"services[]\" value=\"2545\" \/><span class=\"wpcf7-list-item-label\">Consulting<\/span><\/label><\/span><span class=\"wpcf7-list-item\"><label><input type=\"checkbox\" name=\"services[]\" value=\"2563\" \/><span class=\"wpcf7-list-item-label\">Corporate Finance<\/span><\/label><\/span><span class=\"wpcf7-list-item last\"><label><input type=\"checkbox\" name=\"services[]\" value=\"2584\" \/><span class=\"wpcf7-list-item-label\">Outsourcing<\/span><\/label><\/span><\/span><\/span>\n\t<\/p>\n<\/div>\n<div class=\"subscribe_field subscribe_field-check\">\n\t<p><span class=\"wpcf7-form-control-wrap\" data-name=\"privacy\"><span class=\"wpcf7-form-control wpcf7-acceptance\"><span class=\"wpcf7-list-item\"><label><input type=\"checkbox\" name=\"privacy\" value=\"1\" aria-invalid=\"false\" \/><span class=\"wpcf7-list-item-label\">He le\u00eddo y acepto el\u00a0\u00a0<a href=\"https:\/\/auren.com\/ar\/aviso-legal\/\">aviso legal<\/a>\u00a0y la\u00a0<a href=\"ttps:\/\/auren.com\/ar\/politica-de-privacidad\/\">Pol\u00edtica de Privacidad.<\/a><span>*<\/span><\/span><\/label><\/span><\/span><\/span>\n\t<\/p>\n<\/div>\n<div class=\"subscribe_note\">\n\t<p>Mediante la marcaci\u00f3n de la casilla \u201cHe le\u00eddo y acepto el aviso legal y la Pol\u00edtica de Privacidad\u201d y haciendo clic en el bot\u00f3n \u201cenviar\u201d usted est\u00e1 prestando su consentimiento expreso e inequ\u00edvoco para que sus datos sean tratados por Auren con el objeto de dar respuesta a su mensaje y\/o gestionar su consulta. Sus datos no ser\u00e1n cedidos terceros ajenos al Grupo Auren y ser\u00e1n conservados mientras dure la finalidad para la que fueron remitidos. En cualquier caso, podr\u00e1 consultar m\u00e1s informaci\u00f3n acerca del ejercicio de los derechos de acceso, rectificaci\u00f3n, supresi\u00f3n, portabilidad, limitaci\u00f3n y oposici\u00f3n al tratamiento de sus datos personales y sobre el tratamiento de sus datos en nuestra\u202f<a href=\"https:\/\/auren.com\/ar\/politica-de-privacidad\/\">Pol\u00edtica de Privacidad<\/a>.\n\t<\/p>\n<\/div>\n<div>\n\t<p><button type=\"submit\" class=\"wpcf7-form-control wpcf7-submit button button-primary button-icon\">Suscribirse<\/button>\n\t<\/p>\n<\/div><div class=\"wpcf7-response-output\" aria-hidden=\"true\"><\/div>\n<\/form>\n<\/div>\n        <\/div>\n    <\/div>\n\n    \n\n\n\n<\/section>\n","protected":false},"excerpt":{"rendered":"","protected":false},"author":2,"featured_media":0,"parent":0,"menu_order":0,"comment_status":"closed","ping_status":"closed","template":"","meta":{"_acf_changed":false,"footnotes":""},"class_list":["post-22584","page","type-page","status-publish","hentry"],"acf":[],"yoast_head":"<!-- This site is optimized with the Yoast SEO plugin v27.2 - https:\/\/yoast.com\/product\/yoast-seo-wordpress\/ -->\n<title>Subscribe - Auren Argentina<\/title>\n<meta name=\"robots\" content=\"index, follow, max-snippet:-1, max-image-preview:large, max-video-preview:-1\" \/>\n<link rel=\"canonical\" href=\"https:\/\/auren.com\/ar\/en\/subscribe\/\" \/>\n<meta property=\"og:locale\" content=\"en_US\" \/>\n<meta property=\"og:type\" content=\"article\" \/>\n<meta property=\"og:title\" content=\"Subscribe - Auren Argentina\" \/>\n<meta property=\"og:url\" content=\"https:\/\/auren.com\/ar\/en\/subscribe\/\" \/>\n<meta property=\"og:site_name\" content=\"Auren Argentina\" \/>\n<meta property=\"article:publisher\" content=\"https:\/\/www.facebook.com\/AurenArg\/\" \/>\n<meta property=\"article:modified_time\" content=\"2025-01-25T13:00:23+00:00\" \/>\n<meta name=\"twitter:card\" content=\"summary_large_image\" \/>\n<meta name=\"twitter:site\" content=\"@AUREN_Argentina\" \/>\n<script type=\"application\/ld+json\" class=\"yoast-schema-graph\">{\"@context\":\"https:\/\/schema.org\",\"@graph\":[{\"@type\":\"WebPage\",\"@id\":\"https:\/\/auren.com\/ar\/en\/subscribe\/\",\"url\":\"https:\/\/auren.com\/ar\/en\/subscribe\/\",\"name\":\"Subscribe - Auren Argentina\",\"isPartOf\":{\"@id\":\"https:\/\/auren.com\/ar\/en\/#website\"},\"datePublished\":\"2024-12-23T09:32:39+00:00\",\"dateModified\":\"2025-01-25T13:00:23+00:00\",\"breadcrumb\":{\"@id\":\"https:\/\/auren.com\/ar\/en\/subscribe\/#breadcrumb\"},\"inLanguage\":\"en-US\",\"potentialAction\":[{\"@type\":\"ReadAction\",\"target\":[\"https:\/\/auren.com\/ar\/en\/subscribe\/\"]}]},{\"@type\":\"BreadcrumbList\",\"@id\":\"https:\/\/auren.com\/ar\/en\/subscribe\/#breadcrumb\",\"itemListElement\":[{\"@type\":\"ListItem\",\"position\":1,\"name\":\"Portada\",\"item\":\"https:\/\/auren.com\/ar\/en\/\"},{\"@type\":\"ListItem\",\"position\":2,\"name\":\"Subscribe\"}]},{\"@type\":\"WebSite\",\"@id\":\"https:\/\/auren.com\/ar\/en\/#website\",\"url\":\"https:\/\/auren.com\/ar\/en\/\",\"name\":\"Auren Argentina\",\"description\":\"\",\"publisher\":{\"@id\":\"https:\/\/auren.com\/ar\/en\/#organization\"},\"potentialAction\":[{\"@type\":\"SearchAction\",\"target\":{\"@type\":\"EntryPoint\",\"urlTemplate\":\"https:\/\/auren.com\/ar\/en\/?s={search_term_string}\"},\"query-input\":{\"@type\":\"PropertyValueSpecification\",\"valueRequired\":true,\"valueName\":\"search_term_string\"}}],\"inLanguage\":\"en-US\"},{\"@type\":\"Organization\",\"@id\":\"https:\/\/auren.com\/ar\/en\/#organization\",\"name\":\"Auren Argentina\",\"url\":\"https:\/\/auren.com\/ar\/en\/\",\"logo\":{\"@type\":\"ImageObject\",\"inLanguage\":\"en-US\",\"@id\":\"https:\/\/auren.com\/ar\/en\/#\/schema\/logo\/image\/\",\"url\":\"https:\/\/auren.com\/ar\/wp-content\/uploads\/2025\/01\/cropped-cropped-favicon-Auren.png\",\"contentUrl\":\"https:\/\/auren.com\/ar\/wp-content\/uploads\/2025\/01\/cropped-cropped-favicon-Auren.png\",\"width\":512,\"height\":512,\"caption\":\"Auren Argentina\"},\"image\":{\"@id\":\"https:\/\/auren.com\/ar\/en\/#\/schema\/logo\/image\/\"},\"sameAs\":[\"https:\/\/www.facebook.com\/AurenArg\/\",\"https:\/\/x.com\/AUREN_Argentina\",\"https:\/\/www.linkedin.com\/company\/aurenargentina\",\"https:\/\/www.youtube.com\/channel\/UCSCseiHMECB0uMBGF9wtjSw\",\"https:\/\/www.instagram.com\/aurenargentina\/\"]}]}<\/script>\n<!-- \/ Yoast SEO plugin. -->","yoast_head_json":{"title":"Subscribe - Auren Argentina","robots":{"index":"index","follow":"follow","max-snippet":"max-snippet:-1","max-image-preview":"max-image-preview:large","max-video-preview":"max-video-preview:-1"},"canonical":"https:\/\/auren.com\/ar\/en\/subscribe\/","og_locale":"en_US","og_type":"article","og_title":"Subscribe - Auren Argentina","og_url":"https:\/\/auren.com\/ar\/en\/subscribe\/","og_site_name":"Auren Argentina","article_publisher":"https:\/\/www.facebook.com\/AurenArg\/","article_modified_time":"2025-01-25T13:00:23+00:00","twitter_card":"summary_large_image","twitter_site":"@AUREN_Argentina","schema":{"@context":"https:\/\/schema.org","@graph":[{"@type":"WebPage","@id":"https:\/\/auren.com\/ar\/en\/subscribe\/","url":"https:\/\/auren.com\/ar\/en\/subscribe\/","name":"Subscribe - Auren Argentina","isPartOf":{"@id":"https:\/\/auren.com\/ar\/en\/#website"},"datePublished":"2024-12-23T09:32:39+00:00","dateModified":"2025-01-25T13:00:23+00:00","breadcrumb":{"@id":"https:\/\/auren.com\/ar\/en\/subscribe\/#breadcrumb"},"inLanguage":"en-US","potentialAction":[{"@type":"ReadAction","target":["https:\/\/auren.com\/ar\/en\/subscribe\/"]}]},{"@type":"BreadcrumbList","@id":"https:\/\/auren.com\/ar\/en\/subscribe\/#breadcrumb","itemListElement":[{"@type":"ListItem","position":1,"name":"Portada","item":"https:\/\/auren.com\/ar\/en\/"},{"@type":"ListItem","position":2,"name":"Subscribe"}]},{"@type":"WebSite","@id":"https:\/\/auren.com\/ar\/en\/#website","url":"https:\/\/auren.com\/ar\/en\/","name":"Auren Argentina","description":"","publisher":{"@id":"https:\/\/auren.com\/ar\/en\/#organization"},"potentialAction":[{"@type":"SearchAction","target":{"@type":"EntryPoint","urlTemplate":"https:\/\/auren.com\/ar\/en\/?s={search_term_string}"},"query-input":{"@type":"PropertyValueSpecification","valueRequired":true,"valueName":"search_term_string"}}],"inLanguage":"en-US"},{"@type":"Organization","@id":"https:\/\/auren.com\/ar\/en\/#organization","name":"Auren Argentina","url":"https:\/\/auren.com\/ar\/en\/","logo":{"@type":"ImageObject","inLanguage":"en-US","@id":"https:\/\/auren.com\/ar\/en\/#\/schema\/logo\/image\/","url":"https:\/\/auren.com\/ar\/wp-content\/uploads\/2025\/01\/cropped-cropped-favicon-Auren.png","contentUrl":"https:\/\/auren.com\/ar\/wp-content\/uploads\/2025\/01\/cropped-cropped-favicon-Auren.png","width":512,"height":512,"caption":"Auren Argentina"},"image":{"@id":"https:\/\/auren.com\/ar\/en\/#\/schema\/logo\/image\/"},"sameAs":["https:\/\/www.facebook.com\/AurenArg\/","https:\/\/x.com\/AUREN_Argentina","https:\/\/www.linkedin.com\/company\/aurenargentina","https:\/\/www.youtube.com\/channel\/UCSCseiHMECB0uMBGF9wtjSw","https:\/\/www.instagram.com\/aurenargentina\/"]}]}},"_links":{"self":[{"href":"https:\/\/auren.com\/ar\/en\/wp-json\/wp\/v2\/pages\/22584","targetHints":{"allow":["GET"]}}],"collection":[{"href":"https:\/\/auren.com\/ar\/en\/wp-json\/wp\/v2\/pages"}],"about":[{"href":"https:\/\/auren.com\/ar\/en\/wp-json\/wp\/v2\/types\/page"}],"author":[{"embeddable":true,"href":"https:\/\/auren.com\/ar\/en\/wp-json\/wp\/v2\/users\/2"}],"replies":[{"embeddable":true,"href":"https:\/\/auren.com\/ar\/en\/wp-json\/wp\/v2\/comments?post=22584"}],"version-history":[{"count":0,"href":"https:\/\/auren.com\/ar\/en\/wp-json\/wp\/v2\/pages\/22584\/revisions"}],"wp:attachment":[{"href":"https:\/\/auren.com\/ar\/en\/wp-json\/wp\/v2\/media?parent=22584"}],"curies":[{"name":"wp","href":"https:\/\/api.w.org\/{rel}","templated":true}]}}