{"id":10066,"date":"2024-12-22T07:53:11","date_gmt":"2024-12-22T06:53:11","guid":{"rendered":"https:\/\/auren.com\/ar\/conoce-auren\/"},"modified":"2025-02-28T13:40:27","modified_gmt":"2025-02-28T12:40:27","slug":"sobre-nos-auren","status":"publish","type":"page","link":"https:\/\/auren.com\/ar\/pt-pt\/sobre-nos-auren\/","title":{"rendered":"Sobre N\u00f3s"},"content":{"rendered":"<section id=\"Header-block_eeae90c6194b6f7c596afbe82111f73f\" class=\"Header\">\r\n\r\n    <div class=\"hero\">\r\n                <div class=\"container\">\r\n            <div class=\"hero_header\">\r\n                                \r\n                <div class=\"hero_header_title\">\r\n                    <h1 class='' style=\"text-align: right;\">Sobre a Auren<\/h1>\n                <\/div>\r\n\r\n                                                \r\n                <div class=\"hero_header_subtitle\">\r\n                    <p style=\"text-align: right;\">Descubra a hist\u00f3ria e a ess\u00eancia de Auren.<\/p>\n                <\/div>\r\n\r\n                                \r\n            <\/div>\r\n        <\/div>\r\n        \r\n                <picture>\r\n            <source data-srcset=\"https:\/\/auren.com\/ar\/wp-content\/uploads\/2024\/11\/bg-hero-aboutus-d.webp\"\r\n                media=\"(min-width: 1200px)\" \/>\r\n            <img decoding=\"async\" class=\"hero_bg lazyload\"\r\n                <img decoding=\"async\" width=\"640\" height=\"382\" data-src=\"https:\/\/auren.com\/ar\/wp-content\/uploads\/2024\/11\/bg-hero-aboutus-d-1024x611.webp\" class=\"hero_bg lazyload\" alt=\"\" data-srcset=\"https:\/\/auren.com\/ar\/wp-content\/uploads\/2024\/11\/bg-hero-aboutus-d-1024x611.webp 1024w, https:\/\/auren.com\/ar\/wp-content\/uploads\/2024\/11\/bg-hero-aboutus-d-300x179.webp 300w, https:\/\/auren.com\/ar\/wp-content\/uploads\/2024\/11\/bg-hero-aboutus-d-768x459.webp 768w, https:\/\/auren.com\/ar\/wp-content\/uploads\/2024\/11\/bg-hero-aboutus-d-1536x917.webp 1536w, https:\/\/auren.com\/ar\/wp-content\/uploads\/2024\/11\/bg-hero-aboutus-d.webp 1916w\" data-sizes=\"(max-width: 640px) 100vw, 640px\" src=\"data:image\/svg+xml;base64,PHN2ZyB3aWR0aD0iMSIgaGVpZ2h0PSIxIiB4bWxucz0iaHR0cDovL3d3dy53My5vcmcvMjAwMC9zdmciPjwvc3ZnPg==\" style=\"--smush-placeholder-width: 640px; --smush-placeholder-aspect-ratio: 640\/382;\" \/>>\r\n        <\/picture>\r\n        \r\n                        <p class=\"hero_scroll\"><strong>Explore mais<\/strong> Deslocar para baixo<\/p>\r\n                    <\/div>\r\n\r\n<\/section>\n\n\r\n<section id=\"Breadcrumbs-block_02f8d67c9a37df1c0423bf2314b6ffed\" class=\"Breadcrumbs\">\r\n    \r\n        <nav class=\"breads\" aria-label=\"Breadcrumb\">\r\n            <ul class=\"container\">\r\n                <li><a href=\"https:\/\/auren.com\/ar\/pt-pt\/\">Home<\/a><\/li>\r\n                <li><span aria-current=\"page\">Sobre N\u00f3s<\/span><\/li>            <\/ul>\r\n        <\/nav>\r\n\r\n                                                                                     \r\n    \r\n<\/section>\r\n\n\n\r\n<section id=\"ImageText-block_2def023f0dcc9c916fdaba637428d03d\" class=\"ImageText\">\r\n\r\n    <section class=\"info \">\r\n        <div class=\"container\">\r\n            <div class=\"info_text\">\r\n                <div class=\"info_title\">\r\n                    <h2 class=''>Experi\u00eancia, valores e humanidade.<\/h2>\n                <\/div>\r\n                <div class=\"info_description\">\r\n                    <p>A nossa cultura humanista e o nosso esp\u00edrito empreendedor inspiram o nosso trabalho quotidiano. Estamos comprometidos com os nossos clientes, equipas e sociedade. Somos empres\u00e1rios ao servi\u00e7o dos empres\u00e1rios. Com equipas est\u00e1veis, constru\u00edmos rela\u00e7\u00f5es fortes e duradouras com os nossos clientes.<\/p>\n                <\/div>\r\n            <\/div>\r\n            <div class=\"info_media\">\r\n                <div class=\"info_media_item info_media_item-1\">\r\n                    <div class=\"info_media_item_text\"><span class=\"title\"><\/span><\/div>\r\n                    <div class=\"info_media_item_text_claim\"><\/div>\r\n                    <span class=\"info_media_item_bg\">\r\n                                                    <img decoding=\"async\" width=\"640\" height=\"412\" data-src=\"https:\/\/auren.com\/ar\/wp-content\/uploads\/2024\/12\/example-info-1-mask.webp\" class=\"attachment-large size-large lazyload\" alt=\"\" data-srcset=\"https:\/\/auren.com\/ar\/wp-content\/uploads\/2024\/12\/example-info-1-mask.webp 902w, https:\/\/auren.com\/ar\/wp-content\/uploads\/2024\/12\/example-info-1-mask-300x193.webp 300w, https:\/\/auren.com\/ar\/wp-content\/uploads\/2024\/12\/example-info-1-mask-768x494.webp 768w\" data-sizes=\"(max-width: 640px) 100vw, 640px\" src=\"data:image\/svg+xml;base64,PHN2ZyB3aWR0aD0iMSIgaGVpZ2h0PSIxIiB4bWxucz0iaHR0cDovL3d3dy53My5vcmcvMjAwMC9zdmciPjwvc3ZnPg==\" style=\"--smush-placeholder-width: 640px; --smush-placeholder-aspect-ratio: 640\/412;\" \/>                                            <\/span>\r\n                                                        <\/div>\r\n                <div class=\"info_media_claim\">\r\n                    <p>Comprometidos com a qualidade, guiados pelos nossos valores.<\/p>\n                <\/div>\r\n                <div class=\"info_media_item info_media_item-2\">\r\n                    <div class=\"info_media_item_text\"><span class=\"title\"><\/span><\/div>\r\n                    <div class=\"info_media_item_text_claim\"><\/div>\r\n                    <span class=\"info_media_item_bg\">\r\n                                                    <img decoding=\"async\" width=\"640\" height=\"412\" data-src=\"https:\/\/auren.com\/ar\/wp-content\/uploads\/2024\/12\/example-info-2-mask.webp\" class=\"attachment-large size-large lazyload\" alt=\"\" data-srcset=\"https:\/\/auren.com\/ar\/wp-content\/uploads\/2024\/12\/example-info-2-mask.webp 902w, https:\/\/auren.com\/ar\/wp-content\/uploads\/2024\/12\/example-info-2-mask-300x193.webp 300w, https:\/\/auren.com\/ar\/wp-content\/uploads\/2024\/12\/example-info-2-mask-768x494.webp 768w\" data-sizes=\"(max-width: 640px) 100vw, 640px\" src=\"data:image\/svg+xml;base64,PHN2ZyB3aWR0aD0iMSIgaGVpZ2h0PSIxIiB4bWxucz0iaHR0cDovL3d3dy53My5vcmcvMjAwMC9zdmciPjwvc3ZnPg==\" style=\"--smush-placeholder-width: 640px; --smush-placeholder-aspect-ratio: 640\/412;\" \/>                                            <\/span>\r\n                                                        <\/div>\r\n            <\/div>\r\n        <\/div>\r\n    <\/section>\r\n\r\n<\/section>\r\n\r\n\n\n\r\n<div id=\"CardsCustom-block_0ae47fc0b506451a4dbfd6db4fd3dbf1\" class=\"CardsCustom\">\r\n\r\n    <section class=\"services\">\r\n        <div class=\"container\">\r\n            <div class=\"services_title\">\r\n                <h2 class=''>Servi\u00e7os profissionais com uma abordagem humana.<\/h2>\n            <\/div>\r\n            <div class=\"services_description\">\r\n                <p>A nossa equipa multidisciplinar de profissionais oferece-lhe excel\u00eancia em cada projeto, gra\u00e7as \u00e0 sua vasta experi\u00eancia, abordagem metodol\u00f3gica e forte envolvimento. A nossa presen\u00e7a internacional, combinada com um profundo conhecimento local, d\u00e1-lhe o apoio de que necessita para ter sucesso em ambientes complexos e din\u00e2micos.<\/p>\n            <\/div>\r\n\r\n            <nav class=\"services_nav\">\r\n                                <a class=\"services_nav_item services_nav_item-0\" href=\"https:\/\/auren.com\/ar\/pt-pt\/conoce-auren\/objetivo-visao-e-valores\/\">\r\n                    <span class=\"services_nav_item_text\">Objetivo, vis\u00e3o e valores<\/span>\r\n                    <span class=\"services_nav_item_image\">\r\n                                                    <img decoding=\"async\" width=\"640\" height=\"475\" data-src=\"https:\/\/auren.com\/ar\/wp-content\/uploads\/2024\/12\/example-about-service-1-1024x760.webp\" class=\"attachment-large size-large lazyload\" alt=\"\" data-srcset=\"https:\/\/auren.com\/ar\/wp-content\/uploads\/2024\/12\/example-about-service-1-1024x760.webp 1024w, https:\/\/auren.com\/ar\/wp-content\/uploads\/2024\/12\/example-about-service-1-300x223.webp 300w, https:\/\/auren.com\/ar\/wp-content\/uploads\/2024\/12\/example-about-service-1-768x570.webp 768w, https:\/\/auren.com\/ar\/wp-content\/uploads\/2024\/12\/example-about-service-1.webp 1038w\" data-sizes=\"(max-width: 640px) 100vw, 640px\" src=\"data:image\/svg+xml;base64,PHN2ZyB3aWR0aD0iMSIgaGVpZ2h0PSIxIiB4bWxucz0iaHR0cDovL3d3dy53My5vcmcvMjAwMC9zdmciPjwvc3ZnPg==\" style=\"--smush-placeholder-width: 640px; --smush-placeholder-aspect-ratio: 640\/475;\" \/>                                            <\/span>\r\n                <\/a>\r\n                                <a class=\"services_nav_item services_nav_item-1\" href=\"https:\/\/auren.com\/ar\/pt-pt\/conoce-auren\/responsabilidade-empresarial\/\">\r\n                    <span class=\"services_nav_item_text\">Responsabilidade empresarial<\/span>\r\n                    <span class=\"services_nav_item_image\">\r\n                                                    <img decoding=\"async\" width=\"640\" height=\"475\" data-src=\"https:\/\/auren.com\/ar\/wp-content\/uploads\/2024\/12\/example-about-service-2-1024x760.webp\" class=\"attachment-large size-large lazyload\" alt=\"\" data-srcset=\"https:\/\/auren.com\/ar\/wp-content\/uploads\/2024\/12\/example-about-service-2-1024x760.webp 1024w, https:\/\/auren.com\/ar\/wp-content\/uploads\/2024\/12\/example-about-service-2-300x223.webp 300w, https:\/\/auren.com\/ar\/wp-content\/uploads\/2024\/12\/example-about-service-2-768x570.webp 768w, https:\/\/auren.com\/ar\/wp-content\/uploads\/2024\/12\/example-about-service-2.webp 1038w\" data-sizes=\"(max-width: 640px) 100vw, 640px\" src=\"data:image\/svg+xml;base64,PHN2ZyB3aWR0aD0iMSIgaGVpZ2h0PSIxIiB4bWxucz0iaHR0cDovL3d3dy53My5vcmcvMjAwMC9zdmciPjwvc3ZnPg==\" style=\"--smush-placeholder-width: 640px; --smush-placeholder-aspect-ratio: 640\/475;\" \/>                                            <\/span>\r\n                <\/a>\r\n                                <a class=\"services_nav_item services_nav_item-2\" href=\"https:\/\/auren.com\/ar\/pt-pt\/conoce-auren\/nuestro-enfoque-global\/\">\r\n                    <span class=\"services_nav_item_text\">A nossa abordagem global<\/span>\r\n                    <span class=\"services_nav_item_image\">\r\n                                                    <img decoding=\"async\" width=\"640\" height=\"475\" data-src=\"https:\/\/auren.com\/ar\/wp-content\/uploads\/2024\/12\/example-about-service-3-1024x760.webp\" class=\"attachment-large size-large lazyload\" alt=\"\" data-srcset=\"https:\/\/auren.com\/ar\/wp-content\/uploads\/2024\/12\/example-about-service-3-1024x760.webp 1024w, https:\/\/auren.com\/ar\/wp-content\/uploads\/2024\/12\/example-about-service-3-300x223.webp 300w, https:\/\/auren.com\/ar\/wp-content\/uploads\/2024\/12\/example-about-service-3-768x570.webp 768w, https:\/\/auren.com\/ar\/wp-content\/uploads\/2024\/12\/example-about-service-3.webp 1038w\" data-sizes=\"(max-width: 640px) 100vw, 640px\" src=\"data:image\/svg+xml;base64,PHN2ZyB3aWR0aD0iMSIgaGVpZ2h0PSIxIiB4bWxucz0iaHR0cDovL3d3dy53My5vcmcvMjAwMC9zdmciPjwvc3ZnPg==\" style=\"--smush-placeholder-width: 640px; --smush-placeholder-aspect-ratio: 640\/475;\" \/>                                            <\/span>\r\n                <\/a>\r\n                            <\/nav>\r\n        <\/div>\r\n    <\/section>\r\n\r\n<\/div>\r\n\n\n<div id=\"Discover-block_33cc051d4a6ba45d2c001c50c75dbd1b\" class=\"Discover\">\r\n\r\n    <section class=\"discover\" id=\"discover\">\r\n        <div class=\"container\">\r\n            <div class=\"discover_wrapper\">\r\n                                <picture>\r\n                    <source data-srcset=\"https:\/\/auren.com\/ar\/wp-content\/uploads\/2024\/12\/bg-discover-d.webp\" media=\"(min-width: 1200px)\" \/>\r\n                    <img decoding=\"async\" class=\"discover_bg lazyload\" data-src=\"https:\/\/auren.com\/ar\/wp-content\/uploads\/2024\/12\/bg-discover-d.webp\" alt=\"\" src=\"data:image\/svg+xml;base64,PHN2ZyB3aWR0aD0iMSIgaGVpZ2h0PSIxIiB4bWxucz0iaHR0cDovL3d3dy53My5vcmcvMjAwMC9zdmciPjwvc3ZnPg==\" style=\"--smush-placeholder-width: 1628px; --smush-placeholder-aspect-ratio: 1628\/297;\">\r\n                <\/picture>\r\n                                <div class=\"discover_content\">\r\n                    <div class=\"discover_text\">\r\n                        <div class=\"discover_title\">\r\n                            <h2 class=''>Onde estamos<\/h2>\n                        <\/div>\r\n                        <div class=\"discover_description\">\r\n                            <p>A Auren \u00e9 uma empresa multidisciplinar que oferece servi\u00e7os profissionais abrangentes nas \u00e1reas de auditoria, jur\u00eddica, consultoria e corporate.<\/p>\n<p>Com uma cultura humanista centrada no cuidado com as suas equipas e com as pessoas com quem interage, a Auren acompanha os seus clientes em todas as suas necessidades de neg\u00f3cio em qualquer parte do mundo.<\/p>\n<p>A Auren conta com mais de 2.263 profissionais em 11 pa\u00edses.<\/p>\n<p>Acreditamos que os servi\u00e7os profissionais podem ser prestados com consci\u00eancia, humanidade e envolvimento.<\/p>\n                        <\/div>\r\n                                                <a class=\"button button-contrast-red button-icon\" href=\"https:\/\/auren.hiringroom.com\/jobs\" target=\"\">Oportunidades de carreira<\/a>\r\n                                            <\/div>\r\n                    <ul class=\"discover_numbers\">\r\n                                                    <li class=\"discover_numbers_item\">\r\n                                <strong><span class=\"js-counterup\" data-end=\"11\" data-speed=\"100\">0<\/span><\/strong>\r\n                                pa\u00edses                            <\/li>\r\n                                                    <li class=\"discover_numbers_item\">\r\n                                Mais de<strong><span class=\"js-counterup\" data-end=\"2\" data-speed=\"100\">0<\/span>.263<\/strong>\r\n                                profissionais                            <\/li>\r\n                                                    <li class=\"discover_numbers_item\">\r\n                                <strong><span class=\"js-counterup\" data-end=\"62\" data-speed=\"100\">0<\/span><\/strong>\r\n                                escrit\u00f3rios                            <\/li>\r\n                                            <\/ul>\r\n                <\/div>\r\n            <\/div>\r\n        <\/div>\r\n    <\/section>\r\n\r\n<\/div>\r\n\n\n<section id=\"ImageTextV2-block_8203eee57dcf5269ae5e53b4b8391a33\" class=\"ImageTextV2\">\r\n\r\n    <div class=\"upcoming v2\">\r\n        <div class=\"container\">\r\n            <div class=\"upcoming_text\">\r\n                <div class=\"upcoming_title\">\r\n                    <h2 class=''>Pronto para trabalhar connosco?<\/h2>\n                <\/div>\r\n                <div class=\"upcoming_kicker\">\r\n                    <p>VAMOS LIGAR-NOS AGORA<\/p>\n                <\/div>\r\n            <\/div>\r\n            <div class=\"upcoming_media\">\r\n                <a class=\"button button-primary button-icon\" href=\"https:\/\/auren.com\/ar\/pt-pt\/contacto\/\" target=\"\">Contactar-nos<\/a>\r\n                <span class=\"upcoming_media_bg\"><img decoding=\"async\" width=\"640\" height=\"419\" data-src=\"https:\/\/auren.com\/ar\/wp-content\/uploads\/2024\/12\/bg-upcoming-media-v2-1.webp\" alt=\"\" data-srcset=\"https:\/\/auren.com\/ar\/wp-content\/uploads\/2024\/12\/bg-upcoming-media-v2-1.webp 684w, https:\/\/auren.com\/ar\/wp-content\/uploads\/2024\/12\/bg-upcoming-media-v2-1-300x196.webp 300w\" data-sizes=\"(max-width: 640px) 100vw, 640px\" src=\"data:image\/svg+xml;base64,PHN2ZyB3aWR0aD0iMSIgaGVpZ2h0PSIxIiB4bWxucz0iaHR0cDovL3d3dy53My5vcmcvMjAwMC9zdmciPjwvc3ZnPg==\" class=\"lazyload\" style=\"--smush-placeholder-width: 640px; --smush-placeholder-aspect-ratio: 640\/419;\" \/><\/span>\r\n            <\/div>\r\n        <\/div>\r\n    <\/div>\r\n\r\n<\/section>\r\n","protected":false},"excerpt":{"rendered":"","protected":false},"author":2,"featured_media":0,"parent":0,"menu_order":0,"comment_status":"closed","ping_status":"closed","template":"","meta":{"_acf_changed":false,"footnotes":""},"class_list":["post-10066","page","type-page","status-publish","hentry"],"acf":[],"yoast_head":"<!-- This site is optimized with the Yoast SEO plugin v27.5 - https:\/\/yoast.com\/product\/yoast-seo-wordpress\/ -->\n<title>Sobre N\u00f3s - Auren Argentina<\/title>\n<meta name=\"robots\" content=\"index, follow, max-snippet:-1, max-image-preview:large, max-video-preview:-1\" \/>\n<link rel=\"canonical\" href=\"https:\/\/auren.com\/ar\/pt-pt\/sobre-nos-auren\/\" \/>\n<meta property=\"og:locale\" content=\"pt_PT\" \/>\n<meta property=\"og:type\" content=\"article\" \/>\n<meta property=\"og:title\" content=\"Sobre N\u00f3s - Auren Argentina\" \/>\n<meta property=\"og:url\" content=\"https:\/\/auren.com\/ar\/pt-pt\/sobre-nos-auren\/\" \/>\n<meta property=\"og:site_name\" content=\"Auren Argentina\" \/>\n<meta property=\"article:publisher\" content=\"https:\/\/www.facebook.com\/AurenArg\/\" \/>\n<meta property=\"article:modified_time\" content=\"2025-02-28T12:40:27+00:00\" \/>\n<meta name=\"twitter:card\" content=\"summary_large_image\" \/>\n<meta name=\"twitter:site\" content=\"@AUREN_Argentina\" \/>\n<script type=\"application\/ld+json\" class=\"yoast-schema-graph\">{\"@context\":\"https:\\\/\\\/schema.org\",\"@graph\":[{\"@type\":\"WebPage\",\"@id\":\"https:\\\/\\\/auren.com\\\/ar\\\/pt-pt\\\/sobre-nos-auren\\\/\",\"url\":\"https:\\\/\\\/auren.com\\\/ar\\\/pt-pt\\\/sobre-nos-auren\\\/\",\"name\":\"Sobre N\u00f3s - Auren Argentina\",\"isPartOf\":{\"@id\":\"https:\\\/\\\/auren.com\\\/ar\\\/pt-pt\\\/#website\"},\"datePublished\":\"2024-12-22T06:53:11+00:00\",\"dateModified\":\"2025-02-28T12:40:27+00:00\",\"breadcrumb\":{\"@id\":\"https:\\\/\\\/auren.com\\\/ar\\\/pt-pt\\\/sobre-nos-auren\\\/#breadcrumb\"},\"inLanguage\":\"pt-PT\",\"potentialAction\":[{\"@type\":\"ReadAction\",\"target\":[\"https:\\\/\\\/auren.com\\\/ar\\\/pt-pt\\\/sobre-nos-auren\\\/\"]}]},{\"@type\":\"BreadcrumbList\",\"@id\":\"https:\\\/\\\/auren.com\\\/ar\\\/pt-pt\\\/sobre-nos-auren\\\/#breadcrumb\",\"itemListElement\":[{\"@type\":\"ListItem\",\"position\":1,\"name\":\"Portada\",\"item\":\"https:\\\/\\\/auren.com\\\/ar\\\/pt-pt\\\/\"},{\"@type\":\"ListItem\",\"position\":2,\"name\":\"Sobre N\u00f3s\"}]},{\"@type\":\"WebSite\",\"@id\":\"https:\\\/\\\/auren.com\\\/ar\\\/pt-pt\\\/#website\",\"url\":\"https:\\\/\\\/auren.com\\\/ar\\\/pt-pt\\\/\",\"name\":\"Auren Argentina\",\"description\":\"\",\"publisher\":{\"@id\":\"https:\\\/\\\/auren.com\\\/ar\\\/pt-pt\\\/#organization\"},\"potentialAction\":[{\"@type\":\"SearchAction\",\"target\":{\"@type\":\"EntryPoint\",\"urlTemplate\":\"https:\\\/\\\/auren.com\\\/ar\\\/pt-pt\\\/?s={search_term_string}\"},\"query-input\":{\"@type\":\"PropertyValueSpecification\",\"valueRequired\":true,\"valueName\":\"search_term_string\"}}],\"inLanguage\":\"pt-PT\"},{\"@type\":\"Organization\",\"@id\":\"https:\\\/\\\/auren.com\\\/ar\\\/pt-pt\\\/#organization\",\"name\":\"Auren Argentina\",\"url\":\"https:\\\/\\\/auren.com\\\/ar\\\/pt-pt\\\/\",\"logo\":{\"@type\":\"ImageObject\",\"inLanguage\":\"pt-PT\",\"@id\":\"https:\\\/\\\/auren.com\\\/ar\\\/pt-pt\\\/#\\\/schema\\\/logo\\\/image\\\/\",\"url\":\"https:\\\/\\\/auren.com\\\/ar\\\/wp-content\\\/uploads\\\/2025\\\/01\\\/cropped-cropped-favicon-Auren.png\",\"contentUrl\":\"https:\\\/\\\/auren.com\\\/ar\\\/wp-content\\\/uploads\\\/2025\\\/01\\\/cropped-cropped-favicon-Auren.png\",\"width\":512,\"height\":512,\"caption\":\"Auren Argentina\"},\"image\":{\"@id\":\"https:\\\/\\\/auren.com\\\/ar\\\/pt-pt\\\/#\\\/schema\\\/logo\\\/image\\\/\"},\"sameAs\":[\"https:\\\/\\\/www.facebook.com\\\/AurenArg\\\/\",\"https:\\\/\\\/x.com\\\/AUREN_Argentina\",\"https:\\\/\\\/www.linkedin.com\\\/company\\\/aurenargentina\",\"https:\\\/\\\/www.youtube.com\\\/channel\\\/UCSCseiHMECB0uMBGF9wtjSw\",\"https:\\\/\\\/www.instagram.com\\\/aurenargentina\\\/\"]}]}<\/script>\n<!-- \/ Yoast SEO plugin. -->","yoast_head_json":{"title":"Sobre N\u00f3s - Auren Argentina","robots":{"index":"index","follow":"follow","max-snippet":"max-snippet:-1","max-image-preview":"max-image-preview:large","max-video-preview":"max-video-preview:-1"},"canonical":"https:\/\/auren.com\/ar\/pt-pt\/sobre-nos-auren\/","og_locale":"pt_PT","og_type":"article","og_title":"Sobre N\u00f3s - Auren Argentina","og_url":"https:\/\/auren.com\/ar\/pt-pt\/sobre-nos-auren\/","og_site_name":"Auren Argentina","article_publisher":"https:\/\/www.facebook.com\/AurenArg\/","article_modified_time":"2025-02-28T12:40:27+00:00","twitter_card":"summary_large_image","twitter_site":"@AUREN_Argentina","schema":{"@context":"https:\/\/schema.org","@graph":[{"@type":"WebPage","@id":"https:\/\/auren.com\/ar\/pt-pt\/sobre-nos-auren\/","url":"https:\/\/auren.com\/ar\/pt-pt\/sobre-nos-auren\/","name":"Sobre N\u00f3s - Auren Argentina","isPartOf":{"@id":"https:\/\/auren.com\/ar\/pt-pt\/#website"},"datePublished":"2024-12-22T06:53:11+00:00","dateModified":"2025-02-28T12:40:27+00:00","breadcrumb":{"@id":"https:\/\/auren.com\/ar\/pt-pt\/sobre-nos-auren\/#breadcrumb"},"inLanguage":"pt-PT","potentialAction":[{"@type":"ReadAction","target":["https:\/\/auren.com\/ar\/pt-pt\/sobre-nos-auren\/"]}]},{"@type":"BreadcrumbList","@id":"https:\/\/auren.com\/ar\/pt-pt\/sobre-nos-auren\/#breadcrumb","itemListElement":[{"@type":"ListItem","position":1,"name":"Portada","item":"https:\/\/auren.com\/ar\/pt-pt\/"},{"@type":"ListItem","position":2,"name":"Sobre N\u00f3s"}]},{"@type":"WebSite","@id":"https:\/\/auren.com\/ar\/pt-pt\/#website","url":"https:\/\/auren.com\/ar\/pt-pt\/","name":"Auren Argentina","description":"","publisher":{"@id":"https:\/\/auren.com\/ar\/pt-pt\/#organization"},"potentialAction":[{"@type":"SearchAction","target":{"@type":"EntryPoint","urlTemplate":"https:\/\/auren.com\/ar\/pt-pt\/?s={search_term_string}"},"query-input":{"@type":"PropertyValueSpecification","valueRequired":true,"valueName":"search_term_string"}}],"inLanguage":"pt-PT"},{"@type":"Organization","@id":"https:\/\/auren.com\/ar\/pt-pt\/#organization","name":"Auren Argentina","url":"https:\/\/auren.com\/ar\/pt-pt\/","logo":{"@type":"ImageObject","inLanguage":"pt-PT","@id":"https:\/\/auren.com\/ar\/pt-pt\/#\/schema\/logo\/image\/","url":"https:\/\/auren.com\/ar\/wp-content\/uploads\/2025\/01\/cropped-cropped-favicon-Auren.png","contentUrl":"https:\/\/auren.com\/ar\/wp-content\/uploads\/2025\/01\/cropped-cropped-favicon-Auren.png","width":512,"height":512,"caption":"Auren Argentina"},"image":{"@id":"https:\/\/auren.com\/ar\/pt-pt\/#\/schema\/logo\/image\/"},"sameAs":["https:\/\/www.facebook.com\/AurenArg\/","https:\/\/x.com\/AUREN_Argentina","https:\/\/www.linkedin.com\/company\/aurenargentina","https:\/\/www.youtube.com\/channel\/UCSCseiHMECB0uMBGF9wtjSw","https:\/\/www.instagram.com\/aurenargentina\/"]}]}},"_links":{"self":[{"href":"https:\/\/auren.com\/ar\/pt-pt\/wp-json\/wp\/v2\/pages\/10066","targetHints":{"allow":["GET"]}}],"collection":[{"href":"https:\/\/auren.com\/ar\/pt-pt\/wp-json\/wp\/v2\/pages"}],"about":[{"href":"https:\/\/auren.com\/ar\/pt-pt\/wp-json\/wp\/v2\/types\/page"}],"author":[{"embeddable":true,"href":"https:\/\/auren.com\/ar\/pt-pt\/wp-json\/wp\/v2\/users\/2"}],"replies":[{"embeddable":true,"href":"https:\/\/auren.com\/ar\/pt-pt\/wp-json\/wp\/v2\/comments?post=10066"}],"version-history":[{"count":0,"href":"https:\/\/auren.com\/ar\/pt-pt\/wp-json\/wp\/v2\/pages\/10066\/revisions"}],"wp:attachment":[{"href":"https:\/\/auren.com\/ar\/pt-pt\/wp-json\/wp\/v2\/media?parent=10066"}],"curies":[{"name":"wp","href":"https:\/\/api.w.org\/{rel}","templated":true}]}}