{"id":25919,"date":"2025-01-16T09:55:43","date_gmt":"2025-01-16T08:55:43","guid":{"rendered":"https:\/\/auren.com\/ar\/error-not-found\/"},"modified":"2025-01-16T14:45:55","modified_gmt":"2025-01-16T13:45:55","slug":"error-not-found","status":"publish","type":"page","link":"https:\/\/auren.com\/ar\/pt-pt\/error-not-found\/","title":{"rendered":"Error: Not found"},"content":{"rendered":"<div id=\"ErrorPage-block_973c4168ad1878a90088ea41499d0025\" class=\"ErrorPage\">\n\n    <div class=\"page-error\">\n        <div class=\"container\">\n            <div class=\"page-error_content\">\n                <div class=\"page-error_title\">\n                    <h1 class=''>N\u00c3O ENCONTR\u00c1MOS A P\u00c1GINA<\/h1>\n                <\/div>\n                <div class=\"page-error_subtitle\">\n                    <h2 class=''>QUE PROCURA<\/h2>\n                <\/div>\n                <div class=\"page-error_code\">\n                    <p>404<\/p>\n                <\/div>\n            <\/div>\n        <\/div>\n        <div class=\"page-error_ellipsis \">\n            <picture>\n                <source data-srcset=\"https:\/\/auren.com\/ar\/wp-content\/themes\/auren\/assets\/images\/bg-page-error-ellipsis-d.webp\" media=\"(min-width: 1200px)\" \/>\n                <img decoding=\"async\" data-src=\"https:\/\/auren.com\/ar\/wp-content\/themes\/auren\/assets\/images\/bg-page-error-ellipsis.webp\" alt=\"\" src=\"data:image\/svg+xml;base64,PHN2ZyB3aWR0aD0iMSIgaGVpZ2h0PSIxIiB4bWxucz0iaHR0cDovL3d3dy53My5vcmcvMjAwMC9zdmciPjwvc3ZnPg==\" class=\"lazyload\" style=\"--smush-placeholder-width: 1132px; --smush-placeholder-aspect-ratio: 1132\/1063;\">\n            <\/picture>\n        <\/div>\n        <a class=\"button button-icon button-contrast-red \" href=\"https:\/\/auren.com\/ar\/pt-pt\/\">Voltar ao in\u00edcio<\/a>\n    <\/div>\n\n<\/div>\n","protected":false},"excerpt":{"rendered":"","protected":false},"author":2,"featured_media":0,"parent":0,"menu_order":0,"comment_status":"closed","ping_status":"closed","template":"","meta":{"_acf_changed":false,"footnotes":""},"class_list":["post-25919","page","type-page","status-publish","hentry"],"acf":[],"yoast_head":"<!-- This site is optimized with the Yoast SEO plugin v27.5 - https:\/\/yoast.com\/product\/yoast-seo-wordpress\/ -->\n<title>Error: Not found - Auren Argentina<\/title>\n<meta name=\"robots\" content=\"index, follow, max-snippet:-1, max-image-preview:large, max-video-preview:-1\" \/>\n<link rel=\"canonical\" href=\"https:\/\/auren.com\/ar\/pt-pt\/error-not-found\/\" \/>\n<meta property=\"og:locale\" content=\"pt_PT\" \/>\n<meta property=\"og:type\" content=\"article\" \/>\n<meta property=\"og:title\" content=\"Error: Not found - Auren Argentina\" \/>\n<meta property=\"og:url\" content=\"https:\/\/auren.com\/ar\/pt-pt\/error-not-found\/\" \/>\n<meta property=\"og:site_name\" content=\"Auren Argentina\" \/>\n<meta property=\"article:publisher\" content=\"https:\/\/www.facebook.com\/AurenArg\/\" \/>\n<meta property=\"article:modified_time\" content=\"2025-01-16T13:45:55+00:00\" \/>\n<meta name=\"twitter:card\" content=\"summary_large_image\" \/>\n<meta name=\"twitter:site\" content=\"@AUREN_Argentina\" \/>\n<script type=\"application\/ld+json\" class=\"yoast-schema-graph\">{\"@context\":\"https:\\\/\\\/schema.org\",\"@graph\":[{\"@type\":\"WebPage\",\"@id\":\"https:\\\/\\\/auren.com\\\/ar\\\/pt-pt\\\/error-not-found\\\/\",\"url\":\"https:\\\/\\\/auren.com\\\/ar\\\/pt-pt\\\/error-not-found\\\/\",\"name\":\"Error: Not found - Auren Argentina\",\"isPartOf\":{\"@id\":\"https:\\\/\\\/auren.com\\\/ar\\\/pt-pt\\\/#website\"},\"datePublished\":\"2025-01-16T08:55:43+00:00\",\"dateModified\":\"2025-01-16T13:45:55+00:00\",\"breadcrumb\":{\"@id\":\"https:\\\/\\\/auren.com\\\/ar\\\/pt-pt\\\/error-not-found\\\/#breadcrumb\"},\"inLanguage\":\"pt-PT\",\"potentialAction\":[{\"@type\":\"ReadAction\",\"target\":[\"https:\\\/\\\/auren.com\\\/ar\\\/pt-pt\\\/error-not-found\\\/\"]}]},{\"@type\":\"BreadcrumbList\",\"@id\":\"https:\\\/\\\/auren.com\\\/ar\\\/pt-pt\\\/error-not-found\\\/#breadcrumb\",\"itemListElement\":[{\"@type\":\"ListItem\",\"position\":1,\"name\":\"Portada\",\"item\":\"https:\\\/\\\/auren.com\\\/ar\\\/pt-pt\\\/\"},{\"@type\":\"ListItem\",\"position\":2,\"name\":\"Error: Not found\"}]},{\"@type\":\"WebSite\",\"@id\":\"https:\\\/\\\/auren.com\\\/ar\\\/pt-pt\\\/#website\",\"url\":\"https:\\\/\\\/auren.com\\\/ar\\\/pt-pt\\\/\",\"name\":\"Auren Argentina\",\"description\":\"\",\"publisher\":{\"@id\":\"https:\\\/\\\/auren.com\\\/ar\\\/pt-pt\\\/#organization\"},\"potentialAction\":[{\"@type\":\"SearchAction\",\"target\":{\"@type\":\"EntryPoint\",\"urlTemplate\":\"https:\\\/\\\/auren.com\\\/ar\\\/pt-pt\\\/?s={search_term_string}\"},\"query-input\":{\"@type\":\"PropertyValueSpecification\",\"valueRequired\":true,\"valueName\":\"search_term_string\"}}],\"inLanguage\":\"pt-PT\"},{\"@type\":\"Organization\",\"@id\":\"https:\\\/\\\/auren.com\\\/ar\\\/pt-pt\\\/#organization\",\"name\":\"Auren Argentina\",\"url\":\"https:\\\/\\\/auren.com\\\/ar\\\/pt-pt\\\/\",\"logo\":{\"@type\":\"ImageObject\",\"inLanguage\":\"pt-PT\",\"@id\":\"https:\\\/\\\/auren.com\\\/ar\\\/pt-pt\\\/#\\\/schema\\\/logo\\\/image\\\/\",\"url\":\"https:\\\/\\\/auren.com\\\/ar\\\/wp-content\\\/uploads\\\/2025\\\/01\\\/cropped-cropped-favicon-Auren.png\",\"contentUrl\":\"https:\\\/\\\/auren.com\\\/ar\\\/wp-content\\\/uploads\\\/2025\\\/01\\\/cropped-cropped-favicon-Auren.png\",\"width\":512,\"height\":512,\"caption\":\"Auren Argentina\"},\"image\":{\"@id\":\"https:\\\/\\\/auren.com\\\/ar\\\/pt-pt\\\/#\\\/schema\\\/logo\\\/image\\\/\"},\"sameAs\":[\"https:\\\/\\\/www.facebook.com\\\/AurenArg\\\/\",\"https:\\\/\\\/x.com\\\/AUREN_Argentina\",\"https:\\\/\\\/www.linkedin.com\\\/company\\\/aurenargentina\",\"https:\\\/\\\/www.youtube.com\\\/channel\\\/UCSCseiHMECB0uMBGF9wtjSw\",\"https:\\\/\\\/www.instagram.com\\\/aurenargentina\\\/\"]}]}<\/script>\n<!-- \/ Yoast SEO plugin. -->","yoast_head_json":{"title":"Error: Not found - Auren Argentina","robots":{"index":"index","follow":"follow","max-snippet":"max-snippet:-1","max-image-preview":"max-image-preview:large","max-video-preview":"max-video-preview:-1"},"canonical":"https:\/\/auren.com\/ar\/pt-pt\/error-not-found\/","og_locale":"pt_PT","og_type":"article","og_title":"Error: Not found - Auren Argentina","og_url":"https:\/\/auren.com\/ar\/pt-pt\/error-not-found\/","og_site_name":"Auren Argentina","article_publisher":"https:\/\/www.facebook.com\/AurenArg\/","article_modified_time":"2025-01-16T13:45:55+00:00","twitter_card":"summary_large_image","twitter_site":"@AUREN_Argentina","schema":{"@context":"https:\/\/schema.org","@graph":[{"@type":"WebPage","@id":"https:\/\/auren.com\/ar\/pt-pt\/error-not-found\/","url":"https:\/\/auren.com\/ar\/pt-pt\/error-not-found\/","name":"Error: Not found - Auren Argentina","isPartOf":{"@id":"https:\/\/auren.com\/ar\/pt-pt\/#website"},"datePublished":"2025-01-16T08:55:43+00:00","dateModified":"2025-01-16T13:45:55+00:00","breadcrumb":{"@id":"https:\/\/auren.com\/ar\/pt-pt\/error-not-found\/#breadcrumb"},"inLanguage":"pt-PT","potentialAction":[{"@type":"ReadAction","target":["https:\/\/auren.com\/ar\/pt-pt\/error-not-found\/"]}]},{"@type":"BreadcrumbList","@id":"https:\/\/auren.com\/ar\/pt-pt\/error-not-found\/#breadcrumb","itemListElement":[{"@type":"ListItem","position":1,"name":"Portada","item":"https:\/\/auren.com\/ar\/pt-pt\/"},{"@type":"ListItem","position":2,"name":"Error: Not found"}]},{"@type":"WebSite","@id":"https:\/\/auren.com\/ar\/pt-pt\/#website","url":"https:\/\/auren.com\/ar\/pt-pt\/","name":"Auren Argentina","description":"","publisher":{"@id":"https:\/\/auren.com\/ar\/pt-pt\/#organization"},"potentialAction":[{"@type":"SearchAction","target":{"@type":"EntryPoint","urlTemplate":"https:\/\/auren.com\/ar\/pt-pt\/?s={search_term_string}"},"query-input":{"@type":"PropertyValueSpecification","valueRequired":true,"valueName":"search_term_string"}}],"inLanguage":"pt-PT"},{"@type":"Organization","@id":"https:\/\/auren.com\/ar\/pt-pt\/#organization","name":"Auren Argentina","url":"https:\/\/auren.com\/ar\/pt-pt\/","logo":{"@type":"ImageObject","inLanguage":"pt-PT","@id":"https:\/\/auren.com\/ar\/pt-pt\/#\/schema\/logo\/image\/","url":"https:\/\/auren.com\/ar\/wp-content\/uploads\/2025\/01\/cropped-cropped-favicon-Auren.png","contentUrl":"https:\/\/auren.com\/ar\/wp-content\/uploads\/2025\/01\/cropped-cropped-favicon-Auren.png","width":512,"height":512,"caption":"Auren Argentina"},"image":{"@id":"https:\/\/auren.com\/ar\/pt-pt\/#\/schema\/logo\/image\/"},"sameAs":["https:\/\/www.facebook.com\/AurenArg\/","https:\/\/x.com\/AUREN_Argentina","https:\/\/www.linkedin.com\/company\/aurenargentina","https:\/\/www.youtube.com\/channel\/UCSCseiHMECB0uMBGF9wtjSw","https:\/\/www.instagram.com\/aurenargentina\/"]}]}},"_links":{"self":[{"href":"https:\/\/auren.com\/ar\/pt-pt\/wp-json\/wp\/v2\/pages\/25919","targetHints":{"allow":["GET"]}}],"collection":[{"href":"https:\/\/auren.com\/ar\/pt-pt\/wp-json\/wp\/v2\/pages"}],"about":[{"href":"https:\/\/auren.com\/ar\/pt-pt\/wp-json\/wp\/v2\/types\/page"}],"author":[{"embeddable":true,"href":"https:\/\/auren.com\/ar\/pt-pt\/wp-json\/wp\/v2\/users\/2"}],"replies":[{"embeddable":true,"href":"https:\/\/auren.com\/ar\/pt-pt\/wp-json\/wp\/v2\/comments?post=25919"}],"version-history":[{"count":0,"href":"https:\/\/auren.com\/ar\/pt-pt\/wp-json\/wp\/v2\/pages\/25919\/revisions"}],"wp:attachment":[{"href":"https:\/\/auren.com\/ar\/pt-pt\/wp-json\/wp\/v2\/media?parent=25919"}],"curies":[{"name":"wp","href":"https:\/\/api.w.org\/{rel}","templated":true}]}}