{"id":10048,"date":"2024-12-22T07:53:11","date_gmt":"2024-12-22T06:53:11","guid":{"rendered":"https:\/\/auren.com\/ar\/?page_id=10048"},"modified":"2025-02-28T13:39:26","modified_gmt":"2025-02-28T12:39:26","slug":"conocenos-auren","status":"publish","type":"page","link":"https:\/\/auren.com\/ar\/conocenos-auren\/","title":{"rendered":"Conocenos"},"content":{"rendered":"<section id=\"Header-block_2d21e53bd76cbd8daf1e35adb467f926\" class=\"Header\">\r\n\r\n    <div class=\"hero\">\r\n                <div class=\"container\">\r\n            <div class=\"hero_header\">\r\n                                \r\n                <div class=\"hero_header_title\">\r\n                    <h1 class='' style=\"text-align: right;\"><strong>Conoc\u00e9 Auren<\/strong><\/h1>\n                <\/div>\r\n\r\n                                                \r\n                <div class=\"hero_header_subtitle\">\r\n                    <p style=\"text-align: right;\">Descubr\u00ed la historia y la esencia de Auren.<\/p>\n                <\/div>\r\n\r\n                                \r\n            <\/div>\r\n        <\/div>\r\n        \r\n                <picture>\r\n            <source data-srcset=\"https:\/\/auren.com\/ar\/wp-content\/uploads\/2024\/11\/bg-hero-aboutus-d.webp\"\r\n                media=\"(min-width: 1200px)\" \/>\r\n            <img decoding=\"async\" class=\"hero_bg lazyload\"\r\n                <img decoding=\"async\" width=\"640\" height=\"382\" data-src=\"https:\/\/auren.com\/ar\/wp-content\/uploads\/2024\/11\/bg-hero-aboutus-d-1024x611.webp\" class=\"hero_bg lazyload\" alt=\"\" data-srcset=\"https:\/\/auren.com\/ar\/wp-content\/uploads\/2024\/11\/bg-hero-aboutus-d-1024x611.webp 1024w, https:\/\/auren.com\/ar\/wp-content\/uploads\/2024\/11\/bg-hero-aboutus-d-300x179.webp 300w, https:\/\/auren.com\/ar\/wp-content\/uploads\/2024\/11\/bg-hero-aboutus-d-768x459.webp 768w, https:\/\/auren.com\/ar\/wp-content\/uploads\/2024\/11\/bg-hero-aboutus-d-1536x917.webp 1536w, https:\/\/auren.com\/ar\/wp-content\/uploads\/2024\/11\/bg-hero-aboutus-d.webp 1916w\" data-sizes=\"(max-width: 640px) 100vw, 640px\" src=\"data:image\/svg+xml;base64,PHN2ZyB3aWR0aD0iMSIgaGVpZ2h0PSIxIiB4bWxucz0iaHR0cDovL3d3dy53My5vcmcvMjAwMC9zdmciPjwvc3ZnPg==\" style=\"--smush-placeholder-width: 640px; --smush-placeholder-aspect-ratio: 640\/382;\" \/>>\r\n        <\/picture>\r\n        \r\n                        <p class=\"hero_scroll\"><strong>Explorar m\u00e1s<\/strong> Despl\u00e1cese hacia abajo<\/p>\r\n                    <\/div>\r\n\r\n<\/section>\n\n\r\n<section id=\"Breadcrumbs-block_2cc6180d451e94fda5b4ecf688f68ff7\" class=\"Breadcrumbs\">\r\n    \r\n        <nav class=\"breads\" aria-label=\"Breadcrumb\">\r\n            <ul class=\"container\">\r\n                <li><a href=\"https:\/\/auren.com\/ar\">Home<\/a><\/li>\r\n                <li><span aria-current=\"page\">Conocenos<\/span><\/li>            <\/ul>\r\n        <\/nav>\r\n\r\n                                                                                     \r\n    \r\n<\/section>\r\n\n\n\r\n<section id=\"ImageText-block_bead522b71f0e799b10e5b550b0e376f\" class=\"ImageText\">\r\n\r\n    <section class=\"info \">\r\n        <div class=\"container\">\r\n            <div class=\"info_text\">\r\n                <div class=\"info_title\">\r\n                    <h2 class=''>Experiencia, valores y humanidad.<\/h2>\n                <\/div>\r\n                <div class=\"info_description\">\r\n                    <p>Nuestro enfoque centrado en las personas y el esp\u00edritu emprendedor inspiran cada acci\u00f3n d\u00eda a d\u00eda.<\/p>\n<p>Nos comprometemos con clientes, equipos y sociedad. Somos empresarios al servicio de empresarios. Con equipos estables, construimos relaciones s\u00f3lidas y duraderas con nuestros clientes.<\/p>\n                <\/div>\r\n            <\/div>\r\n            <div class=\"info_media\">\r\n                <div class=\"info_media_item info_media_item-1\">\r\n                    <div class=\"info_media_item_text\"><span class=\"title\"><\/span><\/div>\r\n                    <div class=\"info_media_item_text_claim\"><\/div>\r\n                    <span class=\"info_media_item_bg\">\r\n                                                    <img decoding=\"async\" width=\"640\" height=\"412\" data-src=\"https:\/\/auren.com\/ar\/wp-content\/uploads\/2024\/12\/example-info-1-mask.webp\" class=\"attachment-large size-large lazyload\" alt=\"\" data-srcset=\"https:\/\/auren.com\/ar\/wp-content\/uploads\/2024\/12\/example-info-1-mask.webp 902w, https:\/\/auren.com\/ar\/wp-content\/uploads\/2024\/12\/example-info-1-mask-300x193.webp 300w, https:\/\/auren.com\/ar\/wp-content\/uploads\/2024\/12\/example-info-1-mask-768x494.webp 768w\" data-sizes=\"(max-width: 640px) 100vw, 640px\" src=\"data:image\/svg+xml;base64,PHN2ZyB3aWR0aD0iMSIgaGVpZ2h0PSIxIiB4bWxucz0iaHR0cDovL3d3dy53My5vcmcvMjAwMC9zdmciPjwvc3ZnPg==\" style=\"--smush-placeholder-width: 640px; --smush-placeholder-aspect-ratio: 640\/412;\" \/>                                            <\/span>\r\n                                                        <\/div>\r\n                <div class=\"info_media_claim\">\r\n                    <p>Comprometidos con la calidad, guiados por nuestros valores.<\/p>\n                <\/div>\r\n                <div class=\"info_media_item info_media_item-2\">\r\n                    <div class=\"info_media_item_text\"><span class=\"title\"><\/span><\/div>\r\n                    <div class=\"info_media_item_text_claim\"><\/div>\r\n                    <span class=\"info_media_item_bg\">\r\n                                                    <img decoding=\"async\" width=\"640\" height=\"412\" data-src=\"https:\/\/auren.com\/ar\/wp-content\/uploads\/2024\/12\/example-info-2-mask.webp\" class=\"attachment-large size-large lazyload\" alt=\"\" data-srcset=\"https:\/\/auren.com\/ar\/wp-content\/uploads\/2024\/12\/example-info-2-mask.webp 902w, https:\/\/auren.com\/ar\/wp-content\/uploads\/2024\/12\/example-info-2-mask-300x193.webp 300w, https:\/\/auren.com\/ar\/wp-content\/uploads\/2024\/12\/example-info-2-mask-768x494.webp 768w\" data-sizes=\"(max-width: 640px) 100vw, 640px\" src=\"data:image\/svg+xml;base64,PHN2ZyB3aWR0aD0iMSIgaGVpZ2h0PSIxIiB4bWxucz0iaHR0cDovL3d3dy53My5vcmcvMjAwMC9zdmciPjwvc3ZnPg==\" style=\"--smush-placeholder-width: 640px; --smush-placeholder-aspect-ratio: 640\/412;\" \/>                                            <\/span>\r\n                                                        <\/div>\r\n            <\/div>\r\n        <\/div>\r\n    <\/section>\r\n\r\n<\/section>\r\n\r\n\n\n\r\n<div id=\"CardsCustom-block_9d4cfcbfb4e50e8f71555cd897f45c48\" class=\"CardsCustom\">\r\n\r\n    <section class=\"services\">\r\n        <div class=\"container\">\r\n            <div class=\"services_title\">\r\n                <h2 class=''>Servicios profesionales con un enfoque humano.<\/h2>\n            <\/div>\r\n            <div class=\"services_description\">\r\n                <p>Nuestro equipo multidisciplinario de profesionales te ofrece la excelencia en cada proyecto, gracias a su amplia experiencia, enfoque metodol\u00f3gico y gran compromiso. Nuestra presencia internacional, combinada con un profundo conocimiento local, te brinda el apoyo necesario para lograr el \u00e9xito de tu negocio en entornos complejos y cambiantes.<\/p>\n            <\/div>\r\n\r\n            <nav class=\"services_nav\">\r\n                                <a class=\"services_nav_item services_nav_item-0\" href=\"https:\/\/auren.com\/ar\/conoce-auren\/proposito-vision-y-valores\/\">\r\n                    <span class=\"services_nav_item_text\">Prop\u00f3sito, Visi\u00f3n y Valores<\/span>\r\n                    <span class=\"services_nav_item_image\">\r\n                                                    <img decoding=\"async\" width=\"640\" height=\"475\" data-src=\"https:\/\/auren.com\/ar\/wp-content\/uploads\/2024\/12\/example-about-service-1-1024x760.webp\" class=\"attachment-large size-large lazyload\" alt=\"\" data-srcset=\"https:\/\/auren.com\/ar\/wp-content\/uploads\/2024\/12\/example-about-service-1-1024x760.webp 1024w, https:\/\/auren.com\/ar\/wp-content\/uploads\/2024\/12\/example-about-service-1-300x223.webp 300w, https:\/\/auren.com\/ar\/wp-content\/uploads\/2024\/12\/example-about-service-1-768x570.webp 768w, https:\/\/auren.com\/ar\/wp-content\/uploads\/2024\/12\/example-about-service-1.webp 1038w\" data-sizes=\"(max-width: 640px) 100vw, 640px\" src=\"data:image\/svg+xml;base64,PHN2ZyB3aWR0aD0iMSIgaGVpZ2h0PSIxIiB4bWxucz0iaHR0cDovL3d3dy53My5vcmcvMjAwMC9zdmciPjwvc3ZnPg==\" style=\"--smush-placeholder-width: 640px; --smush-placeholder-aspect-ratio: 640\/475;\" \/>                                            <\/span>\r\n                <\/a>\r\n                                <a class=\"services_nav_item services_nav_item-1\" href=\"https:\/\/auren.com\/ar\/conoce-auren\/responsabilidad-corporativa\/\">\r\n                    <span class=\"services_nav_item_text\">Responsabilidad corporativa<\/span>\r\n                    <span class=\"services_nav_item_image\">\r\n                                                    <img decoding=\"async\" width=\"640\" height=\"475\" data-src=\"https:\/\/auren.com\/ar\/wp-content\/uploads\/2024\/12\/example-about-service-2-1024x760.webp\" class=\"attachment-large size-large lazyload\" alt=\"\" data-srcset=\"https:\/\/auren.com\/ar\/wp-content\/uploads\/2024\/12\/example-about-service-2-1024x760.webp 1024w, https:\/\/auren.com\/ar\/wp-content\/uploads\/2024\/12\/example-about-service-2-300x223.webp 300w, https:\/\/auren.com\/ar\/wp-content\/uploads\/2024\/12\/example-about-service-2-768x570.webp 768w, https:\/\/auren.com\/ar\/wp-content\/uploads\/2024\/12\/example-about-service-2.webp 1038w\" data-sizes=\"(max-width: 640px) 100vw, 640px\" src=\"data:image\/svg+xml;base64,PHN2ZyB3aWR0aD0iMSIgaGVpZ2h0PSIxIiB4bWxucz0iaHR0cDovL3d3dy53My5vcmcvMjAwMC9zdmciPjwvc3ZnPg==\" style=\"--smush-placeholder-width: 640px; --smush-placeholder-aspect-ratio: 640\/475;\" \/>                                            <\/span>\r\n                <\/a>\r\n                                <a class=\"services_nav_item services_nav_item-2\" href=\"https:\/\/auren.com\/ar\/conoce-auren\/nuestro-enfoque-global\/\">\r\n                    <span class=\"services_nav_item_text\">Nuestro enfoque global<\/span>\r\n                    <span class=\"services_nav_item_image\">\r\n                                                    <img decoding=\"async\" width=\"640\" height=\"475\" data-src=\"https:\/\/auren.com\/ar\/wp-content\/uploads\/2024\/12\/example-about-service-3-1024x760.webp\" class=\"attachment-large size-large lazyload\" alt=\"\" data-srcset=\"https:\/\/auren.com\/ar\/wp-content\/uploads\/2024\/12\/example-about-service-3-1024x760.webp 1024w, https:\/\/auren.com\/ar\/wp-content\/uploads\/2024\/12\/example-about-service-3-300x223.webp 300w, https:\/\/auren.com\/ar\/wp-content\/uploads\/2024\/12\/example-about-service-3-768x570.webp 768w, https:\/\/auren.com\/ar\/wp-content\/uploads\/2024\/12\/example-about-service-3.webp 1038w\" data-sizes=\"(max-width: 640px) 100vw, 640px\" src=\"data:image\/svg+xml;base64,PHN2ZyB3aWR0aD0iMSIgaGVpZ2h0PSIxIiB4bWxucz0iaHR0cDovL3d3dy53My5vcmcvMjAwMC9zdmciPjwvc3ZnPg==\" style=\"--smush-placeholder-width: 640px; --smush-placeholder-aspect-ratio: 640\/475;\" \/>                                            <\/span>\r\n                <\/a>\r\n                            <\/nav>\r\n        <\/div>\r\n    <\/section>\r\n\r\n<\/div>\r\n\n\n<div id=\"Discover-block_c8b7571b0866be01a2db8080bebd91e4\" class=\"Discover\">\r\n\r\n    <section class=\"discover\" id=\"discover\">\r\n        <div class=\"container\">\r\n            <div class=\"discover_wrapper\">\r\n                                <picture>\r\n                    <source data-srcset=\"https:\/\/auren.com\/ar\/wp-content\/uploads\/2024\/12\/bg-discover-d.webp\" media=\"(min-width: 1200px)\" \/>\r\n                    <img decoding=\"async\" class=\"discover_bg lazyload\" data-src=\"https:\/\/auren.com\/ar\/wp-content\/uploads\/2024\/12\/bg-discover-d.webp\" alt=\"\" src=\"data:image\/svg+xml;base64,PHN2ZyB3aWR0aD0iMSIgaGVpZ2h0PSIxIiB4bWxucz0iaHR0cDovL3d3dy53My5vcmcvMjAwMC9zdmciPjwvc3ZnPg==\" style=\"--smush-placeholder-width: 1628px; --smush-placeholder-aspect-ratio: 1628\/297;\">\r\n                <\/picture>\r\n                                <div class=\"discover_content\">\r\n                    <div class=\"discover_text\">\r\n                        <div class=\"discover_title\">\r\n                            <h2 class=''>\u00bfD\u00f3nde estamos?<\/h2>\n                        <\/div>\r\n                        <div class=\"discover_description\">\r\n                            <p>Auren es una firma multidisciplinaria que ofrece servicios profesionales integrales en auditor\u00eda, asesoramiento fiscal y legal, consultor\u00eda, outsourcing\u00a0 y finanzas corporativas.<\/p>\n<p>Con una cultura enfocada en el cuidado de sus equipos y de las personas, Auren acompa\u00f1a a sus clientes en todas sus necesidades de negocio en cualquier parte del mundo.<\/p>\n<p>Auren cuenta con m\u00e1s de 2.263 profesionales en 11 pa\u00edses.<\/p>\n<p>Creemos que los servicios profesionales se pueden prestar con conciencia, humanidad e compromiso.<\/p>\n                        <\/div>\r\n                                                <a class=\"button button-contrast-red button-icon\" href=\"https:\/\/auren.hiringroom.com\/jobs\" target=\"\">Oportunidades profesionales<\/a>\r\n                                            <\/div>\r\n                    <ul class=\"discover_numbers\">\r\n                                                    <li class=\"discover_numbers_item\">\r\n                                <strong><span class=\"js-counterup\" data-end=\"11\" data-speed=\"100\">0<\/span><\/strong>\r\n                                pa\u00edses                            <\/li>\r\n                                                    <li class=\"discover_numbers_item\">\r\n                                M\u00e1s de<strong><span class=\"js-counterup\" data-end=\"2\" data-speed=\"100\">0<\/span>.263<\/strong>\r\n                                profesionales                            <\/li>\r\n                                                    <li class=\"discover_numbers_item\">\r\n                                <strong><span class=\"js-counterup\" data-end=\"62\" data-speed=\"100\">0<\/span><\/strong>\r\n                                oficinas                            <\/li>\r\n                                            <\/ul>\r\n                <\/div>\r\n            <\/div>\r\n        <\/div>\r\n    <\/section>\r\n\r\n<\/div>\r\n\n\n<section id=\"ImageTextV2-block_3a9bc8ed05ce6d3b0bbcdef0a3327707\" class=\"ImageTextV2\">\r\n\r\n    <div class=\"upcoming v2\">\r\n        <div class=\"container\">\r\n            <div class=\"upcoming_text\">\r\n                <div class=\"upcoming_title\">\r\n                    <h2 class=''>\u00bfPreparado para trabajar con nosotros?<\/h2>\n                <\/div>\r\n                <div class=\"upcoming_kicker\">\r\n                    <p>CONTACTATE AHORA<\/p>\n                <\/div>\r\n            <\/div>\r\n            <div class=\"upcoming_media\">\r\n                <a class=\"button button-primary button-icon\" href=\"https:\/\/auren.com\/ar\/contacto\/\" target=\"\">P\u00f3ngase en contacto<\/a>\r\n                <span class=\"upcoming_media_bg\"><img decoding=\"async\" width=\"640\" height=\"419\" data-src=\"https:\/\/auren.com\/ar\/wp-content\/uploads\/2024\/12\/bg-upcoming-media-v2-1.webp\" alt=\"\" data-srcset=\"https:\/\/auren.com\/ar\/wp-content\/uploads\/2024\/12\/bg-upcoming-media-v2-1.webp 684w, https:\/\/auren.com\/ar\/wp-content\/uploads\/2024\/12\/bg-upcoming-media-v2-1-300x196.webp 300w\" data-sizes=\"(max-width: 640px) 100vw, 640px\" src=\"data:image\/svg+xml;base64,PHN2ZyB3aWR0aD0iMSIgaGVpZ2h0PSIxIiB4bWxucz0iaHR0cDovL3d3dy53My5vcmcvMjAwMC9zdmciPjwvc3ZnPg==\" class=\"lazyload\" style=\"--smush-placeholder-width: 640px; --smush-placeholder-aspect-ratio: 640\/419;\" \/><\/span>\r\n            <\/div>\r\n        <\/div>\r\n    <\/div>\r\n\r\n<\/section>\r\n","protected":false},"excerpt":{"rendered":"","protected":false},"author":2,"featured_media":0,"parent":0,"menu_order":0,"comment_status":"closed","ping_status":"closed","template":"","meta":{"_acf_changed":false,"footnotes":""},"class_list":["post-10048","page","type-page","status-publish","hentry"],"acf":[],"yoast_head":"<!-- This site is optimized with the Yoast SEO plugin v27.5 - https:\/\/yoast.com\/product\/yoast-seo-wordpress\/ -->\n<title>Conocenos - Auren Argentina<\/title>\n<meta name=\"robots\" content=\"index, follow, max-snippet:-1, max-image-preview:large, max-video-preview:-1\" \/>\n<link rel=\"canonical\" href=\"https:\/\/auren.com\/ar\/conocenos-auren\/\" \/>\n<meta property=\"og:locale\" content=\"es_ES\" \/>\n<meta property=\"og:type\" content=\"article\" \/>\n<meta property=\"og:title\" content=\"Conocenos - Auren Argentina\" \/>\n<meta property=\"og:url\" content=\"https:\/\/auren.com\/ar\/conocenos-auren\/\" \/>\n<meta property=\"og:site_name\" content=\"Auren Argentina\" \/>\n<meta property=\"article:publisher\" content=\"https:\/\/www.facebook.com\/AurenArg\/\" \/>\n<meta property=\"article:modified_time\" content=\"2025-02-28T12:39:26+00:00\" \/>\n<meta name=\"twitter:card\" content=\"summary_large_image\" \/>\n<meta name=\"twitter:site\" content=\"@AUREN_Argentina\" \/>\n<script type=\"application\/ld+json\" class=\"yoast-schema-graph\">{\"@context\":\"https:\\\/\\\/schema.org\",\"@graph\":[{\"@type\":\"WebPage\",\"@id\":\"https:\\\/\\\/auren.com\\\/ar\\\/conocenos-auren\\\/\",\"url\":\"https:\\\/\\\/auren.com\\\/ar\\\/conocenos-auren\\\/\",\"name\":\"Conocenos - Auren Argentina\",\"isPartOf\":{\"@id\":\"https:\\\/\\\/auren.com\\\/ar\\\/#website\"},\"datePublished\":\"2024-12-22T06:53:11+00:00\",\"dateModified\":\"2025-02-28T12:39:26+00:00\",\"breadcrumb\":{\"@id\":\"https:\\\/\\\/auren.com\\\/ar\\\/conocenos-auren\\\/#breadcrumb\"},\"inLanguage\":\"es\",\"potentialAction\":[{\"@type\":\"ReadAction\",\"target\":[\"https:\\\/\\\/auren.com\\\/ar\\\/conocenos-auren\\\/\"]}]},{\"@type\":\"BreadcrumbList\",\"@id\":\"https:\\\/\\\/auren.com\\\/ar\\\/conocenos-auren\\\/#breadcrumb\",\"itemListElement\":[{\"@type\":\"ListItem\",\"position\":1,\"name\":\"Portada\",\"item\":\"https:\\\/\\\/auren.com\\\/ar\\\/\"},{\"@type\":\"ListItem\",\"position\":2,\"name\":\"Conocenos\"}]},{\"@type\":\"WebSite\",\"@id\":\"https:\\\/\\\/auren.com\\\/ar\\\/#website\",\"url\":\"https:\\\/\\\/auren.com\\\/ar\\\/\",\"name\":\"Auren Argentina\",\"description\":\"\",\"publisher\":{\"@id\":\"https:\\\/\\\/auren.com\\\/ar\\\/#organization\"},\"potentialAction\":[{\"@type\":\"SearchAction\",\"target\":{\"@type\":\"EntryPoint\",\"urlTemplate\":\"https:\\\/\\\/auren.com\\\/ar\\\/?s={search_term_string}\"},\"query-input\":{\"@type\":\"PropertyValueSpecification\",\"valueRequired\":true,\"valueName\":\"search_term_string\"}}],\"inLanguage\":\"es\"},{\"@type\":\"Organization\",\"@id\":\"https:\\\/\\\/auren.com\\\/ar\\\/#organization\",\"name\":\"Auren Argentina\",\"url\":\"https:\\\/\\\/auren.com\\\/ar\\\/\",\"logo\":{\"@type\":\"ImageObject\",\"inLanguage\":\"es\",\"@id\":\"https:\\\/\\\/auren.com\\\/ar\\\/#\\\/schema\\\/logo\\\/image\\\/\",\"url\":\"https:\\\/\\\/auren.com\\\/ar\\\/wp-content\\\/uploads\\\/2025\\\/01\\\/cropped-cropped-favicon-Auren.png\",\"contentUrl\":\"https:\\\/\\\/auren.com\\\/ar\\\/wp-content\\\/uploads\\\/2025\\\/01\\\/cropped-cropped-favicon-Auren.png\",\"width\":512,\"height\":512,\"caption\":\"Auren Argentina\"},\"image\":{\"@id\":\"https:\\\/\\\/auren.com\\\/ar\\\/#\\\/schema\\\/logo\\\/image\\\/\"},\"sameAs\":[\"https:\\\/\\\/www.facebook.com\\\/AurenArg\\\/\",\"https:\\\/\\\/x.com\\\/AUREN_Argentina\",\"https:\\\/\\\/www.linkedin.com\\\/company\\\/aurenargentina\",\"https:\\\/\\\/www.youtube.com\\\/channel\\\/UCSCseiHMECB0uMBGF9wtjSw\",\"https:\\\/\\\/www.instagram.com\\\/aurenargentina\\\/\"]}]}<\/script>\n<!-- \/ Yoast SEO plugin. -->","yoast_head_json":{"title":"Conocenos - Auren Argentina","robots":{"index":"index","follow":"follow","max-snippet":"max-snippet:-1","max-image-preview":"max-image-preview:large","max-video-preview":"max-video-preview:-1"},"canonical":"https:\/\/auren.com\/ar\/conocenos-auren\/","og_locale":"es_ES","og_type":"article","og_title":"Conocenos - Auren Argentina","og_url":"https:\/\/auren.com\/ar\/conocenos-auren\/","og_site_name":"Auren Argentina","article_publisher":"https:\/\/www.facebook.com\/AurenArg\/","article_modified_time":"2025-02-28T12:39:26+00:00","twitter_card":"summary_large_image","twitter_site":"@AUREN_Argentina","schema":{"@context":"https:\/\/schema.org","@graph":[{"@type":"WebPage","@id":"https:\/\/auren.com\/ar\/conocenos-auren\/","url":"https:\/\/auren.com\/ar\/conocenos-auren\/","name":"Conocenos - Auren Argentina","isPartOf":{"@id":"https:\/\/auren.com\/ar\/#website"},"datePublished":"2024-12-22T06:53:11+00:00","dateModified":"2025-02-28T12:39:26+00:00","breadcrumb":{"@id":"https:\/\/auren.com\/ar\/conocenos-auren\/#breadcrumb"},"inLanguage":"es","potentialAction":[{"@type":"ReadAction","target":["https:\/\/auren.com\/ar\/conocenos-auren\/"]}]},{"@type":"BreadcrumbList","@id":"https:\/\/auren.com\/ar\/conocenos-auren\/#breadcrumb","itemListElement":[{"@type":"ListItem","position":1,"name":"Portada","item":"https:\/\/auren.com\/ar\/"},{"@type":"ListItem","position":2,"name":"Conocenos"}]},{"@type":"WebSite","@id":"https:\/\/auren.com\/ar\/#website","url":"https:\/\/auren.com\/ar\/","name":"Auren Argentina","description":"","publisher":{"@id":"https:\/\/auren.com\/ar\/#organization"},"potentialAction":[{"@type":"SearchAction","target":{"@type":"EntryPoint","urlTemplate":"https:\/\/auren.com\/ar\/?s={search_term_string}"},"query-input":{"@type":"PropertyValueSpecification","valueRequired":true,"valueName":"search_term_string"}}],"inLanguage":"es"},{"@type":"Organization","@id":"https:\/\/auren.com\/ar\/#organization","name":"Auren Argentina","url":"https:\/\/auren.com\/ar\/","logo":{"@type":"ImageObject","inLanguage":"es","@id":"https:\/\/auren.com\/ar\/#\/schema\/logo\/image\/","url":"https:\/\/auren.com\/ar\/wp-content\/uploads\/2025\/01\/cropped-cropped-favicon-Auren.png","contentUrl":"https:\/\/auren.com\/ar\/wp-content\/uploads\/2025\/01\/cropped-cropped-favicon-Auren.png","width":512,"height":512,"caption":"Auren Argentina"},"image":{"@id":"https:\/\/auren.com\/ar\/#\/schema\/logo\/image\/"},"sameAs":["https:\/\/www.facebook.com\/AurenArg\/","https:\/\/x.com\/AUREN_Argentina","https:\/\/www.linkedin.com\/company\/aurenargentina","https:\/\/www.youtube.com\/channel\/UCSCseiHMECB0uMBGF9wtjSw","https:\/\/www.instagram.com\/aurenargentina\/"]}]}},"_links":{"self":[{"href":"https:\/\/auren.com\/ar\/wp-json\/wp\/v2\/pages\/10048","targetHints":{"allow":["GET"]}}],"collection":[{"href":"https:\/\/auren.com\/ar\/wp-json\/wp\/v2\/pages"}],"about":[{"href":"https:\/\/auren.com\/ar\/wp-json\/wp\/v2\/types\/page"}],"author":[{"embeddable":true,"href":"https:\/\/auren.com\/ar\/wp-json\/wp\/v2\/users\/2"}],"replies":[{"embeddable":true,"href":"https:\/\/auren.com\/ar\/wp-json\/wp\/v2\/comments?post=10048"}],"version-history":[{"count":0,"href":"https:\/\/auren.com\/ar\/wp-json\/wp\/v2\/pages\/10048\/revisions"}],"wp:attachment":[{"href":"https:\/\/auren.com\/ar\/wp-json\/wp\/v2\/media?parent=10048"}],"curies":[{"name":"wp","href":"https:\/\/api.w.org\/{rel}","templated":true}]}}