{"id":10100,"date":"2024-12-22T08:36:31","date_gmt":"2024-12-22T07:36:31","guid":{"rendered":"https:\/\/auren.com\/ar\/?page_id=10100"},"modified":"2025-01-24T14:41:58","modified_gmt":"2025-01-24T13:41:58","slug":"proposito-vision-y-valores","status":"publish","type":"page","link":"https:\/\/auren.com\/ar\/conocenos-auren\/proposito-vision-y-valores\/","title":{"rendered":"Prop\u00f3sito, Visi\u00f3n y Valores"},"content":{"rendered":"<section id=\"Header-block_74b055f756228f878a3d6a98dc30d3b6\" class=\"Header\">\r\n\r\n    <div class=\"hero\">\r\n                <div class=\"container\">\r\n            <div class=\"hero_header\">\r\n                                \r\n                <div class=\"hero_header_title\">\r\n                    <p class=''>Prop\u00f3sito, Visi\u00f3n<\/p>\n                <\/div>\r\n\r\n                                                \r\n                <div class=\"hero_header_title\">\r\n                    <p class='' style=\"text-align: right;\"><strong>y Valores<\/strong><\/p>\n                <\/div>\r\n\r\n                                                \r\n                <div class=\"hero_header_subtitle\">\r\n                    <p style=\"text-align: right;\">La honestidad, la transparencia y el cuidado de las personas son pilares fundamentales de nuestra cultura de empresa.<\/p>\n                <\/div>\r\n\r\n                                \r\n            <\/div>\r\n        <\/div>\r\n        \r\n                <picture>\r\n            <source data-srcset=\"https:\/\/auren.com\/ar\/wp-content\/uploads\/2024\/11\/bg-hero-aboutus-values-d.webp\"\r\n                media=\"(min-width: 1200px)\" \/>\r\n            <img decoding=\"async\" class=\"hero_bg lazyload\"\r\n                <img decoding=\"async\" width=\"640\" height=\"383\" data-src=\"https:\/\/auren.com\/ar\/wp-content\/uploads\/2024\/11\/bg-hero-aboutus-values-d-1024x612.webp\" class=\"hero_bg lazyload\" alt=\"\" data-srcset=\"https:\/\/auren.com\/ar\/wp-content\/uploads\/2024\/11\/bg-hero-aboutus-values-d-1024x612.webp 1024w, https:\/\/auren.com\/ar\/wp-content\/uploads\/2024\/11\/bg-hero-aboutus-values-d-300x179.webp 300w, https:\/\/auren.com\/ar\/wp-content\/uploads\/2024\/11\/bg-hero-aboutus-values-d-768x459.webp 768w, https:\/\/auren.com\/ar\/wp-content\/uploads\/2024\/11\/bg-hero-aboutus-values-d.webp 1200w\" data-sizes=\"(max-width: 640px) 100vw, 640px\" src=\"data:image\/svg+xml;base64,PHN2ZyB3aWR0aD0iMSIgaGVpZ2h0PSIxIiB4bWxucz0iaHR0cDovL3d3dy53My5vcmcvMjAwMC9zdmciPjwvc3ZnPg==\" style=\"--smush-placeholder-width: 640px; --smush-placeholder-aspect-ratio: 640\/383;\" \/>>\r\n        <\/picture>\r\n        \r\n                        <p class=\"hero_scroll\"><strong>Explorar m\u00e1s<\/strong> Despl\u00e1cese hacia abajo<\/p>\r\n                    <\/div>\r\n\r\n<\/section>\n\n\r\n<section id=\"Breadcrumbs-block_3f85c0d2cb66c6d1c873a28b0228d201\" class=\"Breadcrumbs\">\r\n    \r\n        <nav class=\"breads\" aria-label=\"Breadcrumb\">\r\n            <ul class=\"container\">\r\n                <li><a href=\"https:\/\/auren.com\/ar\">Home<\/a><\/li>\r\n                <li><span aria-current=\"page\">Prop\u00f3sito, Visi\u00f3n y Valores<\/span><\/li>            <\/ul>\r\n        <\/nav>\r\n\r\n                                                                                     \r\n    \r\n<\/section>\r\n\n\n<div id=\"TitleSubtitleText-block_d430af822f3325b01a61a22f5743b0ff\" class=\"TitleSubtitleText\">\n\n    <section class=\"headlines v2\">\n        <div class=\"container\">\n                        <div class=\"headlines_title\">\n                <p class=''>Experiencia, Integridad, Sostenibilidad<\/p>\n            <\/div>\n                                    <div class=\"headlines_content\">\n                                <div class=\"headlines_subtitle\">\n                    <p>Nuestros valores<\/p>\n                <\/div>\n                                                <div class=\"headlines_description\">\n                    <p>Defendemos que los servicios profesionales se pueden prestar con conciencia, humanidad y compromiso. Nos destacamos por nuestra cercan\u00eda, profesionalidad, capacidad de adaptaci\u00f3n y esp\u00edritu emprendedor.<\/p>\n<p>Somos empresarios al servicio de empresarios, siempre enfocados en ayudar a nuestros clientes a alcanzar su \u00e9xito.<\/p>\n                <\/div>\n                                            <\/div>\n                    <\/div>\n    <\/section>\n\n<\/div>\n\n\n\r\n<section id=\"Goals-block_29ea67d572958573c50534b20b4ca47c\" class=\"Goals\">\r\n\r\n    \r\n    <section class=\"goals\">\r\n        <div class=\"container\">\r\n            <div class=\"goals_content\">\r\n                <ul class=\"goals_list \">\r\n                    \r\n            <li class=\"goals_list_item\">\r\n                <div class=\"goals_list_item_title\">\r\n                    <h3>Cercan\u00eda<\/h3>\r\n                <\/div>\r\n                <div class=\"goals_list_item_text\">\r\n                    <p>Estamos pr\u00f3ximos a los clientes y somos cercanos. Mantenemos con ellos un compromiso proactivo. Nos caracterizamos por la flexibilidad y disponibilidad permanente.<\/p>\n\r\n                <\/div>\r\n            <\/li>\r\n        \r\n            <li class=\"goals_list_item\">\r\n                <div class=\"goals_list_item_title\">\r\n                    <h3>Calidad<\/h3>\r\n                <\/div>\r\n                <div class=\"goals_list_item_text\">\r\n                    <p>La experiencia y especializaci\u00f3n de nuestros profesionales, as\u00ed como una actitud de escucha activa y una eficaz metodolog\u00eda de trabajo, garantizan nuestra excelencia.<\/p>\n\r\n                <\/div>\r\n            <\/li>\r\n        \r\n            <li class=\"goals_list_item\">\r\n                <div class=\"goals_list_item_title\">\r\n                    <h3>Innovaci\u00f3n<\/h3>\r\n                <\/div>\r\n                <div class=\"goals_list_item_text\">\r\n                    <p>El modelo de negocio de Auren, basado en el crecimiento constante, asegura la innovaci\u00f3n en la prestaci\u00f3n de sus servicios para cubrir todos los proyectos de nuestros clientes. Sabemos que el mundo est\u00e1 en continuo cambio y nos adaptamos a su evoluci\u00f3n.<\/p>\n\r\n                <\/div>\r\n            <\/li>\r\n        \r\n            <li class=\"goals_list_item\">\r\n                <div class=\"goals_list_item_title\">\r\n                    <h3>\u00c9tica profesional<\/h3>\r\n                <\/div>\r\n                <div class=\"goals_list_item_text\">\r\n                    <p>Todas nuestras actuaciones est\u00e1n presididas por la objetividad, la transparencia y la confidencialidad. El c\u00f3digo de conducta representa un compromiso y garant\u00eda de la honestidad de la que parte la cultura de Auren.<\/p>\n\r\n                <\/div>\r\n            <\/li>\r\n        \r\n            <li class=\"goals_list_item\">\r\n                <div class=\"goals_list_item_title\">\r\n                    <h3>Esp\u00edritu emprendedor<\/h3>\r\n                <\/div>\r\n                <div class=\"goals_list_item_text\">\r\n                    <p>Somos empresarios al servicio de empresarios. Ayudamos a todo tipo de clientes. Con equipos especializados en diferentes sectores y tipos de organizaciones, abordamos cada reto desde una perspectiva multidisciplinar.<\/p>\n\r\n                <\/div>\r\n            <\/li>\r\n        \r\n            <li class=\"goals_list_item\">\r\n                <div class=\"goals_list_item_title\">\r\n                    <h3>Soluciones a medida<\/h3>\r\n                <\/div>\r\n                <div class=\"goals_list_item_text\">\r\n                    <p>Aportamos un valor diferencial a nuestros clientes al ofrecer soluciones personalizadas que optimizan sus operaciones y fomentan su crecimiento sostenible.<\/p>\n\r\n                <\/div>\r\n            <\/li>\r\n                        <\/ul>\r\n                <div class=\"goals_media\">\r\n                    <img decoding=\"async\" class=\"goals_media_image lazyload\" data-src=\"https:\/\/auren.com\/ar\/wp-content\/uploads\/2024\/12\/example-goals.webp\" alt=\"\" src=\"data:image\/svg+xml;base64,PHN2ZyB3aWR0aD0iMSIgaGVpZ2h0PSIxIiB4bWxucz0iaHR0cDovL3d3dy53My5vcmcvMjAwMC9zdmciPjwvc3ZnPg==\" style=\"--smush-placeholder-width: 730px; --smush-placeholder-aspect-ratio: 730\/724;\">                <\/div>\r\n            <\/div>\r\n        <\/div>\r\n    <\/section>\r\n\r\n        \r\n<\/section>\r\n\r\n\n\n<div id=\"TitleSubtitleText-block_f7615e5b37680fee9baa9df1b093d696\" class=\"TitleSubtitleText\">\n\n    <section class=\"headlines v1\">\n        <div class=\"container\">\n                        <div class=\"headlines_title\">\n                <p class=''>Innovaci\u00f3n, cultura humanista y sostenibilidad.<\/p>\n            <\/div>\n                                    <div class=\"headlines_content\">\n                                                <div class=\"headlines_description\">\n                    <div class=\"flex-1 overflow-hidden @container\/thread\">\n<div class=\"h-full\">\n<div class=\"react-scroll-to-bottom--css-xatvl-79elbk h-full\">\n<div class=\"react-scroll-to-bottom--css-xatvl-1n7m0yu\">\n<div class=\"flex flex-col text-sm md:pb-9\">\n<article class=\"w-full scroll-mb-[var(--thread-trailing-height,150px)] text-token-text-primary focus-visible:outline-2 focus-visible:outline-offset-[-4px]\" dir=\"auto\" data-testid=\"conversation-turn-53\" data-scroll-anchor=\"true\">\n<div class=\"m-auto text-base py-[18px] px-3 md:px-4 w-full md:px-5 lg:px-4 xl:px-5\">\n<div class=\"mx-auto flex flex-1 gap-4 text-base md:gap-5 lg:gap-6 md:max-w-3xl\">\n<div class=\"group\/conversation-turn relative flex w-full min-w-0 flex-col agent-turn\">\n<div class=\"flex-col gap-1 md:gap-3\">\n<div class=\"flex max-w-full flex-col flex-grow\">\n<div class=\"min-h-8 text-message flex w-full flex-col items-end gap-2 whitespace-normal break-words text-start [.text-message+&amp;]:mt-5\" dir=\"auto\" data-message-author-role=\"assistant\" data-message-id=\"e155e27e-f07f-40ee-8f97-4dee780fc59b\" data-message-model-slug=\"gpt-4o-mini\">\n<div class=\"flex w-full flex-col gap-1 empty:hidden first:pt-[3px]\">\n<div class=\"markdown prose w-full break-words dark:prose-invert light\">\n<p>Nuestra visi\u00f3n es ser un l\u00edder global en servicios profesionales, impulsando el \u00e9xito empresarial mientras promovemos el desarrollo sostenible.<\/p>\n<p>Nos esforzamos por ser un socio de confianza para las organizaciones que buscan soluciones innovadoras en un mundo en constante cambio. A trav\u00e9s de nuestro compromiso con la \u00e9tica y la responsabilidad social, buscamos generar un impacto positivo duradero.<\/p>\n<\/div>\n<\/div>\n<\/div>\n<\/div>\n<div class=\"mb-2 flex gap-3 empty:hidden -ml-2\">\n<div class=\"items-center justify-start rounded-xl p-1 flex\">\n<div class=\"flex items-center\"><\/div>\n<\/div>\n<\/div>\n<div class=\"pr-2 lg:pr-0\"><\/div>\n<div class=\"mt-3 w-full empty:hidden\">\n<div class=\"text-center\"><\/div>\n<\/div>\n<\/div>\n<div class=\"absolute\">\n<div class=\"flex items-center justify-center\"><\/div>\n<\/div>\n<\/div>\n<\/div>\n<\/div>\n<\/article>\n<\/div>\n<\/div>\n<\/div>\n<\/div>\n<\/div>\n<div class=\"md:pt-0 dark:border-white\/20 md:border-transparent md:dark:border-transparent w-full\">\n<div>\n<div class=\"m-auto text-base px-3 md:px-4 w-full md:px-5 lg:px-4 xl:px-5\">\n<div class=\"mx-auto flex flex-1 gap-4 text-base md:gap-5 lg:gap-6 md:max-w-3xl\">\n<div class=\"flex justify-center\"><\/div>\n<\/div>\n<\/div>\n<\/div>\n<\/div>\n                <\/div>\n                                            <\/div>\n                    <\/div>\n    <\/section>\n\n<\/div>\n\n\n\r\n<section id=\"AccordionCards-block_c641ea59946cafa308e97dcfbfa97390\" class=\"AccordionCards\">\r\n\r\n    \r\n    <section class=\"vision\">\r\n        <div class=\"container\"><ul class=\"vision_accordion\">\r\n            <li class=\"vision_accordion_item active\">\r\n                <div class=\"vision_accordion_item_title\">\r\n                    <p>Prop\u00f3sito<\/p>\r\n                <\/div>\r\n                <div class=\"vision_accordion_item_text\">\r\n                    <p><p>A trav\u00e9s de nuestro conocimiento, compromiso y valores, contribuimos al desarrollo sostenible de las personas, las organizaciones y la sociedad.<\/p>\n<\/p>\r\n                <\/div>\r\n                <div class=\"vision_accordion_item_image\">\r\n                    <picture>\r\n                        <source data-srcset=\"https:\/\/auren.com\/ar\/wp-content\/uploads\/2024\/12\/bg-vision-1.webp\" media=\"(min-width: 1200px)\" \/>\r\n                        <img decoding=\"async\" width=\"692\" height=\"506\" data-src=\"https:\/\/auren.com\/ar\/wp-content\/uploads\/2024\/12\/bg-vision-1.webp\" class=\"attachment-full size-full lazyload\" alt=\"\" data-srcset=\"https:\/\/auren.com\/ar\/wp-content\/uploads\/2024\/12\/bg-vision-1.webp 692w, https:\/\/auren.com\/ar\/wp-content\/uploads\/2024\/12\/bg-vision-1-300x219.webp 300w\" data-sizes=\"(max-width: 692px) 100vw, 692px\" src=\"data:image\/svg+xml;base64,PHN2ZyB3aWR0aD0iMSIgaGVpZ2h0PSIxIiB4bWxucz0iaHR0cDovL3d3dy53My5vcmcvMjAwMC9zdmciPjwvc3ZnPg==\" style=\"--smush-placeholder-width: 692px; --smush-placeholder-aspect-ratio: 692\/506;\" \/>\r\n                    <\/picture>\r\n                <\/div>\r\n            <\/li>\r\n        \r\n            <li class=\"vision_accordion_item \">\r\n                <div class=\"vision_accordion_item_title\">\r\n                    <p>Visi\u00f3n<\/p>\r\n                <\/div>\r\n                <div class=\"vision_accordion_item_text\">\r\n                    <p><div>\n<div>Ser una firma de servicios profesionales internacional con una cultura humanista, reconocida como el mejor socio para todo tipo de empresas y personas.<\/div>\n<\/div>\n<\/p>\r\n                <\/div>\r\n                <div class=\"vision_accordion_item_image\">\r\n                    <picture>\r\n                        <source data-srcset=\"https:\/\/auren.com\/ar\/wp-content\/uploads\/2024\/12\/bg-vision-2.webp\" media=\"(min-width: 1200px)\" \/>\r\n                        <img decoding=\"async\" width=\"692\" height=\"506\" data-src=\"https:\/\/auren.com\/ar\/wp-content\/uploads\/2024\/12\/bg-vision-2.webp\" class=\"attachment-full size-full lazyload\" alt=\"\" data-srcset=\"https:\/\/auren.com\/ar\/wp-content\/uploads\/2024\/12\/bg-vision-2.webp 692w, https:\/\/auren.com\/ar\/wp-content\/uploads\/2024\/12\/bg-vision-2-300x219.webp 300w\" data-sizes=\"(max-width: 692px) 100vw, 692px\" src=\"data:image\/svg+xml;base64,PHN2ZyB3aWR0aD0iMSIgaGVpZ2h0PSIxIiB4bWxucz0iaHR0cDovL3d3dy53My5vcmcvMjAwMC9zdmciPjwvc3ZnPg==\" style=\"--smush-placeholder-width: 692px; --smush-placeholder-aspect-ratio: 692\/506;\" \/>\r\n                    <\/picture>\r\n                <\/div>\r\n            <\/li>\r\n        \r\n            <li class=\"vision_accordion_item \">\r\n                <div class=\"vision_accordion_item_title\">\r\n                    <p>Misi\u00f3n<\/p>\r\n                <\/div>\r\n                <div class=\"vision_accordion_item_text\">\r\n                    <p><div>\n<div>Proporcionar, desde nuestra experiencia, soluciones de negocio innovadoras y 360\u00ba que generen valor para nuestros clientes a nivel global. Estamos comprometidos con la sociedad y tambi\u00e9n con nuestro propio equipo, para que logre sus objetivos personales y encuentre su bienestar.<\/div>\n<\/div>\n<\/p>\r\n                <\/div>\r\n                <div class=\"vision_accordion_item_image\">\r\n                    <picture>\r\n                        <source data-srcset=\"https:\/\/auren.com\/ar\/wp-content\/uploads\/2024\/12\/bg-vision-3.webp\" media=\"(min-width: 1200px)\" \/>\r\n                        <img decoding=\"async\" width=\"692\" height=\"506\" data-src=\"https:\/\/auren.com\/ar\/wp-content\/uploads\/2024\/12\/bg-vision-3.webp\" class=\"attachment-full size-full lazyload\" alt=\"\" data-srcset=\"https:\/\/auren.com\/ar\/wp-content\/uploads\/2024\/12\/bg-vision-3.webp 692w, https:\/\/auren.com\/ar\/wp-content\/uploads\/2024\/12\/bg-vision-3-300x219.webp 300w\" data-sizes=\"(max-width: 692px) 100vw, 692px\" src=\"data:image\/svg+xml;base64,PHN2ZyB3aWR0aD0iMSIgaGVpZ2h0PSIxIiB4bWxucz0iaHR0cDovL3d3dy53My5vcmcvMjAwMC9zdmciPjwvc3ZnPg==\" style=\"--smush-placeholder-width: 692px; --smush-placeholder-aspect-ratio: 692\/506;\" \/>\r\n                    <\/picture>\r\n                <\/div>\r\n            <\/li>\r\n        <\/ul><\/div>\r\n    <\/section>\r\n\r\n        \r\n<\/section>\r\n\r\n\n\n\r\n<section id=\"Collaborators-block_486f523f64290befc19a87eeded48d43\" class=\"Collaborators\">\r\n\r\n    \r\n    <section class=\"collaborators\">\r\n        <div class=\"container\">\r\n            <div class=\"collaborators_content\">\r\n                                <div class=\"collaborators_title\">\r\n                    <h4 class=''>Recomendados con orgullo<\/h4>\n                <\/div>\r\n                \r\n                                <div class=\"collaborators_description\">\r\n                    <p>Somos una pieza clave del trabajo que realizamos. A trav\u00e9s de la colaboraci\u00f3n permanente, creamos relaciones eficientes y beneficiosas. Todos los clientes con los que trabajamos, independientemente de su tama\u00f1o, sector o actividad, son \u00fanicos e igualmente importantes.<\/p>\n<p>Trabajamos para entender sus necesidades, generar confianza, aportar soluciones y ayudarles a crear el valor que necesitan para crecer.<\/p>\n<p>Que un cliente nos recomiende es nuestro mayor logro. Por eso, cada d\u00eda intentamos satisfacer y cumplir el objetivo de los m\u00e1s de 20.000 clientes que tenemos en todo el mundo.<\/p>\n                <\/div>\r\n                            <\/div>\r\n            <div class=\"collaborators_media\">\r\n                <span class=\"collaborators_media_item\"><img decoding=\"async\" data-src=\"https:\/\/auren.com\/ar\/wp-content\/uploads\/2024\/12\/example-logo-forum.svg\" class=\"attachment-full size-full lazyload\" alt=\"\" src=\"data:image\/svg+xml;base64,PHN2ZyB3aWR0aD0iMSIgaGVpZ2h0PSIxIiB4bWxucz0iaHR0cDovL3d3dy53My5vcmcvMjAwMC9zdmciPjwvc3ZnPg==\" \/><\/span><span class=\"collaborators_media_item\"><img decoding=\"async\" data-src=\"https:\/\/auren.com\/ar\/wp-content\/uploads\/2024\/12\/example-logo-goals.svg\" class=\"attachment-full size-full lazyload\" alt=\"\" src=\"data:image\/svg+xml;base64,PHN2ZyB3aWR0aD0iMSIgaGVpZ2h0PSIxIiB4bWxucz0iaHR0cDovL3d3dy53My5vcmcvMjAwMC9zdmciPjwvc3ZnPg==\" \/><\/span><span class=\"collaborators_media_item\"><img decoding=\"async\" data-src=\"https:\/\/auren.com\/ar\/wp-content\/uploads\/2024\/12\/example-logo-antea.svg\" class=\"attachment-full size-full lazyload\" alt=\"\" src=\"data:image\/svg+xml;base64,PHN2ZyB3aWR0aD0iMSIgaGVpZ2h0PSIxIiB4bWxucz0iaHR0cDovL3d3dy53My5vcmcvMjAwMC9zdmciPjwvc3ZnPg==\" \/><\/span><span class=\"collaborators_media_item\"><img decoding=\"async\" data-src=\"https:\/\/auren.com\/ar\/wp-content\/uploads\/2024\/12\/example-logo-legal.svg\" class=\"attachment-full size-full lazyload\" alt=\"\" src=\"data:image\/svg+xml;base64,PHN2ZyB3aWR0aD0iMSIgaGVpZ2h0PSIxIiB4bWxucz0iaHR0cDovL3d3dy53My5vcmcvMjAwMC9zdmciPjwvc3ZnPg==\" \/><\/span>            <\/div>\r\n        <\/div>\r\n    <\/section>\r\n\r\n        \r\n<\/section>\r\n\r\n","protected":false},"excerpt":{"rendered":"","protected":false},"author":2,"featured_media":0,"parent":10048,"menu_order":0,"comment_status":"closed","ping_status":"closed","template":"","meta":{"_acf_changed":false,"footnotes":""},"class_list":["post-10100","page","type-page","status-publish","hentry"],"acf":[],"yoast_head":"<!-- This site is optimized with the Yoast SEO plugin v27.2 - https:\/\/yoast.com\/product\/yoast-seo-wordpress\/ -->\n<title>Prop\u00f3sito, Visi\u00f3n y Valores - Auren Argentina<\/title>\n<meta name=\"robots\" content=\"index, follow, max-snippet:-1, max-image-preview:large, max-video-preview:-1\" \/>\n<link rel=\"canonical\" href=\"https:\/\/auren.com\/ar\/conocenos-auren\/proposito-vision-y-valores\/\" \/>\n<meta property=\"og:locale\" content=\"es_ES\" \/>\n<meta property=\"og:type\" content=\"article\" \/>\n<meta property=\"og:title\" content=\"Prop\u00f3sito, Visi\u00f3n y Valores - Auren Argentina\" \/>\n<meta property=\"og:url\" content=\"https:\/\/auren.com\/ar\/conocenos-auren\/proposito-vision-y-valores\/\" \/>\n<meta property=\"og:site_name\" content=\"Auren Argentina\" \/>\n<meta property=\"article:publisher\" content=\"https:\/\/www.facebook.com\/AurenArg\/\" \/>\n<meta property=\"article:modified_time\" content=\"2025-01-24T13:41:58+00:00\" \/>\n<meta name=\"twitter:card\" content=\"summary_large_image\" \/>\n<meta name=\"twitter:site\" content=\"@AUREN_Argentina\" \/>\n<script type=\"application\/ld+json\" class=\"yoast-schema-graph\">{\"@context\":\"https:\/\/schema.org\",\"@graph\":[{\"@type\":\"WebPage\",\"@id\":\"https:\/\/auren.com\/ar\/conocenos-auren\/proposito-vision-y-valores\/\",\"url\":\"https:\/\/auren.com\/ar\/conocenos-auren\/proposito-vision-y-valores\/\",\"name\":\"Prop\u00f3sito, Visi\u00f3n y Valores - Auren Argentina\",\"isPartOf\":{\"@id\":\"https:\/\/auren.com\/ar\/#website\"},\"datePublished\":\"2024-12-22T07:36:31+00:00\",\"dateModified\":\"2025-01-24T13:41:58+00:00\",\"breadcrumb\":{\"@id\":\"https:\/\/auren.com\/ar\/conocenos-auren\/proposito-vision-y-valores\/#breadcrumb\"},\"inLanguage\":\"es\",\"potentialAction\":[{\"@type\":\"ReadAction\",\"target\":[\"https:\/\/auren.com\/ar\/conocenos-auren\/proposito-vision-y-valores\/\"]}]},{\"@type\":\"BreadcrumbList\",\"@id\":\"https:\/\/auren.com\/ar\/conocenos-auren\/proposito-vision-y-valores\/#breadcrumb\",\"itemListElement\":[{\"@type\":\"ListItem\",\"position\":1,\"name\":\"Portada\",\"item\":\"https:\/\/auren.com\/ar\/\"},{\"@type\":\"ListItem\",\"position\":2,\"name\":\"Conocenos\",\"item\":\"https:\/\/auren.com\/ar\/conocenos-auren\/\"},{\"@type\":\"ListItem\",\"position\":3,\"name\":\"Prop\u00f3sito, Visi\u00f3n y Valores\"}]},{\"@type\":\"WebSite\",\"@id\":\"https:\/\/auren.com\/ar\/#website\",\"url\":\"https:\/\/auren.com\/ar\/\",\"name\":\"Auren Argentina\",\"description\":\"\",\"publisher\":{\"@id\":\"https:\/\/auren.com\/ar\/#organization\"},\"potentialAction\":[{\"@type\":\"SearchAction\",\"target\":{\"@type\":\"EntryPoint\",\"urlTemplate\":\"https:\/\/auren.com\/ar\/?s={search_term_string}\"},\"query-input\":{\"@type\":\"PropertyValueSpecification\",\"valueRequired\":true,\"valueName\":\"search_term_string\"}}],\"inLanguage\":\"es\"},{\"@type\":\"Organization\",\"@id\":\"https:\/\/auren.com\/ar\/#organization\",\"name\":\"Auren Argentina\",\"url\":\"https:\/\/auren.com\/ar\/\",\"logo\":{\"@type\":\"ImageObject\",\"inLanguage\":\"es\",\"@id\":\"https:\/\/auren.com\/ar\/#\/schema\/logo\/image\/\",\"url\":\"https:\/\/auren.com\/ar\/wp-content\/uploads\/2025\/01\/cropped-cropped-favicon-Auren.png\",\"contentUrl\":\"https:\/\/auren.com\/ar\/wp-content\/uploads\/2025\/01\/cropped-cropped-favicon-Auren.png\",\"width\":512,\"height\":512,\"caption\":\"Auren Argentina\"},\"image\":{\"@id\":\"https:\/\/auren.com\/ar\/#\/schema\/logo\/image\/\"},\"sameAs\":[\"https:\/\/www.facebook.com\/AurenArg\/\",\"https:\/\/x.com\/AUREN_Argentina\",\"https:\/\/www.linkedin.com\/company\/aurenargentina\",\"https:\/\/www.youtube.com\/channel\/UCSCseiHMECB0uMBGF9wtjSw\",\"https:\/\/www.instagram.com\/aurenargentina\/\"]}]}<\/script>\n<!-- \/ Yoast SEO plugin. -->","yoast_head_json":{"title":"Prop\u00f3sito, Visi\u00f3n y Valores - Auren Argentina","robots":{"index":"index","follow":"follow","max-snippet":"max-snippet:-1","max-image-preview":"max-image-preview:large","max-video-preview":"max-video-preview:-1"},"canonical":"https:\/\/auren.com\/ar\/conocenos-auren\/proposito-vision-y-valores\/","og_locale":"es_ES","og_type":"article","og_title":"Prop\u00f3sito, Visi\u00f3n y Valores - Auren Argentina","og_url":"https:\/\/auren.com\/ar\/conocenos-auren\/proposito-vision-y-valores\/","og_site_name":"Auren Argentina","article_publisher":"https:\/\/www.facebook.com\/AurenArg\/","article_modified_time":"2025-01-24T13:41:58+00:00","twitter_card":"summary_large_image","twitter_site":"@AUREN_Argentina","schema":{"@context":"https:\/\/schema.org","@graph":[{"@type":"WebPage","@id":"https:\/\/auren.com\/ar\/conocenos-auren\/proposito-vision-y-valores\/","url":"https:\/\/auren.com\/ar\/conocenos-auren\/proposito-vision-y-valores\/","name":"Prop\u00f3sito, Visi\u00f3n y Valores - Auren Argentina","isPartOf":{"@id":"https:\/\/auren.com\/ar\/#website"},"datePublished":"2024-12-22T07:36:31+00:00","dateModified":"2025-01-24T13:41:58+00:00","breadcrumb":{"@id":"https:\/\/auren.com\/ar\/conocenos-auren\/proposito-vision-y-valores\/#breadcrumb"},"inLanguage":"es","potentialAction":[{"@type":"ReadAction","target":["https:\/\/auren.com\/ar\/conocenos-auren\/proposito-vision-y-valores\/"]}]},{"@type":"BreadcrumbList","@id":"https:\/\/auren.com\/ar\/conocenos-auren\/proposito-vision-y-valores\/#breadcrumb","itemListElement":[{"@type":"ListItem","position":1,"name":"Portada","item":"https:\/\/auren.com\/ar\/"},{"@type":"ListItem","position":2,"name":"Conocenos","item":"https:\/\/auren.com\/ar\/conocenos-auren\/"},{"@type":"ListItem","position":3,"name":"Prop\u00f3sito, Visi\u00f3n y Valores"}]},{"@type":"WebSite","@id":"https:\/\/auren.com\/ar\/#website","url":"https:\/\/auren.com\/ar\/","name":"Auren Argentina","description":"","publisher":{"@id":"https:\/\/auren.com\/ar\/#organization"},"potentialAction":[{"@type":"SearchAction","target":{"@type":"EntryPoint","urlTemplate":"https:\/\/auren.com\/ar\/?s={search_term_string}"},"query-input":{"@type":"PropertyValueSpecification","valueRequired":true,"valueName":"search_term_string"}}],"inLanguage":"es"},{"@type":"Organization","@id":"https:\/\/auren.com\/ar\/#organization","name":"Auren Argentina","url":"https:\/\/auren.com\/ar\/","logo":{"@type":"ImageObject","inLanguage":"es","@id":"https:\/\/auren.com\/ar\/#\/schema\/logo\/image\/","url":"https:\/\/auren.com\/ar\/wp-content\/uploads\/2025\/01\/cropped-cropped-favicon-Auren.png","contentUrl":"https:\/\/auren.com\/ar\/wp-content\/uploads\/2025\/01\/cropped-cropped-favicon-Auren.png","width":512,"height":512,"caption":"Auren Argentina"},"image":{"@id":"https:\/\/auren.com\/ar\/#\/schema\/logo\/image\/"},"sameAs":["https:\/\/www.facebook.com\/AurenArg\/","https:\/\/x.com\/AUREN_Argentina","https:\/\/www.linkedin.com\/company\/aurenargentina","https:\/\/www.youtube.com\/channel\/UCSCseiHMECB0uMBGF9wtjSw","https:\/\/www.instagram.com\/aurenargentina\/"]}]}},"_links":{"self":[{"href":"https:\/\/auren.com\/ar\/wp-json\/wp\/v2\/pages\/10100","targetHints":{"allow":["GET"]}}],"collection":[{"href":"https:\/\/auren.com\/ar\/wp-json\/wp\/v2\/pages"}],"about":[{"href":"https:\/\/auren.com\/ar\/wp-json\/wp\/v2\/types\/page"}],"author":[{"embeddable":true,"href":"https:\/\/auren.com\/ar\/wp-json\/wp\/v2\/users\/2"}],"replies":[{"embeddable":true,"href":"https:\/\/auren.com\/ar\/wp-json\/wp\/v2\/comments?post=10100"}],"version-history":[{"count":0,"href":"https:\/\/auren.com\/ar\/wp-json\/wp\/v2\/pages\/10100\/revisions"}],"up":[{"embeddable":true,"href":"https:\/\/auren.com\/ar\/wp-json\/wp\/v2\/pages\/10048"}],"wp:attachment":[{"href":"https:\/\/auren.com\/ar\/wp-json\/wp\/v2\/media?parent=10100"}],"curies":[{"name":"wp","href":"https:\/\/api.w.org\/{rel}","templated":true}]}}