{"id":10230,"date":"2024-12-22T09:56:27","date_gmt":"2024-12-22T08:56:27","guid":{"rendered":"https:\/\/auren.com\/ar\/?page_id=10230"},"modified":"2025-01-24T15:13:30","modified_gmt":"2025-01-24T14:13:30","slug":"tendencias","status":"publish","type":"page","link":"https:\/\/auren.com\/ar\/tendencias\/","title":{"rendered":"Tendencias"},"content":{"rendered":"<section id=\"Header-block_8243525b156bd82feccd13fbcbf6b64d\" class=\"Header\">\r\n\r\n    <div class=\"hero\">\r\n                <div class=\"container\">\r\n            <div class=\"hero_header\">\r\n                                \r\n                <div class=\"hero_header_title\">\r\n                    <h1 class='' style=\"text-align: right;\">TENDENCIAS<\/h1>\n                <\/div>\r\n\r\n                                                \r\n                <div class=\"hero_header_subtitle\">\r\n                    <div class=\"flex-1 overflow-hidden @container\/thread\">\n<div class=\"h-full\">\n<div class=\"react-scroll-to-bottom--css-xatvl-79elbk h-full\">\n<div class=\"react-scroll-to-bottom--css-xatvl-1n7m0yu\">\n<div class=\"flex flex-col text-sm md:pb-9\">\n<article class=\"w-full scroll-mb-[var(--thread-trailing-height,150px)] text-token-text-primary focus-visible:outline-2 focus-visible:outline-offset-[-4px]\" dir=\"auto\" data-testid=\"conversation-turn-67\" data-scroll-anchor=\"true\">\n<div class=\"m-auto text-base py-[18px] px-3 md:px-4 w-full md:px-5 lg:px-4 xl:px-5\">\n<div class=\"mx-auto flex flex-1 gap-4 text-base md:gap-5 lg:gap-6 md:max-w-3xl\">\n<div class=\"group\/conversation-turn relative flex w-full min-w-0 flex-col agent-turn\">\n<div class=\"flex-col gap-1 md:gap-3\">\n<div class=\"flex max-w-full flex-col flex-grow\">\n<div class=\"min-h-8 text-message flex w-full flex-col items-end gap-2 whitespace-normal break-words text-start [.text-message+&amp;]:mt-5\" dir=\"auto\" data-message-author-role=\"assistant\" data-message-id=\"05925fe3-df14-4620-a350-ef111be7c070\" data-message-model-slug=\"gpt-4o-mini\">\n<div class=\"flex w-full flex-col gap-1 empty:hidden first:pt-[3px]\">\n<div class=\"markdown prose w-full break-words dark:prose-invert light\">\n<p style=\"text-align: right;\">Encontr\u00e1 todas las novedades y art\u00edculos de inter\u00e9s sobre nuestras especialidades y las \u00faltimas tendencias del mercado.<\/p>\n<\/div>\n<\/div>\n<\/div>\n<\/div>\n<div class=\"mb-2 flex gap-3 empty:hidden -ml-2\">\n<div class=\"items-center justify-start rounded-xl p-1 flex\">\n<div class=\"flex items-center\"><\/div>\n<\/div>\n<\/div>\n<div class=\"pr-2 lg:pr-0\"><\/div>\n<div class=\"mt-3 w-full empty:hidden\">\n<div class=\"text-center\"><\/div>\n<\/div>\n<\/div>\n<div class=\"absolute\">\n<div class=\"flex items-center justify-center\"><\/div>\n<\/div>\n<\/div>\n<\/div>\n<\/div>\n<\/article>\n<\/div>\n<\/div>\n<\/div>\n<\/div>\n<\/div>\n<div class=\"md:pt-0 dark:border-white\/20 md:border-transparent md:dark:border-transparent w-full\">\n<div>\n<div class=\"m-auto text-base px-3 md:px-4 w-full md:px-5 lg:px-4 xl:px-5\">\n<div class=\"mx-auto flex flex-1 gap-4 text-base md:gap-5 lg:gap-6 md:max-w-3xl\">\n<div class=\"flex justify-center\"><\/div>\n<\/div>\n<\/div>\n<\/div>\n<\/div>\n<div class=\"flex-1 overflow-hidden @container\/thread\">\n<div class=\"h-full\">\n<div class=\"react-scroll-to-bottom--css-xatvl-79elbk h-full\">\n<div class=\"react-scroll-to-bottom--css-xatvl-1n7m0yu\">\n<div class=\"flex flex-col text-sm md:pb-9\">\n<article class=\"w-full scroll-mb-[var(--thread-trailing-height,150px)] text-token-text-primary focus-visible:outline-2 focus-visible:outline-offset-[-4px]\" dir=\"auto\" data-testid=\"conversation-turn-15\" data-scroll-anchor=\"true\">\n<div class=\"m-auto text-base py-[18px] px-3 md:px-4 w-full md:px-5 lg:px-4 xl:px-5\">\n<div class=\"mx-auto flex flex-1 gap-4 text-base md:gap-5 lg:gap-6 md:max-w-3xl\">\n<div class=\"group\/conversation-turn relative flex w-full min-w-0 flex-col agent-turn\">\n<div class=\"flex-col gap-1 md:gap-3\">\n<div class=\"flex max-w-full flex-col flex-grow\">\n<div class=\"min-h-8 text-message flex w-full flex-col items-end gap-2 whitespace-normal break-words text-start [.text-message+&amp;]:mt-5\" dir=\"auto\" data-message-author-role=\"assistant\" data-message-id=\"59b23704-df08-49bf-a70e-5d6d145b91db\" data-message-model-slug=\"gpt-4o-mini\">\n<div class=\"flex w-full flex-col gap-1 empty:hidden first:pt-[3px]\">\n<div class=\"markdown prose w-full break-words dark:prose-invert light\">\n<p>&nbsp;<\/p>\n<\/div>\n<\/div>\n<\/div>\n<\/div>\n<div class=\"mb-2 flex gap-3 empty:hidden -ml-2\">\n<div class=\"items-center justify-start rounded-xl p-1 flex\">\n<div class=\"flex items-center\"><\/div>\n<\/div>\n<\/div>\n<div class=\"pr-2 lg:pr-0\"><\/div>\n<div class=\"mt-3 w-full empty:hidden\">\n<div class=\"text-center\"><\/div>\n<\/div>\n<\/div>\n<div class=\"absolute\">\n<div class=\"flex items-center justify-center\"><\/div>\n<\/div>\n<\/div>\n<\/div>\n<\/div>\n<\/article>\n<\/div>\n<\/div>\n<\/div>\n<\/div>\n<\/div>\n<div class=\"md:pt-0 dark:border-white\/20 md:border-transparent md:dark:border-transparent w-full\">\n<div>\n<div class=\"m-auto text-base px-3 md:px-4 w-full md:px-5 lg:px-4 xl:px-5\">\n<div class=\"mx-auto flex flex-1 gap-4 text-base md:gap-5 lg:gap-6 md:max-w-3xl\">\n<div class=\"flex justify-center\"><\/div>\n<\/div>\n<\/div>\n<\/div>\n<\/div>\n                <\/div>\r\n\r\n                                \r\n            <\/div>\r\n        <\/div>\r\n        \r\n                <picture>\r\n            <source data-srcset=\"https:\/\/auren.com\/ar\/wp-content\/uploads\/2024\/11\/bg-hero-trends-country-d.webp\"\r\n                media=\"(min-width: 1200px)\" \/>\r\n            <img decoding=\"async\" class=\"hero_bg lazyload\"\r\n                <img decoding=\"async\" width=\"640\" height=\"383\" data-src=\"https:\/\/auren.com\/ar\/wp-content\/uploads\/2024\/11\/bg-hero-trends-country-d-1024x612.webp\" class=\"hero_bg lazyload\" alt=\"\" data-srcset=\"https:\/\/auren.com\/ar\/wp-content\/uploads\/2024\/11\/bg-hero-trends-country-d-1024x612.webp 1024w, https:\/\/auren.com\/ar\/wp-content\/uploads\/2024\/11\/bg-hero-trends-country-d-300x179.webp 300w, https:\/\/auren.com\/ar\/wp-content\/uploads\/2024\/11\/bg-hero-trends-country-d-768x459.webp 768w, https:\/\/auren.com\/ar\/wp-content\/uploads\/2024\/11\/bg-hero-trends-country-d.webp 1200w\" data-sizes=\"(max-width: 640px) 100vw, 640px\" src=\"data:image\/svg+xml;base64,PHN2ZyB3aWR0aD0iMSIgaGVpZ2h0PSIxIiB4bWxucz0iaHR0cDovL3d3dy53My5vcmcvMjAwMC9zdmciPjwvc3ZnPg==\" style=\"--smush-placeholder-width: 640px; --smush-placeholder-aspect-ratio: 640\/383;\" \/>>\r\n        <\/picture>\r\n        \r\n                        <p class=\"hero_scroll\"><strong>Explorar m\u00e1s<\/strong> Despl\u00e1cese hacia abajo<\/p>\r\n                    <\/div>\r\n\r\n<\/section>\n\n\r\n<section id=\"Breadcrumbs-block_138c4e275a0680ccbf85067c61bfb1be\" class=\"Breadcrumbs\">\r\n    \r\n        <nav class=\"breads\" aria-label=\"Breadcrumb\">\r\n            <ul class=\"container\">\r\n                <li><a href=\"https:\/\/auren.com\/ar\">Home<\/a><\/li>\r\n                <li><span aria-current=\"page\">Tendencias<\/span><\/li>            <\/ul>\r\n        <\/nav>\r\n\r\n                                                                                     \r\n    \r\n<\/section>\r\n\n\n\r\n<section id=\"ImageText-block_b5926e95bb0313bf2947857a48cc14f6\" class=\"ImageText\">\r\n\r\n    <section class=\"info \">\r\n        <div class=\"container\">\r\n            <div class=\"info_text\">\r\n                <div class=\"info_title\">\r\n                    <h2 class=''>CONTENIDOS QUE CONECTAN<\/h2>\n                <\/div>\r\n                <div class=\"info_description\">\r\n                                    <\/div>\r\n            <\/div>\r\n            <div class=\"info_media\">\r\n                <div class=\"info_media_item info_media_item-1\">\r\n                    <div class=\"info_media_item_text\"><span class=\"title\"><\/span><\/div>\r\n                    <div class=\"info_media_item_text_claim\"><\/div>\r\n                    <span class=\"info_media_item_bg\">\r\n                                                    <img decoding=\"async\" width=\"640\" height=\"359\" data-src=\"https:\/\/auren.com\/ar\/wp-content\/uploads\/2024\/12\/image-text-11-1024x574.webp\" class=\"attachment-large size-large lazyload\" alt=\"\" data-srcset=\"https:\/\/auren.com\/ar\/wp-content\/uploads\/2024\/12\/image-text-11-1024x574.webp 1024w, https:\/\/auren.com\/ar\/wp-content\/uploads\/2024\/12\/image-text-11-300x168.webp 300w, https:\/\/auren.com\/ar\/wp-content\/uploads\/2024\/12\/image-text-11-768x431.webp 768w, https:\/\/auren.com\/ar\/wp-content\/uploads\/2024\/12\/image-text-11-1536x861.webp 1536w, https:\/\/auren.com\/ar\/wp-content\/uploads\/2024\/12\/image-text-11-2048x1148.webp 2048w\" data-sizes=\"(max-width: 640px) 100vw, 640px\" src=\"data:image\/svg+xml;base64,PHN2ZyB3aWR0aD0iMSIgaGVpZ2h0PSIxIiB4bWxucz0iaHR0cDovL3d3dy53My5vcmcvMjAwMC9zdmciPjwvc3ZnPg==\" style=\"--smush-placeholder-width: 640px; --smush-placeholder-aspect-ratio: 640\/359;\" \/>                                            <\/span>\r\n                                                        <\/div>\r\n                <div class=\"info_media_claim\">\r\n                    <p>DESCUBRE QU\u00c9 EST\u00c1 GENERANDO IMPACTO Y MARCANDO TENDENCIA A NIVEL GLOBAL<\/p>\n                <\/div>\r\n                <div class=\"info_media_item info_media_item-2\">\r\n                    <div class=\"info_media_item_text\"><span class=\"title\"><\/span><\/div>\r\n                    <div class=\"info_media_item_text_claim\"><\/div>\r\n                    <span class=\"info_media_item_bg\">\r\n                                                    <img decoding=\"async\" width=\"640\" height=\"381\" data-src=\"https:\/\/auren.com\/ar\/wp-content\/uploads\/2024\/12\/image-text-10-1024x610.webp\" class=\"attachment-large size-large lazyload\" alt=\"\" data-srcset=\"https:\/\/auren.com\/ar\/wp-content\/uploads\/2024\/12\/image-text-10-1024x610.webp 1024w, https:\/\/auren.com\/ar\/wp-content\/uploads\/2024\/12\/image-text-10-300x179.webp 300w, https:\/\/auren.com\/ar\/wp-content\/uploads\/2024\/12\/image-text-10-768x457.webp 768w, https:\/\/auren.com\/ar\/wp-content\/uploads\/2024\/12\/image-text-10-1536x915.webp 1536w, https:\/\/auren.com\/ar\/wp-content\/uploads\/2024\/12\/image-text-10-2048x1220.webp 2048w\" data-sizes=\"(max-width: 640px) 100vw, 640px\" src=\"data:image\/svg+xml;base64,PHN2ZyB3aWR0aD0iMSIgaGVpZ2h0PSIxIiB4bWxucz0iaHR0cDovL3d3dy53My5vcmcvMjAwMC9zdmciPjwvc3ZnPg==\" style=\"--smush-placeholder-width: 640px; --smush-placeholder-aspect-ratio: 640\/381;\" \/>                                            <\/span>\r\n                                                        <\/div>\r\n            <\/div>\r\n        <\/div>\r\n    <\/section>\r\n\r\n<\/section>\r\n\r\n\n\n<section id=\"TrendingNow-block_c59226f5ed4cc38f822f719cbf5d5062\" class=\"TrendingNow\">\r\n\r\n    <section class=\"trendings\">\r\n        <div class=\"container\">\r\n            <div class=\"trendings_title\">\r\n                <h2 class=''>\u00bfQU\u00c9 ES TENDENCIA HOY?<\/h2>\n            <\/div>\r\n            <nav class=\"trendings_nav\">\r\n                <a class=\"trendings_nav_item trendings_nav_item-1\" href=\"https:\/\/auren.com\/ar\/tendencias\/noticias\/\"><strong class=\"trendings_nav_item_text\">Noticias<\/strong><img decoding=\"async\" width=\"640\" height=\"426\" data-src=\"https:\/\/auren.com\/ar\/wp-content\/uploads\/2024\/12\/trending-1-1024x682.webp\" class=\"trendings_nav_item_bg lazyload\" alt=\"\" data-srcset=\"https:\/\/auren.com\/ar\/wp-content\/uploads\/2024\/12\/trending-1-1024x682.webp 1024w, https:\/\/auren.com\/ar\/wp-content\/uploads\/2024\/12\/trending-1-300x200.webp 300w, https:\/\/auren.com\/ar\/wp-content\/uploads\/2024\/12\/trending-1-768x512.webp 768w, https:\/\/auren.com\/ar\/wp-content\/uploads\/2024\/12\/trending-1.webp 1160w\" data-sizes=\"(max-width: 640px) 100vw, 640px\" src=\"data:image\/svg+xml;base64,PHN2ZyB3aWR0aD0iMSIgaGVpZ2h0PSIxIiB4bWxucz0iaHR0cDovL3d3dy53My5vcmcvMjAwMC9zdmciPjwvc3ZnPg==\" style=\"--smush-placeholder-width: 640px; --smush-placeholder-aspect-ratio: 640\/426;\" \/><\/a>                <a class=\"trendings_nav_item trendings_nav_item-2\" href=\"https:\/\/auren.com\/ar\/tendencias\/blog\/\"><strong class=\"trendings_nav_item_text\">Blog<\/strong><img decoding=\"async\" width=\"640\" height=\"359\" data-src=\"https:\/\/auren.com\/ar\/wp-content\/uploads\/2024\/12\/trending-2-1024x574.webp\" class=\"trendings_nav_item_bg lazyload\" alt=\"\" data-srcset=\"https:\/\/auren.com\/ar\/wp-content\/uploads\/2024\/12\/trending-2-1024x574.webp 1024w, https:\/\/auren.com\/ar\/wp-content\/uploads\/2024\/12\/trending-2-300x168.webp 300w, https:\/\/auren.com\/ar\/wp-content\/uploads\/2024\/12\/trending-2-768x430.webp 768w, https:\/\/auren.com\/ar\/wp-content\/uploads\/2024\/12\/trending-2-1536x861.webp 1536w, https:\/\/auren.com\/ar\/wp-content\/uploads\/2024\/12\/trending-2-2048x1148.webp 2048w\" data-sizes=\"(max-width: 640px) 100vw, 640px\" src=\"data:image\/svg+xml;base64,PHN2ZyB3aWR0aD0iMSIgaGVpZ2h0PSIxIiB4bWxucz0iaHR0cDovL3d3dy53My5vcmcvMjAwMC9zdmciPjwvc3ZnPg==\" style=\"--smush-placeholder-width: 640px; --smush-placeholder-aspect-ratio: 640\/359;\" \/><\/a>                <a class=\"trendings_nav_item trendings_nav_item-3\" href=\"https:\/\/auren.com\/ar\/tendencias\/publicaciones\/\"><strong class=\"trendings_nav_item_text\">Publicaciones<\/strong><img decoding=\"async\" width=\"640\" height=\"427\" data-src=\"https:\/\/auren.com\/ar\/wp-content\/uploads\/2024\/12\/trending-3-1024x683.webp\" class=\"trendings_nav_item_bg lazyload\" alt=\"\" data-srcset=\"https:\/\/auren.com\/ar\/wp-content\/uploads\/2024\/12\/trending-3-1024x683.webp 1024w, https:\/\/auren.com\/ar\/wp-content\/uploads\/2024\/12\/trending-3-300x200.webp 300w, https:\/\/auren.com\/ar\/wp-content\/uploads\/2024\/12\/trending-3-768x512.webp 768w, https:\/\/auren.com\/ar\/wp-content\/uploads\/2024\/12\/trending-3-1536x1024.webp 1536w, https:\/\/auren.com\/ar\/wp-content\/uploads\/2024\/12\/trending-3-2048x1366.webp 2048w\" data-sizes=\"(max-width: 640px) 100vw, 640px\" src=\"data:image\/svg+xml;base64,PHN2ZyB3aWR0aD0iMSIgaGVpZ2h0PSIxIiB4bWxucz0iaHR0cDovL3d3dy53My5vcmcvMjAwMC9zdmciPjwvc3ZnPg==\" style=\"--smush-placeholder-width: 640px; --smush-placeholder-aspect-ratio: 640\/427;\" \/><\/a>                <a class=\"trendings_nav_item trendings_nav_item-4\" href=\"https:\/\/auren.com\/ar\/tendencias\/videos-podcast\/\"><strong class=\"trendings_nav_item_text\">Videos &#038; Podcast<\/strong><img decoding=\"async\" width=\"640\" height=\"359\" data-src=\"https:\/\/auren.com\/ar\/wp-content\/uploads\/2024\/12\/trending-4-1024x574.webp\" class=\"trendings_nav_item_bg lazyload\" alt=\"\" data-srcset=\"https:\/\/auren.com\/ar\/wp-content\/uploads\/2024\/12\/trending-4-1024x574.webp 1024w, https:\/\/auren.com\/ar\/wp-content\/uploads\/2024\/12\/trending-4-300x168.webp 300w, https:\/\/auren.com\/ar\/wp-content\/uploads\/2024\/12\/trending-4-768x431.webp 768w, https:\/\/auren.com\/ar\/wp-content\/uploads\/2024\/12\/trending-4-1536x861.webp 1536w, https:\/\/auren.com\/ar\/wp-content\/uploads\/2024\/12\/trending-4-2048x1148.webp 2048w\" data-sizes=\"(max-width: 640px) 100vw, 640px\" src=\"data:image\/svg+xml;base64,PHN2ZyB3aWR0aD0iMSIgaGVpZ2h0PSIxIiB4bWxucz0iaHR0cDovL3d3dy53My5vcmcvMjAwMC9zdmciPjwvc3ZnPg==\" style=\"--smush-placeholder-width: 640px; --smush-placeholder-aspect-ratio: 640\/359;\" \/><\/a>                <a class=\"\" href=\"https:\/\/auren.com\/ar\/tendencias\/descubra-las-ultimas-tendencias\/\">\r\n                    <h2 class='trendings_nav_claim'>Explora los temas m\u00e1s comentados<\/h2>\n                <\/a>\r\n            <\/nav>\r\n        <\/div>\r\n    <\/section>\r\n    \r\n<\/section>\r\n\r\n\n\n<section id=\"ImageTextV2-block_e73be9a964570ba92c2fd9b1abfeb2dd\" class=\"ImageTextV2\">\r\n\r\n    <div class=\"upcoming \">\r\n        <div class=\"container\">\r\n            <div class=\"upcoming_text\">\r\n                <div class=\"upcoming_title\">\r\n                    <h2 class=''>Mant\u00e9ngase al tanto de las novedades y los pr\u00f3ximos eventos.<\/h2>\n                <\/div>\r\n                <div class=\"upcoming_kicker\">\r\n                    <p>NUESTROS EVENTOS<\/p>\n                <\/div>\r\n            <\/div>\r\n            <div class=\"upcoming_media\">\r\n                <a class=\"button button-primary button-icon\" href=\"https:\/\/auren.com\/ar\/contacto\/\" target=\"\">P\u00f3ngase en contacto<\/a>\r\n                <span class=\"upcoming_media_bg\"><img decoding=\"async\" width=\"640\" height=\"428\" data-src=\"https:\/\/auren.com\/ar\/wp-content\/uploads\/2024\/12\/image-text-12-1-1024x684.webp\" alt=\"\" data-srcset=\"https:\/\/auren.com\/ar\/wp-content\/uploads\/2024\/12\/image-text-12-1-1024x684.webp 1024w, https:\/\/auren.com\/ar\/wp-content\/uploads\/2024\/12\/image-text-12-1-300x200.webp 300w, https:\/\/auren.com\/ar\/wp-content\/uploads\/2024\/12\/image-text-12-1-768x513.webp 768w, https:\/\/auren.com\/ar\/wp-content\/uploads\/2024\/12\/image-text-12-1-1536x1025.webp 1536w, https:\/\/auren.com\/ar\/wp-content\/uploads\/2024\/12\/image-text-12-1-2048x1367.webp 2048w\" data-sizes=\"(max-width: 640px) 100vw, 640px\" src=\"data:image\/svg+xml;base64,PHN2ZyB3aWR0aD0iMSIgaGVpZ2h0PSIxIiB4bWxucz0iaHR0cDovL3d3dy53My5vcmcvMjAwMC9zdmciPjwvc3ZnPg==\" class=\"lazyload\" style=\"--smush-placeholder-width: 640px; --smush-placeholder-aspect-ratio: 640\/428;\" \/><\/span>\r\n            <\/div>\r\n        <\/div>\r\n    <\/div>\r\n\r\n<\/section>\r\n","protected":false},"excerpt":{"rendered":"","protected":false},"author":2,"featured_media":0,"parent":0,"menu_order":0,"comment_status":"closed","ping_status":"closed","template":"","meta":{"_acf_changed":false,"footnotes":""},"class_list":["post-10230","page","type-page","status-publish","hentry"],"acf":[],"yoast_head":"<!-- This site is optimized with the Yoast SEO plugin v27.2 - https:\/\/yoast.com\/product\/yoast-seo-wordpress\/ -->\n<title>Tendencias - Auren Argentina<\/title>\n<meta name=\"robots\" content=\"index, follow, max-snippet:-1, max-image-preview:large, max-video-preview:-1\" \/>\n<link rel=\"canonical\" href=\"https:\/\/auren.com\/ar\/tendencias\/\" \/>\n<meta property=\"og:locale\" content=\"es_ES\" \/>\n<meta property=\"og:type\" content=\"article\" \/>\n<meta property=\"og:title\" content=\"Tendencias - Auren Argentina\" \/>\n<meta property=\"og:url\" content=\"https:\/\/auren.com\/ar\/tendencias\/\" \/>\n<meta property=\"og:site_name\" content=\"Auren Argentina\" \/>\n<meta property=\"article:publisher\" content=\"https:\/\/www.facebook.com\/AurenArg\/\" \/>\n<meta property=\"article:modified_time\" content=\"2025-01-24T14:13:30+00:00\" \/>\n<meta name=\"twitter:card\" content=\"summary_large_image\" \/>\n<meta name=\"twitter:site\" content=\"@AUREN_Argentina\" \/>\n<script type=\"application\/ld+json\" class=\"yoast-schema-graph\">{\"@context\":\"https:\/\/schema.org\",\"@graph\":[{\"@type\":\"WebPage\",\"@id\":\"https:\/\/auren.com\/ar\/tendencias\/\",\"url\":\"https:\/\/auren.com\/ar\/tendencias\/\",\"name\":\"Tendencias - Auren Argentina\",\"isPartOf\":{\"@id\":\"https:\/\/auren.com\/ar\/#website\"},\"datePublished\":\"2024-12-22T08:56:27+00:00\",\"dateModified\":\"2025-01-24T14:13:30+00:00\",\"breadcrumb\":{\"@id\":\"https:\/\/auren.com\/ar\/tendencias\/#breadcrumb\"},\"inLanguage\":\"es\",\"potentialAction\":[{\"@type\":\"ReadAction\",\"target\":[\"https:\/\/auren.com\/ar\/tendencias\/\"]}]},{\"@type\":\"BreadcrumbList\",\"@id\":\"https:\/\/auren.com\/ar\/tendencias\/#breadcrumb\",\"itemListElement\":[{\"@type\":\"ListItem\",\"position\":1,\"name\":\"Portada\",\"item\":\"https:\/\/auren.com\/ar\/\"},{\"@type\":\"ListItem\",\"position\":2,\"name\":\"Tendencias\"}]},{\"@type\":\"WebSite\",\"@id\":\"https:\/\/auren.com\/ar\/#website\",\"url\":\"https:\/\/auren.com\/ar\/\",\"name\":\"Auren Argentina\",\"description\":\"\",\"publisher\":{\"@id\":\"https:\/\/auren.com\/ar\/#organization\"},\"potentialAction\":[{\"@type\":\"SearchAction\",\"target\":{\"@type\":\"EntryPoint\",\"urlTemplate\":\"https:\/\/auren.com\/ar\/?s={search_term_string}\"},\"query-input\":{\"@type\":\"PropertyValueSpecification\",\"valueRequired\":true,\"valueName\":\"search_term_string\"}}],\"inLanguage\":\"es\"},{\"@type\":\"Organization\",\"@id\":\"https:\/\/auren.com\/ar\/#organization\",\"name\":\"Auren Argentina\",\"url\":\"https:\/\/auren.com\/ar\/\",\"logo\":{\"@type\":\"ImageObject\",\"inLanguage\":\"es\",\"@id\":\"https:\/\/auren.com\/ar\/#\/schema\/logo\/image\/\",\"url\":\"https:\/\/auren.com\/ar\/wp-content\/uploads\/2025\/01\/cropped-cropped-favicon-Auren.png\",\"contentUrl\":\"https:\/\/auren.com\/ar\/wp-content\/uploads\/2025\/01\/cropped-cropped-favicon-Auren.png\",\"width\":512,\"height\":512,\"caption\":\"Auren Argentina\"},\"image\":{\"@id\":\"https:\/\/auren.com\/ar\/#\/schema\/logo\/image\/\"},\"sameAs\":[\"https:\/\/www.facebook.com\/AurenArg\/\",\"https:\/\/x.com\/AUREN_Argentina\",\"https:\/\/www.linkedin.com\/company\/aurenargentina\",\"https:\/\/www.youtube.com\/channel\/UCSCseiHMECB0uMBGF9wtjSw\",\"https:\/\/www.instagram.com\/aurenargentina\/\"]}]}<\/script>\n<!-- \/ Yoast SEO plugin. -->","yoast_head_json":{"title":"Tendencias - Auren Argentina","robots":{"index":"index","follow":"follow","max-snippet":"max-snippet:-1","max-image-preview":"max-image-preview:large","max-video-preview":"max-video-preview:-1"},"canonical":"https:\/\/auren.com\/ar\/tendencias\/","og_locale":"es_ES","og_type":"article","og_title":"Tendencias - Auren Argentina","og_url":"https:\/\/auren.com\/ar\/tendencias\/","og_site_name":"Auren Argentina","article_publisher":"https:\/\/www.facebook.com\/AurenArg\/","article_modified_time":"2025-01-24T14:13:30+00:00","twitter_card":"summary_large_image","twitter_site":"@AUREN_Argentina","schema":{"@context":"https:\/\/schema.org","@graph":[{"@type":"WebPage","@id":"https:\/\/auren.com\/ar\/tendencias\/","url":"https:\/\/auren.com\/ar\/tendencias\/","name":"Tendencias - Auren Argentina","isPartOf":{"@id":"https:\/\/auren.com\/ar\/#website"},"datePublished":"2024-12-22T08:56:27+00:00","dateModified":"2025-01-24T14:13:30+00:00","breadcrumb":{"@id":"https:\/\/auren.com\/ar\/tendencias\/#breadcrumb"},"inLanguage":"es","potentialAction":[{"@type":"ReadAction","target":["https:\/\/auren.com\/ar\/tendencias\/"]}]},{"@type":"BreadcrumbList","@id":"https:\/\/auren.com\/ar\/tendencias\/#breadcrumb","itemListElement":[{"@type":"ListItem","position":1,"name":"Portada","item":"https:\/\/auren.com\/ar\/"},{"@type":"ListItem","position":2,"name":"Tendencias"}]},{"@type":"WebSite","@id":"https:\/\/auren.com\/ar\/#website","url":"https:\/\/auren.com\/ar\/","name":"Auren Argentina","description":"","publisher":{"@id":"https:\/\/auren.com\/ar\/#organization"},"potentialAction":[{"@type":"SearchAction","target":{"@type":"EntryPoint","urlTemplate":"https:\/\/auren.com\/ar\/?s={search_term_string}"},"query-input":{"@type":"PropertyValueSpecification","valueRequired":true,"valueName":"search_term_string"}}],"inLanguage":"es"},{"@type":"Organization","@id":"https:\/\/auren.com\/ar\/#organization","name":"Auren Argentina","url":"https:\/\/auren.com\/ar\/","logo":{"@type":"ImageObject","inLanguage":"es","@id":"https:\/\/auren.com\/ar\/#\/schema\/logo\/image\/","url":"https:\/\/auren.com\/ar\/wp-content\/uploads\/2025\/01\/cropped-cropped-favicon-Auren.png","contentUrl":"https:\/\/auren.com\/ar\/wp-content\/uploads\/2025\/01\/cropped-cropped-favicon-Auren.png","width":512,"height":512,"caption":"Auren Argentina"},"image":{"@id":"https:\/\/auren.com\/ar\/#\/schema\/logo\/image\/"},"sameAs":["https:\/\/www.facebook.com\/AurenArg\/","https:\/\/x.com\/AUREN_Argentina","https:\/\/www.linkedin.com\/company\/aurenargentina","https:\/\/www.youtube.com\/channel\/UCSCseiHMECB0uMBGF9wtjSw","https:\/\/www.instagram.com\/aurenargentina\/"]}]}},"_links":{"self":[{"href":"https:\/\/auren.com\/ar\/wp-json\/wp\/v2\/pages\/10230","targetHints":{"allow":["GET"]}}],"collection":[{"href":"https:\/\/auren.com\/ar\/wp-json\/wp\/v2\/pages"}],"about":[{"href":"https:\/\/auren.com\/ar\/wp-json\/wp\/v2\/types\/page"}],"author":[{"embeddable":true,"href":"https:\/\/auren.com\/ar\/wp-json\/wp\/v2\/users\/2"}],"replies":[{"embeddable":true,"href":"https:\/\/auren.com\/ar\/wp-json\/wp\/v2\/comments?post=10230"}],"version-history":[{"count":0,"href":"https:\/\/auren.com\/ar\/wp-json\/wp\/v2\/pages\/10230\/revisions"}],"wp:attachment":[{"href":"https:\/\/auren.com\/ar\/wp-json\/wp\/v2\/media?parent=10230"}],"curies":[{"name":"wp","href":"https:\/\/api.w.org\/{rel}","templated":true}]}}