{"id":3744,"date":"2024-12-30T10:41:34","date_gmt":"2024-12-30T09:41:34","guid":{"rendered":"https:\/\/auren.com\/cl\/?page_id=3744"},"modified":"2025-01-24T13:37:47","modified_gmt":"2025-01-24T12:37:47","slug":"servicios","status":"publish","type":"page","link":"https:\/\/auren.com\/cl\/servicios\/","title":{"rendered":"Servicios"},"content":{"rendered":"<section id=\"Header-block_27d6777137a441f2dceae05c49287438\" class=\"Header\">\r\n\r\n    <div class=\"hero\">\r\n                <div class=\"container\">\r\n            <div class=\"hero_header\">\r\n                                \r\n                <div class=\"hero_header_title\">\r\n                    <h2 class=''>Nuestro talento<\/h2>\n                <\/div>\r\n\r\n                                                \r\n                <div class=\"hero_header_title\">\r\n                    <h2 class='' style=\"text-align: right;\"><strong>a tu disposici\u00f3n<\/strong><\/h2>\n                <\/div>\r\n\r\n                                                \r\n                <div class=\"hero_header_subtitle\">\r\n                    <p>\u00bfPor qu\u00e9 elegir nuestros servicios?<\/p>\n                <\/div>\r\n\r\n                                \r\n            <\/div>\r\n        <\/div>\r\n        \r\n                <picture>\r\n            <source srcset=\"https:\/\/auren.com\/cl\/wp-content\/uploads\/2024\/11\/bg-hero-services-d.webp\"\r\n                media=\"(min-width: 1200px)\" \/>\r\n            <img loading=\"lazy\" decoding=\"async\" class=\"hero_bg\"\r\n                <img loading=\"lazy\" decoding=\"async\" width=\"640\" height=\"383\" src=\"https:\/\/auren.com\/cl\/wp-content\/uploads\/2024\/11\/bg-hero-services-d-1024x612.webp\" class=\"hero_bg\" alt=\"\" srcset=\"https:\/\/auren.com\/cl\/wp-content\/uploads\/2024\/11\/bg-hero-services-d-1024x612.webp 1024w, https:\/\/auren.com\/cl\/wp-content\/uploads\/2024\/11\/bg-hero-services-d-300x179.webp 300w, https:\/\/auren.com\/cl\/wp-content\/uploads\/2024\/11\/bg-hero-services-d-768x459.webp 768w, https:\/\/auren.com\/cl\/wp-content\/uploads\/2024\/11\/bg-hero-services-d.webp 1200w\" sizes=\"auto, (max-width: 640px) 100vw, 640px\" \/>>\r\n        <\/picture>\r\n        \r\n                        <p class=\"hero_scroll\"><strong>Explorar m\u00e1s<\/strong> Despl\u00e1cese hacia abajo<\/p>\r\n                    <\/div>\r\n\r\n<\/section>\n\n\r\n<section id=\"Breadcrumbs-block_57a823e5fe004e4ce0c7fff78b5b2c30\" class=\"Breadcrumbs\">\r\n    \r\n        <nav class=\"breads\" aria-label=\"Breadcrumb\">\r\n            <ul class=\"container\">\r\n                <li><a href=\"https:\/\/auren.com\/cl\">Home<\/a><\/li>\r\n                <li><span aria-current=\"page\">Servicios<\/span><\/li>            <\/ul>\r\n        <\/nav>\r\n\r\n                                                                                     \r\n    \r\n<\/section>\r\n\n\n\r\n<section id=\"ImageText-block_86b66e923575453df8b61b860afd6f8a\" class=\"ImageText\">\r\n\r\n    <section class=\"info \">\r\n        <div class=\"container\">\r\n            <div class=\"info_text\">\r\n                <div class=\"info_title\">\r\n                    <p class=''>Nuestros servicios<\/p>\n                <\/div>\r\n                <div class=\"info_description\">\r\n                    <p>Somos una oficina que ofrece asesor\u00eda en materias de impuestos, legales, financieros, contables y de auditor\u00eda, adem\u00e1s de servicios de outsourcing y consultor\u00eda en recursos humanos, contables y financieros a los due\u00f1os y\/o gerentes de \u00e1reas de administraci\u00f3n y finanzas de las compa\u00f1\u00edas en distintas industrias.<\/p>\n<p>Lo que nos caracteriza es la atenci\u00f3n personalizada, cercana y multidisciplinaria, con una mirada estrat\u00e9gica que nos permite entregar la mejor soluci\u00f3n a nuestros clientes.<\/p>\n                <\/div>\r\n            <\/div>\r\n            <div class=\"info_media\">\r\n                <div class=\"info_media_item info_media_item-1\">\r\n                    <div class=\"info_media_item_text\"><span class=\"title\"><\/span>Trabajamos cerca de nuestros clientes\n<\/div>\r\n                    <div class=\"info_media_item_text_claim\"><\/div>\r\n                    <span class=\"info_media_item_bg\">\r\n                                                    <img loading=\"lazy\" decoding=\"async\" width=\"640\" height=\"412\" src=\"https:\/\/auren.com\/cl\/wp-content\/uploads\/2024\/12\/example-info-1-mask-1.webp\" class=\"attachment-large size-large\" alt=\"\" srcset=\"https:\/\/auren.com\/cl\/wp-content\/uploads\/2024\/12\/example-info-1-mask-1.webp 902w, https:\/\/auren.com\/cl\/wp-content\/uploads\/2024\/12\/example-info-1-mask-1-300x193.webp 300w, https:\/\/auren.com\/cl\/wp-content\/uploads\/2024\/12\/example-info-1-mask-1-768x494.webp 768w\" sizes=\"auto, (max-width: 640px) 100vw, 640px\" \/>                                            <\/span>\r\n                                            <img loading=\"lazy\" decoding=\"async\" width=\"168\" height=\"168\" src=\"https:\/\/auren.com\/cl\/wp-content\/uploads\/2024\/12\/ico-info-media-1.webp\" class=\"info_media_item_ico\" alt=\"\" srcset=\"https:\/\/auren.com\/cl\/wp-content\/uploads\/2024\/12\/ico-info-media-1.webp 168w, https:\/\/auren.com\/cl\/wp-content\/uploads\/2024\/12\/ico-info-media-1-150x150.webp 150w\" sizes=\"auto, (max-width: 168px) 100vw, 168px\" \/>                                                        <\/div>\r\n                <div class=\"info_media_claim\">\r\n                                    <\/div>\r\n                <div class=\"info_media_item info_media_item-2\">\r\n                    <div class=\"info_media_item_text\"><span class=\"title\"><\/span><\/div>\r\n                    <div class=\"info_media_item_text_claim\"><\/div>\r\n                    <span class=\"info_media_item_bg\">\r\n                                                    <img loading=\"lazy\" decoding=\"async\" width=\"640\" height=\"354\" src=\"https:\/\/auren.com\/cl\/wp-content\/uploads\/2024\/12\/image-text-2-1024x567.webp\" class=\"attachment-large size-large\" alt=\"\" srcset=\"https:\/\/auren.com\/cl\/wp-content\/uploads\/2024\/12\/image-text-2-1024x567.webp 1024w, https:\/\/auren.com\/cl\/wp-content\/uploads\/2024\/12\/image-text-2-300x166.webp 300w, https:\/\/auren.com\/cl\/wp-content\/uploads\/2024\/12\/image-text-2-768x425.webp 768w, https:\/\/auren.com\/cl\/wp-content\/uploads\/2024\/12\/image-text-2-1536x851.webp 1536w, https:\/\/auren.com\/cl\/wp-content\/uploads\/2024\/12\/image-text-2.webp 1748w\" sizes=\"auto, (max-width: 640px) 100vw, 640px\" \/>                                            <\/span>\r\n                                                        <\/div>\r\n            <\/div>\r\n        <\/div>\r\n    <\/section>\r\n\r\n<\/section>\r\n\r\n\n\n\r\n<section id=\"ParentPostsListDisplay-block_dadb274aff7fe062b60c673a9d21a8a5\" class=\"ParentPostsListDisplay\">\r\n    \r\n        <section class=\"transformation\" id=\"transformation\">\r\n            <div class=\"container\">\r\n                                <div class=\"transformation_title\">\r\n                    <h3>Impulsando la transformaci\u00f3n<\/h3>\n                <\/div>\r\n                \r\n                                <div class=\"transformation_description\">\r\n                    <p>Sabemos que el mundo est\u00e1 en constante cambio y que debemos avanzar junto a \u00e9l, adapt\u00e1ndonos.<\/p>\n                <\/div>\r\n                \r\n                <div class=\"transformation_content\">\r\n                    <ul class='transformation_list'><li class=\"transformation_list_item transformation_list_item-1\" data-position=\"1\">\r\n                <a class=\"transformation_list_item_link\" href=\"#\">Tax &amp; Legal<\/a>\r\n                <div class=\"transformation_list_item_text\">\r\n                    <p>Garantizamos la tranquilidad de las empresas en el complejo entorno de regulaciones legales y fiscales<\/p>\r\n                    <a class='button button-primary' href='https:\/\/auren.com\/cl\/servicios\/impuestos-y-asesoria-legal\/'>M\u00e1s informaci\u00f3n<\/a>\r\n                <\/div>\r\n            <\/li><li class=\"transformation_list_item transformation_list_item-2\" data-position=\"2\">\r\n                <a class=\"transformation_list_item_link\" href=\"#\">Audit &amp; Assurance<\/a>\r\n                <div class=\"transformation_list_item_text\">\r\n                    <p>Auditor\u00edas financieras, de riesgo, forences y de control interno. Miembro del foro de firmas (transnational Auditors Committe-IFAC)<\/p>\r\n                    <a class='button button-primary' href='https:\/\/auren.com\/cl\/servicios\/auditoria-y-riesgos\/'>M\u00e1s informaci\u00f3n<\/a>\r\n                <\/div>\r\n            <\/li><li class=\"transformation_list_item transformation_list_item-3\" data-position=\"3\">\r\n                <a class=\"transformation_list_item_link\" href=\"#\">Finanzas Corporativas y Consultor\u00eda<\/a>\r\n                <div class=\"transformation_list_item_text\">\r\n                    <p>Asesor\u00eda y consultor\u00eda en negocios corporativos, acompa\u00f1amos a las empresas en mejorar su gesti\u00f3n financiera, corporativa\u00a0y\u00a0estrat\u00e9gica<\/p>\r\n                    <a class='button button-primary' href='https:\/\/auren.com\/cl\/servicios\/servicios-corporativos\/'>M\u00e1s informaci\u00f3n<\/a>\r\n                <\/div>\r\n            <\/li><li class=\"transformation_list_item transformation_list_item-4\" data-position=\"4\">\r\n                <a class=\"transformation_list_item_link\" href=\"#\">Abogados<\/a>\r\n                <div class=\"transformation_list_item_text\">\r\n                    <p>Tranquilidad, seguridad y asesoramiento correcto<\/p>\r\n                    <a class='button button-primary' href='https:\/\/auren.com\/cl\/servicios\/abogados\/'>M\u00e1s informaci\u00f3n<\/a>\r\n                <\/div>\r\n            <\/li><li class=\"transformation_list_item transformation_list_item-5\" data-position=\"5\">\r\n                <a class=\"transformation_list_item_link\" href=\"#\">Bussiness Process Outsourcing (BPO)<\/a>\r\n                <div class=\"transformation_list_item_text\">\r\n                    <p>Soluciones de expertos y orientada a la obtenci\u00f3n de resultados<\/p>\r\n                    <a class='button button-primary' href='https:\/\/auren.com\/cl\/servicios\/subcontratacion-de-procesos-empresariales\/'>M\u00e1s informaci\u00f3n<\/a>\r\n                <\/div>\r\n            <\/li><\/ul>                    <div class=\"transformation_media\">\r\n                        <div class=\"transformation_media_main\">\r\n                            <img loading=\"lazy\" decoding=\"async\" width=\"640\" height=\"644\" src=\"https:\/\/auren.com\/cl\/wp-content\/uploads\/2024\/11\/example-transformation-media.webp\" class=\"transformation_media_main_bg\" alt=\"\" srcset=\"https:\/\/auren.com\/cl\/wp-content\/uploads\/2024\/11\/example-transformation-media.webp 1000w, https:\/\/auren.com\/cl\/wp-content\/uploads\/2024\/11\/example-transformation-media-298x300.webp 298w, https:\/\/auren.com\/cl\/wp-content\/uploads\/2024\/11\/example-transformation-media-150x150.webp 150w, https:\/\/auren.com\/cl\/wp-content\/uploads\/2024\/11\/example-transformation-media-768x773.webp 768w\" sizes=\"auto, (max-width: 640px) 100vw, 640px\" \/>                            <a class=\"transformation_media_main_link transformation_media_main_link-1\" href=\"https:\/\/auren.com\/cl\/servicios\/impuestos-y-asesoria-legal\/\">\r\n                <span><\/span> \r\n                <strong>Tax &amp; Legal<\/strong>\r\n            <\/a><a class=\"transformation_media_main_link transformation_media_main_link-2\" href=\"https:\/\/auren.com\/cl\/servicios\/auditoria-y-riesgos\/\">\r\n                <span><\/span> \r\n                <strong>Audit &amp; Assurance<\/strong>\r\n            <\/a><a class=\"transformation_media_main_link transformation_media_main_link-3\" href=\"https:\/\/auren.com\/cl\/servicios\/servicios-corporativos\/\">\r\n                <span><\/span> \r\n                <strong>Finanzas Corporativas y Consultor\u00eda<\/strong>\r\n            <\/a><a class=\"transformation_media_main_link transformation_media_main_link-4\" href=\"https:\/\/auren.com\/cl\/servicios\/abogados\/\">\r\n                <span><\/span> \r\n                <strong>Abogados<\/strong>\r\n            <\/a><a class=\"transformation_media_main_link transformation_media_main_link-5\" href=\"https:\/\/auren.com\/cl\/servicios\/subcontratacion-de-procesos-empresariales\/\">\r\n                <span><\/span> \r\n                <strong>Bussiness Process Outsourcing (BPO)<\/strong>\r\n            <\/a>                        <\/div>\r\n                        <div class=\"transformation_media_secondary\">\r\n                            <img loading=\"lazy\" decoding=\"async\" width=\"577\" height=\"385\" src=\"https:\/\/auren.com\/cl\/wp-content\/uploads\/2024\/12\/example-mosaic-1-1.webp\" class=\"transformation_media_secondary_bg transformation_media_secondary_bg-1\" alt=\"\" srcset=\"https:\/\/auren.com\/cl\/wp-content\/uploads\/2024\/12\/example-mosaic-1-1.webp 577w, https:\/\/auren.com\/cl\/wp-content\/uploads\/2024\/12\/example-mosaic-1-1-300x200.webp 300w\" sizes=\"auto, (max-width: 577px) 100vw, 577px\" \/><img loading=\"lazy\" decoding=\"async\" width=\"577\" height=\"385\" src=\"https:\/\/auren.com\/cl\/wp-content\/uploads\/2024\/12\/example-mosaic-2-1.webp\" class=\"transformation_media_secondary_bg transformation_media_secondary_bg-2\" alt=\"\" srcset=\"https:\/\/auren.com\/cl\/wp-content\/uploads\/2024\/12\/example-mosaic-2-1.webp 577w, https:\/\/auren.com\/cl\/wp-content\/uploads\/2024\/12\/example-mosaic-2-1-300x200.webp 300w\" sizes=\"auto, (max-width: 577px) 100vw, 577px\" \/><img loading=\"lazy\" decoding=\"async\" width=\"577\" height=\"385\" src=\"https:\/\/auren.com\/cl\/wp-content\/uploads\/2024\/12\/example-mosaic-3-1.webp\" class=\"transformation_media_secondary_bg transformation_media_secondary_bg-3\" alt=\"\" srcset=\"https:\/\/auren.com\/cl\/wp-content\/uploads\/2024\/12\/example-mosaic-3-1.webp 577w, https:\/\/auren.com\/cl\/wp-content\/uploads\/2024\/12\/example-mosaic-3-1-300x200.webp 300w\" sizes=\"auto, (max-width: 577px) 100vw, 577px\" \/><img loading=\"lazy\" decoding=\"async\" width=\"577\" height=\"385\" src=\"https:\/\/auren.com\/cl\/wp-content\/uploads\/2024\/12\/example-mosaic-4-1.webp\" class=\"transformation_media_secondary_bg transformation_media_secondary_bg-4\" alt=\"\" srcset=\"https:\/\/auren.com\/cl\/wp-content\/uploads\/2024\/12\/example-mosaic-4-1.webp 577w, https:\/\/auren.com\/cl\/wp-content\/uploads\/2024\/12\/example-mosaic-4-1-300x200.webp 300w\" sizes=\"auto, (max-width: 577px) 100vw, 577px\" \/><img loading=\"lazy\" decoding=\"async\" width=\"533\" height=\"401\" src=\"https:\/\/auren.com\/cl\/wp-content\/uploads\/2024\/12\/Rectangle-9-1.webp\" class=\"transformation_media_secondary_bg transformation_media_secondary_bg-5\" alt=\"\" srcset=\"https:\/\/auren.com\/cl\/wp-content\/uploads\/2024\/12\/Rectangle-9-1.webp 533w, https:\/\/auren.com\/cl\/wp-content\/uploads\/2024\/12\/Rectangle-9-1-300x226.webp 300w\" sizes=\"auto, (max-width: 533px) 100vw, 533px\" \/>                        <\/div>\r\n                    <\/div>\r\n                <\/div>\r\n            <\/div>\r\n        <\/section>\r\n\r\n    <\/section>\r\n\r\n\n\n<section id=\"ImageTextV2-block_fd502af45e8ea75bf44bc070941a28fd\" class=\"ImageTextV2\">\r\n\r\n    <div class=\"upcoming v2\">\r\n        <div class=\"container\">\r\n            <div class=\"upcoming_text\">\r\n                <div class=\"upcoming_title\">\r\n                    <div class=\"upcoming_title\">\n<h3 class=''>\u00bfListo para trabajar con nosotros?<\/h3>\n<\/div>\n                <\/div>\r\n                <div class=\"upcoming_kicker\">\r\n                    <div class=\"upcoming_text\">\n<div class=\"upcoming_kicker\">\n<p>CONECTEMOS AHORA<\/p>\n<\/div>\n<\/div>\n                <\/div>\r\n            <\/div>\r\n            <div class=\"upcoming_media\">\r\n                <a class=\"button button-primary button-icon\" href=\"https:\/\/auren.com\/cl\/contacto\/\" target=\"\">P\u00f3ngase en contacto<\/a>\r\n                <span class=\"upcoming_media_bg\"><img loading=\"lazy\" decoding=\"async\" width=\"640\" height=\"419\" src=\"https:\/\/auren.com\/cl\/wp-content\/uploads\/2024\/12\/bg-upcoming-media-v2.webp\" class=\"\" alt=\"\" srcset=\"https:\/\/auren.com\/cl\/wp-content\/uploads\/2024\/12\/bg-upcoming-media-v2.webp 684w, https:\/\/auren.com\/cl\/wp-content\/uploads\/2024\/12\/bg-upcoming-media-v2-300x196.webp 300w\" sizes=\"auto, (max-width: 640px) 100vw, 640px\" \/><\/span>\r\n            <\/div>\r\n        <\/div>\r\n    <\/div>\r\n\r\n<\/section>\r\n","protected":false},"excerpt":{"rendered":"","protected":false},"author":2,"featured_media":0,"parent":0,"menu_order":0,"comment_status":"closed","ping_status":"closed","template":"","meta":{"_acf_changed":false,"footnotes":""},"class_list":["post-3744","page","type-page","status-publish","hentry"],"acf":[],"yoast_head":"<!-- This site is optimized with the Yoast SEO plugin v27.5 - https:\/\/yoast.com\/product\/yoast-seo-wordpress\/ -->\n<title>Servicios - Auren Chile<\/title>\n<meta name=\"robots\" content=\"index, follow, max-snippet:-1, max-image-preview:large, max-video-preview:-1\" \/>\n<link rel=\"canonical\" href=\"https:\/\/auren.com\/cl\/servicios\/\" \/>\n<meta property=\"og:locale\" content=\"es_ES\" \/>\n<meta property=\"og:type\" content=\"article\" \/>\n<meta property=\"og:title\" content=\"Servicios - Auren Chile\" \/>\n<meta property=\"og:url\" content=\"https:\/\/auren.com\/cl\/servicios\/\" \/>\n<meta property=\"og:site_name\" content=\"Auren Chile\" \/>\n<meta property=\"article:publisher\" content=\"https:\/\/www.facebook.com\/Auren-Chile-102082852427361\/\" \/>\n<meta property=\"article:modified_time\" content=\"2025-01-24T12:37:47+00:00\" \/>\n<meta name=\"twitter:card\" content=\"summary_large_image\" \/>\n<meta name=\"twitter:site\" content=\"@aurenchile\" \/>\n<script type=\"application\/ld+json\" class=\"yoast-schema-graph\">{\"@context\":\"https:\\\/\\\/schema.org\",\"@graph\":[{\"@type\":\"WebPage\",\"@id\":\"https:\\\/\\\/auren.com\\\/cl\\\/servicios\\\/\",\"url\":\"https:\\\/\\\/auren.com\\\/cl\\\/servicios\\\/\",\"name\":\"Servicios - Auren Chile\",\"isPartOf\":{\"@id\":\"https:\\\/\\\/auren.com\\\/cl\\\/#website\"},\"datePublished\":\"2024-12-30T09:41:34+00:00\",\"dateModified\":\"2025-01-24T12:37:47+00:00\",\"breadcrumb\":{\"@id\":\"https:\\\/\\\/auren.com\\\/cl\\\/servicios\\\/#breadcrumb\"},\"inLanguage\":\"es\",\"potentialAction\":[{\"@type\":\"ReadAction\",\"target\":[\"https:\\\/\\\/auren.com\\\/cl\\\/servicios\\\/\"]}]},{\"@type\":\"BreadcrumbList\",\"@id\":\"https:\\\/\\\/auren.com\\\/cl\\\/servicios\\\/#breadcrumb\",\"itemListElement\":[{\"@type\":\"ListItem\",\"position\":1,\"name\":\"Portada\",\"item\":\"https:\\\/\\\/auren.com\\\/cl\\\/\"},{\"@type\":\"ListItem\",\"position\":2,\"name\":\"Servicios\"}]},{\"@type\":\"WebSite\",\"@id\":\"https:\\\/\\\/auren.com\\\/cl\\\/#website\",\"url\":\"https:\\\/\\\/auren.com\\\/cl\\\/\",\"name\":\"Auren Chile\",\"description\":\"\",\"publisher\":{\"@id\":\"https:\\\/\\\/auren.com\\\/cl\\\/#organization\"},\"potentialAction\":[{\"@type\":\"SearchAction\",\"target\":{\"@type\":\"EntryPoint\",\"urlTemplate\":\"https:\\\/\\\/auren.com\\\/cl\\\/?s={search_term_string}\"},\"query-input\":{\"@type\":\"PropertyValueSpecification\",\"valueRequired\":true,\"valueName\":\"search_term_string\"}}],\"inLanguage\":\"es\"},{\"@type\":\"Organization\",\"@id\":\"https:\\\/\\\/auren.com\\\/cl\\\/#organization\",\"name\":\"Auren Chile\",\"url\":\"https:\\\/\\\/auren.com\\\/cl\\\/\",\"logo\":{\"@type\":\"ImageObject\",\"inLanguage\":\"es\",\"@id\":\"https:\\\/\\\/auren.com\\\/cl\\\/#\\\/schema\\\/logo\\\/image\\\/\",\"url\":\"https:\\\/\\\/auren.com\\\/cl\\\/wp-content\\\/uploads\\\/2025\\\/01\\\/cropped-cropped-favicon-Auren.png\",\"contentUrl\":\"https:\\\/\\\/auren.com\\\/cl\\\/wp-content\\\/uploads\\\/2025\\\/01\\\/cropped-cropped-favicon-Auren.png\",\"width\":512,\"height\":512,\"caption\":\"Auren Chile\"},\"image\":{\"@id\":\"https:\\\/\\\/auren.com\\\/cl\\\/#\\\/schema\\\/logo\\\/image\\\/\"},\"sameAs\":[\"https:\\\/\\\/www.facebook.com\\\/Auren-Chile-102082852427361\\\/\",\"https:\\\/\\\/x.com\\\/aurenchile\",\"https:\\\/\\\/cl.linkedin.com\\\/company\\\/aurengroupchile\",\"https:\\\/\\\/www.youtube.com\\\/channel\\\/UC1INxEQ1wu0Jy5-btcBdzdA\",\"https:\\\/\\\/www.instagram.com\\\/auren.chile\\\/\"]}]}<\/script>\n<!-- \/ Yoast SEO plugin. -->","yoast_head_json":{"title":"Servicios - Auren Chile","robots":{"index":"index","follow":"follow","max-snippet":"max-snippet:-1","max-image-preview":"max-image-preview:large","max-video-preview":"max-video-preview:-1"},"canonical":"https:\/\/auren.com\/cl\/servicios\/","og_locale":"es_ES","og_type":"article","og_title":"Servicios - Auren Chile","og_url":"https:\/\/auren.com\/cl\/servicios\/","og_site_name":"Auren Chile","article_publisher":"https:\/\/www.facebook.com\/Auren-Chile-102082852427361\/","article_modified_time":"2025-01-24T12:37:47+00:00","twitter_card":"summary_large_image","twitter_site":"@aurenchile","schema":{"@context":"https:\/\/schema.org","@graph":[{"@type":"WebPage","@id":"https:\/\/auren.com\/cl\/servicios\/","url":"https:\/\/auren.com\/cl\/servicios\/","name":"Servicios - Auren Chile","isPartOf":{"@id":"https:\/\/auren.com\/cl\/#website"},"datePublished":"2024-12-30T09:41:34+00:00","dateModified":"2025-01-24T12:37:47+00:00","breadcrumb":{"@id":"https:\/\/auren.com\/cl\/servicios\/#breadcrumb"},"inLanguage":"es","potentialAction":[{"@type":"ReadAction","target":["https:\/\/auren.com\/cl\/servicios\/"]}]},{"@type":"BreadcrumbList","@id":"https:\/\/auren.com\/cl\/servicios\/#breadcrumb","itemListElement":[{"@type":"ListItem","position":1,"name":"Portada","item":"https:\/\/auren.com\/cl\/"},{"@type":"ListItem","position":2,"name":"Servicios"}]},{"@type":"WebSite","@id":"https:\/\/auren.com\/cl\/#website","url":"https:\/\/auren.com\/cl\/","name":"Auren Chile","description":"","publisher":{"@id":"https:\/\/auren.com\/cl\/#organization"},"potentialAction":[{"@type":"SearchAction","target":{"@type":"EntryPoint","urlTemplate":"https:\/\/auren.com\/cl\/?s={search_term_string}"},"query-input":{"@type":"PropertyValueSpecification","valueRequired":true,"valueName":"search_term_string"}}],"inLanguage":"es"},{"@type":"Organization","@id":"https:\/\/auren.com\/cl\/#organization","name":"Auren Chile","url":"https:\/\/auren.com\/cl\/","logo":{"@type":"ImageObject","inLanguage":"es","@id":"https:\/\/auren.com\/cl\/#\/schema\/logo\/image\/","url":"https:\/\/auren.com\/cl\/wp-content\/uploads\/2025\/01\/cropped-cropped-favicon-Auren.png","contentUrl":"https:\/\/auren.com\/cl\/wp-content\/uploads\/2025\/01\/cropped-cropped-favicon-Auren.png","width":512,"height":512,"caption":"Auren Chile"},"image":{"@id":"https:\/\/auren.com\/cl\/#\/schema\/logo\/image\/"},"sameAs":["https:\/\/www.facebook.com\/Auren-Chile-102082852427361\/","https:\/\/x.com\/aurenchile","https:\/\/cl.linkedin.com\/company\/aurengroupchile","https:\/\/www.youtube.com\/channel\/UC1INxEQ1wu0Jy5-btcBdzdA","https:\/\/www.instagram.com\/auren.chile\/"]}]}},"_links":{"self":[{"href":"https:\/\/auren.com\/cl\/wp-json\/wp\/v2\/pages\/3744","targetHints":{"allow":["GET"]}}],"collection":[{"href":"https:\/\/auren.com\/cl\/wp-json\/wp\/v2\/pages"}],"about":[{"href":"https:\/\/auren.com\/cl\/wp-json\/wp\/v2\/types\/page"}],"author":[{"embeddable":true,"href":"https:\/\/auren.com\/cl\/wp-json\/wp\/v2\/users\/2"}],"replies":[{"embeddable":true,"href":"https:\/\/auren.com\/cl\/wp-json\/wp\/v2\/comments?post=3744"}],"version-history":[{"count":0,"href":"https:\/\/auren.com\/cl\/wp-json\/wp\/v2\/pages\/3744\/revisions"}],"wp:attachment":[{"href":"https:\/\/auren.com\/cl\/wp-json\/wp\/v2\/media?parent=3744"}],"curies":[{"name":"wp","href":"https:\/\/api.w.org\/{rel}","templated":true}]}}