{"id":3771,"date":"2024-12-30T11:23:12","date_gmt":"2024-12-30T10:23:12","guid":{"rendered":"https:\/\/auren.com\/cl\/?page_id=3771"},"modified":"2025-03-25T03:03:12","modified_gmt":"2025-03-25T02:03:12","slug":"conoce-auren","status":"publish","type":"page","link":"https:\/\/auren.com\/cl\/conoce-auren\/","title":{"rendered":"Conoce Auren"},"content":{"rendered":"<section id=\"Header-block_c524652cee72d95ac344a6dffd211cd7\" class=\"Header\">\r\n\r\n    <div class=\"hero\">\r\n                <div class=\"container\">\r\n            <div class=\"hero_header\">\r\n                                \r\n                <div class=\"hero_header_title\">\r\n                    <h1 class='' style=\"text-align: right;\"><strong>Conoce Auren<\/strong><\/h1>\n                <\/div>\r\n\r\n                                                \r\n                <div class=\"hero_header_subtitle\">\r\n                    <p style=\"text-align: right;\">Descubre la historia y la esencia de Auren.<\/p>\n                <\/div>\r\n\r\n                                \r\n            <\/div>\r\n        <\/div>\r\n        \r\n                <picture>\r\n            <source srcset=\"https:\/\/auren.com\/cl\/wp-content\/uploads\/2024\/11\/bg-hero-aboutus-d.webp\"\r\n                media=\"(min-width: 1200px)\" \/>\r\n            <img loading=\"lazy\" decoding=\"async\" class=\"hero_bg\"\r\n                <img loading=\"lazy\" decoding=\"async\" width=\"640\" height=\"382\" src=\"https:\/\/auren.com\/cl\/wp-content\/uploads\/2024\/11\/bg-hero-aboutus-d-1024x611.webp\" class=\"hero_bg\" alt=\"\" srcset=\"https:\/\/auren.com\/cl\/wp-content\/uploads\/2024\/11\/bg-hero-aboutus-d-1024x611.webp 1024w, https:\/\/auren.com\/cl\/wp-content\/uploads\/2024\/11\/bg-hero-aboutus-d-300x179.webp 300w, https:\/\/auren.com\/cl\/wp-content\/uploads\/2024\/11\/bg-hero-aboutus-d-768x459.webp 768w, https:\/\/auren.com\/cl\/wp-content\/uploads\/2024\/11\/bg-hero-aboutus-d-1536x917.webp 1536w, https:\/\/auren.com\/cl\/wp-content\/uploads\/2024\/11\/bg-hero-aboutus-d.webp 1916w\" sizes=\"auto, (max-width: 640px) 100vw, 640px\" \/>>\r\n        <\/picture>\r\n        \r\n                        <p class=\"hero_scroll\"><strong>Explorar m\u00e1s<\/strong> Despl\u00e1cese hacia abajo<\/p>\r\n                    <\/div>\r\n\r\n<\/section>\n\n\r\n<section id=\"Breadcrumbs-block_982ab65dd26860a9cf129c03a9c89325\" class=\"Breadcrumbs\">\r\n    \r\n        <nav class=\"breads\" aria-label=\"Breadcrumb\">\r\n            <ul class=\"container\">\r\n                <li><a href=\"https:\/\/auren.com\/cl\">Home<\/a><\/li>\r\n                <li><span aria-current=\"page\">Conoce Auren<\/span><\/li>            <\/ul>\r\n        <\/nav>\r\n\r\n                                                                                     \r\n    \r\n<\/section>\r\n\n\n\r\n<section id=\"ImageText-block_1eb786393ddc78ca3593ec74b58c6487\" class=\"ImageText\">\r\n\r\n    <section class=\"info \">\r\n        <div class=\"container\">\r\n            <div class=\"info_text\">\r\n                <div class=\"info_title\">\r\n                    <h2 class=''>Experiencia, valores y humanidad.<\/h2>\n                <\/div>\r\n                <div class=\"info_description\">\r\n                    <ul>\n<li>Nuestra cultura humanista y el esp\u00edritu emprendedor inspiran nuestro d\u00eda a d\u00eda.<\/li>\n<li>Nos comprometemos con nuestros clientes, con nuestros equipos y con nuestra sociedad.<\/li>\n<li>Somos empresarios al servicio de empresarios.<\/li>\n<li>Construimos relaciones de confianza, s\u00f3lidas y duraderas con nuestros clientes.<\/li>\n<\/ul>\n                <\/div>\r\n            <\/div>\r\n            <div class=\"info_media\">\r\n                <div class=\"info_media_item info_media_item-1\">\r\n                    <div class=\"info_media_item_text\"><span class=\"title\"><\/span><\/div>\r\n                    <div class=\"info_media_item_text_claim\"><\/div>\r\n                    <span class=\"info_media_item_bg\">\r\n                                                    <img loading=\"lazy\" decoding=\"async\" width=\"640\" height=\"431\" src=\"https:\/\/auren.com\/cl\/wp-content\/uploads\/2025\/03\/Mario-Cayupan-1024x689.webp\" class=\"attachment-large size-large\" alt=\"\" srcset=\"https:\/\/auren.com\/cl\/wp-content\/uploads\/2025\/03\/Mario-Cayupan-1024x689.webp 1024w, https:\/\/auren.com\/cl\/wp-content\/uploads\/2025\/03\/Mario-Cayupan-300x202.webp 300w, https:\/\/auren.com\/cl\/wp-content\/uploads\/2025\/03\/Mario-Cayupan-768x517.webp 768w, https:\/\/auren.com\/cl\/wp-content\/uploads\/2025\/03\/Mario-Cayupan-1536x1033.webp 1536w, https:\/\/auren.com\/cl\/wp-content\/uploads\/2025\/03\/Mario-Cayupan-2048x1378.webp 2048w\" sizes=\"auto, (max-width: 640px) 100vw, 640px\" \/>                                            <\/span>\r\n                                                        <\/div>\r\n                <div class=\"info_media_claim\">\r\n                    <p>Comprometidos con la calidad, guiados por nuestros valores.<\/p>\n                <\/div>\r\n                <div class=\"info_media_item info_media_item-2\">\r\n                    <div class=\"info_media_item_text\"><span class=\"title\"><\/span><\/div>\r\n                    <div class=\"info_media_item_text_claim\"><\/div>\r\n                    <span class=\"info_media_item_bg\">\r\n                                                    <img loading=\"lazy\" decoding=\"async\" width=\"640\" height=\"412\" src=\"https:\/\/auren.com\/cl\/wp-content\/uploads\/2024\/12\/example-info-2-mask-768x494-1.webp\" class=\"attachment-large size-large\" alt=\"\" srcset=\"https:\/\/auren.com\/cl\/wp-content\/uploads\/2024\/12\/example-info-2-mask-768x494-1.webp 768w, https:\/\/auren.com\/cl\/wp-content\/uploads\/2024\/12\/example-info-2-mask-768x494-1-300x193.webp 300w\" sizes=\"auto, (max-width: 640px) 100vw, 640px\" \/>                                            <\/span>\r\n                                                        <\/div>\r\n            <\/div>\r\n        <\/div>\r\n    <\/section>\r\n\r\n<\/section>\r\n\r\n\n\n\r\n<div id=\"CardsCustom-block_f053b8dc7d0f0c7b4b44354d4464531c\" class=\"CardsCustom\">\r\n\r\n    <section class=\"services\">\r\n        <div class=\"container\">\r\n            <div class=\"services_title\">\r\n                <h2 class=''>Servicios profesionales con un enfoque humano.<\/h2>\n            <\/div>\r\n            <div class=\"services_description\">\r\n                <p>Nuestro equipo multidisciplinar de profesionales te ofrece la excelencia en cada proyecto, gracias a su amplia experiencia, enfoque metodol\u00f3gico y gran implicaci\u00f3n. Nuestra presencia internacional, combinada con un profundo conocimiento local, te brinda el apoyo necesario para lograr el \u00e9xito en entornos complejos y cambiantes.<\/p>\n            <\/div>\r\n\r\n            <nav class=\"services_nav\">\r\n                                <a class=\"services_nav_item services_nav_item-0\" href=\"https:\/\/auren.com\/cl\/conoce-auren\/proposito-vision-y-valores\/\">\r\n                    <span class=\"services_nav_item_text\">Prop\u00f3sito, Visi\u00f3n y Valores<\/span>\r\n                    <span class=\"services_nav_item_image\">\r\n                                                    <img loading=\"lazy\" decoding=\"async\" width=\"640\" height=\"475\" src=\"https:\/\/auren.com\/cl\/wp-content\/uploads\/2024\/12\/example-about-service-1-1024x760.webp\" class=\"attachment-large size-large\" alt=\"\" srcset=\"https:\/\/auren.com\/cl\/wp-content\/uploads\/2024\/12\/example-about-service-1-1024x760.webp 1024w, https:\/\/auren.com\/cl\/wp-content\/uploads\/2024\/12\/example-about-service-1-300x223.webp 300w, https:\/\/auren.com\/cl\/wp-content\/uploads\/2024\/12\/example-about-service-1-768x570.webp 768w, https:\/\/auren.com\/cl\/wp-content\/uploads\/2024\/12\/example-about-service-1.webp 1038w\" sizes=\"auto, (max-width: 640px) 100vw, 640px\" \/>                                            <\/span>\r\n                <\/a>\r\n                                <a class=\"services_nav_item services_nav_item-1\" href=\"https:\/\/auren.com\/cl\/conoce-auren\/responsabilidad-corporativa\/\">\r\n                    <span class=\"services_nav_item_text\">Responsabilidad corporativa<\/span>\r\n                    <span class=\"services_nav_item_image\">\r\n                                                    <img loading=\"lazy\" decoding=\"async\" width=\"640\" height=\"475\" src=\"https:\/\/auren.com\/cl\/wp-content\/uploads\/2024\/12\/example-about-service-2-1024x760.webp\" class=\"attachment-large size-large\" alt=\"\" srcset=\"https:\/\/auren.com\/cl\/wp-content\/uploads\/2024\/12\/example-about-service-2-1024x760.webp 1024w, https:\/\/auren.com\/cl\/wp-content\/uploads\/2024\/12\/example-about-service-2-300x223.webp 300w, https:\/\/auren.com\/cl\/wp-content\/uploads\/2024\/12\/example-about-service-2-768x570.webp 768w, https:\/\/auren.com\/cl\/wp-content\/uploads\/2024\/12\/example-about-service-2.webp 1038w\" sizes=\"auto, (max-width: 640px) 100vw, 640px\" \/>                                            <\/span>\r\n                <\/a>\r\n                                <a class=\"services_nav_item services_nav_item-2\" href=\"https:\/\/auren.com\/cl\/conoce-auren\/nuestro-enfoque-global\/\">\r\n                    <span class=\"services_nav_item_text\">Nuestro enfoque global<\/span>\r\n                    <span class=\"services_nav_item_image\">\r\n                                                    <img loading=\"lazy\" decoding=\"async\" width=\"640\" height=\"475\" src=\"https:\/\/auren.com\/cl\/wp-content\/uploads\/2024\/12\/example-about-service-3-1024x760.webp\" class=\"attachment-large size-large\" alt=\"\" srcset=\"https:\/\/auren.com\/cl\/wp-content\/uploads\/2024\/12\/example-about-service-3-1024x760.webp 1024w, https:\/\/auren.com\/cl\/wp-content\/uploads\/2024\/12\/example-about-service-3-300x223.webp 300w, https:\/\/auren.com\/cl\/wp-content\/uploads\/2024\/12\/example-about-service-3-768x570.webp 768w, https:\/\/auren.com\/cl\/wp-content\/uploads\/2024\/12\/example-about-service-3.webp 1038w\" sizes=\"auto, (max-width: 640px) 100vw, 640px\" \/>                                            <\/span>\r\n                <\/a>\r\n                            <\/nav>\r\n        <\/div>\r\n    <\/section>\r\n\r\n<\/div>\r\n\n\n<div id=\"Discover-block_7757864421f5fb23dbfa0572f7ca54ca\" class=\"Discover\">\r\n\r\n    <section class=\"discover\" id=\"discover\">\r\n        <div class=\"container\">\r\n            <div class=\"discover_wrapper\">\r\n                                <picture>\r\n                    <source srcset=\"https:\/\/auren.com\/cl\/wp-content\/uploads\/2024\/12\/bg-discover-d.webp\" media=\"(min-width: 1200px)\" \/>\r\n                    <img decoding=\"async\" class=\"discover_bg\" src=\"https:\/\/auren.com\/cl\/wp-content\/uploads\/2024\/12\/bg-discover-d.webp\" alt=\"\">\r\n                <\/picture>\r\n                                <div class=\"discover_content\">\r\n                    <div class=\"discover_text\">\r\n                        <div class=\"discover_title\">\r\n                            <h2 class=''>D\u00f3nde estamos<\/h2>\n                        <\/div>\r\n                        <div class=\"discover_description\">\r\n                            <p>Auren es una firma multidisciplinar que ofrece servicios profesionales integrales en auditor\u00eda, asesoramiento legal, consultor\u00eda y corporate.<\/p>\n<p>Con una cultura humanista enfocada en el cuidado de sus equipos y de las personas con las que se relaciona, Auren acompa\u00f1a a sus clientes en todas sus necesidades de negocio en cualquier parte del mundo.<\/p>\n<p>Auren cuenta con m\u00e1s de 2,263 profesionales en 11 pa\u00edses.<\/p>\n<p>Creemos que los servicios profesionales se pueden prestar con conciencia, humanidad e implicaci\u00f3n.<\/p>\n                        <\/div>\r\n                                                <a class=\"button button-contrast-red button-icon\" href=\"https:\/\/auren.com\/cl\/carrera-profesional\/\" target=\"\">Oportunidades profesionales<\/a>\r\n                                            <\/div>\r\n                    <ul class=\"discover_numbers\">\r\n                                                    <li class=\"discover_numbers_item\">\r\n                                <strong><span class=\"js-counterup\" data-end=\"11\" data-speed=\"100\">0<\/span><\/strong>\r\n                                pa\u00edses                            <\/li>\r\n                                                    <li class=\"discover_numbers_item\">\r\n                                M\u00e1s de<strong><span class=\"js-counterup\" data-end=\"2\" data-speed=\"100\">0<\/span>.263<\/strong>\r\n                                profesionales                            <\/li>\r\n                                                    <li class=\"discover_numbers_item\">\r\n                                <strong><span class=\"js-counterup\" data-end=\"62\" data-speed=\"100\">0<\/span><\/strong>\r\n                                oficinas                            <\/li>\r\n                                            <\/ul>\r\n                <\/div>\r\n            <\/div>\r\n        <\/div>\r\n    <\/section>\r\n\r\n<\/div>\r\n\n\n<section id=\"ImageTextV2-block_18d91498d0f00c42e122556f248fba98\" class=\"ImageTextV2\">\r\n\r\n    <div class=\"upcoming v2\">\r\n        <div class=\"container\">\r\n            <div class=\"upcoming_text\">\r\n                <div class=\"upcoming_title\">\r\n                    <h2 class=''>\u00bfPreparado para trabajar con nosotros?<\/h2>\n                <\/div>\r\n                <div class=\"upcoming_kicker\">\r\n                    <p>CONECTEMOS AHORA<\/p>\n                <\/div>\r\n            <\/div>\r\n            <div class=\"upcoming_media\">\r\n                <a class=\"button button-primary button-icon\" href=\"https:\/\/auren.com\/cl\/contacto\/\" target=\"\">P\u00f3ngase en contacto<\/a>\r\n                <span class=\"upcoming_media_bg\"><img loading=\"lazy\" decoding=\"async\" width=\"640\" height=\"419\" src=\"https:\/\/auren.com\/cl\/wp-content\/uploads\/2024\/12\/bg-upcoming-media-v2.webp\" class=\"\" alt=\"\" srcset=\"https:\/\/auren.com\/cl\/wp-content\/uploads\/2024\/12\/bg-upcoming-media-v2.webp 684w, https:\/\/auren.com\/cl\/wp-content\/uploads\/2024\/12\/bg-upcoming-media-v2-300x196.webp 300w\" sizes=\"auto, (max-width: 640px) 100vw, 640px\" \/><\/span>\r\n            <\/div>\r\n        <\/div>\r\n    <\/div>\r\n\r\n<\/section>\r\n","protected":false},"excerpt":{"rendered":"","protected":false},"author":2,"featured_media":0,"parent":0,"menu_order":0,"comment_status":"closed","ping_status":"closed","template":"","meta":{"_acf_changed":false,"footnotes":""},"class_list":["post-3771","page","type-page","status-publish","hentry"],"acf":[],"yoast_head":"<!-- This site is optimized with the Yoast SEO plugin v27.4 - https:\/\/yoast.com\/product\/yoast-seo-wordpress\/ -->\n<title>Conoce Auren - Auren Germany<\/title>\n<meta name=\"robots\" content=\"index, follow, max-snippet:-1, max-image-preview:large, max-video-preview:-1\" \/>\n<link rel=\"canonical\" href=\"https:\/\/auren.com\/cl\/conoce-auren\/\" \/>\n<meta property=\"og:locale\" content=\"es_ES\" \/>\n<meta property=\"og:type\" content=\"article\" \/>\n<meta property=\"og:title\" content=\"Conoce Auren - Auren Germany\" \/>\n<meta property=\"og:url\" content=\"https:\/\/auren.com\/cl\/conoce-auren\/\" \/>\n<meta property=\"og:site_name\" content=\"Auren Germany\" \/>\n<meta property=\"article:publisher\" content=\"https:\/\/www.facebook.com\/Auren-Chile-102082852427361\/\" \/>\n<meta property=\"article:modified_time\" content=\"2025-03-25T02:03:12+00:00\" \/>\n<meta name=\"twitter:card\" content=\"summary_large_image\" \/>\n<meta name=\"twitter:site\" content=\"@aurenchile\" \/>\n<script type=\"application\/ld+json\" class=\"yoast-schema-graph\">{\"@context\":\"https:\\\/\\\/schema.org\",\"@graph\":[{\"@type\":\"WebPage\",\"@id\":\"https:\\\/\\\/auren.com\\\/cl\\\/conoce-auren\\\/\",\"url\":\"https:\\\/\\\/auren.com\\\/cl\\\/conoce-auren\\\/\",\"name\":\"Conoce Auren - Auren Germany\",\"isPartOf\":{\"@id\":\"https:\\\/\\\/auren.com\\\/cl\\\/#website\"},\"datePublished\":\"2024-12-30T10:23:12+00:00\",\"dateModified\":\"2025-03-25T02:03:12+00:00\",\"breadcrumb\":{\"@id\":\"https:\\\/\\\/auren.com\\\/cl\\\/conoce-auren\\\/#breadcrumb\"},\"inLanguage\":\"es\",\"potentialAction\":[{\"@type\":\"ReadAction\",\"target\":[\"https:\\\/\\\/auren.com\\\/cl\\\/conoce-auren\\\/\"]}]},{\"@type\":\"BreadcrumbList\",\"@id\":\"https:\\\/\\\/auren.com\\\/cl\\\/conoce-auren\\\/#breadcrumb\",\"itemListElement\":[{\"@type\":\"ListItem\",\"position\":1,\"name\":\"Portada\",\"item\":\"https:\\\/\\\/auren.com\\\/cl\\\/\"},{\"@type\":\"ListItem\",\"position\":2,\"name\":\"Conoce Auren\"}]},{\"@type\":\"WebSite\",\"@id\":\"https:\\\/\\\/auren.com\\\/cl\\\/#website\",\"url\":\"https:\\\/\\\/auren.com\\\/cl\\\/\",\"name\":\"Auren Chile\",\"description\":\"\",\"publisher\":{\"@id\":\"https:\\\/\\\/auren.com\\\/cl\\\/#organization\"},\"potentialAction\":[{\"@type\":\"SearchAction\",\"target\":{\"@type\":\"EntryPoint\",\"urlTemplate\":\"https:\\\/\\\/auren.com\\\/cl\\\/?s={search_term_string}\"},\"query-input\":{\"@type\":\"PropertyValueSpecification\",\"valueRequired\":true,\"valueName\":\"search_term_string\"}}],\"inLanguage\":\"es\"},{\"@type\":\"Organization\",\"@id\":\"https:\\\/\\\/auren.com\\\/cl\\\/#organization\",\"name\":\"Auren Chile\",\"url\":\"https:\\\/\\\/auren.com\\\/cl\\\/\",\"logo\":{\"@type\":\"ImageObject\",\"inLanguage\":\"es\",\"@id\":\"https:\\\/\\\/auren.com\\\/cl\\\/#\\\/schema\\\/logo\\\/image\\\/\",\"url\":\"https:\\\/\\\/auren.com\\\/cl\\\/wp-content\\\/uploads\\\/2025\\\/01\\\/cropped-cropped-favicon-Auren.png\",\"contentUrl\":\"https:\\\/\\\/auren.com\\\/cl\\\/wp-content\\\/uploads\\\/2025\\\/01\\\/cropped-cropped-favicon-Auren.png\",\"width\":512,\"height\":512,\"caption\":\"Auren Chile\"},\"image\":{\"@id\":\"https:\\\/\\\/auren.com\\\/cl\\\/#\\\/schema\\\/logo\\\/image\\\/\"},\"sameAs\":[\"https:\\\/\\\/www.facebook.com\\\/Auren-Chile-102082852427361\\\/\",\"https:\\\/\\\/x.com\\\/aurenchile\",\"https:\\\/\\\/cl.linkedin.com\\\/company\\\/aurengroupchile\",\"https:\\\/\\\/www.youtube.com\\\/channel\\\/UC1INxEQ1wu0Jy5-btcBdzdA\",\"https:\\\/\\\/www.instagram.com\\\/auren.chile\\\/\"]}]}<\/script>\n<!-- \/ Yoast SEO plugin. -->","yoast_head_json":{"title":"Conoce Auren - Auren Germany","robots":{"index":"index","follow":"follow","max-snippet":"max-snippet:-1","max-image-preview":"max-image-preview:large","max-video-preview":"max-video-preview:-1"},"canonical":"https:\/\/auren.com\/cl\/conoce-auren\/","og_locale":"es_ES","og_type":"article","og_title":"Conoce Auren - Auren Germany","og_url":"https:\/\/auren.com\/cl\/conoce-auren\/","og_site_name":"Auren Germany","article_publisher":"https:\/\/www.facebook.com\/Auren-Chile-102082852427361\/","article_modified_time":"2025-03-25T02:03:12+00:00","twitter_card":"summary_large_image","twitter_site":"@aurenchile","schema":{"@context":"https:\/\/schema.org","@graph":[{"@type":"WebPage","@id":"https:\/\/auren.com\/cl\/conoce-auren\/","url":"https:\/\/auren.com\/cl\/conoce-auren\/","name":"Conoce Auren - Auren Germany","isPartOf":{"@id":"https:\/\/auren.com\/cl\/#website"},"datePublished":"2024-12-30T10:23:12+00:00","dateModified":"2025-03-25T02:03:12+00:00","breadcrumb":{"@id":"https:\/\/auren.com\/cl\/conoce-auren\/#breadcrumb"},"inLanguage":"es","potentialAction":[{"@type":"ReadAction","target":["https:\/\/auren.com\/cl\/conoce-auren\/"]}]},{"@type":"BreadcrumbList","@id":"https:\/\/auren.com\/cl\/conoce-auren\/#breadcrumb","itemListElement":[{"@type":"ListItem","position":1,"name":"Portada","item":"https:\/\/auren.com\/cl\/"},{"@type":"ListItem","position":2,"name":"Conoce Auren"}]},{"@type":"WebSite","@id":"https:\/\/auren.com\/cl\/#website","url":"https:\/\/auren.com\/cl\/","name":"Auren Chile","description":"","publisher":{"@id":"https:\/\/auren.com\/cl\/#organization"},"potentialAction":[{"@type":"SearchAction","target":{"@type":"EntryPoint","urlTemplate":"https:\/\/auren.com\/cl\/?s={search_term_string}"},"query-input":{"@type":"PropertyValueSpecification","valueRequired":true,"valueName":"search_term_string"}}],"inLanguage":"es"},{"@type":"Organization","@id":"https:\/\/auren.com\/cl\/#organization","name":"Auren Chile","url":"https:\/\/auren.com\/cl\/","logo":{"@type":"ImageObject","inLanguage":"es","@id":"https:\/\/auren.com\/cl\/#\/schema\/logo\/image\/","url":"https:\/\/auren.com\/cl\/wp-content\/uploads\/2025\/01\/cropped-cropped-favicon-Auren.png","contentUrl":"https:\/\/auren.com\/cl\/wp-content\/uploads\/2025\/01\/cropped-cropped-favicon-Auren.png","width":512,"height":512,"caption":"Auren Chile"},"image":{"@id":"https:\/\/auren.com\/cl\/#\/schema\/logo\/image\/"},"sameAs":["https:\/\/www.facebook.com\/Auren-Chile-102082852427361\/","https:\/\/x.com\/aurenchile","https:\/\/cl.linkedin.com\/company\/aurengroupchile","https:\/\/www.youtube.com\/channel\/UC1INxEQ1wu0Jy5-btcBdzdA","https:\/\/www.instagram.com\/auren.chile\/"]}]}},"_links":{"self":[{"href":"https:\/\/auren.com\/cl\/wp-json\/wp\/v2\/pages\/3771","targetHints":{"allow":["GET"]}}],"collection":[{"href":"https:\/\/auren.com\/cl\/wp-json\/wp\/v2\/pages"}],"about":[{"href":"https:\/\/auren.com\/cl\/wp-json\/wp\/v2\/types\/page"}],"author":[{"embeddable":true,"href":"https:\/\/auren.com\/cl\/wp-json\/wp\/v2\/users\/2"}],"replies":[{"embeddable":true,"href":"https:\/\/auren.com\/cl\/wp-json\/wp\/v2\/comments?post=3771"}],"version-history":[{"count":0,"href":"https:\/\/auren.com\/cl\/wp-json\/wp\/v2\/pages\/3771\/revisions"}],"wp:attachment":[{"href":"https:\/\/auren.com\/cl\/wp-json\/wp\/v2\/media?parent=3771"}],"curies":[{"name":"wp","href":"https:\/\/api.w.org\/{rel}","templated":true}]}}