{"id":3781,"date":"2024-12-30T11:44:59","date_gmt":"2024-12-30T10:44:59","guid":{"rendered":"https:\/\/auren.com\/cl\/?page_id=3781"},"modified":"2025-09-17T17:34:34","modified_gmt":"2025-09-17T15:34:34","slug":"nuestros-expertos","status":"publish","type":"page","link":"https:\/\/auren.com\/cl\/conoce-auren\/nuestros-expertos\/","title":{"rendered":"Nuestros expertos"},"content":{"rendered":"<section id=\"Header-block_2ecefedebee7166f93c6dc018bc7e968\" class=\"Header\">\r\n\r\n    <div class=\"hero\">\r\n                <div class=\"container\">\r\n            <div class=\"hero_header\">\r\n                                \r\n                <div class=\"hero_header_title\">\r\n                    <p class='' style=\"text-align: right;\">NUESTROS <strong>EXPERTOS<\/strong><\/p>\n                <\/div>\r\n\r\n                                                \r\n                <div class=\"hero_header_subtitle\">\r\n                    <p style=\"text-align: right;\">GENERAR CONFIANZA<\/p>\n                <\/div>\r\n\r\n                                \r\n            <\/div>\r\n        <\/div>\r\n        \r\n                <picture>\r\n            <source srcset=\"https:\/\/auren.com\/cl\/wp-content\/uploads\/2024\/12\/bg-hero-aboutus-experts-d.webp\"\r\n                media=\"(min-width: 1200px)\" \/>\r\n            <img loading=\"lazy\" decoding=\"async\" class=\"hero_bg\"\r\n                <img loading=\"lazy\" decoding=\"async\" width=\"640\" height=\"383\" src=\"https:\/\/auren.com\/cl\/wp-content\/uploads\/2024\/12\/bg-hero-aboutus-experts-d-1024x612.webp\" class=\"hero_bg\" alt=\"\" srcset=\"https:\/\/auren.com\/cl\/wp-content\/uploads\/2024\/12\/bg-hero-aboutus-experts-d-1024x612.webp 1024w, https:\/\/auren.com\/cl\/wp-content\/uploads\/2024\/12\/bg-hero-aboutus-experts-d-300x179.webp 300w, https:\/\/auren.com\/cl\/wp-content\/uploads\/2024\/12\/bg-hero-aboutus-experts-d-768x459.webp 768w, https:\/\/auren.com\/cl\/wp-content\/uploads\/2024\/12\/bg-hero-aboutus-experts-d.webp 1200w\" sizes=\"auto, (max-width: 640px) 100vw, 640px\" \/>>\r\n        <\/picture>\r\n        \r\n                        <p class=\"hero_scroll\"><strong>Explorar m\u00e1s<\/strong> Despl\u00e1cese hacia abajo<\/p>\r\n                    <\/div>\r\n\r\n<\/section>\n\n\r\n<section id=\"Breadcrumbs-block_98bd1ecfdec1d7e3bd609e0434f5fb8f\" class=\"Breadcrumbs\">\r\n    \r\n        <nav class=\"breads\" aria-label=\"Breadcrumb\">\r\n            <ul class=\"container\">\r\n                <li><a href=\"https:\/\/auren.com\/cl\">Home<\/a><\/li>\r\n                <li><span aria-current=\"page\">Nuestros expertos<\/span><\/li>            <\/ul>\r\n        <\/nav>\r\n\r\n                                                                                     \r\n    \r\n<\/section>\r\n\n\n\r\n<section id=\"ImageText-block_3308c50b502a2f49514541a4e28a4ba0\" class=\"ImageText\">\r\n\r\n    <section class=\"info \">\r\n        <div class=\"container\">\r\n            <div class=\"info_text\">\r\n                <div class=\"info_title\">\r\n                    <p class=''>NUESTRO EQUIPO<\/p>\n                <\/div>\r\n                <div class=\"info_description\">\r\n                    <p>Los profesionales de Auren son la piedra angular del \u00e9xito de la empresa. Su experiencia, dedicaci\u00f3n y pasi\u00f3n impulsan la misi\u00f3n de la empresa de ofrecer servicios de primer nivel en m\u00faltiples disciplinas. El equipo de Auren no s\u00f3lo est\u00e1 dotado de profundos conocimientos t\u00e9cnicos, sino que tambi\u00e9n encarna un firme compromiso para ofrecer soluciones personalizadas e innovadoras a cada cliente. Esta combinaci\u00f3n de talento humano y conocimientos t\u00e9cnicos es lo que diferencia a Auren en el competitivo mundo de la consultor\u00eda.<\/p>\n                <\/div>\r\n            <\/div>\r\n            <div class=\"info_media\">\r\n                <div class=\"info_media_item info_media_item-1\">\r\n                    <div class=\"info_media_item_text\"><span class=\"title\"><\/span><\/div>\r\n                    <div class=\"info_media_item_text_claim\"><\/div>\r\n                    <span class=\"info_media_item_bg\">\r\n                                                    <img loading=\"lazy\" decoding=\"async\" width=\"640\" height=\"427\" src=\"https:\/\/auren.com\/cl\/wp-content\/uploads\/2025\/03\/Equipo-1024x683.webp\" class=\"attachment-large size-large\" alt=\"\" srcset=\"https:\/\/auren.com\/cl\/wp-content\/uploads\/2025\/03\/Equipo-1024x683.webp 1024w, https:\/\/auren.com\/cl\/wp-content\/uploads\/2025\/03\/Equipo-300x200.webp 300w, https:\/\/auren.com\/cl\/wp-content\/uploads\/2025\/03\/Equipo-768x512.webp 768w, https:\/\/auren.com\/cl\/wp-content\/uploads\/2025\/03\/Equipo.webp 1350w\" sizes=\"auto, (max-width: 640px) 100vw, 640px\" \/>                                            <\/span>\r\n                                                        <\/div>\r\n                <div class=\"info_media_claim\">\r\n                    <p>Los profesionales de Auren<\/p>\n                <\/div>\r\n                <div class=\"info_media_item info_media_item-2\">\r\n                    <div class=\"info_media_item_text\"><span class=\"title\"><\/span><\/div>\r\n                    <div class=\"info_media_item_text_claim\"><\/div>\r\n                    <span class=\"info_media_item_bg\">\r\n                                                    <img loading=\"lazy\" decoding=\"async\" width=\"640\" height=\"354\" src=\"https:\/\/auren.com\/cl\/wp-content\/uploads\/2024\/12\/image-text-6-1-1-1024x567.webp\" class=\"attachment-large size-large\" alt=\"\" srcset=\"https:\/\/auren.com\/cl\/wp-content\/uploads\/2024\/12\/image-text-6-1-1-1024x567.webp 1024w, https:\/\/auren.com\/cl\/wp-content\/uploads\/2024\/12\/image-text-6-1-1-300x166.webp 300w, https:\/\/auren.com\/cl\/wp-content\/uploads\/2024\/12\/image-text-6-1-1-768x425.webp 768w, https:\/\/auren.com\/cl\/wp-content\/uploads\/2024\/12\/image-text-6-1-1-1536x851.webp 1536w, https:\/\/auren.com\/cl\/wp-content\/uploads\/2024\/12\/image-text-6-1-1-2048x1134.webp 2048w\" sizes=\"auto, (max-width: 640px) 100vw, 640px\" \/>                                            <\/span>\r\n                                                        <\/div>\r\n            <\/div>\r\n        <\/div>\r\n    <\/section>\r\n\r\n<\/section>\r\n\r\n\n\n<div id=\"TitleSubtitleText-block_ea79d497c7c458fd5f70b971929283a1\" class=\"TitleSubtitleText\">\n\n    <section class=\"headlines v1\">\n        <div class=\"container\">\n                        <div class=\"headlines_title\">\n                <h3 class=''>PROFESIONALES<\/h3>\n            <\/div>\n                                    <div class=\"headlines_content\">\n                                                <div class=\"headlines_description\">\n                    <p>Nuestros profesionales son el mayor activo de la empresa, y su experiencia humana y t\u00e9cnica impulsa el \u00e9xito de Auren. Su dedicaci\u00f3n e innovaci\u00f3n nos permiten ofrecer constantemente resultados excepcionales. Este compromiso es lo que impulsa nuestro crecimiento y garantiza que cumplamos las normas m\u00e1s estrictas para nuestros clientes.<\/p>\n                <\/div>\n                                            <\/div>\n                    <\/div>\n    <\/section>\n\n<\/div>\n\n\n\n\n\r\n<section id=\"ParentPostsListDisplay-block_d6fb894f19c17425d3044cdc31569997\" class=\"ParentPostsListDisplay\">\r\n    \r\n        <section class=\"transformation\" id=\"transformation\">\r\n            <div class=\"container\">\r\n                                <div class=\"transformation_title\">\r\n                    <p>NUESTROS SERVICIOS<\/p>\n                <\/div>\r\n                \r\n                                <div class=\"transformation_description\">\r\n                    <p>La multidisciplinariedad y la experiencia en compartir proyectos entre diferentes especialistas confieren a nuestras actuaciones un valor altamente operativo, ofreciendo servicios desde una perspectiva global y orientada a la calidad. A continuaci\u00f3n, presentamos un resumen de nuestros servicios profesionales.<\/p>\n                <\/div>\r\n                \r\n                <div class=\"transformation_content\">\r\n                    <ul class='transformation_list'><li class=\"transformation_list_item transformation_list_item-1\" data-position=\"1\">\r\n                <a class=\"transformation_list_item_link\" href=\"#\">Tax &amp; Legal<\/a>\r\n                <div class=\"transformation_list_item_text\">\r\n                    <p>Garantizamos la tranquilidad de las empresas en el complejo entorno de regulaciones legales y fiscales<\/p>\r\n                    <a class='button button-primary' href='https:\/\/auren.com\/cl\/servicios\/impuestos-y-asesoria-legal\/'>M\u00e1s informaci\u00f3n<\/a>\r\n                <\/div>\r\n            <\/li><li class=\"transformation_list_item transformation_list_item-2\" data-position=\"2\">\r\n                <a class=\"transformation_list_item_link\" href=\"#\">Audit &amp; Assurance<\/a>\r\n                <div class=\"transformation_list_item_text\">\r\n                    <p>Auditor\u00edas financieras, de riesgo, forences y de control interno. Miembro del foro de firmas (transnational Auditors Committe-IFAC)<\/p>\r\n                    <a class='button button-primary' href='https:\/\/auren.com\/cl\/servicios\/auditoria-y-riesgos\/'>M\u00e1s informaci\u00f3n<\/a>\r\n                <\/div>\r\n            <\/li><li class=\"transformation_list_item transformation_list_item-3\" data-position=\"3\">\r\n                <a class=\"transformation_list_item_link\" href=\"#\">Business Corporate<\/a>\r\n                <div class=\"transformation_list_item_text\">\r\n                    <p>Asesor\u00eda y consultor\u00eda en negocios corporativos, acompa\u00f1amos a las empresas en mejorar su gesti\u00f3n financiera, corporativa\u00a0y\u00a0estrat\u00e9gica<\/p>\r\n                    <a class='button button-primary' href='https:\/\/auren.com\/cl\/servicios\/servicios-corporativos\/'>M\u00e1s informaci\u00f3n<\/a>\r\n                <\/div>\r\n            <\/li><li class=\"transformation_list_item transformation_list_item-4\" data-position=\"4\">\r\n                <a class=\"transformation_list_item_link\" href=\"#\">Abogados<\/a>\r\n                <div class=\"transformation_list_item_text\">\r\n                    <p>Tranquilidad, seguridad y asesoramiento correcto<\/p>\r\n                    <a class='button button-primary' href='https:\/\/auren.com\/cl\/servicios\/abogados\/'>M\u00e1s informaci\u00f3n<\/a>\r\n                <\/div>\r\n            <\/li><li class=\"transformation_list_item transformation_list_item-5\" data-position=\"5\">\r\n                <a class=\"transformation_list_item_link\" href=\"#\">Bussiness Process Outsourcing (BPO)<\/a>\r\n                <div class=\"transformation_list_item_text\">\r\n                    <p>Soluciones de expertos y orientada a la obtenci\u00f3n de resultados<\/p>\r\n                    <a class='button button-primary' href='https:\/\/auren.com\/cl\/servicios\/subcontratacion-de-procesos-empresariales\/'>M\u00e1s informaci\u00f3n<\/a>\r\n                <\/div>\r\n            <\/li><\/ul>                    <div class=\"transformation_media\">\r\n                        <div class=\"transformation_media_main\">\r\n                            <img loading=\"lazy\" decoding=\"async\" width=\"640\" height=\"644\" src=\"https:\/\/auren.com\/cl\/wp-content\/uploads\/2024\/11\/example-transformation-media.webp\" class=\"transformation_media_main_bg\" alt=\"\" srcset=\"https:\/\/auren.com\/cl\/wp-content\/uploads\/2024\/11\/example-transformation-media.webp 1000w, https:\/\/auren.com\/cl\/wp-content\/uploads\/2024\/11\/example-transformation-media-298x300.webp 298w, https:\/\/auren.com\/cl\/wp-content\/uploads\/2024\/11\/example-transformation-media-150x150.webp 150w, https:\/\/auren.com\/cl\/wp-content\/uploads\/2024\/11\/example-transformation-media-768x773.webp 768w\" sizes=\"auto, (max-width: 640px) 100vw, 640px\" \/>                            <a class=\"transformation_media_main_link transformation_media_main_link-1\" href=\"https:\/\/auren.com\/cl\/servicios\/impuestos-y-asesoria-legal\/\">\r\n                <span><\/span> \r\n                <strong>Tax &amp; Legal<\/strong>\r\n            <\/a><a class=\"transformation_media_main_link transformation_media_main_link-2\" href=\"https:\/\/auren.com\/cl\/servicios\/auditoria-y-riesgos\/\">\r\n                <span><\/span> \r\n                <strong>Audit &amp; Assurance<\/strong>\r\n            <\/a><a class=\"transformation_media_main_link transformation_media_main_link-3\" href=\"https:\/\/auren.com\/cl\/servicios\/servicios-corporativos\/\">\r\n                <span><\/span> \r\n                <strong>Business Corporate<\/strong>\r\n            <\/a><a class=\"transformation_media_main_link transformation_media_main_link-4\" href=\"https:\/\/auren.com\/cl\/servicios\/abogados\/\">\r\n                <span><\/span> \r\n                <strong>Abogados<\/strong>\r\n            <\/a><a class=\"transformation_media_main_link transformation_media_main_link-5\" href=\"https:\/\/auren.com\/cl\/servicios\/subcontratacion-de-procesos-empresariales\/\">\r\n                <span><\/span> \r\n                <strong>Bussiness Process Outsourcing (BPO)<\/strong>\r\n            <\/a>                        <\/div>\r\n                        <div class=\"transformation_media_secondary\">\r\n                            <img loading=\"lazy\" decoding=\"async\" width=\"577\" height=\"385\" src=\"https:\/\/auren.com\/cl\/wp-content\/uploads\/2024\/12\/example-mosaic-1-1.webp\" class=\"transformation_media_secondary_bg transformation_media_secondary_bg-1\" alt=\"\" srcset=\"https:\/\/auren.com\/cl\/wp-content\/uploads\/2024\/12\/example-mosaic-1-1.webp 577w, https:\/\/auren.com\/cl\/wp-content\/uploads\/2024\/12\/example-mosaic-1-1-300x200.webp 300w\" sizes=\"auto, (max-width: 577px) 100vw, 577px\" \/><img loading=\"lazy\" decoding=\"async\" width=\"577\" height=\"385\" src=\"https:\/\/auren.com\/cl\/wp-content\/uploads\/2024\/12\/example-mosaic-2-1.webp\" class=\"transformation_media_secondary_bg transformation_media_secondary_bg-2\" alt=\"\" srcset=\"https:\/\/auren.com\/cl\/wp-content\/uploads\/2024\/12\/example-mosaic-2-1.webp 577w, https:\/\/auren.com\/cl\/wp-content\/uploads\/2024\/12\/example-mosaic-2-1-300x200.webp 300w\" sizes=\"auto, (max-width: 577px) 100vw, 577px\" \/><img loading=\"lazy\" decoding=\"async\" width=\"577\" height=\"385\" src=\"https:\/\/auren.com\/cl\/wp-content\/uploads\/2024\/12\/example-mosaic-3-1.webp\" class=\"transformation_media_secondary_bg transformation_media_secondary_bg-3\" alt=\"\" srcset=\"https:\/\/auren.com\/cl\/wp-content\/uploads\/2024\/12\/example-mosaic-3-1.webp 577w, https:\/\/auren.com\/cl\/wp-content\/uploads\/2024\/12\/example-mosaic-3-1-300x200.webp 300w\" sizes=\"auto, (max-width: 577px) 100vw, 577px\" \/><img loading=\"lazy\" decoding=\"async\" width=\"577\" height=\"385\" src=\"https:\/\/auren.com\/cl\/wp-content\/uploads\/2024\/12\/example-mosaic-4-1.webp\" class=\"transformation_media_secondary_bg transformation_media_secondary_bg-4\" alt=\"\" srcset=\"https:\/\/auren.com\/cl\/wp-content\/uploads\/2024\/12\/example-mosaic-4-1.webp 577w, https:\/\/auren.com\/cl\/wp-content\/uploads\/2024\/12\/example-mosaic-4-1-300x200.webp 300w\" sizes=\"auto, (max-width: 577px) 100vw, 577px\" \/><img loading=\"lazy\" decoding=\"async\" width=\"533\" height=\"401\" src=\"https:\/\/auren.com\/cl\/wp-content\/uploads\/2024\/12\/Rectangle-9-1.webp\" class=\"transformation_media_secondary_bg transformation_media_secondary_bg-5\" alt=\"\" srcset=\"https:\/\/auren.com\/cl\/wp-content\/uploads\/2024\/12\/Rectangle-9-1.webp 533w, https:\/\/auren.com\/cl\/wp-content\/uploads\/2024\/12\/Rectangle-9-1-300x226.webp 300w\" sizes=\"auto, (max-width: 533px) 100vw, 533px\" \/>                        <\/div>\r\n                    <\/div>\r\n                <\/div>\r\n            <\/div>\r\n        <\/section>\r\n\r\n    <\/section>\r\n\r\n","protected":false},"excerpt":{"rendered":"","protected":false},"author":2,"featured_media":0,"parent":3771,"menu_order":0,"comment_status":"closed","ping_status":"closed","template":"page-templates\/professionals.php","meta":{"_acf_changed":false,"footnotes":""},"class_list":["post-3781","page","type-page","status-publish","hentry"],"acf":[],"yoast_head":"<!-- This site is optimized with the Yoast SEO plugin v27.4 - https:\/\/yoast.com\/product\/yoast-seo-wordpress\/ -->\n<title>Nuestros expertos - Auren Germany<\/title>\n<meta name=\"robots\" content=\"index, follow, max-snippet:-1, max-image-preview:large, max-video-preview:-1\" \/>\n<link rel=\"canonical\" href=\"https:\/\/auren.com\/cl\/conoce-auren\/nuestros-expertos\/\" \/>\n<meta property=\"og:locale\" content=\"es_ES\" \/>\n<meta property=\"og:type\" content=\"article\" \/>\n<meta property=\"og:title\" content=\"Nuestros expertos - Auren Germany\" \/>\n<meta property=\"og:url\" content=\"https:\/\/auren.com\/cl\/conoce-auren\/nuestros-expertos\/\" \/>\n<meta property=\"og:site_name\" content=\"Auren Germany\" \/>\n<meta property=\"article:publisher\" content=\"https:\/\/www.facebook.com\/Auren-Chile-102082852427361\/\" \/>\n<meta property=\"article:modified_time\" content=\"2025-09-17T15:34:34+00:00\" \/>\n<meta name=\"twitter:card\" content=\"summary_large_image\" \/>\n<meta name=\"twitter:site\" content=\"@aurenchile\" \/>\n<script type=\"application\/ld+json\" class=\"yoast-schema-graph\">{\"@context\":\"https:\\\/\\\/schema.org\",\"@graph\":[{\"@type\":\"WebPage\",\"@id\":\"https:\\\/\\\/auren.com\\\/cl\\\/conoce-auren\\\/nuestros-expertos\\\/\",\"url\":\"https:\\\/\\\/auren.com\\\/cl\\\/conoce-auren\\\/nuestros-expertos\\\/\",\"name\":\"Nuestros expertos - Auren Germany\",\"isPartOf\":{\"@id\":\"https:\\\/\\\/auren.com\\\/cl\\\/#website\"},\"datePublished\":\"2024-12-30T10:44:59+00:00\",\"dateModified\":\"2025-09-17T15:34:34+00:00\",\"breadcrumb\":{\"@id\":\"https:\\\/\\\/auren.com\\\/cl\\\/conoce-auren\\\/nuestros-expertos\\\/#breadcrumb\"},\"inLanguage\":\"es\",\"potentialAction\":[{\"@type\":\"ReadAction\",\"target\":[\"https:\\\/\\\/auren.com\\\/cl\\\/conoce-auren\\\/nuestros-expertos\\\/\"]}]},{\"@type\":\"BreadcrumbList\",\"@id\":\"https:\\\/\\\/auren.com\\\/cl\\\/conoce-auren\\\/nuestros-expertos\\\/#breadcrumb\",\"itemListElement\":[{\"@type\":\"ListItem\",\"position\":1,\"name\":\"Portada\",\"item\":\"https:\\\/\\\/auren.com\\\/cl\\\/\"},{\"@type\":\"ListItem\",\"position\":2,\"name\":\"Conoce Auren\",\"item\":\"https:\\\/\\\/auren.com\\\/cl\\\/conoce-auren\\\/\"},{\"@type\":\"ListItem\",\"position\":3,\"name\":\"Nuestros expertos\"}]},{\"@type\":\"WebSite\",\"@id\":\"https:\\\/\\\/auren.com\\\/cl\\\/#website\",\"url\":\"https:\\\/\\\/auren.com\\\/cl\\\/\",\"name\":\"Auren Chile\",\"description\":\"\",\"publisher\":{\"@id\":\"https:\\\/\\\/auren.com\\\/cl\\\/#organization\"},\"potentialAction\":[{\"@type\":\"SearchAction\",\"target\":{\"@type\":\"EntryPoint\",\"urlTemplate\":\"https:\\\/\\\/auren.com\\\/cl\\\/?s={search_term_string}\"},\"query-input\":{\"@type\":\"PropertyValueSpecification\",\"valueRequired\":true,\"valueName\":\"search_term_string\"}}],\"inLanguage\":\"es\"},{\"@type\":\"Organization\",\"@id\":\"https:\\\/\\\/auren.com\\\/cl\\\/#organization\",\"name\":\"Auren Chile\",\"url\":\"https:\\\/\\\/auren.com\\\/cl\\\/\",\"logo\":{\"@type\":\"ImageObject\",\"inLanguage\":\"es\",\"@id\":\"https:\\\/\\\/auren.com\\\/cl\\\/#\\\/schema\\\/logo\\\/image\\\/\",\"url\":\"https:\\\/\\\/auren.com\\\/cl\\\/wp-content\\\/uploads\\\/2025\\\/01\\\/cropped-cropped-favicon-Auren.png\",\"contentUrl\":\"https:\\\/\\\/auren.com\\\/cl\\\/wp-content\\\/uploads\\\/2025\\\/01\\\/cropped-cropped-favicon-Auren.png\",\"width\":512,\"height\":512,\"caption\":\"Auren Chile\"},\"image\":{\"@id\":\"https:\\\/\\\/auren.com\\\/cl\\\/#\\\/schema\\\/logo\\\/image\\\/\"},\"sameAs\":[\"https:\\\/\\\/www.facebook.com\\\/Auren-Chile-102082852427361\\\/\",\"https:\\\/\\\/x.com\\\/aurenchile\",\"https:\\\/\\\/cl.linkedin.com\\\/company\\\/aurengroupchile\",\"https:\\\/\\\/www.youtube.com\\\/channel\\\/UC1INxEQ1wu0Jy5-btcBdzdA\",\"https:\\\/\\\/www.instagram.com\\\/auren.chile\\\/\"]}]}<\/script>\n<!-- \/ Yoast SEO plugin. -->","yoast_head_json":{"title":"Nuestros expertos - Auren Germany","robots":{"index":"index","follow":"follow","max-snippet":"max-snippet:-1","max-image-preview":"max-image-preview:large","max-video-preview":"max-video-preview:-1"},"canonical":"https:\/\/auren.com\/cl\/conoce-auren\/nuestros-expertos\/","og_locale":"es_ES","og_type":"article","og_title":"Nuestros expertos - Auren Germany","og_url":"https:\/\/auren.com\/cl\/conoce-auren\/nuestros-expertos\/","og_site_name":"Auren Germany","article_publisher":"https:\/\/www.facebook.com\/Auren-Chile-102082852427361\/","article_modified_time":"2025-09-17T15:34:34+00:00","twitter_card":"summary_large_image","twitter_site":"@aurenchile","schema":{"@context":"https:\/\/schema.org","@graph":[{"@type":"WebPage","@id":"https:\/\/auren.com\/cl\/conoce-auren\/nuestros-expertos\/","url":"https:\/\/auren.com\/cl\/conoce-auren\/nuestros-expertos\/","name":"Nuestros expertos - Auren Germany","isPartOf":{"@id":"https:\/\/auren.com\/cl\/#website"},"datePublished":"2024-12-30T10:44:59+00:00","dateModified":"2025-09-17T15:34:34+00:00","breadcrumb":{"@id":"https:\/\/auren.com\/cl\/conoce-auren\/nuestros-expertos\/#breadcrumb"},"inLanguage":"es","potentialAction":[{"@type":"ReadAction","target":["https:\/\/auren.com\/cl\/conoce-auren\/nuestros-expertos\/"]}]},{"@type":"BreadcrumbList","@id":"https:\/\/auren.com\/cl\/conoce-auren\/nuestros-expertos\/#breadcrumb","itemListElement":[{"@type":"ListItem","position":1,"name":"Portada","item":"https:\/\/auren.com\/cl\/"},{"@type":"ListItem","position":2,"name":"Conoce Auren","item":"https:\/\/auren.com\/cl\/conoce-auren\/"},{"@type":"ListItem","position":3,"name":"Nuestros expertos"}]},{"@type":"WebSite","@id":"https:\/\/auren.com\/cl\/#website","url":"https:\/\/auren.com\/cl\/","name":"Auren Chile","description":"","publisher":{"@id":"https:\/\/auren.com\/cl\/#organization"},"potentialAction":[{"@type":"SearchAction","target":{"@type":"EntryPoint","urlTemplate":"https:\/\/auren.com\/cl\/?s={search_term_string}"},"query-input":{"@type":"PropertyValueSpecification","valueRequired":true,"valueName":"search_term_string"}}],"inLanguage":"es"},{"@type":"Organization","@id":"https:\/\/auren.com\/cl\/#organization","name":"Auren Chile","url":"https:\/\/auren.com\/cl\/","logo":{"@type":"ImageObject","inLanguage":"es","@id":"https:\/\/auren.com\/cl\/#\/schema\/logo\/image\/","url":"https:\/\/auren.com\/cl\/wp-content\/uploads\/2025\/01\/cropped-cropped-favicon-Auren.png","contentUrl":"https:\/\/auren.com\/cl\/wp-content\/uploads\/2025\/01\/cropped-cropped-favicon-Auren.png","width":512,"height":512,"caption":"Auren Chile"},"image":{"@id":"https:\/\/auren.com\/cl\/#\/schema\/logo\/image\/"},"sameAs":["https:\/\/www.facebook.com\/Auren-Chile-102082852427361\/","https:\/\/x.com\/aurenchile","https:\/\/cl.linkedin.com\/company\/aurengroupchile","https:\/\/www.youtube.com\/channel\/UC1INxEQ1wu0Jy5-btcBdzdA","https:\/\/www.instagram.com\/auren.chile\/"]}]}},"_links":{"self":[{"href":"https:\/\/auren.com\/cl\/wp-json\/wp\/v2\/pages\/3781","targetHints":{"allow":["GET"]}}],"collection":[{"href":"https:\/\/auren.com\/cl\/wp-json\/wp\/v2\/pages"}],"about":[{"href":"https:\/\/auren.com\/cl\/wp-json\/wp\/v2\/types\/page"}],"author":[{"embeddable":true,"href":"https:\/\/auren.com\/cl\/wp-json\/wp\/v2\/users\/2"}],"replies":[{"embeddable":true,"href":"https:\/\/auren.com\/cl\/wp-json\/wp\/v2\/comments?post=3781"}],"version-history":[{"count":0,"href":"https:\/\/auren.com\/cl\/wp-json\/wp\/v2\/pages\/3781\/revisions"}],"up":[{"embeddable":true,"href":"https:\/\/auren.com\/cl\/wp-json\/wp\/v2\/pages\/3771"}],"wp:attachment":[{"href":"https:\/\/auren.com\/cl\/wp-json\/wp\/v2\/media?parent=3781"}],"curies":[{"name":"wp","href":"https:\/\/api.w.org\/{rel}","templated":true}]}}