{"id":8082,"date":"2025-01-02T13:38:22","date_gmt":"2025-01-02T12:38:22","guid":{"rendered":"https:\/\/auren.com\/co\/?page_id=8082"},"modified":"2025-01-25T12:51:42","modified_gmt":"2025-01-25T11:51:42","slug":"subscribe","status":"publish","type":"page","link":"https:\/\/auren.com\/co\/subscribe\/","title":{"rendered":"Subscribe"},"content":{"rendered":"<section id=\"SubscribeForm-block_3983137fb26f98ab352d4f08660c9f01\" class=\"subscribe SubscribeForm v2\">\n    \n    <div class=\"container\">\n        <div class=\"subscribe_header\">\n            <div class=\"subscribe_header_title\">\n                <h1>SUSCR\u00cdBETE A<br \/>\nNUESTRAS ACTUALIZACIONES<\/h1>\n            <\/div>\n            <div class=\"subscribe_header_kicker\">\n                <p style=\"text-align: right;\">MANT\u00c9NGASE AL D\u00cdA DE LAS NOVEDADES<br \/>\nY PR\u00d3XIMOS EVENTOS.<\/p>\n            <\/div>\n        <\/div>\n        <div class=\"subscribe_text\">\n            \n<div class=\"wpcf7 no-js\" id=\"wpcf7-f14078-o1\" lang=\"es-ES\" dir=\"ltr\" data-wpcf7-id=\"14078\">\n<div class=\"screen-reader-response\"><p role=\"status\" aria-live=\"polite\" aria-atomic=\"true\"><\/p> <ul><\/ul><\/div>\n<form action=\"\/co\/wp-json\/wp\/v2\/pages\/8082#wpcf7-f14078-o1\" method=\"post\" class=\"wpcf7-form init\" aria-label=\"Formulario de contacto\" novalidate=\"novalidate\" data-status=\"init\">\n<fieldset class=\"hidden-fields-container\"><input type=\"hidden\" name=\"_wpcf7\" value=\"14078\" \/><input type=\"hidden\" name=\"_wpcf7_version\" value=\"6.1.5\" \/><input type=\"hidden\" name=\"_wpcf7_locale\" value=\"es_ES\" \/><input type=\"hidden\" name=\"_wpcf7_unit_tag\" value=\"wpcf7-f14078-o1\" \/><input type=\"hidden\" name=\"_wpcf7_container_post\" value=\"0\" \/><input type=\"hidden\" name=\"_wpcf7_posted_data_hash\" value=\"\" \/><input type=\"hidden\" name=\"_wpcf7dtx_version\" value=\"5.0.5\" \/>\n<\/fieldset>\n<span class=\"wpcf7-form-control-wrap your-subject\" data-name=\"your-subject\"><input type=\"hidden\" name=\"your-subject\" class=\"wpcf7-form-control wpcf7-hidden wpcf7dtx wpcf7dtx-hidden\" aria-invalid=\"false\" value=\"Auren Colombia - Suscripci\u00f3n a la newsletter\"><\/span>\n<p><input type=\"hidden\" name=\"token\" id=\"token\" \/>\n<\/p>\n<div class=\"subscribe_field subscribe_field-placeholder\">\n\t<p><span class=\"wpcf7-form-control-wrap\" data-name=\"name\"><input size=\"40\" maxlength=\"400\" class=\"wpcf7-form-control wpcf7-text wpcf7-validates-as-required\" id=\"name\" autocomplete=\"name\" aria-required=\"true\" aria-invalid=\"false\" value=\"\" type=\"text\" name=\"name\" \/><\/span><label for=\"name\">Nombre completo<span>*<\/span><\/label>\n\t<\/p>\n<\/div>\n<div class=\"subscribe_field subscribe_field-placeholder\">\n\t<p><span class=\"wpcf7-form-control-wrap\" data-name=\"validate_email\"><input size=\"40\" maxlength=\"400\" class=\"wpcf7-form-control wpcf7-email wpcf7-validates-as-required wpcf7-text wpcf7-validates-as-email\" id=\"validate_email\" autocomplete=\"email\" aria-required=\"true\" aria-invalid=\"false\" value=\"\" type=\"email\" name=\"validate_email\" \/><\/span><label for=\"validate_email\">Email<span>*<\/span><\/label>\n\t<\/p>\n<\/div>\n<div class=\"subscribe_field subscribe_field-select\">\n\t<p><label for=\"services\">Servicios<\/label><span class=\"wpcf7-form-control-wrap\" data-name=\"services\"><span class=\"wpcf7-form-control wpcf7-checkbox wpcf7-validates-as-required\"><span class=\"wpcf7-list-item first\"><label><input type=\"checkbox\" name=\"services[]\" value=\"3671\" \/><span class=\"wpcf7-list-item-label\">Auditor\u00eda y Assurance<\/span><\/label><\/span><span class=\"wpcf7-list-item\"><label><input type=\"checkbox\" name=\"services[]\" value=\"3690\" \/><span class=\"wpcf7-list-item-label\">Consultor\u00eda<\/span><\/label><\/span><span class=\"wpcf7-list-item\"><label><input type=\"checkbox\" name=\"services[]\" value=\"3733\" \/><span class=\"wpcf7-list-item-label\">Finanzas Corporativas<\/span><\/label><\/span><span class=\"wpcf7-list-item\"><label><input type=\"checkbox\" name=\"services[]\" value=\"14593\" \/><span class=\"wpcf7-list-item-label\">Medio ambiente, cambio clim\u00e1tico, ESG<\/span><\/label><\/span><span class=\"wpcf7-list-item\"><label><input type=\"checkbox\" name=\"services[]\" value=\"3760\" \/><span class=\"wpcf7-list-item-label\">Outsourcing<\/span><\/label><\/span><span class=\"wpcf7-list-item last\"><label><input type=\"checkbox\" name=\"services[]\" value=\"3774\" \/><span class=\"wpcf7-list-item-label\">Tax &amp; Legal<\/span><\/label><\/span><\/span><\/span>\n\t<\/p>\n<\/div>\n<div class=\"subscribe_field subscribe_field-check\">\n\t<p><span class=\"wpcf7-form-control-wrap\" data-name=\"privacy\"><span class=\"wpcf7-form-control wpcf7-acceptance\"><span class=\"wpcf7-list-item\"><label><input type=\"checkbox\" name=\"privacy\" value=\"1\" aria-invalid=\"false\" \/><span class=\"wpcf7-list-item-label\">He le\u00eddo y acepto el\u00a0\u00a0<a href=\"https:\/\/auren.com\/co\/aviso-legal\/\">aviso legal<\/a>\u00a0y la\u00a0<a href=\"https:\/\/auren.com\/co\/politica-de-privacidad\/\">Pol\u00edtica de Privacidad.<\/a><span>*<\/span><\/span><\/label><\/span><\/span><\/span>\n\t<\/p>\n<\/div>\n<div class=\"subscribe_note\">\n\t<p>Mediante la marcaci\u00f3n de la casilla \u201cHe le\u00eddo y acepto el aviso legal y la Pol\u00edtica de Privacidad\u201d y haciendo clic en el bot\u00f3n \u201cenviar\u201d usted est\u00e1 prestando su consentimiento expreso e inequ\u00edvoco para que sus datos sean tratados por Auren con el objeto de dar respuesta a su mensaje y\/o gestionar su consulta. Sus datos no ser\u00e1n cedidos terceros ajenos al Grupo Auren y ser\u00e1n conservados mientras dure la finalidad para la que fueron remitidos. En cualquier caso, podr\u00e1 consultar m\u00e1s informaci\u00f3n acerca del ejercicio de los derechos de acceso, rectificaci\u00f3n, supresi\u00f3n, portabilidad, limitaci\u00f3n y oposici\u00f3n al tratamiento de sus datos personales y sobre el tratamiento de sus datos en nuestra\u202f<a href=\"https:\/\/auren.com\/co\/politica-de-privacidad\/\">Pol\u00edtica de Privacidad<\/a>\n\t<\/p>\n<\/div>\n<div>\n\t<p><button type=\"submit\" class=\"wpcf7-form-control wpcf7-submit button button-primary button-icon\">Suscribirse<\/button>\n\t<\/p>\n<\/div><div class=\"wpcf7-response-output\" aria-hidden=\"true\"><\/div>\n<\/form>\n<\/div>\n        <\/div>\n    <\/div>\n\n    \n\n\n\n<\/section>\n","protected":false},"excerpt":{"rendered":"","protected":false},"author":2,"featured_media":0,"parent":0,"menu_order":0,"comment_status":"closed","ping_status":"closed","template":"","meta":{"_acf_changed":false,"footnotes":""},"class_list":["post-8082","page","type-page","status-publish","hentry"],"acf":[],"yoast_head":"<!-- This site is optimized with the Yoast SEO plugin v27.2 - https:\/\/yoast.com\/product\/yoast-seo-wordpress\/ -->\n<title>Subscribe - Auren Colombia<\/title>\n<meta name=\"robots\" content=\"index, follow, max-snippet:-1, max-image-preview:large, max-video-preview:-1\" \/>\n<link rel=\"canonical\" href=\"https:\/\/auren.com\/co\/subscribe\/\" \/>\n<meta property=\"og:locale\" content=\"es_ES\" \/>\n<meta property=\"og:type\" content=\"article\" \/>\n<meta property=\"og:title\" content=\"Subscribe - Auren Colombia\" \/>\n<meta property=\"og:url\" content=\"https:\/\/auren.com\/co\/subscribe\/\" \/>\n<meta property=\"og:site_name\" content=\"Auren Colombia\" \/>\n<meta property=\"article:modified_time\" content=\"2025-01-25T11:51:42+00:00\" \/>\n<meta name=\"twitter:card\" content=\"summary_large_image\" \/>\n<meta name=\"twitter:site\" content=\"@AurenColombia\" \/>\n<script type=\"application\/ld+json\" class=\"yoast-schema-graph\">{\"@context\":\"https:\/\/schema.org\",\"@graph\":[{\"@type\":\"WebPage\",\"@id\":\"https:\/\/auren.com\/co\/subscribe\/\",\"url\":\"https:\/\/auren.com\/co\/subscribe\/\",\"name\":\"Subscribe - Auren Colombia\",\"isPartOf\":{\"@id\":\"https:\/\/auren.com\/co\/#website\"},\"datePublished\":\"2025-01-02T12:38:22+00:00\",\"dateModified\":\"2025-01-25T11:51:42+00:00\",\"breadcrumb\":{\"@id\":\"https:\/\/auren.com\/co\/subscribe\/#breadcrumb\"},\"inLanguage\":\"es\",\"potentialAction\":[{\"@type\":\"ReadAction\",\"target\":[\"https:\/\/auren.com\/co\/subscribe\/\"]}]},{\"@type\":\"BreadcrumbList\",\"@id\":\"https:\/\/auren.com\/co\/subscribe\/#breadcrumb\",\"itemListElement\":[{\"@type\":\"ListItem\",\"position\":1,\"name\":\"Portada\",\"item\":\"https:\/\/auren.com\/co\/\"},{\"@type\":\"ListItem\",\"position\":2,\"name\":\"Subscribe\"}]},{\"@type\":\"WebSite\",\"@id\":\"https:\/\/auren.com\/co\/#website\",\"url\":\"https:\/\/auren.com\/co\/\",\"name\":\"Auren Colombia\",\"description\":\"\",\"publisher\":{\"@id\":\"https:\/\/auren.com\/co\/#organization\"},\"potentialAction\":[{\"@type\":\"SearchAction\",\"target\":{\"@type\":\"EntryPoint\",\"urlTemplate\":\"https:\/\/auren.com\/co\/?s={search_term_string}\"},\"query-input\":{\"@type\":\"PropertyValueSpecification\",\"valueRequired\":true,\"valueName\":\"search_term_string\"}}],\"inLanguage\":\"es\"},{\"@type\":\"Organization\",\"@id\":\"https:\/\/auren.com\/co\/#organization\",\"name\":\"Auren Colombia\",\"url\":\"https:\/\/auren.com\/co\/\",\"logo\":{\"@type\":\"ImageObject\",\"inLanguage\":\"es\",\"@id\":\"https:\/\/auren.com\/co\/#\/schema\/logo\/image\/\",\"url\":\"https:\/\/auren.com\/co\/wp-content\/uploads\/2025\/01\/cropped-cropped-favicon-Auren.png\",\"contentUrl\":\"https:\/\/auren.com\/co\/wp-content\/uploads\/2025\/01\/cropped-cropped-favicon-Auren.png\",\"width\":512,\"height\":512,\"caption\":\"Auren Colombia\"},\"image\":{\"@id\":\"https:\/\/auren.com\/co\/#\/schema\/logo\/image\/\"},\"sameAs\":[\"https:\/\/x.com\/AurenColombia\",\"https:\/\/www.instagram.com\/aurencolombia\/\",\"https:\/\/www.youtube.com\/channel\/UCRYoGRMR_k4oVWesdErApmA\",\"https:\/\/www.linkedin.com\/company\/auren-colombia\"]}]}<\/script>\n<!-- \/ Yoast SEO plugin. -->","yoast_head_json":{"title":"Subscribe - Auren Colombia","robots":{"index":"index","follow":"follow","max-snippet":"max-snippet:-1","max-image-preview":"max-image-preview:large","max-video-preview":"max-video-preview:-1"},"canonical":"https:\/\/auren.com\/co\/subscribe\/","og_locale":"es_ES","og_type":"article","og_title":"Subscribe - Auren Colombia","og_url":"https:\/\/auren.com\/co\/subscribe\/","og_site_name":"Auren Colombia","article_modified_time":"2025-01-25T11:51:42+00:00","twitter_card":"summary_large_image","twitter_site":"@AurenColombia","schema":{"@context":"https:\/\/schema.org","@graph":[{"@type":"WebPage","@id":"https:\/\/auren.com\/co\/subscribe\/","url":"https:\/\/auren.com\/co\/subscribe\/","name":"Subscribe - Auren Colombia","isPartOf":{"@id":"https:\/\/auren.com\/co\/#website"},"datePublished":"2025-01-02T12:38:22+00:00","dateModified":"2025-01-25T11:51:42+00:00","breadcrumb":{"@id":"https:\/\/auren.com\/co\/subscribe\/#breadcrumb"},"inLanguage":"es","potentialAction":[{"@type":"ReadAction","target":["https:\/\/auren.com\/co\/subscribe\/"]}]},{"@type":"BreadcrumbList","@id":"https:\/\/auren.com\/co\/subscribe\/#breadcrumb","itemListElement":[{"@type":"ListItem","position":1,"name":"Portada","item":"https:\/\/auren.com\/co\/"},{"@type":"ListItem","position":2,"name":"Subscribe"}]},{"@type":"WebSite","@id":"https:\/\/auren.com\/co\/#website","url":"https:\/\/auren.com\/co\/","name":"Auren Colombia","description":"","publisher":{"@id":"https:\/\/auren.com\/co\/#organization"},"potentialAction":[{"@type":"SearchAction","target":{"@type":"EntryPoint","urlTemplate":"https:\/\/auren.com\/co\/?s={search_term_string}"},"query-input":{"@type":"PropertyValueSpecification","valueRequired":true,"valueName":"search_term_string"}}],"inLanguage":"es"},{"@type":"Organization","@id":"https:\/\/auren.com\/co\/#organization","name":"Auren Colombia","url":"https:\/\/auren.com\/co\/","logo":{"@type":"ImageObject","inLanguage":"es","@id":"https:\/\/auren.com\/co\/#\/schema\/logo\/image\/","url":"https:\/\/auren.com\/co\/wp-content\/uploads\/2025\/01\/cropped-cropped-favicon-Auren.png","contentUrl":"https:\/\/auren.com\/co\/wp-content\/uploads\/2025\/01\/cropped-cropped-favicon-Auren.png","width":512,"height":512,"caption":"Auren Colombia"},"image":{"@id":"https:\/\/auren.com\/co\/#\/schema\/logo\/image\/"},"sameAs":["https:\/\/x.com\/AurenColombia","https:\/\/www.instagram.com\/aurencolombia\/","https:\/\/www.youtube.com\/channel\/UCRYoGRMR_k4oVWesdErApmA","https:\/\/www.linkedin.com\/company\/auren-colombia"]}]}},"_links":{"self":[{"href":"https:\/\/auren.com\/co\/wp-json\/wp\/v2\/pages\/8082","targetHints":{"allow":["GET"]}}],"collection":[{"href":"https:\/\/auren.com\/co\/wp-json\/wp\/v2\/pages"}],"about":[{"href":"https:\/\/auren.com\/co\/wp-json\/wp\/v2\/types\/page"}],"author":[{"embeddable":true,"href":"https:\/\/auren.com\/co\/wp-json\/wp\/v2\/users\/2"}],"replies":[{"embeddable":true,"href":"https:\/\/auren.com\/co\/wp-json\/wp\/v2\/comments?post=8082"}],"version-history":[{"count":0,"href":"https:\/\/auren.com\/co\/wp-json\/wp\/v2\/pages\/8082\/revisions"}],"wp:attachment":[{"href":"https:\/\/auren.com\/co\/wp-json\/wp\/v2\/media?parent=8082"}],"curies":[{"name":"wp","href":"https:\/\/api.w.org\/{rel}","templated":true}]}}