{"id":8094,"date":"2025-01-02T13:41:18","date_gmt":"2025-01-02T12:41:18","guid":{"rendered":"https:\/\/auren.com\/co\/?page_id=8094"},"modified":"2025-01-02T13:48:07","modified_gmt":"2025-01-02T12:48:07","slug":"carrera-profesional","status":"publish","type":"page","link":"https:\/\/auren.com\/co\/carrera-profesional\/","title":{"rendered":"Carrera profesional"},"content":{"rendered":"<section id=\"Header-block_8efffe50e1b5df4f973463612351303d\" class=\"Header\">\r\n\r\n    <div class=\"hero\">\r\n                <div class=\"container\">\r\n            <div class=\"hero_header\">\r\n                                \r\n                <div class=\"hero_header_title\">\r\n                    <h1 class='' style=\"text-align: right;\">CARRERA PROFESIONAL<\/h1>\n                <\/div>\r\n\r\n                                                \r\n                <div class=\"hero_header_subtitle\">\r\n                    <p style=\"text-align: right;\">AUREN NO SER\u00c1 UN MERO PELDA\u00d1O EN TU CARRERA PROFESIONAL<\/p>\n                <\/div>\r\n\r\n                                \r\n            <\/div>\r\n        <\/div>\r\n        \r\n                <picture>\r\n            <source data-srcset=\"https:\/\/auren.com\/co\/wp-content\/uploads\/2025\/01\/bg-hero-careers-d.webp\"\r\n                media=\"(min-width: 1200px)\" \/>\r\n            <img decoding=\"async\" class=\"hero_bg lazyload\"\r\n                <img decoding=\"async\" width=\"640\" height=\"383\" data-src=\"https:\/\/auren.com\/co\/wp-content\/uploads\/2025\/01\/bg-hero-careers-d-1024x612.webp\" class=\"hero_bg lazyload\" alt=\"\" data-srcset=\"https:\/\/auren.com\/co\/wp-content\/uploads\/2025\/01\/bg-hero-careers-d-1024x612.webp 1024w, https:\/\/auren.com\/co\/wp-content\/uploads\/2025\/01\/bg-hero-careers-d-300x179.webp 300w, https:\/\/auren.com\/co\/wp-content\/uploads\/2025\/01\/bg-hero-careers-d-768x459.webp 768w, https:\/\/auren.com\/co\/wp-content\/uploads\/2025\/01\/bg-hero-careers-d.webp 1200w\" data-sizes=\"(max-width: 640px) 100vw, 640px\" src=\"data:image\/svg+xml;base64,PHN2ZyB3aWR0aD0iMSIgaGVpZ2h0PSIxIiB4bWxucz0iaHR0cDovL3d3dy53My5vcmcvMjAwMC9zdmciPjwvc3ZnPg==\" style=\"--smush-placeholder-width: 640px; --smush-placeholder-aspect-ratio: 640\/383;\" \/>>\r\n        <\/picture>\r\n        \r\n                        <p class=\"hero_scroll\"><strong>Explorar m\u00e1s<\/strong> Despl\u00e1cese hacia abajo<\/p>\r\n                    <\/div>\r\n\r\n<\/section>\n\n\r\n<section id=\"Breadcrumbs-block_a8925ff1efb1cace016316c396d3465c\" class=\"Breadcrumbs\">\r\n    \r\n        <nav class=\"breads\" aria-label=\"Breadcrumb\">\r\n            <ul class=\"container\">\r\n                <li><a href=\"https:\/\/auren.com\/co\">Home<\/a><\/li>\r\n                <li><span aria-current=\"page\">Carrera profesional<\/span><\/li>            <\/ul>\r\n        <\/nav>\r\n\r\n                                                                                     \r\n    \r\n<\/section>\r\n\n\n\r\n<section id=\"ImageText-block_31074fbd2cb3b3b04710bf8d5db99b9a\" class=\"ImageText\">\r\n\r\n    <section class=\"info \">\r\n        <div class=\"container\">\r\n            <div class=\"info_text\">\r\n                <div class=\"info_title\">\r\n                    <h2 class=''>OPORTUNIDADES PROFESIONALES<\/h2>\n                <\/div>\r\n                <div class=\"info_description\">\r\n                    <p>\u00bfBuscas una experiencia profesional que tenga un impacto duradero en tu carrera? Comienza tu viaje con Auren, donde adquirir\u00e1s valiosas habilidades y trabajar\u00e1s junto a expertos experimentados. Esta oportunidad te ayudar\u00e1 a crecer y tener \u00e9xito en cualquier empresa futura, ofreci\u00e9ndote una base s\u00f3lida para el \u00e9xito de por vida. Da el primer paso hacia una carrera profesional satisfactoria en Auren.<\/p>\n                <\/div>\r\n            <\/div>\r\n            <div class=\"info_media\">\r\n                <div class=\"info_media_item info_media_item-1\">\r\n                    <div class=\"info_media_item_text\"><span class=\"title\"><\/span><\/div>\r\n                    <div class=\"info_media_item_text_claim\"><\/div>\r\n                    <span class=\"info_media_item_bg\">\r\n                                                    <img decoding=\"async\" width=\"640\" height=\"412\" data-src=\"https:\/\/auren.com\/co\/wp-content\/uploads\/2025\/01\/example-info-1-mask.webp\" class=\"attachment-large size-large lazyload\" alt=\"\" data-srcset=\"https:\/\/auren.com\/co\/wp-content\/uploads\/2025\/01\/example-info-1-mask.webp 902w, https:\/\/auren.com\/co\/wp-content\/uploads\/2025\/01\/example-info-1-mask-300x193.webp 300w, https:\/\/auren.com\/co\/wp-content\/uploads\/2025\/01\/example-info-1-mask-768x494.webp 768w\" data-sizes=\"(max-width: 640px) 100vw, 640px\" src=\"data:image\/svg+xml;base64,PHN2ZyB3aWR0aD0iMSIgaGVpZ2h0PSIxIiB4bWxucz0iaHR0cDovL3d3dy53My5vcmcvMjAwMC9zdmciPjwvc3ZnPg==\" style=\"--smush-placeholder-width: 640px; --smush-placeholder-aspect-ratio: 640\/412;\" \/>                                            <\/span>\r\n                                                        <\/div>\r\n                <div class=\"info_media_claim\">\r\n                    <p>POTENCIA TU CARRERA<\/p>\n                <\/div>\r\n                <div class=\"info_media_item info_media_item-2\">\r\n                    <div class=\"info_media_item_text\"><span class=\"title\"><\/span><\/div>\r\n                    <div class=\"info_media_item_text_claim\"><\/div>\r\n                    <span class=\"info_media_item_bg\">\r\n                                                    <img decoding=\"async\" width=\"640\" height=\"412\" data-src=\"https:\/\/auren.com\/co\/wp-content\/uploads\/2025\/01\/example-info-2-mask.webp\" class=\"attachment-large size-large lazyload\" alt=\"\" data-srcset=\"https:\/\/auren.com\/co\/wp-content\/uploads\/2025\/01\/example-info-2-mask.webp 902w, https:\/\/auren.com\/co\/wp-content\/uploads\/2025\/01\/example-info-2-mask-300x193.webp 300w, https:\/\/auren.com\/co\/wp-content\/uploads\/2025\/01\/example-info-2-mask-768x494.webp 768w\" data-sizes=\"(max-width: 640px) 100vw, 640px\" src=\"data:image\/svg+xml;base64,PHN2ZyB3aWR0aD0iMSIgaGVpZ2h0PSIxIiB4bWxucz0iaHR0cDovL3d3dy53My5vcmcvMjAwMC9zdmciPjwvc3ZnPg==\" style=\"--smush-placeholder-width: 640px; --smush-placeholder-aspect-ratio: 640\/412;\" \/>                                            <\/span>\r\n                                                        <\/div>\r\n            <\/div>\r\n        <\/div>\r\n    <\/section>\r\n\r\n<\/section>\r\n\r\n\n\n\r\n<section id=\"JoinUs-block_8db3748235cc1a807989dfacee856d9e\" class=\"JoinUs\">\r\n\r\n    <section class=\"joinus\">\r\n        <div class=\"container\">\r\n            <div class=\"joinus_content\">\r\n                <div class=\"joinus_data\">\r\n                    <div class=\"joinus_data_title\">\r\n                        <p class=''>RAZONES PARA UNIRSE A NOSOTROS<\/p>\n                    <\/div>\r\n                    <ul class=\"joinus_data_list\">\r\n                                                    <li class=\"joinus_data_list_item\">\r\n                                <div class=\"joinus_data_list_item_title\">\r\n                                    <p><strong>CRECIMIENTO<\/strong><br \/>\nDIN\u00c1MICO<\/p>\n                                <\/div>\r\n                                <div class=\"joinus_data_list_item_text\">\r\n                                    <p>Mejore sus competencias y adquiera una valiosa experiencia en un entorno propicio.<\/p>\n                                <\/div>\r\n                            <\/li>\r\n                                                    <li class=\"joinus_data_list_item\">\r\n                                <div class=\"joinus_data_list_item_title\">\r\n                                    <p><strong>COLABORACI\u00d3N<br \/>\n<\/strong>DIVERSA<strong><br \/>\n<\/strong><\/p>\n                                <\/div>\r\n                                <div class=\"joinus_data_list_item_text\">\r\n                                    <p>Trabaje en proyectos multidisciplinares con un equipo diverso y con talento.<\/p>\n                                <\/div>\r\n                            <\/li>\r\n                                                    <li class=\"joinus_data_list_item\">\r\n                                <div class=\"joinus_data_list_item_title\">\r\n                                    <p><strong>ENFOQUE<br \/>\n<\/strong>SOSTENIBILIDAD<\/p>\n                                <\/div>\r\n                                <div class=\"joinus_data_list_item_text\">\r\n                                    <p>\u00danase a una empresa comprometida con la creaci\u00f3n de un impacto social y medioambiental positivo.<\/p>\n                                <\/div>\r\n                            <\/li>\r\n                                            <\/ul>\r\n                <\/div>\r\n                <div class=\"joinus_cta\">\r\n                    <div class=\"joinus_cta_title\">\r\n                        <p class=''>Haga de Auren un elemento clave de su carrera profesional<\/p>\n                    <\/div>\r\n                                            <a class=\"button button-icon button-contrast-red\" href=\"#\" target=\"#\">Env\u00ede su CV ahora<\/a>\r\n                                    <\/div>\r\n            <\/div>\r\n        <\/div>\r\n    <\/section>\r\n\r\n<\/section>\n\n\r\n<section id=\"JobOffers-block_632e67a43c9371b0e96c8f70f53b7eca\" class=\"JobOffers\">\r\n\r\n    <section class=\"jobs\">\r\n        <div class=\"container\">\r\n\r\n            <div class=\"jobs_header\">\r\n                <div class=\"jobs_title\">\r\n                    <h2>OFERTAS DE EMPLEO ACTUALES<\/h2>\n                <\/div>\r\n                <div class=\"jobs_description\">\r\n                    <p>Explore nuestras ofertas de empleo m\u00e1s recientes en Espa\u00f1a. Para cambiar de pa\u00eds, vaya a la secci\u00f3n \u00abGlobal\u00bb del men\u00fa.<\/p>\n                <\/div>\r\n            <\/div>\r\n\r\n            <div class=\"list\">\r\n                <article class=\"jobs_item jobs_item-0\">\r\n    <div class=\"jobs_item_meta\">\r\n                <div class=\"jobs_item_meta_date\">\r\n            <p>12 meses ago<\/p>\r\n        <\/div>\r\n    <\/div>\r\n    <div class=\"jobs_item_header\">\r\n                <div class=\"jobs_item_header_title\">\r\n            <h3>Analista Contable<\/h3>\r\n        <\/div>\r\n    <\/div>\r\n    <div class=\"jobs_item_description\">\r\n        <p><\/p>\r\n    <\/div>\r\n    <ul class=\"jobs_item_data\">\r\n                    <\/ul>\r\n    <a class=\"jobs_item_button\" href=\"https:\/\/auren.com\/co\/ofertas-empleo\/analista-contable\/\">Seguir leyendo<\/a>\r\n<\/article>\r\n            <\/div>\r\n\r\n            <div class=\"pagination\">\r\n                            <\/div>\r\n        <\/div>\r\n    <\/section>\r\n\r\n<\/section>","protected":false},"excerpt":{"rendered":"","protected":false},"author":2,"featured_media":0,"parent":0,"menu_order":0,"comment_status":"closed","ping_status":"closed","template":"","meta":{"_acf_changed":false,"footnotes":""},"class_list":["post-8094","page","type-page","status-publish","hentry"],"acf":[],"yoast_head":"<!-- This site is optimized with the Yoast SEO plugin v27.2 - https:\/\/yoast.com\/product\/yoast-seo-wordpress\/ -->\n<title>Carrera profesional - Auren Colombia<\/title>\n<meta name=\"robots\" content=\"index, follow, max-snippet:-1, max-image-preview:large, max-video-preview:-1\" \/>\n<link rel=\"canonical\" href=\"https:\/\/auren.com\/co\/carrera-profesional\/\" \/>\n<meta property=\"og:locale\" content=\"es_ES\" \/>\n<meta property=\"og:type\" content=\"article\" \/>\n<meta property=\"og:title\" content=\"Carrera profesional - Auren Colombia\" \/>\n<meta property=\"og:url\" content=\"https:\/\/auren.com\/co\/carrera-profesional\/\" \/>\n<meta property=\"og:site_name\" content=\"Auren Colombia\" \/>\n<meta property=\"article:modified_time\" content=\"2025-01-02T12:48:07+00:00\" \/>\n<meta name=\"twitter:card\" content=\"summary_large_image\" \/>\n<meta name=\"twitter:site\" content=\"@AurenColombia\" \/>\n<script type=\"application\/ld+json\" class=\"yoast-schema-graph\">{\"@context\":\"https:\/\/schema.org\",\"@graph\":[{\"@type\":\"WebPage\",\"@id\":\"https:\/\/auren.com\/co\/carrera-profesional\/\",\"url\":\"https:\/\/auren.com\/co\/carrera-profesional\/\",\"name\":\"Carrera profesional - Auren Colombia\",\"isPartOf\":{\"@id\":\"https:\/\/auren.com\/co\/#website\"},\"datePublished\":\"2025-01-02T12:41:18+00:00\",\"dateModified\":\"2025-01-02T12:48:07+00:00\",\"breadcrumb\":{\"@id\":\"https:\/\/auren.com\/co\/carrera-profesional\/#breadcrumb\"},\"inLanguage\":\"es\",\"potentialAction\":[{\"@type\":\"ReadAction\",\"target\":[\"https:\/\/auren.com\/co\/carrera-profesional\/\"]}]},{\"@type\":\"BreadcrumbList\",\"@id\":\"https:\/\/auren.com\/co\/carrera-profesional\/#breadcrumb\",\"itemListElement\":[{\"@type\":\"ListItem\",\"position\":1,\"name\":\"Portada\",\"item\":\"https:\/\/auren.com\/co\/\"},{\"@type\":\"ListItem\",\"position\":2,\"name\":\"Carrera profesional\"}]},{\"@type\":\"WebSite\",\"@id\":\"https:\/\/auren.com\/co\/#website\",\"url\":\"https:\/\/auren.com\/co\/\",\"name\":\"Auren Colombia\",\"description\":\"\",\"publisher\":{\"@id\":\"https:\/\/auren.com\/co\/#organization\"},\"potentialAction\":[{\"@type\":\"SearchAction\",\"target\":{\"@type\":\"EntryPoint\",\"urlTemplate\":\"https:\/\/auren.com\/co\/?s={search_term_string}\"},\"query-input\":{\"@type\":\"PropertyValueSpecification\",\"valueRequired\":true,\"valueName\":\"search_term_string\"}}],\"inLanguage\":\"es\"},{\"@type\":\"Organization\",\"@id\":\"https:\/\/auren.com\/co\/#organization\",\"name\":\"Auren Colombia\",\"url\":\"https:\/\/auren.com\/co\/\",\"logo\":{\"@type\":\"ImageObject\",\"inLanguage\":\"es\",\"@id\":\"https:\/\/auren.com\/co\/#\/schema\/logo\/image\/\",\"url\":\"https:\/\/auren.com\/co\/wp-content\/uploads\/2025\/01\/cropped-cropped-favicon-Auren.png\",\"contentUrl\":\"https:\/\/auren.com\/co\/wp-content\/uploads\/2025\/01\/cropped-cropped-favicon-Auren.png\",\"width\":512,\"height\":512,\"caption\":\"Auren Colombia\"},\"image\":{\"@id\":\"https:\/\/auren.com\/co\/#\/schema\/logo\/image\/\"},\"sameAs\":[\"https:\/\/x.com\/AurenColombia\",\"https:\/\/www.instagram.com\/aurencolombia\/\",\"https:\/\/www.youtube.com\/channel\/UCRYoGRMR_k4oVWesdErApmA\",\"https:\/\/www.linkedin.com\/company\/auren-colombia\"]}]}<\/script>\n<!-- \/ Yoast SEO plugin. -->","yoast_head_json":{"title":"Carrera profesional - Auren Colombia","robots":{"index":"index","follow":"follow","max-snippet":"max-snippet:-1","max-image-preview":"max-image-preview:large","max-video-preview":"max-video-preview:-1"},"canonical":"https:\/\/auren.com\/co\/carrera-profesional\/","og_locale":"es_ES","og_type":"article","og_title":"Carrera profesional - Auren Colombia","og_url":"https:\/\/auren.com\/co\/carrera-profesional\/","og_site_name":"Auren Colombia","article_modified_time":"2025-01-02T12:48:07+00:00","twitter_card":"summary_large_image","twitter_site":"@AurenColombia","schema":{"@context":"https:\/\/schema.org","@graph":[{"@type":"WebPage","@id":"https:\/\/auren.com\/co\/carrera-profesional\/","url":"https:\/\/auren.com\/co\/carrera-profesional\/","name":"Carrera profesional - Auren Colombia","isPartOf":{"@id":"https:\/\/auren.com\/co\/#website"},"datePublished":"2025-01-02T12:41:18+00:00","dateModified":"2025-01-02T12:48:07+00:00","breadcrumb":{"@id":"https:\/\/auren.com\/co\/carrera-profesional\/#breadcrumb"},"inLanguage":"es","potentialAction":[{"@type":"ReadAction","target":["https:\/\/auren.com\/co\/carrera-profesional\/"]}]},{"@type":"BreadcrumbList","@id":"https:\/\/auren.com\/co\/carrera-profesional\/#breadcrumb","itemListElement":[{"@type":"ListItem","position":1,"name":"Portada","item":"https:\/\/auren.com\/co\/"},{"@type":"ListItem","position":2,"name":"Carrera profesional"}]},{"@type":"WebSite","@id":"https:\/\/auren.com\/co\/#website","url":"https:\/\/auren.com\/co\/","name":"Auren Colombia","description":"","publisher":{"@id":"https:\/\/auren.com\/co\/#organization"},"potentialAction":[{"@type":"SearchAction","target":{"@type":"EntryPoint","urlTemplate":"https:\/\/auren.com\/co\/?s={search_term_string}"},"query-input":{"@type":"PropertyValueSpecification","valueRequired":true,"valueName":"search_term_string"}}],"inLanguage":"es"},{"@type":"Organization","@id":"https:\/\/auren.com\/co\/#organization","name":"Auren Colombia","url":"https:\/\/auren.com\/co\/","logo":{"@type":"ImageObject","inLanguage":"es","@id":"https:\/\/auren.com\/co\/#\/schema\/logo\/image\/","url":"https:\/\/auren.com\/co\/wp-content\/uploads\/2025\/01\/cropped-cropped-favicon-Auren.png","contentUrl":"https:\/\/auren.com\/co\/wp-content\/uploads\/2025\/01\/cropped-cropped-favicon-Auren.png","width":512,"height":512,"caption":"Auren Colombia"},"image":{"@id":"https:\/\/auren.com\/co\/#\/schema\/logo\/image\/"},"sameAs":["https:\/\/x.com\/AurenColombia","https:\/\/www.instagram.com\/aurencolombia\/","https:\/\/www.youtube.com\/channel\/UCRYoGRMR_k4oVWesdErApmA","https:\/\/www.linkedin.com\/company\/auren-colombia"]}]}},"_links":{"self":[{"href":"https:\/\/auren.com\/co\/wp-json\/wp\/v2\/pages\/8094","targetHints":{"allow":["GET"]}}],"collection":[{"href":"https:\/\/auren.com\/co\/wp-json\/wp\/v2\/pages"}],"about":[{"href":"https:\/\/auren.com\/co\/wp-json\/wp\/v2\/types\/page"}],"author":[{"embeddable":true,"href":"https:\/\/auren.com\/co\/wp-json\/wp\/v2\/users\/2"}],"replies":[{"embeddable":true,"href":"https:\/\/auren.com\/co\/wp-json\/wp\/v2\/comments?post=8094"}],"version-history":[{"count":0,"href":"https:\/\/auren.com\/co\/wp-json\/wp\/v2\/pages\/8094\/revisions"}],"wp:attachment":[{"href":"https:\/\/auren.com\/co\/wp-json\/wp\/v2\/media?parent=8094"}],"curies":[{"name":"wp","href":"https:\/\/api.w.org\/{rel}","templated":true}]}}