{"id":11861,"date":"2025-01-10T11:32:19","date_gmt":"2025-01-10T10:32:19","guid":{"rendered":"https:\/\/auren.com\/es\/?page_id=11861"},"modified":"2025-01-28T10:27:25","modified_gmt":"2025-01-28T09:27:25","slug":"conoce-auren","status":"publish","type":"page","link":"https:\/\/auren.com\/es\/conoce-auren\/","title":{"rendered":"Conoce Auren"},"content":{"rendered":"<section id=\"Header-block_6f1c7fefcdf257846c176d6d6e9c88b9\" class=\"Header\">\r\n\r\n    <div class=\"hero\">\r\n                <div class=\"container\">\r\n            <div class=\"hero_header\">\r\n                                \r\n                <div class=\"hero_header_title\">\r\n                    <h1 class='' style=\"text-align: right;\"><strong>Conoce Auren<\/strong><\/h1>\n                <\/div>\r\n\r\n                                                \r\n                <div class=\"hero_header_subtitle\">\r\n                    <p style=\"text-align: right;\">Descubre nuestra historia y esencia<\/p>\n                <\/div>\r\n\r\n                                \r\n            <\/div>\r\n        <\/div>\r\n        \r\n                <picture>\r\n            <source data-srcset=\"https:\/\/auren.com\/es\/wp-content\/uploads\/2024\/11\/bg-hero-aboutus-d.webp\"\r\n                media=\"(min-width: 1200px)\" \/>\r\n            <img decoding=\"async\" class=\"hero_bg lazyload\"\r\n                <img decoding=\"async\" width=\"640\" height=\"382\" data-src=\"https:\/\/auren.com\/es\/wp-content\/uploads\/2024\/11\/bg-hero-aboutus-d-1024x611.webp\" class=\"hero_bg lazyload\" alt=\"\" data-srcset=\"https:\/\/auren.com\/es\/wp-content\/uploads\/2024\/11\/bg-hero-aboutus-d-1024x611.webp 1024w, https:\/\/auren.com\/es\/wp-content\/uploads\/2024\/11\/bg-hero-aboutus-d-300x179.webp 300w, https:\/\/auren.com\/es\/wp-content\/uploads\/2024\/11\/bg-hero-aboutus-d-768x459.webp 768w, https:\/\/auren.com\/es\/wp-content\/uploads\/2024\/11\/bg-hero-aboutus-d-1536x917.webp 1536w, https:\/\/auren.com\/es\/wp-content\/uploads\/2024\/11\/bg-hero-aboutus-d.webp 1916w\" data-sizes=\"auto\" src=\"data:image\/svg+xml;base64,PHN2ZyB3aWR0aD0iMSIgaGVpZ2h0PSIxIiB4bWxucz0iaHR0cDovL3d3dy53My5vcmcvMjAwMC9zdmciPjwvc3ZnPg==\" style=\"--smush-placeholder-width: 640px; --smush-placeholder-aspect-ratio: 640\/382;\" data-original-sizes=\"(max-width: 640px) 100vw, 640px\" \/>>\r\n        <\/picture>\r\n        \r\n                        <p class=\"hero_scroll\"><strong>Explorar m\u00e1s<\/strong> Despl\u00e1zate hacia abajo<\/p>\r\n                    <\/div>\r\n\r\n<\/section>\n\n\r\n<section id=\"Breadcrumbs-block_34cfa15fda9f8e78d11659f402f5b1b4\" class=\"Breadcrumbs\">\r\n    \r\n        <nav class=\"breads\" aria-label=\"Breadcrumb\">\r\n            <ul class=\"container\">\r\n                <li><a href=\"https:\/\/auren.com\/es\">Home<\/a><\/li>\r\n                <li><span aria-current=\"page\">Conoce Auren<\/span><\/li>            <\/ul>\r\n        <\/nav>\r\n\r\n                                                                                     \r\n    \r\n<\/section>\r\n\n\n\r\n<section id=\"ImageText-block_87634e2f56b3605a9ed39d8c866ff077\" class=\"ImageText\">\r\n\r\n    <section class=\"info \">\r\n        <div class=\"container\">\r\n            <div class=\"info_text\">\r\n                <div class=\"info_title\">\r\n                    <h2 class=''>Experiencia, valores y humanidad<\/h2>\n                <\/div>\r\n                <div class=\"info_description\">\r\n                    <p>Nuestra <strong>cultura humanista<\/strong> y el esp\u00edritu emprendedor inspiran nuestro d\u00eda a d\u00eda. Nos comprometemos con los clientes, con equipos y con toda la sociedad.<\/p>\n<p><strong>Somos empresarios al servicio de empresarios<\/strong>. Con equipos estables, construimos relaciones s\u00f3lidas y duraderas con nuestros clientes.<\/p>\n                <\/div>\r\n            <\/div>\r\n            <div class=\"info_media\">\r\n                <div class=\"info_media_item info_media_item-1\">\r\n                    <div class=\"info_media_item_text\"><span class=\"title\"><\/span><\/div>\r\n                    <div class=\"info_media_item_text_claim\"><\/div>\r\n                    <span class=\"info_media_item_bg\">\r\n                                                    <img decoding=\"async\" width=\"640\" height=\"382\" data-src=\"https:\/\/auren.com\/es\/wp-content\/uploads\/2025\/01\/image-text-15-1024x611.webp\" class=\"attachment-large size-large lazyload\" alt=\"\" data-srcset=\"https:\/\/auren.com\/es\/wp-content\/uploads\/2025\/01\/image-text-15-1024x611.webp 1024w, https:\/\/auren.com\/es\/wp-content\/uploads\/2025\/01\/image-text-15-300x179.webp 300w, https:\/\/auren.com\/es\/wp-content\/uploads\/2025\/01\/image-text-15-768x459.webp 768w, https:\/\/auren.com\/es\/wp-content\/uploads\/2025\/01\/image-text-15-1536x917.webp 1536w, https:\/\/auren.com\/es\/wp-content\/uploads\/2025\/01\/image-text-15.webp 1916w\" data-sizes=\"auto\" src=\"data:image\/svg+xml;base64,PHN2ZyB3aWR0aD0iMSIgaGVpZ2h0PSIxIiB4bWxucz0iaHR0cDovL3d3dy53My5vcmcvMjAwMC9zdmciPjwvc3ZnPg==\" style=\"--smush-placeholder-width: 640px; --smush-placeholder-aspect-ratio: 640\/382;\" data-original-sizes=\"(max-width: 640px) 100vw, 640px\" \/>                                            <\/span>\r\n                                                        <\/div>\r\n                <div class=\"info_media_claim\">\r\n                    <p>Comprometidos con la calidad, guiados por la excelencia<\/p>\n                <\/div>\r\n                <div class=\"info_media_item info_media_item-2\">\r\n                    <div class=\"info_media_item_text\"><span class=\"title\"><\/span><\/div>\r\n                    <div class=\"info_media_item_text_claim\"><\/div>\r\n                    <span class=\"info_media_item_bg\">\r\n                                                    <img decoding=\"async\" width=\"640\" height=\"412\" data-src=\"https:\/\/auren.com\/es\/wp-content\/uploads\/2025\/01\/example-info-2-mask.webp\" class=\"attachment-large size-large lazyload\" alt=\"\" data-srcset=\"https:\/\/auren.com\/es\/wp-content\/uploads\/2025\/01\/example-info-2-mask.webp 902w, https:\/\/auren.com\/es\/wp-content\/uploads\/2025\/01\/example-info-2-mask-300x193.webp 300w, https:\/\/auren.com\/es\/wp-content\/uploads\/2025\/01\/example-info-2-mask-768x494.webp 768w\" data-sizes=\"auto\" src=\"data:image\/svg+xml;base64,PHN2ZyB3aWR0aD0iMSIgaGVpZ2h0PSIxIiB4bWxucz0iaHR0cDovL3d3dy53My5vcmcvMjAwMC9zdmciPjwvc3ZnPg==\" style=\"--smush-placeholder-width: 640px; --smush-placeholder-aspect-ratio: 640\/412;\" data-original-sizes=\"(max-width: 640px) 100vw, 640px\" \/>                                            <\/span>\r\n                                                        <\/div>\r\n            <\/div>\r\n        <\/div>\r\n    <\/section>\r\n\r\n<\/section>\r\n\r\n\n\n\r\n<div id=\"CardsCustom-block_ba2e8deb9400706e321e304ed98859cf\" class=\"CardsCustom\">\r\n\r\n    <section class=\"services\">\r\n        <div class=\"container\">\r\n            <div class=\"services_title\">\r\n                <h2 class=''>Servicios profesionales con un enfoque humano<\/h2>\n            <\/div>\r\n            <div class=\"services_description\">\r\n                <p>Nuestro <strong>equipo multidisciplinar de profesionales<\/strong> te ofrece la excelencia en cada proyecto, gracias a su amplia experiencia, enfoque metodol\u00f3gico y gran implicaci\u00f3n. Nuestra <strong>presencia internacional<\/strong>, combinada con un profundo conocimiento local, te ofrece el apoyo necesario para lograr el \u00e9xito en entornos complejos y cambiantes.<\/p>\n            <\/div>\r\n\r\n            <nav class=\"services_nav\">\r\n                                <a class=\"services_nav_item services_nav_item-0\" href=\"https:\/\/auren.com\/es\/conoce-auren\/proposito-vision-y-valores\/\">\r\n                    <span class=\"services_nav_item_text\">Prop\u00f3sito, Visi\u00f3n y Valores<\/span>\r\n                    <span class=\"services_nav_item_image\">\r\n                                                    <img decoding=\"async\" width=\"640\" height=\"475\" data-src=\"https:\/\/auren.com\/es\/wp-content\/uploads\/2025\/01\/example-about-service-1-1024x760.webp\" class=\"attachment-large size-large lazyload\" alt=\"\" data-srcset=\"https:\/\/auren.com\/es\/wp-content\/uploads\/2025\/01\/example-about-service-1-1024x760.webp 1024w, https:\/\/auren.com\/es\/wp-content\/uploads\/2025\/01\/example-about-service-1-300x223.webp 300w, https:\/\/auren.com\/es\/wp-content\/uploads\/2025\/01\/example-about-service-1-768x570.webp 768w, https:\/\/auren.com\/es\/wp-content\/uploads\/2025\/01\/example-about-service-1.webp 1038w\" data-sizes=\"auto\" src=\"data:image\/svg+xml;base64,PHN2ZyB3aWR0aD0iMSIgaGVpZ2h0PSIxIiB4bWxucz0iaHR0cDovL3d3dy53My5vcmcvMjAwMC9zdmciPjwvc3ZnPg==\" style=\"--smush-placeholder-width: 640px; --smush-placeholder-aspect-ratio: 640\/475;\" data-original-sizes=\"(max-width: 640px) 100vw, 640px\" \/>                                            <\/span>\r\n                <\/a>\r\n                                <a class=\"services_nav_item services_nav_item-1\" href=\"https:\/\/auren.com\/es\/conoce-auren\/responsabilidad-corporativa\/\">\r\n                    <span class=\"services_nav_item_text\">Responsabilidad corporativa<\/span>\r\n                    <span class=\"services_nav_item_image\">\r\n                                                    <img decoding=\"async\" width=\"640\" height=\"475\" data-src=\"https:\/\/auren.com\/es\/wp-content\/uploads\/2025\/01\/example-about-service-2-1024x760.webp\" class=\"attachment-large size-large lazyload\" alt=\"\" data-srcset=\"https:\/\/auren.com\/es\/wp-content\/uploads\/2025\/01\/example-about-service-2-1024x760.webp 1024w, https:\/\/auren.com\/es\/wp-content\/uploads\/2025\/01\/example-about-service-2-300x223.webp 300w, https:\/\/auren.com\/es\/wp-content\/uploads\/2025\/01\/example-about-service-2-768x570.webp 768w, https:\/\/auren.com\/es\/wp-content\/uploads\/2025\/01\/example-about-service-2.webp 1038w\" data-sizes=\"auto\" src=\"data:image\/svg+xml;base64,PHN2ZyB3aWR0aD0iMSIgaGVpZ2h0PSIxIiB4bWxucz0iaHR0cDovL3d3dy53My5vcmcvMjAwMC9zdmciPjwvc3ZnPg==\" style=\"--smush-placeholder-width: 640px; --smush-placeholder-aspect-ratio: 640\/475;\" data-original-sizes=\"(max-width: 640px) 100vw, 640px\" \/>                                            <\/span>\r\n                <\/a>\r\n                                <a class=\"services_nav_item services_nav_item-2\" href=\"https:\/\/auren.com\/es\/conoce-auren\/nuestro-enfoque-global\/\">\r\n                    <span class=\"services_nav_item_text\">Nuestro enfoque global<\/span>\r\n                    <span class=\"services_nav_item_image\">\r\n                                                    <img decoding=\"async\" width=\"640\" height=\"475\" data-src=\"https:\/\/auren.com\/es\/wp-content\/uploads\/2025\/01\/example-about-service-3-1024x760.webp\" class=\"attachment-large size-large lazyload\" alt=\"\" data-srcset=\"https:\/\/auren.com\/es\/wp-content\/uploads\/2025\/01\/example-about-service-3-1024x760.webp 1024w, https:\/\/auren.com\/es\/wp-content\/uploads\/2025\/01\/example-about-service-3-300x223.webp 300w, https:\/\/auren.com\/es\/wp-content\/uploads\/2025\/01\/example-about-service-3-768x570.webp 768w, https:\/\/auren.com\/es\/wp-content\/uploads\/2025\/01\/example-about-service-3.webp 1038w\" data-sizes=\"auto\" src=\"data:image\/svg+xml;base64,PHN2ZyB3aWR0aD0iMSIgaGVpZ2h0PSIxIiB4bWxucz0iaHR0cDovL3d3dy53My5vcmcvMjAwMC9zdmciPjwvc3ZnPg==\" style=\"--smush-placeholder-width: 640px; --smush-placeholder-aspect-ratio: 640\/475;\" data-original-sizes=\"(max-width: 640px) 100vw, 640px\" \/>                                            <\/span>\r\n                <\/a>\r\n                            <\/nav>\r\n        <\/div>\r\n    <\/section>\r\n\r\n<\/div>\r\n\n\n<div id=\"Discover-block_06253a42d4d8d21c5213612313c337e6\" class=\"Discover\">\r\n\r\n    <section class=\"discover\" id=\"discover\">\r\n        <div class=\"container\">\r\n            <div class=\"discover_wrapper\">\r\n                                <picture>\r\n                    <source data-srcset=\"https:\/\/auren.com\/es\/wp-content\/uploads\/2025\/01\/bg-discover-d.webp\" media=\"(min-width: 1200px)\" \/>\r\n                    <img decoding=\"async\" class=\"discover_bg smush-dimensions lazyload\" data-src=\"https:\/\/auren.com\/es\/wp-content\/uploads\/2025\/01\/bg-discover-d.webp\" alt=\"\" width=\"1628\" style=\"--smush-image-width: 1628px; --smush-image-aspect-ratio: 1628\/297;\" src=\"data:image\/svg+xml;base64,PHN2ZyB3aWR0aD0iMSIgaGVpZ2h0PSIxIiB4bWxucz0iaHR0cDovL3d3dy53My5vcmcvMjAwMC9zdmciPjwvc3ZnPg==\" data-srcset=\"https:\/\/auren.com\/es\/wp-content\/uploads\/2025\/01\/bg-discover-d.webp 1628w, https:\/\/auren.com\/es\/wp-content\/uploads\/2025\/01\/bg-discover-d-300x55.webp 300w, https:\/\/auren.com\/es\/wp-content\/uploads\/2025\/01\/bg-discover-d-1024x187.webp 1024w, https:\/\/auren.com\/es\/wp-content\/uploads\/2025\/01\/bg-discover-d-768x140.webp 768w, https:\/\/auren.com\/es\/wp-content\/uploads\/2025\/01\/bg-discover-d-1536x280.webp 1536w\" data-sizes=\"auto\" data-original-sizes=\"(max-width: 1628px) 100vw, 1628px\">\r\n                <\/picture>\r\n                                <div class=\"discover_content\">\r\n                    <div class=\"discover_text\">\r\n                        <div class=\"discover_title\">\r\n                            <h2 class=''>D\u00f3nde estamos<\/h2>\n                        <\/div>\r\n                        <div class=\"discover_description\">\r\n                            <p>Auren es una firma multidisciplinar que ofrece servicios profesionales integrales en auditor\u00eda, asesoramiento legal, consultor\u00eda y <em>corporate<\/em>.<\/p>\n<p>Con una cultura humanista enfocada en el cuidado de sus equipos y de las personas con las que se relaciona, Auren acompa\u00f1a a sus clientes en todas sus necesidades de negocio en cualquier parte del mundo.<\/p>\n<p>Auren cuenta con m\u00e1s de 2,263 profesionales en 11 pa\u00edses.<\/p>\n<p>Creemos que los servicios profesionales se pueden prestar con conciencia, humanidad e implicaci\u00f3n.<\/p>\n                        <\/div>\r\n                                                <a class=\"button button-contrast-red button-icon\" href=\"https:\/\/empleo.auren.es\/\" target=\"\">Oportunidades profesionales<\/a>\r\n                                            <\/div>\r\n                    <ul class=\"discover_numbers\">\r\n                                                    <li class=\"discover_numbers_item\">\r\n                                <strong><span class=\"js-counterup\" data-end=\"11\" data-speed=\"100\">0<\/span><\/strong>\r\n                                pa\u00edses                            <\/li>\r\n                                                    <li class=\"discover_numbers_item\">\r\n                                M\u00e1s de<strong><span class=\"js-counterup\" data-end=\"2\" data-speed=\"100\">0<\/span>.263<\/strong>\r\n                                profesionales                            <\/li>\r\n                                                    <li class=\"discover_numbers_item\">\r\n                                <strong><span class=\"js-counterup\" data-end=\"62\" data-speed=\"100\">0<\/span><\/strong>\r\n                                oficinas                            <\/li>\r\n                                            <\/ul>\r\n                <\/div>\r\n            <\/div>\r\n        <\/div>\r\n    <\/section>\r\n\r\n<\/div>\r\n\n\n<section id=\"ImageTextV2-block_639dd1a15de086b343d811b595e2eef1\" class=\"ImageTextV2\">\r\n\r\n    <div class=\"upcoming v2\">\r\n        <div class=\"container\">\r\n            <div class=\"upcoming_text\">\r\n                <div class=\"upcoming_title\">\r\n                    <h2 class=''>\u00bfNecesitas saber m\u00e1s?<\/h2>\n                <\/div>\r\n                <div class=\"upcoming_kicker\">\r\n                                    <\/div>\r\n            <\/div>\r\n            <div class=\"upcoming_media\">\r\n                <a class=\"button button-primary button-icon\" href=\"https:\/\/auren.com\/es\/contacto\/\" target=\"\">Contacta<\/a>\r\n                <span class=\"upcoming_media_bg\"><img decoding=\"async\" width=\"640\" height=\"419\" data-src=\"https:\/\/auren.com\/es\/wp-content\/uploads\/2025\/01\/bg-upcoming-media-v2-1.webp\" alt=\"\" data-srcset=\"https:\/\/auren.com\/es\/wp-content\/uploads\/2025\/01\/bg-upcoming-media-v2-1.webp 684w, https:\/\/auren.com\/es\/wp-content\/uploads\/2025\/01\/bg-upcoming-media-v2-1-300x196.webp 300w\" data-sizes=\"auto\" src=\"data:image\/svg+xml;base64,PHN2ZyB3aWR0aD0iMSIgaGVpZ2h0PSIxIiB4bWxucz0iaHR0cDovL3d3dy53My5vcmcvMjAwMC9zdmciPjwvc3ZnPg==\" class=\"lazyload\" style=\"--smush-placeholder-width: 640px; --smush-placeholder-aspect-ratio: 640\/419;\" data-original-sizes=\"(max-width: 640px) 100vw, 640px\" \/><\/span>\r\n            <\/div>\r\n        <\/div>\r\n    <\/div>\r\n\r\n<\/section>\r\n","protected":false},"excerpt":{"rendered":"","protected":false},"author":2,"featured_media":0,"parent":0,"menu_order":5,"comment_status":"closed","ping_status":"closed","template":"","meta":{"_acf_changed":false,"footnotes":""},"class_list":["post-11861","page","type-page","status-publish","hentry"],"acf":[],"yoast_head":"<!-- This site is optimized with the Yoast SEO plugin v27.0 - https:\/\/yoast.com\/product\/yoast-seo-wordpress\/ -->\n<title>Conoce Auren - Auren<\/title>\n<meta name=\"robots\" content=\"index, follow, max-snippet:-1, max-image-preview:large, max-video-preview:-1\" \/>\n<link rel=\"canonical\" href=\"https:\/\/auren.com\/es\/conoce-auren\/\" \/>\n<meta property=\"og:locale\" content=\"es_ES\" \/>\n<meta property=\"og:type\" content=\"article\" \/>\n<meta property=\"og:title\" content=\"Conoce Auren - Auren\" \/>\n<meta property=\"og:url\" content=\"https:\/\/auren.com\/es\/conoce-auren\/\" \/>\n<meta property=\"og:site_name\" content=\"Auren\" \/>\n<meta property=\"article:modified_time\" content=\"2025-01-28T09:27:25+00:00\" \/>\n<meta name=\"twitter:card\" content=\"summary_large_image\" \/>\n<meta name=\"twitter:site\" content=\"@auren_spain\" \/>\n<script type=\"application\/ld+json\" class=\"yoast-schema-graph\">{\"@context\":\"https:\/\/schema.org\",\"@graph\":[{\"@type\":\"WebPage\",\"@id\":\"https:\/\/auren.com\/es\/conoce-auren\/\",\"url\":\"https:\/\/auren.com\/es\/conoce-auren\/\",\"name\":\"Conoce Auren - Auren\",\"isPartOf\":{\"@id\":\"https:\/\/auren.com\/es\/#website\"},\"datePublished\":\"2025-01-10T10:32:19+00:00\",\"dateModified\":\"2025-01-28T09:27:25+00:00\",\"breadcrumb\":{\"@id\":\"https:\/\/auren.com\/es\/conoce-auren\/#breadcrumb\"},\"inLanguage\":\"es\",\"potentialAction\":[{\"@type\":\"ReadAction\",\"target\":[\"https:\/\/auren.com\/es\/conoce-auren\/\"]}]},{\"@type\":\"BreadcrumbList\",\"@id\":\"https:\/\/auren.com\/es\/conoce-auren\/#breadcrumb\",\"itemListElement\":[{\"@type\":\"ListItem\",\"position\":1,\"name\":\"Portada\",\"item\":\"https:\/\/auren.com\/es\/\"},{\"@type\":\"ListItem\",\"position\":2,\"name\":\"Conoce Auren\"}]},{\"@type\":\"WebSite\",\"@id\":\"https:\/\/auren.com\/es\/#website\",\"url\":\"https:\/\/auren.com\/es\/\",\"name\":\"Auren\",\"description\":\"\",\"publisher\":{\"@id\":\"https:\/\/auren.com\/es\/#organization\"},\"alternateName\":\"Auren\",\"potentialAction\":[{\"@type\":\"SearchAction\",\"target\":{\"@type\":\"EntryPoint\",\"urlTemplate\":\"https:\/\/auren.com\/es\/?s={search_term_string}\"},\"query-input\":{\"@type\":\"PropertyValueSpecification\",\"valueRequired\":true,\"valueName\":\"search_term_string\"}}],\"inLanguage\":\"es\"},{\"@type\":\"Organization\",\"@id\":\"https:\/\/auren.com\/es\/#organization\",\"name\":\"Auren\",\"alternateName\":\"Auren\",\"url\":\"https:\/\/auren.com\/es\/\",\"logo\":{\"@type\":\"ImageObject\",\"inLanguage\":\"es\",\"@id\":\"https:\/\/auren.com\/es\/#\/schema\/logo\/image\/\",\"url\":\"https:\/\/auren.com\/es\/wp-content\/uploads\/2025\/01\/cropped-cropped-favicon-Auren.png\",\"contentUrl\":\"https:\/\/auren.com\/es\/wp-content\/uploads\/2025\/01\/cropped-cropped-favicon-Auren.png\",\"width\":512,\"height\":512,\"caption\":\"Auren\"},\"image\":{\"@id\":\"https:\/\/auren.com\/es\/#\/schema\/logo\/image\/\"},\"sameAs\":[\"https:\/\/x.com\/auren_spain\",\"https:\/\/www.linkedin.com\/company\/aurenspainserviciosprofesionales\",\"https:\/\/www.youtube.com\/@AurenEsp\",\"https:\/\/www.instagram.com\/auren_spain\"]}]}<\/script>\n<!-- \/ Yoast SEO plugin. -->","yoast_head_json":{"title":"Conoce Auren - Auren","robots":{"index":"index","follow":"follow","max-snippet":"max-snippet:-1","max-image-preview":"max-image-preview:large","max-video-preview":"max-video-preview:-1"},"canonical":"https:\/\/auren.com\/es\/conoce-auren\/","og_locale":"es_ES","og_type":"article","og_title":"Conoce Auren - Auren","og_url":"https:\/\/auren.com\/es\/conoce-auren\/","og_site_name":"Auren","article_modified_time":"2025-01-28T09:27:25+00:00","twitter_card":"summary_large_image","twitter_site":"@auren_spain","schema":{"@context":"https:\/\/schema.org","@graph":[{"@type":"WebPage","@id":"https:\/\/auren.com\/es\/conoce-auren\/","url":"https:\/\/auren.com\/es\/conoce-auren\/","name":"Conoce Auren - Auren","isPartOf":{"@id":"https:\/\/auren.com\/es\/#website"},"datePublished":"2025-01-10T10:32:19+00:00","dateModified":"2025-01-28T09:27:25+00:00","breadcrumb":{"@id":"https:\/\/auren.com\/es\/conoce-auren\/#breadcrumb"},"inLanguage":"es","potentialAction":[{"@type":"ReadAction","target":["https:\/\/auren.com\/es\/conoce-auren\/"]}]},{"@type":"BreadcrumbList","@id":"https:\/\/auren.com\/es\/conoce-auren\/#breadcrumb","itemListElement":[{"@type":"ListItem","position":1,"name":"Portada","item":"https:\/\/auren.com\/es\/"},{"@type":"ListItem","position":2,"name":"Conoce Auren"}]},{"@type":"WebSite","@id":"https:\/\/auren.com\/es\/#website","url":"https:\/\/auren.com\/es\/","name":"Auren","description":"","publisher":{"@id":"https:\/\/auren.com\/es\/#organization"},"alternateName":"Auren","potentialAction":[{"@type":"SearchAction","target":{"@type":"EntryPoint","urlTemplate":"https:\/\/auren.com\/es\/?s={search_term_string}"},"query-input":{"@type":"PropertyValueSpecification","valueRequired":true,"valueName":"search_term_string"}}],"inLanguage":"es"},{"@type":"Organization","@id":"https:\/\/auren.com\/es\/#organization","name":"Auren","alternateName":"Auren","url":"https:\/\/auren.com\/es\/","logo":{"@type":"ImageObject","inLanguage":"es","@id":"https:\/\/auren.com\/es\/#\/schema\/logo\/image\/","url":"https:\/\/auren.com\/es\/wp-content\/uploads\/2025\/01\/cropped-cropped-favicon-Auren.png","contentUrl":"https:\/\/auren.com\/es\/wp-content\/uploads\/2025\/01\/cropped-cropped-favicon-Auren.png","width":512,"height":512,"caption":"Auren"},"image":{"@id":"https:\/\/auren.com\/es\/#\/schema\/logo\/image\/"},"sameAs":["https:\/\/x.com\/auren_spain","https:\/\/www.linkedin.com\/company\/aurenspainserviciosprofesionales","https:\/\/www.youtube.com\/@AurenEsp","https:\/\/www.instagram.com\/auren_spain"]}]}},"_links":{"self":[{"href":"https:\/\/auren.com\/es\/wp-json\/wp\/v2\/pages\/11861","targetHints":{"allow":["GET"]}}],"collection":[{"href":"https:\/\/auren.com\/es\/wp-json\/wp\/v2\/pages"}],"about":[{"href":"https:\/\/auren.com\/es\/wp-json\/wp\/v2\/types\/page"}],"author":[{"embeddable":true,"href":"https:\/\/auren.com\/es\/wp-json\/wp\/v2\/users\/2"}],"replies":[{"embeddable":true,"href":"https:\/\/auren.com\/es\/wp-json\/wp\/v2\/comments?post=11861"}],"version-history":[{"count":0,"href":"https:\/\/auren.com\/es\/wp-json\/wp\/v2\/pages\/11861\/revisions"}],"wp:attachment":[{"href":"https:\/\/auren.com\/es\/wp-json\/wp\/v2\/media?parent=11861"}],"curies":[{"name":"wp","href":"https:\/\/api.w.org\/{rel}","templated":true}]}}