{"id":11875,"date":"2025-01-10T11:39:28","date_gmt":"2025-01-10T10:39:28","guid":{"rendered":"https:\/\/auren.com\/es\/?page_id=11875"},"modified":"2025-09-17T16:01:01","modified_gmt":"2025-09-17T14:01:01","slug":"nuestros-expertos","status":"publish","type":"page","link":"https:\/\/auren.com\/es\/conoce-auren\/nuestros-expertos\/","title":{"rendered":"Nuestros expertos"},"content":{"rendered":"<section id=\"Header-block_8bb853db9779888d3eba6fbea7cbac69\" class=\"Header\">\r\n\r\n    <div class=\"hero\">\r\n                <div class=\"container\">\r\n            <div class=\"hero_header\">\r\n                                \r\n                <div class=\"hero_header_title\">\r\n                    <p class='' style=\"text-align: right;\">NUESTROS <strong>EXPERTOS<\/strong><\/p>\n                <\/div>\r\n\r\n                                                \r\n                <div class=\"hero_header_subtitle\">\r\n                    <p>Relaciones basadas en la confianza<\/p>\n                <\/div>\r\n\r\n                                \r\n            <\/div>\r\n        <\/div>\r\n        \r\n                <picture>\r\n            <source data-srcset=\"https:\/\/auren.com\/es\/wp-content\/uploads\/2025\/01\/bg-hero-aboutus-experts-d.webp\"\r\n                media=\"(min-width: 1200px)\" \/>\r\n            <img decoding=\"async\" class=\"hero_bg lazyload\"\r\n                <img decoding=\"async\" width=\"640\" height=\"383\" data-src=\"https:\/\/auren.com\/es\/wp-content\/uploads\/2025\/01\/bg-hero-aboutus-experts-d-1024x612.webp\" class=\"hero_bg lazyload\" alt=\"\" data-srcset=\"https:\/\/auren.com\/es\/wp-content\/uploads\/2025\/01\/bg-hero-aboutus-experts-d-1024x612.webp 1024w, https:\/\/auren.com\/es\/wp-content\/uploads\/2025\/01\/bg-hero-aboutus-experts-d-300x179.webp 300w, https:\/\/auren.com\/es\/wp-content\/uploads\/2025\/01\/bg-hero-aboutus-experts-d-768x459.webp 768w, https:\/\/auren.com\/es\/wp-content\/uploads\/2025\/01\/bg-hero-aboutus-experts-d.webp 1200w\" data-sizes=\"auto\" src=\"data:image\/svg+xml;base64,PHN2ZyB3aWR0aD0iMSIgaGVpZ2h0PSIxIiB4bWxucz0iaHR0cDovL3d3dy53My5vcmcvMjAwMC9zdmciPjwvc3ZnPg==\" style=\"--smush-placeholder-width: 640px; --smush-placeholder-aspect-ratio: 640\/383;\" data-original-sizes=\"(max-width: 640px) 100vw, 640px\" \/>>\r\n        <\/picture>\r\n        \r\n                        <p class=\"hero_scroll\"><strong>Explorar m\u00e1s<\/strong> Despl\u00e1zate hacia abajo<\/p>\r\n                    <\/div>\r\n\r\n<\/section>\n\n\r\n<section id=\"Breadcrumbs-block_f710d68c4c92931a3aee959a6b8db2fc\" class=\"Breadcrumbs\">\r\n    \r\n        <nav class=\"breads\" aria-label=\"Breadcrumb\">\r\n            <ul class=\"container\">\r\n                <li><a href=\"https:\/\/auren.com\/es\">Home<\/a><\/li>\r\n                <li><span aria-current=\"page\">Nuestros expertos<\/span><\/li>            <\/ul>\r\n        <\/nav>\r\n\r\n                                                                                     \r\n    \r\n<\/section>\r\n\n\n\r\n<section id=\"ImageText-block_6911e3c3f8ac22888c1544755b504b56\" class=\"ImageText\">\r\n\r\n    <section class=\"info \">\r\n        <div class=\"container\">\r\n            <div class=\"info_text\">\r\n                <div class=\"info_title\">\r\n                    <p class=''>NUESTRO EQUIPO<\/p>\n                <\/div>\r\n                <div class=\"info_description\">\r\n                    <p>Nuestros profesionales son la base de nuestro \u00e9xito. Su <strong>experiencia, dedicaci\u00f3n y compromiso<\/strong> impulsan nos permiten ofrecer servicios de primer nivel en m\u00faltiples disciplinas.<\/p>\n<p>Nuestro equipo no s\u00f3lo est\u00e1 dotado de profundos conocimientos t\u00e9cnicos, sino que tambi\u00e9n encarna un firme compromiso para ofrecer soluciones personalizadas e innovadoras. Esta <strong>combinaci\u00f3n de talento humano y conocimientos t\u00e9cnicos<\/strong> es lo que diferencia a Auren en el competitivo mundo de la consultor\u00eda.<\/p>\n                <\/div>\r\n            <\/div>\r\n            <div class=\"info_media\">\r\n                <div class=\"info_media_item info_media_item-1\">\r\n                    <div class=\"info_media_item_text\"><span class=\"title\"><\/span><\/div>\r\n                    <div class=\"info_media_item_text_claim\"><\/div>\r\n                    <span class=\"info_media_item_bg\">\r\n                                                    <img decoding=\"async\" width=\"640\" height=\"366\" data-src=\"https:\/\/auren.com\/es\/wp-content\/uploads\/2025\/01\/international-auren-media-banner-3-scaled-1-1024x585.webp\" class=\"attachment-large size-large lazyload\" alt=\"\" data-srcset=\"https:\/\/auren.com\/es\/wp-content\/uploads\/2025\/01\/international-auren-media-banner-3-scaled-1-1024x585.webp 1024w, https:\/\/auren.com\/es\/wp-content\/uploads\/2025\/01\/international-auren-media-banner-3-scaled-1-300x171.webp 300w, https:\/\/auren.com\/es\/wp-content\/uploads\/2025\/01\/international-auren-media-banner-3-scaled-1-768x439.webp 768w, https:\/\/auren.com\/es\/wp-content\/uploads\/2025\/01\/international-auren-media-banner-3-scaled-1-1536x878.webp 1536w, https:\/\/auren.com\/es\/wp-content\/uploads\/2025\/01\/international-auren-media-banner-3-scaled-1-2048x1170.webp 2048w\" data-sizes=\"auto\" src=\"data:image\/svg+xml;base64,PHN2ZyB3aWR0aD0iMSIgaGVpZ2h0PSIxIiB4bWxucz0iaHR0cDovL3d3dy53My5vcmcvMjAwMC9zdmciPjwvc3ZnPg==\" style=\"--smush-placeholder-width: 640px; --smush-placeholder-aspect-ratio: 640\/366;\" data-original-sizes=\"(max-width: 640px) 100vw, 640px\" \/>                                            <\/span>\r\n                                                        <\/div>\r\n                <div class=\"info_media_claim\">\r\n                                    <\/div>\r\n                <div class=\"info_media_item info_media_item-2\">\r\n                    <div class=\"info_media_item_text\"><span class=\"title\"><\/span><\/div>\r\n                    <div class=\"info_media_item_text_claim\"><\/div>\r\n                    <span class=\"info_media_item_bg\">\r\n                                                    <img decoding=\"async\" width=\"640\" height=\"354\" data-src=\"https:\/\/auren.com\/es\/wp-content\/uploads\/2025\/01\/image-text-6-1-scaled-1-1024x567.webp\" class=\"attachment-large size-large lazyload\" alt=\"\" data-srcset=\"https:\/\/auren.com\/es\/wp-content\/uploads\/2025\/01\/image-text-6-1-scaled-1-1024x567.webp 1024w, https:\/\/auren.com\/es\/wp-content\/uploads\/2025\/01\/image-text-6-1-scaled-1-300x166.webp 300w, https:\/\/auren.com\/es\/wp-content\/uploads\/2025\/01\/image-text-6-1-scaled-1-768x425.webp 768w, https:\/\/auren.com\/es\/wp-content\/uploads\/2025\/01\/image-text-6-1-scaled-1-1536x851.webp 1536w, https:\/\/auren.com\/es\/wp-content\/uploads\/2025\/01\/image-text-6-1-scaled-1-2048x1134.webp 2048w\" data-sizes=\"auto\" src=\"data:image\/svg+xml;base64,PHN2ZyB3aWR0aD0iMSIgaGVpZ2h0PSIxIiB4bWxucz0iaHR0cDovL3d3dy53My5vcmcvMjAwMC9zdmciPjwvc3ZnPg==\" style=\"--smush-placeholder-width: 640px; --smush-placeholder-aspect-ratio: 640\/354;\" data-original-sizes=\"(max-width: 640px) 100vw, 640px\" \/>                                            <\/span>\r\n                                                        <\/div>\r\n            <\/div>\r\n        <\/div>\r\n    <\/section>\r\n\r\n<\/section>\r\n\r\n\n\n<div id=\"TitleSubtitleText-block_700f0450a932dbc60fe0851099a61b66\" class=\"TitleSubtitleText\">\n\n    <section class=\"headlines v1\">\n        <div class=\"container\">\n                        <div class=\"headlines_title\">\n                <h3 class=''>PROFESIONALES<\/h3>\n            <\/div>\n                                <\/div>\n    <\/section>\n\n<\/div>\n\n\n<div id=\"Professionals-block_6cc7c5b282acc28969c410ceaa68d706\" class=\"Professionals\">\n<div class=\"filters\">\n    <div class=\"container\">\n        <div class=\"filters_nav\">\n            <a class=\"filters_nav_button\" href=\"#\">Filtrar<\/a>\n            <div class=\"filters_nav_content filters_nav_content-large\">\n                <div class=\"filers_and_search\">\n                    <div class=\"filters_nav_tags\"><\/div>\n                    <div id=\"search-btn\" class=\"filters_nav_tags close-modal\">\n                        <div class=\"filters_nav_tags_item close\">Search<\/div>\n                    <\/div>\n                <\/div>\n\n                <div class=\"filters_nav_list\"><p class=\"filters_nav_list_title\"><img decoding=\"async\" data-src=\"https:\/\/auren.com\/es\/wp-content\/themes\/auren\/assets\/images\/ico-offices.svg\" alt=\"\" src=\"data:image\/svg+xml;base64,PHN2ZyB3aWR0aD0iMSIgaGVpZ2h0PSIxIiB4bWxucz0iaHR0cDovL3d3dy53My5vcmcvMjAwMC9zdmciPjwvc3ZnPg==\" class=\"lazyload\"><span>Oficinas<\/span><\/p><div class=\"filters_checks\"><label class=\"filters_nav_list_item\"><input class=\"filters_nav_list_check\" type=\"checkbox\" data-term=\"all\" data-taxonomy=\"office\"><span class=\"filters_nav_list_text\">Todos\/as<\/span><\/label><label class=\"filters_nav_list_item\"><input class=\"filters_nav_list_check\" type=\"checkbox\" data-term=\"12074\" data-taxonomy=\"office\"><span class=\"filters_nav_list_text\">A Coru\u00f1a<\/span><\/label><label class=\"filters_nav_list_item\"><input class=\"filters_nav_list_check\" type=\"checkbox\" data-term=\"12078\" data-taxonomy=\"office\"><span class=\"filters_nav_list_text\">Alicante<\/span><\/label><label class=\"filters_nav_list_item\"><input class=\"filters_nav_list_check\" type=\"checkbox\" data-term=\"12012\" data-taxonomy=\"office\"><span class=\"filters_nav_list_text\">Barcelona<\/span><\/label><label class=\"filters_nav_list_item\"><input class=\"filters_nav_list_check\" type=\"checkbox\" data-term=\"12076\" data-taxonomy=\"office\"><span class=\"filters_nav_list_text\">Bilbao<\/span><\/label><label class=\"filters_nav_list_item\"><input class=\"filters_nav_list_check\" type=\"checkbox\" data-term=\"12080\" data-taxonomy=\"office\"><span class=\"filters_nav_list_text\">Cartagena<\/span><\/label><label class=\"filters_nav_list_item\"><input class=\"filters_nav_list_check\" type=\"checkbox\" data-term=\"12082\" data-taxonomy=\"office\"><span class=\"filters_nav_list_text\">Las Palmas de Gran Canaria Asesores<\/span><\/label><label class=\"filters_nav_list_item\"><input class=\"filters_nav_list_check\" type=\"checkbox\" data-term=\"12118\" data-taxonomy=\"office\"><span class=\"filters_nav_list_text\">Las Palmas de Gran Canaria Auditores<\/span><\/label><label class=\"filters_nav_list_item\"><input class=\"filters_nav_list_check\" type=\"checkbox\" data-term=\"12084\" data-taxonomy=\"office\"><span class=\"filters_nav_list_text\">Madrid<\/span><\/label><label class=\"filters_nav_list_item\"><input class=\"filters_nav_list_check\" type=\"checkbox\" data-term=\"12090\" data-taxonomy=\"office\"><span class=\"filters_nav_list_text\">Murcia<\/span><\/label><label class=\"filters_nav_list_item\"><input class=\"filters_nav_list_check\" type=\"checkbox\" data-term=\"12086\" data-taxonomy=\"office\"><span class=\"filters_nav_list_text\">M\u00e1laga<\/span><\/label><label class=\"filters_nav_list_item\"><input class=\"filters_nav_list_check\" type=\"checkbox\" data-term=\"12116\" data-taxonomy=\"office\"><span class=\"filters_nav_list_text\">Palma (Islas Baleares)<\/span><\/label><label class=\"filters_nav_list_item\"><input class=\"filters_nav_list_check\" type=\"checkbox\" data-term=\"12088\" data-taxonomy=\"office\"><span class=\"filters_nav_list_text\">Sevilla<\/span><\/label><label class=\"filters_nav_list_item\"><input class=\"filters_nav_list_check\" type=\"checkbox\" data-term=\"12014\" data-taxonomy=\"office\"><span class=\"filters_nav_list_text\">Valencia<\/span><\/label><label class=\"filters_nav_list_item\"><input class=\"filters_nav_list_check\" type=\"checkbox\" data-term=\"12092\" data-taxonomy=\"office\"><span class=\"filters_nav_list_text\">Valladolid<\/span><\/label><label class=\"filters_nav_list_item\"><input class=\"filters_nav_list_check\" type=\"checkbox\" data-term=\"12094\" data-taxonomy=\"office\"><span class=\"filters_nav_list_text\">Vigo-Pontevedra<\/span><\/label><label class=\"filters_nav_list_item\"><input class=\"filters_nav_list_check\" type=\"checkbox\" data-term=\"12096\" data-taxonomy=\"office\"><span class=\"filters_nav_list_text\">Zaragoza<\/span><\/label><\/div><\/div><div class=\"filters_nav_list\"><p class=\"filters_nav_list_title\"><img decoding=\"async\" data-src=\"https:\/\/auren.com\/es\/wp-content\/themes\/auren\/assets\/images\/ico-services.svg\" alt=\"\" src=\"data:image\/svg+xml;base64,PHN2ZyB3aWR0aD0iMSIgaGVpZ2h0PSIxIiB4bWxucz0iaHR0cDovL3d3dy53My5vcmcvMjAwMC9zdmciPjwvc3ZnPg==\" class=\"lazyload\"><span>Servicios<\/span><\/p><div class=\"filters_checks\"><label class=\"filters_nav_list_item\"><input class=\"filters_nav_list_check\" type=\"checkbox\" data-term=\"all\" data-taxonomy=\"service\"><span class=\"filters_nav_list_text\">Todos\/as<\/span><\/label><label class=\"filters_nav_list_item\"><input class=\"filters_nav_list_check\" type=\"checkbox\" data-term=\"3808\" data-taxonomy=\"service\"><span class=\"filters_nav_list_text\">Auditor\u00eda<\/span><\/label><label class=\"filters_nav_list_item\"><input class=\"filters_nav_list_check\" type=\"checkbox\" data-term=\"3666\" data-taxonomy=\"service\"><span class=\"filters_nav_list_text\">Consultor\u00eda<\/span><\/label><label class=\"filters_nav_list_item\"><input class=\"filters_nav_list_check\" type=\"checkbox\" data-term=\"3662\" data-taxonomy=\"service\"><span class=\"filters_nav_list_text\">Corporate<\/span><\/label><label class=\"filters_nav_list_item\"><input class=\"filters_nav_list_check\" type=\"checkbox\" data-term=\"27150\" data-taxonomy=\"service\"><span class=\"filters_nav_list_text\">Corporativo<\/span><\/label><label class=\"filters_nav_list_item\"><input class=\"filters_nav_list_check\" type=\"checkbox\" data-term=\"3769\" data-taxonomy=\"service\"><span class=\"filters_nav_list_text\">Legal<\/span><\/label><\/div><\/div>                <div class=\"modal-loading\" aria-hidden=\"true\">\n                    <div class=\"spinner\" role=\"status\" aria-label=\"Loading Professionals...\"><\/div>\n                    <p class=\"loading-text\">Loading Professionals&#8230;<\/p>\n                <\/div>\n            <\/div>\n        <\/div>\n    <\/div>\n<\/div>\n\n    <section class=\"ProfessionalsDistributive experts\">\n        <div class=\"container\">\n            <div class=\"professionals\"><\/div>\n            <div class=\"experts_pagination\"><\/div>\n\n                    <\/div>\n    <\/section>\n\n\n<\/div>\n\n\n\n\r\n<section id=\"ParentPostsListDisplay-block_af7b7e221fe351eac818d566e91b5742\" class=\"ParentPostsListDisplay\">\r\n    \r\n        <section class=\"transformation\" id=\"transformation\">\r\n            <div class=\"container\">\r\n                                <div class=\"transformation_title\">\r\n                    <p>NUESTROS SERVICIOS<\/p>\n                <\/div>\r\n                \r\n                                <div class=\"transformation_description\">\r\n                    <p>La multidisciplinariedad y la experiencia en coordinar proyectos entre diferentes especialistas nos permiten ofrecer servicios desde una perspectiva global orientada a la calidad. Descubre nuestros servicios profesionales.<\/p>\n                <\/div>\r\n                \r\n                <div class=\"transformation_content\">\r\n                    <ul class='transformation_list'><li class=\"transformation_list_item transformation_list_item-1\" data-position=\"1\">\r\n                <a class=\"transformation_list_item_link\" href=\"#\">Legal<\/a>\r\n                <div class=\"transformation_list_item_text\">\r\n                    <p>Especializados en derecho con un enfoque estrat\u00e9gico y orientado a las necesidades empresariales\u00a0<\/p>\r\n                    <a class='button button-primary' href='https:\/\/auren.com\/es\/servicios\/legal\/'>M\u00e1s informaci\u00f3n<\/a>\r\n                <\/div>\r\n            <\/li><li class=\"transformation_list_item transformation_list_item-2\" data-position=\"2\">\r\n                <a class=\"transformation_list_item_link\" href=\"#\">Consultor\u00eda<\/a>\r\n                <div class=\"transformation_list_item_text\">\r\n                    <p>Soluciones 360\u00b0 que agregan valor a tu negocio con servicios de Estrategia y Procesos, gesti\u00f3n de Personas y Tecnolog\u00eda<\/p>\r\n                    <a class='button button-primary' href='https:\/\/auren.com\/es\/servicios\/consultoria\/'>M\u00e1s informaci\u00f3n<\/a>\r\n                <\/div>\r\n            <\/li><\/ul>                    <div class=\"transformation_media\">\r\n                        <div class=\"transformation_media_main\">\r\n                            <img decoding=\"async\" width=\"640\" height=\"644\" data-src=\"https:\/\/auren.com\/es\/wp-content\/uploads\/2024\/11\/example-transformation-media.webp\" class=\"transformation_media_main_bg lazyload\" alt=\"\" data-srcset=\"https:\/\/auren.com\/es\/wp-content\/uploads\/2024\/11\/example-transformation-media.webp 1000w, https:\/\/auren.com\/es\/wp-content\/uploads\/2024\/11\/example-transformation-media-298x300.webp 298w, https:\/\/auren.com\/es\/wp-content\/uploads\/2024\/11\/example-transformation-media-150x150.webp 150w, https:\/\/auren.com\/es\/wp-content\/uploads\/2024\/11\/example-transformation-media-768x773.webp 768w\" data-sizes=\"auto\" src=\"data:image\/svg+xml;base64,PHN2ZyB3aWR0aD0iMSIgaGVpZ2h0PSIxIiB4bWxucz0iaHR0cDovL3d3dy53My5vcmcvMjAwMC9zdmciPjwvc3ZnPg==\" style=\"--smush-placeholder-width: 640px; --smush-placeholder-aspect-ratio: 640\/644;\" data-original-sizes=\"(max-width: 640px) 100vw, 640px\" \/>                            <a class=\"transformation_media_main_link transformation_media_main_link-1\" href=\"https:\/\/auren.com\/es\/servicios\/legal\/\">\r\n                <span><\/span> \r\n                <strong>Legal<\/strong>\r\n            <\/a><a class=\"transformation_media_main_link transformation_media_main_link-2\" href=\"https:\/\/auren.com\/es\/servicios\/consultoria\/\">\r\n                <span><\/span> \r\n                <strong>Consultor\u00eda<\/strong>\r\n            <\/a>                        <\/div>\r\n                        <div class=\"transformation_media_secondary\">\r\n                            <img decoding=\"async\" width=\"577\" height=\"385\" data-src=\"https:\/\/auren.com\/es\/wp-content\/uploads\/2025\/01\/example-mosaic-2-1.webp\" class=\"transformation_media_secondary_bg transformation_media_secondary_bg-1 lazyload\" alt=\"\" data-srcset=\"https:\/\/auren.com\/es\/wp-content\/uploads\/2025\/01\/example-mosaic-2-1.webp 577w, https:\/\/auren.com\/es\/wp-content\/uploads\/2025\/01\/example-mosaic-2-1-300x200.webp 300w\" data-sizes=\"auto\" src=\"data:image\/svg+xml;base64,PHN2ZyB3aWR0aD0iMSIgaGVpZ2h0PSIxIiB4bWxucz0iaHR0cDovL3d3dy53My5vcmcvMjAwMC9zdmciPjwvc3ZnPg==\" style=\"--smush-placeholder-width: 577px; --smush-placeholder-aspect-ratio: 577\/385;\" data-original-sizes=\"(max-width: 577px) 100vw, 577px\" \/><img decoding=\"async\" width=\"577\" height=\"385\" data-src=\"https:\/\/auren.com\/es\/wp-content\/uploads\/2025\/01\/example-mosaic-3-1.webp\" class=\"transformation_media_secondary_bg transformation_media_secondary_bg-2 lazyload\" alt=\"\" data-srcset=\"https:\/\/auren.com\/es\/wp-content\/uploads\/2025\/01\/example-mosaic-3-1.webp 577w, https:\/\/auren.com\/es\/wp-content\/uploads\/2025\/01\/example-mosaic-3-1-300x200.webp 300w\" data-sizes=\"auto\" src=\"data:image\/svg+xml;base64,PHN2ZyB3aWR0aD0iMSIgaGVpZ2h0PSIxIiB4bWxucz0iaHR0cDovL3d3dy53My5vcmcvMjAwMC9zdmciPjwvc3ZnPg==\" style=\"--smush-placeholder-width: 577px; --smush-placeholder-aspect-ratio: 577\/385;\" data-original-sizes=\"(max-width: 577px) 100vw, 577px\" \/>                        <\/div>\r\n                    <\/div>\r\n                <\/div>\r\n            <\/div>\r\n        <\/section>\r\n\r\n    <\/section>\r\n\r\n","protected":false},"excerpt":{"rendered":"","protected":false},"author":2,"featured_media":0,"parent":11861,"menu_order":10,"comment_status":"closed","ping_status":"closed","template":"page-templates\/professionals.php","meta":{"_acf_changed":false,"footnotes":""},"class_list":["post-11875","page","type-page","status-publish","hentry"],"acf":[],"yoast_head":"<!-- This site is optimized with the Yoast SEO plugin v27.0 - https:\/\/yoast.com\/product\/yoast-seo-wordpress\/ -->\n<title>Nuestros expertos - Auren<\/title>\n<meta name=\"robots\" content=\"index, follow, max-snippet:-1, max-image-preview:large, max-video-preview:-1\" \/>\n<link rel=\"canonical\" href=\"https:\/\/auren.com\/es\/conoce-auren\/nuestros-expertos\/\" \/>\n<meta property=\"og:locale\" content=\"es_ES\" \/>\n<meta property=\"og:type\" content=\"article\" \/>\n<meta property=\"og:title\" content=\"Nuestros expertos - Auren\" \/>\n<meta property=\"og:url\" content=\"https:\/\/auren.com\/es\/conoce-auren\/nuestros-expertos\/\" \/>\n<meta property=\"og:site_name\" content=\"Auren\" \/>\n<meta property=\"article:modified_time\" content=\"2025-09-17T14:01:01+00:00\" \/>\n<meta name=\"twitter:card\" content=\"summary_large_image\" \/>\n<meta name=\"twitter:site\" content=\"@auren_spain\" \/>\n<script type=\"application\/ld+json\" class=\"yoast-schema-graph\">{\"@context\":\"https:\/\/schema.org\",\"@graph\":[{\"@type\":\"WebPage\",\"@id\":\"https:\/\/auren.com\/es\/conoce-auren\/nuestros-expertos\/\",\"url\":\"https:\/\/auren.com\/es\/conoce-auren\/nuestros-expertos\/\",\"name\":\"Nuestros expertos - Auren\",\"isPartOf\":{\"@id\":\"https:\/\/auren.com\/es\/#website\"},\"datePublished\":\"2025-01-10T10:39:28+00:00\",\"dateModified\":\"2025-09-17T14:01:01+00:00\",\"breadcrumb\":{\"@id\":\"https:\/\/auren.com\/es\/conoce-auren\/nuestros-expertos\/#breadcrumb\"},\"inLanguage\":\"es\",\"potentialAction\":[{\"@type\":\"ReadAction\",\"target\":[\"https:\/\/auren.com\/es\/conoce-auren\/nuestros-expertos\/\"]}]},{\"@type\":\"BreadcrumbList\",\"@id\":\"https:\/\/auren.com\/es\/conoce-auren\/nuestros-expertos\/#breadcrumb\",\"itemListElement\":[{\"@type\":\"ListItem\",\"position\":1,\"name\":\"Portada\",\"item\":\"https:\/\/auren.com\/es\/\"},{\"@type\":\"ListItem\",\"position\":2,\"name\":\"Conoce Auren\",\"item\":\"https:\/\/auren.com\/es\/conoce-auren\/\"},{\"@type\":\"ListItem\",\"position\":3,\"name\":\"Nuestros expertos\"}]},{\"@type\":\"WebSite\",\"@id\":\"https:\/\/auren.com\/es\/#website\",\"url\":\"https:\/\/auren.com\/es\/\",\"name\":\"Auren\",\"description\":\"\",\"publisher\":{\"@id\":\"https:\/\/auren.com\/es\/#organization\"},\"alternateName\":\"Auren\",\"potentialAction\":[{\"@type\":\"SearchAction\",\"target\":{\"@type\":\"EntryPoint\",\"urlTemplate\":\"https:\/\/auren.com\/es\/?s={search_term_string}\"},\"query-input\":{\"@type\":\"PropertyValueSpecification\",\"valueRequired\":true,\"valueName\":\"search_term_string\"}}],\"inLanguage\":\"es\"},{\"@type\":\"Organization\",\"@id\":\"https:\/\/auren.com\/es\/#organization\",\"name\":\"Auren\",\"alternateName\":\"Auren\",\"url\":\"https:\/\/auren.com\/es\/\",\"logo\":{\"@type\":\"ImageObject\",\"inLanguage\":\"es\",\"@id\":\"https:\/\/auren.com\/es\/#\/schema\/logo\/image\/\",\"url\":\"https:\/\/auren.com\/es\/wp-content\/uploads\/2025\/01\/cropped-cropped-favicon-Auren.png\",\"contentUrl\":\"https:\/\/auren.com\/es\/wp-content\/uploads\/2025\/01\/cropped-cropped-favicon-Auren.png\",\"width\":512,\"height\":512,\"caption\":\"Auren\"},\"image\":{\"@id\":\"https:\/\/auren.com\/es\/#\/schema\/logo\/image\/\"},\"sameAs\":[\"https:\/\/x.com\/auren_spain\",\"https:\/\/www.linkedin.com\/company\/aurenspainserviciosprofesionales\",\"https:\/\/www.youtube.com\/@AurenEsp\",\"https:\/\/www.instagram.com\/auren_spain\"]}]}<\/script>\n<!-- \/ Yoast SEO plugin. -->","yoast_head_json":{"title":"Nuestros expertos - Auren","robots":{"index":"index","follow":"follow","max-snippet":"max-snippet:-1","max-image-preview":"max-image-preview:large","max-video-preview":"max-video-preview:-1"},"canonical":"https:\/\/auren.com\/es\/conoce-auren\/nuestros-expertos\/","og_locale":"es_ES","og_type":"article","og_title":"Nuestros expertos - Auren","og_url":"https:\/\/auren.com\/es\/conoce-auren\/nuestros-expertos\/","og_site_name":"Auren","article_modified_time":"2025-09-17T14:01:01+00:00","twitter_card":"summary_large_image","twitter_site":"@auren_spain","schema":{"@context":"https:\/\/schema.org","@graph":[{"@type":"WebPage","@id":"https:\/\/auren.com\/es\/conoce-auren\/nuestros-expertos\/","url":"https:\/\/auren.com\/es\/conoce-auren\/nuestros-expertos\/","name":"Nuestros expertos - Auren","isPartOf":{"@id":"https:\/\/auren.com\/es\/#website"},"datePublished":"2025-01-10T10:39:28+00:00","dateModified":"2025-09-17T14:01:01+00:00","breadcrumb":{"@id":"https:\/\/auren.com\/es\/conoce-auren\/nuestros-expertos\/#breadcrumb"},"inLanguage":"es","potentialAction":[{"@type":"ReadAction","target":["https:\/\/auren.com\/es\/conoce-auren\/nuestros-expertos\/"]}]},{"@type":"BreadcrumbList","@id":"https:\/\/auren.com\/es\/conoce-auren\/nuestros-expertos\/#breadcrumb","itemListElement":[{"@type":"ListItem","position":1,"name":"Portada","item":"https:\/\/auren.com\/es\/"},{"@type":"ListItem","position":2,"name":"Conoce Auren","item":"https:\/\/auren.com\/es\/conoce-auren\/"},{"@type":"ListItem","position":3,"name":"Nuestros expertos"}]},{"@type":"WebSite","@id":"https:\/\/auren.com\/es\/#website","url":"https:\/\/auren.com\/es\/","name":"Auren","description":"","publisher":{"@id":"https:\/\/auren.com\/es\/#organization"},"alternateName":"Auren","potentialAction":[{"@type":"SearchAction","target":{"@type":"EntryPoint","urlTemplate":"https:\/\/auren.com\/es\/?s={search_term_string}"},"query-input":{"@type":"PropertyValueSpecification","valueRequired":true,"valueName":"search_term_string"}}],"inLanguage":"es"},{"@type":"Organization","@id":"https:\/\/auren.com\/es\/#organization","name":"Auren","alternateName":"Auren","url":"https:\/\/auren.com\/es\/","logo":{"@type":"ImageObject","inLanguage":"es","@id":"https:\/\/auren.com\/es\/#\/schema\/logo\/image\/","url":"https:\/\/auren.com\/es\/wp-content\/uploads\/2025\/01\/cropped-cropped-favicon-Auren.png","contentUrl":"https:\/\/auren.com\/es\/wp-content\/uploads\/2025\/01\/cropped-cropped-favicon-Auren.png","width":512,"height":512,"caption":"Auren"},"image":{"@id":"https:\/\/auren.com\/es\/#\/schema\/logo\/image\/"},"sameAs":["https:\/\/x.com\/auren_spain","https:\/\/www.linkedin.com\/company\/aurenspainserviciosprofesionales","https:\/\/www.youtube.com\/@AurenEsp","https:\/\/www.instagram.com\/auren_spain"]}]}},"_links":{"self":[{"href":"https:\/\/auren.com\/es\/wp-json\/wp\/v2\/pages\/11875","targetHints":{"allow":["GET"]}}],"collection":[{"href":"https:\/\/auren.com\/es\/wp-json\/wp\/v2\/pages"}],"about":[{"href":"https:\/\/auren.com\/es\/wp-json\/wp\/v2\/types\/page"}],"author":[{"embeddable":true,"href":"https:\/\/auren.com\/es\/wp-json\/wp\/v2\/users\/2"}],"replies":[{"embeddable":true,"href":"https:\/\/auren.com\/es\/wp-json\/wp\/v2\/comments?post=11875"}],"version-history":[{"count":0,"href":"https:\/\/auren.com\/es\/wp-json\/wp\/v2\/pages\/11875\/revisions"}],"up":[{"embeddable":true,"href":"https:\/\/auren.com\/es\/wp-json\/wp\/v2\/pages\/11861"}],"wp:attachment":[{"href":"https:\/\/auren.com\/es\/wp-json\/wp\/v2\/media?parent=11875"}],"curies":[{"name":"wp","href":"https:\/\/api.w.org\/{rel}","templated":true}]}}