{"id":15159,"date":"2025-01-21T14:09:38","date_gmt":"2025-01-21T13:09:38","guid":{"rendered":"https:\/\/auren.com\/es\/?page_id=15159"},"modified":"2025-10-21T12:18:21","modified_gmt":"2025-10-21T10:18:21","slug":"aviso-legal","status":"publish","type":"page","link":"https:\/\/auren.com\/es\/aviso-legal\/","title":{"rendered":"Aviso Legal"},"content":{"rendered":"<section id=\"HeaderSlider-block_cdf4037001fb4a2dd6938b373aa4819d\" class=\"Header HeaderSlider\">\r\n\r\n    \r\n    <div class=\"hero-home\">\r\n        <div class=\"hero-home_swiper swiper\" id=\"heroSwiper\">\r\n            <div class=\"swiper-wrapper\">\r\n                \r\n                <div class=\"swiper-slide lazyload\" style=\"background-image:inherit;\" data-bg-image=\"url(&#039;https:\/\/auren.com\/es\/wp-content\/uploads\/2025\/01\/Rectangle-16-1-1.webp&#039;)\">\r\n                    <div class=\"container\">\r\n                        <div class=\"hero-home_header\">\r\n                            \r\n            <div class=\"hero-home_header_title\">\r\n                <h1>Aviso Legal<\/h1>\n\r\n            <\/div>\r\n                            \r\n                        <\/div>\r\n                    <\/div>\r\n                <\/div>\r\n                            <\/div>\r\n            <div class=\"container\">\r\n                <div class=\"swiper-pagination\"><\/div>\r\n            <\/div>\r\n        <\/div>\r\n\r\n        <nav class=\"hero-home_nav\"><\/nav>\r\n                <p class=\"hero-home_scroll\"><strong>Explorar m\u00e1s<\/strong> Despl\u00e1zate hacia abajo<\/p>\r\n            <\/div>\r\n\r\n        \r\n<\/section>\r\n\n\n\r\n<section id=\"Breadcrumbs-block_977d225538121067166048ff7e34d163\" class=\"Breadcrumbs\">\r\n    \r\n        <nav class=\"breads\" aria-label=\"Breadcrumb\">\r\n            <ul class=\"container\">\r\n                <li><a href=\"https:\/\/auren.com\/es\">Home<\/a><\/li>\r\n                <li><span aria-current=\"page\">Aviso Legal<\/span><\/li>            <\/ul>\r\n        <\/nav>\r\n\r\n                                                                                     \r\n    \r\n<\/section>\r\n\n\n<div id=\"ContainerLegals-block_81ad5ebdb621e337aee93aceab2328f6\" class=\"ContainerLegals\" style=\"background-image:url(); background-color: \">\r\n    <div class=\"container\">\r\n        <div class=\"acf-innerblocks-container\">\n\n<h2 class=\"wp-block-heading has-text-align-center\">AVISO LEGAL<\/h2>\n\n\n\n<p><strong>INFORMACI\u00d3N GENERAL<\/strong><\/p>\n\n\n\n<p><strong>AUREN INTERNACIONAL, SERVICIOS PROFESIONALES AVANZADOS, S.L.,<\/strong> con domicilio social en la Calle Mallorca 260, \u00c1tico de Madrid (08008), que figura inscrita en el Registro Mercantil de Barcelona, Tomo 39192, Folio 212, Hoja B-340916, con C.I.F. B64250970.<\/p>\n\n\n\n<p><strong>AUREN SERVICIOS PROFESIONALES AVANZADOS S.L.,<\/strong> con domicilio social en la Avenida General Per\u00f3n, 38 3\u00aa planta de Madrid (28020), que figura inscrita en el Registro Mercantil de Madrid, Tomo 16976, Folio 161, Hoja M-290496, con C.I.F. B83151464.<\/p>\n\n\n\n<p><strong>AUREN AUDITORES SP SLP,<\/strong> con domicilio social en la Avenida General Per\u00f3n, 38 de Madrid (28020), que figura inscrita en el Registro Mercantil de Madrid, Tomo 33829, Folio 89, Hoja M-608799, con C.I.F.B87352357.<\/p>\n\n\n\n<p><strong>AUREN CORPORATE SP SLP,<\/strong> con domicilio social en la Avenida General Per\u00f3n, 38 de Madrid (28020), que figura inscrita en el Registro Mercantil de Madrid, Tomo 33900, Folio 95, Hoja M-610021, con C.I.F. B87364659.<\/p>\n\n\n\n<p><strong>AUREN CONSULTORES SP SLP,<\/strong> con domicilio social en Madrid, en la Avenida General Per\u00f3n, 38 de Madrid (28020), que figura inscrita en el Registro Mercantil de Madrid, Tomo 33829, Folio 79, Hoja M-608798, con C.I.F. B87352340<\/p>\n\n\n\n<p><strong>AUREN LEGAL SP, S.L.,<\/strong> con domicilio social en Madrid, en la Avenida General Per\u00f3n, 38 de Madrid (28020), que figura inscrita en el Registro Mercantil de Madrid, Tomo 33949, Folio 31, Hoja M-610939, con C.I.F. B87352373<\/p>\n\n\n\n<p><strong>AUREN HOLDING SP SLP,<\/strong> con domicilio social en Madrid, en la Avenida General Per\u00f3n, 38 3\u00aa Planta de Madrid (28020), que figura inscrita en el Registro Mercantil de Madrid, Tomo 34728, Folio 145, Hoja M-624626, con C.I.F. B87558797<\/p>\n\n\n\n<p><strong>AUREN INTERNACIONAL SERVICIOS PROFESIONALES AVANZADOS, S.L.,<\/strong> con domicilio social en la Calle Mallorca, 260 \u00c1tico de Barcelona (08008), que figura inscrita en el Registro Mercantil de Barcelona, Tomo 39182, Folio 115, Hoja B-340916, con C.I.F. B64250970.<\/p>\n\n\n\n<p><strong>A efectos de comunicaci\u00f3n la direcci\u00f3n de todas las anteriores empresas ser\u00e1:<\/strong> Avenida General Per\u00f3n, 38 3\u00aa Planta \u2013 28020 \u2013 Madrid<\/p>\n\n<\/div>\r\n    <\/div>\r\n<\/div>\r\n","protected":false},"excerpt":{"rendered":"","protected":false},"author":2,"featured_media":0,"parent":0,"menu_order":0,"comment_status":"closed","ping_status":"closed","template":"","meta":{"_acf_changed":false,"footnotes":""},"class_list":["post-15159","page","type-page","status-publish","hentry"],"acf":[],"yoast_head":"<!-- This site is optimized with the Yoast SEO plugin v27.0 - https:\/\/yoast.com\/product\/yoast-seo-wordpress\/ -->\n<title>Aviso Legal - Auren<\/title>\n<meta name=\"robots\" content=\"index, follow, max-snippet:-1, max-image-preview:large, max-video-preview:-1\" \/>\n<link rel=\"canonical\" href=\"https:\/\/auren.com\/es\/aviso-legal\/\" \/>\n<meta property=\"og:locale\" content=\"es_ES\" \/>\n<meta property=\"og:type\" content=\"article\" \/>\n<meta property=\"og:title\" content=\"Aviso Legal - Auren\" \/>\n<meta property=\"og:url\" content=\"https:\/\/auren.com\/es\/aviso-legal\/\" \/>\n<meta property=\"og:site_name\" content=\"Auren\" \/>\n<meta property=\"article:modified_time\" content=\"2025-10-21T10:18:21+00:00\" \/>\n<meta name=\"twitter:card\" content=\"summary_large_image\" \/>\n<meta name=\"twitter:site\" content=\"@auren_spain\" \/>\n<meta name=\"twitter:label1\" content=\"Tiempo de lectura\" \/>\n\t<meta name=\"twitter:data1\" content=\"2 minutos\" \/>\n<script type=\"application\/ld+json\" class=\"yoast-schema-graph\">{\"@context\":\"https:\/\/schema.org\",\"@graph\":[{\"@type\":\"WebPage\",\"@id\":\"https:\/\/auren.com\/es\/aviso-legal\/\",\"url\":\"https:\/\/auren.com\/es\/aviso-legal\/\",\"name\":\"Aviso Legal - Auren\",\"isPartOf\":{\"@id\":\"https:\/\/auren.com\/es\/#website\"},\"datePublished\":\"2025-01-21T13:09:38+00:00\",\"dateModified\":\"2025-10-21T10:18:21+00:00\",\"breadcrumb\":{\"@id\":\"https:\/\/auren.com\/es\/aviso-legal\/#breadcrumb\"},\"inLanguage\":\"es\",\"potentialAction\":[{\"@type\":\"ReadAction\",\"target\":[\"https:\/\/auren.com\/es\/aviso-legal\/\"]}]},{\"@type\":\"BreadcrumbList\",\"@id\":\"https:\/\/auren.com\/es\/aviso-legal\/#breadcrumb\",\"itemListElement\":[{\"@type\":\"ListItem\",\"position\":1,\"name\":\"Portada\",\"item\":\"https:\/\/auren.com\/es\/\"},{\"@type\":\"ListItem\",\"position\":2,\"name\":\"Aviso Legal\"}]},{\"@type\":\"WebSite\",\"@id\":\"https:\/\/auren.com\/es\/#website\",\"url\":\"https:\/\/auren.com\/es\/\",\"name\":\"Auren\",\"description\":\"\",\"publisher\":{\"@id\":\"https:\/\/auren.com\/es\/#organization\"},\"alternateName\":\"Auren\",\"potentialAction\":[{\"@type\":\"SearchAction\",\"target\":{\"@type\":\"EntryPoint\",\"urlTemplate\":\"https:\/\/auren.com\/es\/?s={search_term_string}\"},\"query-input\":{\"@type\":\"PropertyValueSpecification\",\"valueRequired\":true,\"valueName\":\"search_term_string\"}}],\"inLanguage\":\"es\"},{\"@type\":\"Organization\",\"@id\":\"https:\/\/auren.com\/es\/#organization\",\"name\":\"Auren\",\"alternateName\":\"Auren\",\"url\":\"https:\/\/auren.com\/es\/\",\"logo\":{\"@type\":\"ImageObject\",\"inLanguage\":\"es\",\"@id\":\"https:\/\/auren.com\/es\/#\/schema\/logo\/image\/\",\"url\":\"https:\/\/auren.com\/es\/wp-content\/uploads\/2025\/01\/cropped-cropped-favicon-Auren.png\",\"contentUrl\":\"https:\/\/auren.com\/es\/wp-content\/uploads\/2025\/01\/cropped-cropped-favicon-Auren.png\",\"width\":512,\"height\":512,\"caption\":\"Auren\"},\"image\":{\"@id\":\"https:\/\/auren.com\/es\/#\/schema\/logo\/image\/\"},\"sameAs\":[\"https:\/\/x.com\/auren_spain\",\"https:\/\/www.linkedin.com\/company\/aurenspainserviciosprofesionales\",\"https:\/\/www.youtube.com\/@AurenEsp\",\"https:\/\/www.instagram.com\/auren_spain\"]}]}<\/script>\n<!-- \/ Yoast SEO plugin. -->","yoast_head_json":{"title":"Aviso Legal - Auren","robots":{"index":"index","follow":"follow","max-snippet":"max-snippet:-1","max-image-preview":"max-image-preview:large","max-video-preview":"max-video-preview:-1"},"canonical":"https:\/\/auren.com\/es\/aviso-legal\/","og_locale":"es_ES","og_type":"article","og_title":"Aviso Legal - Auren","og_url":"https:\/\/auren.com\/es\/aviso-legal\/","og_site_name":"Auren","article_modified_time":"2025-10-21T10:18:21+00:00","twitter_card":"summary_large_image","twitter_site":"@auren_spain","twitter_misc":{"Tiempo de lectura":"2 minutos"},"schema":{"@context":"https:\/\/schema.org","@graph":[{"@type":"WebPage","@id":"https:\/\/auren.com\/es\/aviso-legal\/","url":"https:\/\/auren.com\/es\/aviso-legal\/","name":"Aviso Legal - Auren","isPartOf":{"@id":"https:\/\/auren.com\/es\/#website"},"datePublished":"2025-01-21T13:09:38+00:00","dateModified":"2025-10-21T10:18:21+00:00","breadcrumb":{"@id":"https:\/\/auren.com\/es\/aviso-legal\/#breadcrumb"},"inLanguage":"es","potentialAction":[{"@type":"ReadAction","target":["https:\/\/auren.com\/es\/aviso-legal\/"]}]},{"@type":"BreadcrumbList","@id":"https:\/\/auren.com\/es\/aviso-legal\/#breadcrumb","itemListElement":[{"@type":"ListItem","position":1,"name":"Portada","item":"https:\/\/auren.com\/es\/"},{"@type":"ListItem","position":2,"name":"Aviso Legal"}]},{"@type":"WebSite","@id":"https:\/\/auren.com\/es\/#website","url":"https:\/\/auren.com\/es\/","name":"Auren","description":"","publisher":{"@id":"https:\/\/auren.com\/es\/#organization"},"alternateName":"Auren","potentialAction":[{"@type":"SearchAction","target":{"@type":"EntryPoint","urlTemplate":"https:\/\/auren.com\/es\/?s={search_term_string}"},"query-input":{"@type":"PropertyValueSpecification","valueRequired":true,"valueName":"search_term_string"}}],"inLanguage":"es"},{"@type":"Organization","@id":"https:\/\/auren.com\/es\/#organization","name":"Auren","alternateName":"Auren","url":"https:\/\/auren.com\/es\/","logo":{"@type":"ImageObject","inLanguage":"es","@id":"https:\/\/auren.com\/es\/#\/schema\/logo\/image\/","url":"https:\/\/auren.com\/es\/wp-content\/uploads\/2025\/01\/cropped-cropped-favicon-Auren.png","contentUrl":"https:\/\/auren.com\/es\/wp-content\/uploads\/2025\/01\/cropped-cropped-favicon-Auren.png","width":512,"height":512,"caption":"Auren"},"image":{"@id":"https:\/\/auren.com\/es\/#\/schema\/logo\/image\/"},"sameAs":["https:\/\/x.com\/auren_spain","https:\/\/www.linkedin.com\/company\/aurenspainserviciosprofesionales","https:\/\/www.youtube.com\/@AurenEsp","https:\/\/www.instagram.com\/auren_spain"]}]}},"_links":{"self":[{"href":"https:\/\/auren.com\/es\/wp-json\/wp\/v2\/pages\/15159","targetHints":{"allow":["GET"]}}],"collection":[{"href":"https:\/\/auren.com\/es\/wp-json\/wp\/v2\/pages"}],"about":[{"href":"https:\/\/auren.com\/es\/wp-json\/wp\/v2\/types\/page"}],"author":[{"embeddable":true,"href":"https:\/\/auren.com\/es\/wp-json\/wp\/v2\/users\/2"}],"replies":[{"embeddable":true,"href":"https:\/\/auren.com\/es\/wp-json\/wp\/v2\/comments?post=15159"}],"version-history":[{"count":0,"href":"https:\/\/auren.com\/es\/wp-json\/wp\/v2\/pages\/15159\/revisions"}],"wp:attachment":[{"href":"https:\/\/auren.com\/es\/wp-json\/wp\/v2\/media?parent=15159"}],"curies":[{"name":"wp","href":"https:\/\/api.w.org\/{rel}","templated":true}]}}