{"id":16958,"date":"2025-02-05T17:25:39","date_gmt":"2025-02-05T16:25:39","guid":{"rendered":"https:\/\/auren.com\/es\/?page_id=16958"},"modified":"2025-07-01T16:16:40","modified_gmt":"2025-07-01T14:16:40","slug":"contacto-paises","status":"publish","type":"page","link":"https:\/\/auren.com\/es\/contacto-paises\/","title":{"rendered":"Contacto Pa\u00edses"},"content":{"rendered":"<section id=\"Header-block_d10e1c8c7f18b50abea81cb46f328a33\" class=\"Header\">\r\n\r\n    <div class=\"hero\">\r\n                <div class=\"container\">\r\n            <div class=\"hero_header\">\r\n                                \r\n                <div class=\"hero_header_title\">\r\n                    <h1 class=''>CONTACTO<\/h1>\n                <\/div>\r\n\r\n                                                \r\n                <div class=\"hero_header_title\">\r\n                    <p class='' style=\"text-align: right;\"><strong>PA\u00cdSES<\/strong><\/p>\n                <\/div>\r\n\r\n                                                \r\n                <div class=\"hero_header_subtitle\">\r\n                    <p>Completa el formulario si necesitas m\u00e1s informaci\u00f3n. Nos pondremos en contacto contigo lo antes posible.<\/p>\n                <\/div>\r\n\r\n                                \r\n            <\/div>\r\n        <\/div>\r\n        \r\n                <picture>\r\n            <source data-srcset=\"https:\/\/auren.com\/es\/wp-content\/uploads\/2024\/11\/bg-hero-contact-countries-d.webp\"\r\n                media=\"(min-width: 1200px)\" \/>\r\n            <img decoding=\"async\" class=\"hero_bg lazyload\"\r\n                <img decoding=\"async\" width=\"640\" height=\"383\" data-src=\"https:\/\/auren.com\/es\/wp-content\/uploads\/2024\/11\/bg-hero-contact-countries-d-1024x612.webp\" class=\"hero_bg lazyload\" alt=\"\" data-srcset=\"https:\/\/auren.com\/es\/wp-content\/uploads\/2024\/11\/bg-hero-contact-countries-d-1024x612.webp 1024w, https:\/\/auren.com\/es\/wp-content\/uploads\/2024\/11\/bg-hero-contact-countries-d-300x179.webp 300w, https:\/\/auren.com\/es\/wp-content\/uploads\/2024\/11\/bg-hero-contact-countries-d-768x459.webp 768w, https:\/\/auren.com\/es\/wp-content\/uploads\/2024\/11\/bg-hero-contact-countries-d.webp 1200w\" data-sizes=\"auto\" src=\"data:image\/svg+xml;base64,PHN2ZyB3aWR0aD0iMSIgaGVpZ2h0PSIxIiB4bWxucz0iaHR0cDovL3d3dy53My5vcmcvMjAwMC9zdmciPjwvc3ZnPg==\" style=\"--smush-placeholder-width: 640px; --smush-placeholder-aspect-ratio: 640\/383;\" data-original-sizes=\"(max-width: 640px) 100vw, 640px\" \/>>\r\n        <\/picture>\r\n        \r\n                        <p class=\"hero_scroll\"><strong>Explorar m\u00e1s<\/strong> Despl\u00e1zate hacia abajo<\/p>\r\n                    <\/div>\r\n\r\n<\/section>\n\n\r\n<section id=\"Breadcrumbs-block_8b690efbbb813e6fa6cb90740f98704b\" class=\"Breadcrumbs\">\r\n    \r\n        <nav class=\"breads\" aria-label=\"Breadcrumb\">\r\n            <ul class=\"container\">\r\n                <li><a href=\"https:\/\/auren.com\/es\">Home<\/a><\/li>\r\n                <li><span aria-current=\"page\">Contacto Pa\u00edses<\/span><\/li>            <\/ul>\r\n        <\/nav>\r\n\r\n                                                                                     \r\n    \r\n<\/section>\r\n\n\n\r\n<section id=\"ContactFormCountry-block_7da83d88d239464db4e5f8175f1a067a\" class=\"ContactFormCountry\">\r\n\r\n    <div class=\"container\">\r\n        <div class=\"row\">\r\n            <div class=\"col-lg-6\">\r\n\r\n                <section class=\"info v3\">\r\n                    <div class=\"container\">\r\n                        <div class=\"info_text\">\r\n                            <div class=\"info_title\">\r\n                                <div>\n<h3>Disponemos de una amplia visi\u00f3n de mercado<\/h3>\n<\/div>\n                            <\/div>\r\n                        <\/div>\r\n                        <div class=\"info_media\">\r\n                            <div class=\"info_media_title\">\r\n                                                            <\/div>\r\n                            <div class=\"info_media_item info_media_item-1\">\r\n                                <span class=\"info_media_item_bg\"><img decoding=\"async\" width=\"640\" height=\"381\" data-src=\"https:\/\/auren.com\/es\/wp-content\/uploads\/2025\/01\/image-text-10-scaled-1-1024x610.webp\" alt=\"\" data-srcset=\"https:\/\/auren.com\/es\/wp-content\/uploads\/2025\/01\/image-text-10-scaled-1-1024x610.webp 1024w, https:\/\/auren.com\/es\/wp-content\/uploads\/2025\/01\/image-text-10-scaled-1-300x179.webp 300w, https:\/\/auren.com\/es\/wp-content\/uploads\/2025\/01\/image-text-10-scaled-1-768x457.webp 768w, https:\/\/auren.com\/es\/wp-content\/uploads\/2025\/01\/image-text-10-scaled-1-1536x914.webp 1536w, https:\/\/auren.com\/es\/wp-content\/uploads\/2025\/01\/image-text-10-scaled-1-2048x1219.webp 2048w\" data-sizes=\"auto\" src=\"data:image\/svg+xml;base64,PHN2ZyB3aWR0aD0iMSIgaGVpZ2h0PSIxIiB4bWxucz0iaHR0cDovL3d3dy53My5vcmcvMjAwMC9zdmciPjwvc3ZnPg==\" class=\"lazyload\" style=\"--smush-placeholder-width: 640px; --smush-placeholder-aspect-ratio: 640\/381;\" data-original-sizes=\"(max-width: 640px) 100vw, 640px\" \/><\/span>\r\n                            <\/div>\r\n                            <div class=\"info_media_item info_media_item-2\">\r\n                                <span class=\"info_media_item_bg\"><img decoding=\"async\" width=\"567\" height=\"389\" data-src=\"https:\/\/auren.com\/es\/wp-content\/uploads\/2025\/01\/international-desk.webp\" alt=\"\" data-srcset=\"https:\/\/auren.com\/es\/wp-content\/uploads\/2025\/01\/international-desk.webp 567w, https:\/\/auren.com\/es\/wp-content\/uploads\/2025\/01\/international-desk-300x206.webp 300w\" data-sizes=\"auto\" src=\"data:image\/svg+xml;base64,PHN2ZyB3aWR0aD0iMSIgaGVpZ2h0PSIxIiB4bWxucz0iaHR0cDovL3d3dy53My5vcmcvMjAwMC9zdmciPjwvc3ZnPg==\" class=\"lazyload\" style=\"--smush-placeholder-width: 567px; --smush-placeholder-aspect-ratio: 567\/389;\" data-original-sizes=\"(max-width: 567px) 100vw, 567px\" \/><\/span>\r\n                            <\/div>\r\n                        <\/div>\r\n                    <\/div>\r\n                <\/section>\r\n\r\n            <\/div>\r\n            <div class=\"col-lg-6\">\r\n\r\n                <section class=\"contact contact-country\">\r\n                    <div class=\"container\">\r\n                        <div class=\"contact_wrapper\">\r\n                            \n<div class=\"wpcf7 no-js\" id=\"wpcf7-f84-o1\" lang=\"es-ES\" dir=\"ltr\" data-wpcf7-id=\"84\">\n<div class=\"screen-reader-response\"><p role=\"status\" aria-live=\"polite\" aria-atomic=\"true\"><\/p> <ul><\/ul><\/div>\n<form action=\"\/es\/wp-json\/wp\/v2\/pages\/16958#wpcf7-f84-o1\" method=\"post\" class=\"wpcf7-form init\" aria-label=\"Formulario de contacto\" novalidate=\"novalidate\" data-status=\"init\">\n<fieldset class=\"hidden-fields-container\"><input type=\"hidden\" name=\"_wpcf7\" value=\"84\" \/><input type=\"hidden\" name=\"_wpcf7_version\" value=\"6.1.5\" \/><input type=\"hidden\" name=\"_wpcf7_locale\" value=\"es_ES\" \/><input type=\"hidden\" name=\"_wpcf7_unit_tag\" value=\"wpcf7-f84-o1\" \/><input type=\"hidden\" name=\"_wpcf7_container_post\" value=\"0\" \/><input type=\"hidden\" name=\"_wpcf7_posted_data_hash\" value=\"\" \/><input type=\"hidden\" name=\"_wpcf7dtx_version\" value=\"5.0.5\" \/>\n<\/fieldset>\n<span class=\"wpcf7-form-control-wrap your-subject\" data-name=\"your-subject\"><input type=\"hidden\" name=\"your-subject\" class=\"wpcf7-form-control wpcf7-hidden wpcf7dtx wpcf7dtx-hidden\" aria-invalid=\"false\" value=\"Auren Espa\u00f1a - Solicitud Contacto Pa\u00edses - [ES] - No country\"><\/span>\n<span class=\"wpcf7-form-control-wrap country\" data-name=\"country\"><input type=\"hidden\" name=\"country\" class=\"wpcf7-form-control wpcf7-hidden wpcf7dtx wpcf7dtx-hidden\" aria-invalid=\"false\" value=\"[ES] - No country\"><\/span>\n<span class=\"wpcf7-form-control-wrap email-to\" data-name=\"email-to\"><input type=\"hidden\" name=\"email-to\" class=\"wpcf7-form-control wpcf7-hidden wpcf7dtx wpcf7dtx-hidden\" aria-invalid=\"false\" value=\"nuria.vidal@auren.es,visi.cuestas@auren.es\"><\/span>\n<span class=\"wpcf7-form-control-wrap current-language\" data-name=\"current-language\"><input type=\"hidden\" name=\"current-language\" class=\"wpcf7-form-control wpcf7-hidden wpcf7dtx wpcf7dtx-hidden\" aria-invalid=\"false\" value=\"Es\"><\/span>\n<span class=\"wpcf7-form-control-wrap country-name\" data-name=\"country-name\"><input type=\"hidden\" name=\"country-name\" class=\"wpcf7-form-control wpcf7-hidden wpcf7dtx wpcf7dtx-hidden\" aria-invalid=\"false\" value=\"No country\"><\/span>\n<div class=\"contact_field contact_field-placeholder\">\n\t<p><span class=\"wpcf7-form-control-wrap\" data-name=\"your-name\"><input size=\"40\" maxlength=\"400\" class=\"wpcf7-form-control wpcf7-text wpcf7-validates-as-required\" id=\"your-name\" autocomplete=\"name\" aria-required=\"true\" aria-invalid=\"false\" value=\"\" type=\"text\" name=\"your-name\" \/><\/span><label for=\"your-name\">Nombre completo<span>*<\/span><\/label>\n\t<\/p>\n<\/div>\n<div class=\"contact_field contact_field-placeholder\">\n\t<p><span class=\"wpcf7-form-control-wrap\" data-name=\"your-company\"><input size=\"40\" maxlength=\"400\" class=\"wpcf7-form-control wpcf7-text wpcf7-validates-as-required\" id=\"your-company\" aria-required=\"true\" aria-invalid=\"false\" value=\"\" type=\"text\" name=\"your-company\" \/><\/span><label for=\"your-company\">Empresa<span>*<\/span><\/label>\n\t<\/p>\n<\/div>\n<div class=\"contact_field contact_field-placeholder\">\n\t<p><span class=\"wpcf7-form-control-wrap\" data-name=\"your-email\"><input size=\"40\" maxlength=\"400\" class=\"wpcf7-form-control wpcf7-email wpcf7-validates-as-required wpcf7-text wpcf7-validates-as-email\" id=\"your-email\" autocomplete=\"email\" aria-required=\"true\" aria-invalid=\"false\" value=\"\" type=\"email\" name=\"your-email\" \/><\/span><label for=\"your-email\">Email<span>*<\/span><\/label>\n\t<\/p>\n<\/div>\n<div class=\"contact_field contact_field-placeholder\">\n\t<p><span class=\"wpcf7-form-control-wrap\" data-name=\"your-phone\"><input size=\"40\" maxlength=\"400\" class=\"wpcf7-form-control wpcf7-text wpcf7-validates-as-required\" id=\"your-phone\" aria-required=\"true\" aria-invalid=\"false\" value=\"\" type=\"text\" name=\"your-phone\" \/><\/span><label for=\"your-phone\">Tel\u00e9fono<span>*<\/span><\/label>\n\t<\/p>\n<\/div>\n<div class=\"contact_field contact_field-textarea\">\n\t<p><span class=\"wpcf7-form-control-wrap\" data-name=\"your-message\"><textarea cols=\"40\" rows=\"10\" maxlength=\"2000\" class=\"wpcf7-form-control wpcf7-textarea wpcf7-validates-as-required\" id=\"your-message\" aria-required=\"true\" aria-invalid=\"false\" name=\"your-message\"><\/textarea><\/span><label for=\"your-message\">Mensaje<\/label>\n\t<\/p>\n<\/div>\n<div class=\"contact_field contact_field-check\">\n\t<p><span class=\"wpcf7-form-control-wrap\" data-name=\"acceptance-216\"><span class=\"wpcf7-form-control wpcf7-acceptance\"><span class=\"wpcf7-list-item\"><label><input type=\"checkbox\" name=\"acceptance-216\" value=\"1\" aria-invalid=\"false\" \/><span class=\"wpcf7-list-item-label\">He le\u00eddo y acepto el\u00a0<a href=\"https:\/\/auren.com\/es\/aviso-legal\/\">aviso legal<\/a>\u00a0y la\u00a0<a href=\"https:\/\/auren.com\/es\/politica-de-privacidad-y-seguridad-de-la-informacion\/\">pol\u00edtica de privacidad<\/a><span>*<\/span><\/span><\/label><\/span><\/span><\/span>\n\t<\/p>\n<\/div>\n<p><button type=\"submit\" class=\"wpcf7-form-control wpcf7-submit button button-primary button-icon\">Enviar<\/button>\n<\/p><div class=\"wpcf7-response-output\" aria-hidden=\"true\"><\/div>\n<\/form>\n<\/div>\n                                                            <div class=\"contact_note\">\r\n                                    <p>Le informamos que los datos marcados con asterisco (*) son necesarios para poder atender su solicitud de informaci\u00f3n. Por el hecho de hacer clic en el bot\u00f3n \u201cenviar\u201d usted est\u00e1 prestando su consentimiento expreso e inequ\u00edvoco para que tratemos sus datos con el objeto de dar respuesta a su mensaje. Sus datos no ser\u00e1n cedidos terceros ajenos al Grupo Auren y ser\u00e1n eliminados una vez le remitamos nuestra respuesta. En cualquier caso, podr\u00e1 ejercitar sus derechos de acceso, rectificaci\u00f3n, supresi\u00f3n, portabilidad, limitaci\u00f3n y oposici\u00f3n al tratamiento de sus datos personales. Para m\u00e1s informaci\u00f3n puede consultar nuestra\u202f<a href=\"\/?page_id=15153\">Pol\u00edtica de Privacidad.<\/a><\/p>\n                                <\/div>\r\n                                                    <\/div>\r\n                    <\/div>\r\n                <\/section>\r\n\r\n            <\/div>\r\n        <\/div>\r\n    <\/div>\r\n\r\n<\/section>","protected":false},"excerpt":{"rendered":"","protected":false},"author":2,"featured_media":0,"parent":0,"menu_order":0,"comment_status":"closed","ping_status":"closed","template":"","meta":{"_acf_changed":false,"footnotes":""},"class_list":["post-16958","page","type-page","status-publish","hentry"],"acf":[],"yoast_head":"<!-- This site is optimized with the Yoast SEO plugin v27.0 - https:\/\/yoast.com\/product\/yoast-seo-wordpress\/ -->\n<title>Contacto Pa\u00edses - Auren<\/title>\n<meta name=\"robots\" content=\"index, follow, max-snippet:-1, max-image-preview:large, max-video-preview:-1\" \/>\n<link rel=\"canonical\" href=\"https:\/\/auren.com\/es\/contacto-paises\/\" \/>\n<meta property=\"og:locale\" content=\"es_ES\" \/>\n<meta property=\"og:type\" content=\"article\" \/>\n<meta property=\"og:title\" content=\"Contacto Pa\u00edses - Auren\" \/>\n<meta property=\"og:url\" content=\"https:\/\/auren.com\/es\/contacto-paises\/\" \/>\n<meta property=\"og:site_name\" content=\"Auren\" \/>\n<meta property=\"article:modified_time\" content=\"2025-07-01T14:16:40+00:00\" \/>\n<meta name=\"twitter:card\" content=\"summary_large_image\" \/>\n<meta name=\"twitter:site\" content=\"@auren_spain\" \/>\n<script type=\"application\/ld+json\" class=\"yoast-schema-graph\">{\"@context\":\"https:\/\/schema.org\",\"@graph\":[{\"@type\":\"WebPage\",\"@id\":\"https:\/\/auren.com\/es\/contacto-paises\/\",\"url\":\"https:\/\/auren.com\/es\/contacto-paises\/\",\"name\":\"Contacto Pa\u00edses - Auren\",\"isPartOf\":{\"@id\":\"https:\/\/auren.com\/es\/#website\"},\"datePublished\":\"2025-02-05T16:25:39+00:00\",\"dateModified\":\"2025-07-01T14:16:40+00:00\",\"breadcrumb\":{\"@id\":\"https:\/\/auren.com\/es\/contacto-paises\/#breadcrumb\"},\"inLanguage\":\"es\",\"potentialAction\":[{\"@type\":\"ReadAction\",\"target\":[\"https:\/\/auren.com\/es\/contacto-paises\/\"]}]},{\"@type\":\"BreadcrumbList\",\"@id\":\"https:\/\/auren.com\/es\/contacto-paises\/#breadcrumb\",\"itemListElement\":[{\"@type\":\"ListItem\",\"position\":1,\"name\":\"Portada\",\"item\":\"https:\/\/auren.com\/es\/\"},{\"@type\":\"ListItem\",\"position\":2,\"name\":\"Contacto Pa\u00edses\"}]},{\"@type\":\"WebSite\",\"@id\":\"https:\/\/auren.com\/es\/#website\",\"url\":\"https:\/\/auren.com\/es\/\",\"name\":\"Auren\",\"description\":\"\",\"publisher\":{\"@id\":\"https:\/\/auren.com\/es\/#organization\"},\"alternateName\":\"Auren\",\"potentialAction\":[{\"@type\":\"SearchAction\",\"target\":{\"@type\":\"EntryPoint\",\"urlTemplate\":\"https:\/\/auren.com\/es\/?s={search_term_string}\"},\"query-input\":{\"@type\":\"PropertyValueSpecification\",\"valueRequired\":true,\"valueName\":\"search_term_string\"}}],\"inLanguage\":\"es\"},{\"@type\":\"Organization\",\"@id\":\"https:\/\/auren.com\/es\/#organization\",\"name\":\"Auren\",\"alternateName\":\"Auren\",\"url\":\"https:\/\/auren.com\/es\/\",\"logo\":{\"@type\":\"ImageObject\",\"inLanguage\":\"es\",\"@id\":\"https:\/\/auren.com\/es\/#\/schema\/logo\/image\/\",\"url\":\"https:\/\/auren.com\/es\/wp-content\/uploads\/2025\/01\/cropped-cropped-favicon-Auren.png\",\"contentUrl\":\"https:\/\/auren.com\/es\/wp-content\/uploads\/2025\/01\/cropped-cropped-favicon-Auren.png\",\"width\":512,\"height\":512,\"caption\":\"Auren\"},\"image\":{\"@id\":\"https:\/\/auren.com\/es\/#\/schema\/logo\/image\/\"},\"sameAs\":[\"https:\/\/x.com\/auren_spain\",\"https:\/\/www.linkedin.com\/company\/aurenspainserviciosprofesionales\",\"https:\/\/www.youtube.com\/@AurenEsp\",\"https:\/\/www.instagram.com\/auren_spain\"]}]}<\/script>\n<!-- \/ Yoast SEO plugin. -->","yoast_head_json":{"title":"Contacto Pa\u00edses - Auren","robots":{"index":"index","follow":"follow","max-snippet":"max-snippet:-1","max-image-preview":"max-image-preview:large","max-video-preview":"max-video-preview:-1"},"canonical":"https:\/\/auren.com\/es\/contacto-paises\/","og_locale":"es_ES","og_type":"article","og_title":"Contacto Pa\u00edses - Auren","og_url":"https:\/\/auren.com\/es\/contacto-paises\/","og_site_name":"Auren","article_modified_time":"2025-07-01T14:16:40+00:00","twitter_card":"summary_large_image","twitter_site":"@auren_spain","schema":{"@context":"https:\/\/schema.org","@graph":[{"@type":"WebPage","@id":"https:\/\/auren.com\/es\/contacto-paises\/","url":"https:\/\/auren.com\/es\/contacto-paises\/","name":"Contacto Pa\u00edses - Auren","isPartOf":{"@id":"https:\/\/auren.com\/es\/#website"},"datePublished":"2025-02-05T16:25:39+00:00","dateModified":"2025-07-01T14:16:40+00:00","breadcrumb":{"@id":"https:\/\/auren.com\/es\/contacto-paises\/#breadcrumb"},"inLanguage":"es","potentialAction":[{"@type":"ReadAction","target":["https:\/\/auren.com\/es\/contacto-paises\/"]}]},{"@type":"BreadcrumbList","@id":"https:\/\/auren.com\/es\/contacto-paises\/#breadcrumb","itemListElement":[{"@type":"ListItem","position":1,"name":"Portada","item":"https:\/\/auren.com\/es\/"},{"@type":"ListItem","position":2,"name":"Contacto Pa\u00edses"}]},{"@type":"WebSite","@id":"https:\/\/auren.com\/es\/#website","url":"https:\/\/auren.com\/es\/","name":"Auren","description":"","publisher":{"@id":"https:\/\/auren.com\/es\/#organization"},"alternateName":"Auren","potentialAction":[{"@type":"SearchAction","target":{"@type":"EntryPoint","urlTemplate":"https:\/\/auren.com\/es\/?s={search_term_string}"},"query-input":{"@type":"PropertyValueSpecification","valueRequired":true,"valueName":"search_term_string"}}],"inLanguage":"es"},{"@type":"Organization","@id":"https:\/\/auren.com\/es\/#organization","name":"Auren","alternateName":"Auren","url":"https:\/\/auren.com\/es\/","logo":{"@type":"ImageObject","inLanguage":"es","@id":"https:\/\/auren.com\/es\/#\/schema\/logo\/image\/","url":"https:\/\/auren.com\/es\/wp-content\/uploads\/2025\/01\/cropped-cropped-favicon-Auren.png","contentUrl":"https:\/\/auren.com\/es\/wp-content\/uploads\/2025\/01\/cropped-cropped-favicon-Auren.png","width":512,"height":512,"caption":"Auren"},"image":{"@id":"https:\/\/auren.com\/es\/#\/schema\/logo\/image\/"},"sameAs":["https:\/\/x.com\/auren_spain","https:\/\/www.linkedin.com\/company\/aurenspainserviciosprofesionales","https:\/\/www.youtube.com\/@AurenEsp","https:\/\/www.instagram.com\/auren_spain"]}]}},"_links":{"self":[{"href":"https:\/\/auren.com\/es\/wp-json\/wp\/v2\/pages\/16958","targetHints":{"allow":["GET"]}}],"collection":[{"href":"https:\/\/auren.com\/es\/wp-json\/wp\/v2\/pages"}],"about":[{"href":"https:\/\/auren.com\/es\/wp-json\/wp\/v2\/types\/page"}],"author":[{"embeddable":true,"href":"https:\/\/auren.com\/es\/wp-json\/wp\/v2\/users\/2"}],"replies":[{"embeddable":true,"href":"https:\/\/auren.com\/es\/wp-json\/wp\/v2\/comments?post=16958"}],"version-history":[{"count":0,"href":"https:\/\/auren.com\/es\/wp-json\/wp\/v2\/pages\/16958\/revisions"}],"wp:attachment":[{"href":"https:\/\/auren.com\/es\/wp-json\/wp\/v2\/media?parent=16958"}],"curies":[{"name":"wp","href":"https:\/\/api.w.org\/{rel}","templated":true}]}}