{"id":8372,"date":"2025-01-23T20:05:55","date_gmt":"2025-01-23T19:05:55","guid":{"rendered":"https:\/\/auren.com\/mx\/aviso-legal\/"},"modified":"2025-11-06T15:52:32","modified_gmt":"2025-11-06T14:52:32","slug":"legal-notice","status":"publish","type":"page","link":"https:\/\/auren.com\/mx\/en\/legal-notice\/","title":{"rendered":"Legal notice"},"content":{"rendered":"<section id=\"HeaderSlider-block_88193db955fafd9034226920544d322b\" class=\"Header HeaderSlider\">\r\n\r\n    \r\n    <div class=\"hero-home\">\r\n        <div class=\"hero-home_swiper swiper\" id=\"heroSwiper\">\r\n            <div class=\"swiper-wrapper\">\r\n                \r\n                <div class=\"swiper-slide lazyload\" style=\"background-image:inherit;\" data-bg-image=\"url(&#039;https:\/\/auren.com\/mx\/wp-content\/uploads\/2025\/01\/Rectangle-16-1-1.webp&#039;)\">\r\n                    <div class=\"container\">\r\n                        <div class=\"hero-home_header\">\r\n                            \r\n            <div class=\"hero-home_header_title\">\r\n                <h1>Legal notice<\/h1>\n\r\n            <\/div>\r\n                            \r\n                        <\/div>\r\n                    <\/div>\r\n                <\/div>\r\n                            <\/div>\r\n            <div class=\"container\">\r\n                <div class=\"swiper-pagination\"><\/div>\r\n            <\/div>\r\n        <\/div>\r\n\r\n        <nav class=\"hero-home_nav\"><\/nav>\r\n                <p class=\"hero-home_scroll\"><strong>Explore More<\/strong> Scroll down<\/p>\r\n            <\/div>\r\n\r\n        \r\n<\/section>\r\n\n\n\r\n<section id=\"Breadcrumbs-block_577a61c601b2d53bf94e2c46b0fb0be5\" class=\"Breadcrumbs\">\r\n    \r\n        <nav class=\"breads\" aria-label=\"Breadcrumb\">\r\n            <ul class=\"container\">\r\n                <li><a href=\"https:\/\/auren.com\/mx\/en\/\">Home<\/a><\/li>\r\n                <li><span aria-current=\"page\">Legal notice<\/span><\/li>            <\/ul>\r\n        <\/nav>\r\n\r\n                                                                                     \r\n    \r\n<\/section>\r\n\n\n<div id=\"ContainerLegals-block_2f627c21c6203a5e57467bf1d9370bc4\" class=\"ContainerLegals\" style=\"background-image:url(); background-color: \">\r\n    <div class=\"container\">\r\n        <div class=\"acf-innerblocks-container\">\n\n<h3 class=\"wp-block-heading\">INFORMACI\u00d3N GENERAL<\/h3>\n\n\n\n<ul class=\"wp-block-list\">\n<li><strong>Nombre comercial para efectos de M\u00e9xico:\u00a0AUREN M\u00e9xico<\/strong>, ubicado en Campos El\u00edseos 169-202, Polanco V Secci\u00f3n, Miguel Hidalgo, 11560, Ciudad de M\u00e9xico, M\u00e9xico.<\/li>\n\n\n\n<li><strong>Correo electr\u00f3nico:<\/strong>\u00a0<a href=\"mailto:contacto@auren.mx\" target=\"_blank\" rel=\"noreferrer noopener\">contacto@auren.mx<\/a><\/li>\n\n\n\n<li><strong>N\u00famero de tel\u00e9fono:<\/strong>\u00a0+52 55 6129 5105<\/li>\n<\/ul>\n\n<\/div>\r\n    <\/div>\r\n<\/div>\r\n\n\n\n<p><\/p>\n","protected":false},"excerpt":{"rendered":"","protected":false},"author":2,"featured_media":0,"parent":0,"menu_order":0,"comment_status":"closed","ping_status":"closed","template":"","meta":{"_acf_changed":false,"footnotes":""},"class_list":["post-8372","page","type-page","status-publish","hentry"],"acf":[],"yoast_head":"<!-- This site is optimized with the Yoast SEO plugin v27.4 - https:\/\/yoast.com\/product\/yoast-seo-wordpress\/ -->\n<title>Legal notice - Auren M\u00e9xico<\/title>\n<meta name=\"robots\" content=\"index, follow, max-snippet:-1, max-image-preview:large, max-video-preview:-1\" \/>\n<link rel=\"canonical\" href=\"https:\/\/auren.com\/mx\/en\/legal-notice\/\" \/>\n<meta property=\"og:locale\" content=\"en_US\" \/>\n<meta property=\"og:type\" content=\"article\" \/>\n<meta property=\"og:title\" content=\"Legal notice - Auren M\u00e9xico\" \/>\n<meta property=\"og:url\" content=\"https:\/\/auren.com\/mx\/en\/legal-notice\/\" \/>\n<meta property=\"og:site_name\" content=\"Auren M\u00e9xico\" \/>\n<meta property=\"article:publisher\" content=\"https:\/\/www.facebook.com\/AurenMexico\/\" \/>\n<meta property=\"article:modified_time\" content=\"2025-11-06T14:52:32+00:00\" \/>\n<meta name=\"twitter:card\" content=\"summary_large_image\" \/>\n<meta name=\"twitter:site\" content=\"@Auren_Mexico\" \/>\n<meta name=\"twitter:label1\" content=\"Est. reading time\" \/>\n\t<meta name=\"twitter:data1\" content=\"1 minute\" \/>\n<script type=\"application\/ld+json\" class=\"yoast-schema-graph\">{\"@context\":\"https:\\\/\\\/schema.org\",\"@graph\":[{\"@type\":\"WebPage\",\"@id\":\"https:\\\/\\\/auren.com\\\/mx\\\/en\\\/legal-notice\\\/\",\"url\":\"https:\\\/\\\/auren.com\\\/mx\\\/en\\\/legal-notice\\\/\",\"name\":\"Legal notice - Auren M\u00e9xico\",\"isPartOf\":{\"@id\":\"https:\\\/\\\/auren.com\\\/mx\\\/en\\\/#website\"},\"datePublished\":\"2025-01-23T19:05:55+00:00\",\"dateModified\":\"2025-11-06T14:52:32+00:00\",\"breadcrumb\":{\"@id\":\"https:\\\/\\\/auren.com\\\/mx\\\/en\\\/legal-notice\\\/#breadcrumb\"},\"inLanguage\":\"en-US\",\"potentialAction\":[{\"@type\":\"ReadAction\",\"target\":[\"https:\\\/\\\/auren.com\\\/mx\\\/en\\\/legal-notice\\\/\"]}]},{\"@type\":\"BreadcrumbList\",\"@id\":\"https:\\\/\\\/auren.com\\\/mx\\\/en\\\/legal-notice\\\/#breadcrumb\",\"itemListElement\":[{\"@type\":\"ListItem\",\"position\":1,\"name\":\"Portada\",\"item\":\"https:\\\/\\\/auren.com\\\/mx\\\/en\\\/\"},{\"@type\":\"ListItem\",\"position\":2,\"name\":\"Legal notice\"}]},{\"@type\":\"WebSite\",\"@id\":\"https:\\\/\\\/auren.com\\\/mx\\\/en\\\/#website\",\"url\":\"https:\\\/\\\/auren.com\\\/mx\\\/en\\\/\",\"name\":\"Auren Mexico\",\"description\":\"\",\"publisher\":{\"@id\":\"https:\\\/\\\/auren.com\\\/mx\\\/en\\\/#organization\"},\"potentialAction\":[{\"@type\":\"SearchAction\",\"target\":{\"@type\":\"EntryPoint\",\"urlTemplate\":\"https:\\\/\\\/auren.com\\\/mx\\\/en\\\/?s={search_term_string}\"},\"query-input\":{\"@type\":\"PropertyValueSpecification\",\"valueRequired\":true,\"valueName\":\"search_term_string\"}}],\"inLanguage\":\"en-US\"},{\"@type\":\"Organization\",\"@id\":\"https:\\\/\\\/auren.com\\\/mx\\\/en\\\/#organization\",\"name\":\"Auren Mexico\",\"url\":\"https:\\\/\\\/auren.com\\\/mx\\\/en\\\/\",\"logo\":{\"@type\":\"ImageObject\",\"inLanguage\":\"en-US\",\"@id\":\"https:\\\/\\\/auren.com\\\/mx\\\/en\\\/#\\\/schema\\\/logo\\\/image\\\/\",\"url\":\"https:\\\/\\\/auren.com\\\/mx\\\/wp-content\\\/uploads\\\/2025\\\/01\\\/cropped-cropped-favicon-Auren.png\",\"contentUrl\":\"https:\\\/\\\/auren.com\\\/mx\\\/wp-content\\\/uploads\\\/2025\\\/01\\\/cropped-cropped-favicon-Auren.png\",\"width\":512,\"height\":512,\"caption\":\"Auren Mexico\"},\"image\":{\"@id\":\"https:\\\/\\\/auren.com\\\/mx\\\/en\\\/#\\\/schema\\\/logo\\\/image\\\/\"},\"sameAs\":[\"https:\\\/\\\/www.facebook.com\\\/AurenMexico\\\/\",\"https:\\\/\\\/x.com\\\/Auren_Mexico\",\"https:\\\/\\\/www.youtube.com\\\/channel\\\/UCcXaG4Mj_-dazS7WAz2qvKQ\",\"https:\\\/\\\/www.linkedin.com\\\/company\\\/auren-mxico\"]}]}<\/script>\n<!-- \/ Yoast SEO plugin. -->","yoast_head_json":{"title":"Legal notice - Auren M\u00e9xico","robots":{"index":"index","follow":"follow","max-snippet":"max-snippet:-1","max-image-preview":"max-image-preview:large","max-video-preview":"max-video-preview:-1"},"canonical":"https:\/\/auren.com\/mx\/en\/legal-notice\/","og_locale":"en_US","og_type":"article","og_title":"Legal notice - Auren M\u00e9xico","og_url":"https:\/\/auren.com\/mx\/en\/legal-notice\/","og_site_name":"Auren M\u00e9xico","article_publisher":"https:\/\/www.facebook.com\/AurenMexico\/","article_modified_time":"2025-11-06T14:52:32+00:00","twitter_card":"summary_large_image","twitter_site":"@Auren_Mexico","twitter_misc":{"Est. reading time":"1 minute"},"schema":{"@context":"https:\/\/schema.org","@graph":[{"@type":"WebPage","@id":"https:\/\/auren.com\/mx\/en\/legal-notice\/","url":"https:\/\/auren.com\/mx\/en\/legal-notice\/","name":"Legal notice - Auren M\u00e9xico","isPartOf":{"@id":"https:\/\/auren.com\/mx\/en\/#website"},"datePublished":"2025-01-23T19:05:55+00:00","dateModified":"2025-11-06T14:52:32+00:00","breadcrumb":{"@id":"https:\/\/auren.com\/mx\/en\/legal-notice\/#breadcrumb"},"inLanguage":"en-US","potentialAction":[{"@type":"ReadAction","target":["https:\/\/auren.com\/mx\/en\/legal-notice\/"]}]},{"@type":"BreadcrumbList","@id":"https:\/\/auren.com\/mx\/en\/legal-notice\/#breadcrumb","itemListElement":[{"@type":"ListItem","position":1,"name":"Portada","item":"https:\/\/auren.com\/mx\/en\/"},{"@type":"ListItem","position":2,"name":"Legal notice"}]},{"@type":"WebSite","@id":"https:\/\/auren.com\/mx\/en\/#website","url":"https:\/\/auren.com\/mx\/en\/","name":"Auren Mexico","description":"","publisher":{"@id":"https:\/\/auren.com\/mx\/en\/#organization"},"potentialAction":[{"@type":"SearchAction","target":{"@type":"EntryPoint","urlTemplate":"https:\/\/auren.com\/mx\/en\/?s={search_term_string}"},"query-input":{"@type":"PropertyValueSpecification","valueRequired":true,"valueName":"search_term_string"}}],"inLanguage":"en-US"},{"@type":"Organization","@id":"https:\/\/auren.com\/mx\/en\/#organization","name":"Auren Mexico","url":"https:\/\/auren.com\/mx\/en\/","logo":{"@type":"ImageObject","inLanguage":"en-US","@id":"https:\/\/auren.com\/mx\/en\/#\/schema\/logo\/image\/","url":"https:\/\/auren.com\/mx\/wp-content\/uploads\/2025\/01\/cropped-cropped-favicon-Auren.png","contentUrl":"https:\/\/auren.com\/mx\/wp-content\/uploads\/2025\/01\/cropped-cropped-favicon-Auren.png","width":512,"height":512,"caption":"Auren Mexico"},"image":{"@id":"https:\/\/auren.com\/mx\/en\/#\/schema\/logo\/image\/"},"sameAs":["https:\/\/www.facebook.com\/AurenMexico\/","https:\/\/x.com\/Auren_Mexico","https:\/\/www.youtube.com\/channel\/UCcXaG4Mj_-dazS7WAz2qvKQ","https:\/\/www.linkedin.com\/company\/auren-mxico"]}]}},"_links":{"self":[{"href":"https:\/\/auren.com\/mx\/en\/wp-json\/wp\/v2\/pages\/8372","targetHints":{"allow":["GET"]}}],"collection":[{"href":"https:\/\/auren.com\/mx\/en\/wp-json\/wp\/v2\/pages"}],"about":[{"href":"https:\/\/auren.com\/mx\/en\/wp-json\/wp\/v2\/types\/page"}],"author":[{"embeddable":true,"href":"https:\/\/auren.com\/mx\/en\/wp-json\/wp\/v2\/users\/2"}],"replies":[{"embeddable":true,"href":"https:\/\/auren.com\/mx\/en\/wp-json\/wp\/v2\/comments?post=8372"}],"version-history":[{"count":2,"href":"https:\/\/auren.com\/mx\/en\/wp-json\/wp\/v2\/pages\/8372\/revisions"}],"predecessor-version":[{"id":11403,"href":"https:\/\/auren.com\/mx\/en\/wp-json\/wp\/v2\/pages\/8372\/revisions\/11403"}],"wp:attachment":[{"href":"https:\/\/auren.com\/mx\/en\/wp-json\/wp\/v2\/media?parent=8372"}],"curies":[{"name":"wp","href":"https:\/\/api.w.org\/{rel}","templated":true}]}}