{"id":10243,"date":"2025-01-23T19:27:44","date_gmt":"2025-01-23T18:27:44","guid":{"rendered":"https:\/\/auren.com\/pt\/privacy-policy\/"},"modified":"2025-02-07T14:11:55","modified_gmt":"2025-02-07T13:11:55","slug":"privacy-policy","status":"publish","type":"page","link":"https:\/\/auren.com\/pt\/es\/privacy-policy\/","title":{"rendered":"Privacy Policy"},"content":{"rendered":"<section id=\"HeaderSlider-block_4c0a75a4cf814bc349741ab74055aaaa\" class=\"Header HeaderSlider\">\r\n\r\n    \r\n    <div class=\"hero-home\">\r\n        <div class=\"hero-home_swiper swiper\" id=\"heroSwiper\">\r\n            <div class=\"swiper-wrapper\">\r\n                \r\n                <div class=\"swiper-slide lazyload\" style=\"background-image:inherit;\" data-bg-image=\"url(&#039;https:\/\/auren.com\/pt\/wp-content\/uploads\/2025\/01\/Rectangle-16-1-1.webp&#039;)\">\r\n                    <div class=\"container\">\r\n                        <div class=\"hero-home_header\">\r\n                            \r\n            <div class=\"hero-home_header_title\">\r\n                <h1>POL\u00cdTICA DE PRIVACIDAD<\/h1>\n\r\n            <\/div>\r\n                            \r\n                        <\/div>\r\n                    <\/div>\r\n                <\/div>\r\n                            <\/div>\r\n            <div class=\"container\">\r\n                <div class=\"swiper-pagination\"><\/div>\r\n            <\/div>\r\n        <\/div>\r\n\r\n        <nav class=\"hero-home_nav\"><\/nav>\r\n                <p class=\"hero-home_scroll\"><strong>Explorar m\u00e1s<\/strong> Despl\u00e1cese hacia abajo<\/p>\r\n            <\/div>\r\n\r\n        \r\n<\/section>\r\n\n\n\r\n<section id=\"Breadcrumbs-block_1def44a37efe71d43a1ee5e740e961d9\" class=\"Breadcrumbs\">\r\n    \r\n        <nav class=\"breads\" aria-label=\"Breadcrumb\">\r\n            <ul class=\"container\">\r\n                <li><a href=\"https:\/\/auren.com\/pt\/es\/\">Home<\/a><\/li>\r\n                <li><span aria-current=\"page\">Privacy Policy<\/span><\/li>            <\/ul>\r\n        <\/nav>\r\n\r\n                                                                                     \r\n    \r\n<\/section>\r\n\n\n<div id=\"ContainerLegals-block_eb2f3f2f054f736b31a75780d8840208\" class=\"ContainerLegals\" style=\"background-image:url(); background-color: \">\r\n    <div class=\"container\">\r\n        <div class=\"acf-innerblocks-container\">\n\n<p>Todas las empresas que componen AUREN est\u00e1n altamente comprometidas con la seguridad de la informaci\u00f3n personal y con su procesamiento legal y transparente.<\/p>\n\n\n\n<p>En este documento, proporcionaremos informaci\u00f3n detallada relacionada con el tratamiento de los datos personales recopilados a trav\u00e9s de esta p\u00e1gina web.<\/p>\n\n\n\n<p><strong>CONTROLADOR<\/strong><\/p>\n\n\n\n<p>El procesamiento de sus datos ser\u00e1 realizado por:<\/p>\n\n\n\n<p>AUREN PORTUGAL<br>AUREN PORTUGAL (Auren Consultores Portugal)<br>NIF: 514088451<br>Correo electr\u00f3nico: dpd@auren.pt<\/p>\n\n\n\n<p>Direcci\u00f3n:Pra\u00e7a de Alvalade, n\u00ba 6, 13.\u00ba Frente<br>1700-036 Lisboa, Portugal<\/p>\n\n\n\n<p><strong>FINALIDAD DE LA RECOGIDA Y PROCESAMIENTO DE DATOS PERSONALES<\/strong><\/p>\n\n\n\n<p>Como controlador, las entidades mencionadas anteriormente (en adelante \u00abAUREN\u00bb) recopilan datos personales a trav\u00e9s de los formularios incluidos en esta p\u00e1gina web con los siguientes prop\u00f3sitos:<\/p>\n\n\n\n<ul class=\"wp-block-list\">\n<li>Responder a mensajes recibidos a trav\u00e9s del formulario de contacto relacionados con dudas, solicitudes de informaci\u00f3n u oportunidades de carrera.<\/li>\n<\/ul>\n\n\n\n<p><strong>DATOS PERSONALES A PROCESAR<\/strong><\/p>\n\n\n\n<p>El acceso general y la navegaci\u00f3n en esta p\u00e1gina web no requieren ning\u00fan registro del usuario, excepto cuando sea necesario para solicitar determinados servicios o funcionalidades. En ese caso, la informaci\u00f3n solicitada en los formularios de inscripci\u00f3n o registro deber\u00e1 ser proporcionada.<\/p>\n\n\n\n<p>Todos los campos marcados con un asterisco (*) en los formularios deben ser completados. La omisi\u00f3n de cualquiera de ellos puede imposibilitar la obtenci\u00f3n de los servicios o la informaci\u00f3n solicitada.<\/p>\n\n\n\n<p>En el formulario de contacto, recopilamos los datos necesarios para responder a su solicitud y proporcionar la informaci\u00f3n deseada.<\/p>\n\n\n\n<p>BASE LEGAL PARA EL PROCESAMIENTO DE DATOS PERSONALES<\/p>\n\n\n\n<p>El simple env\u00edo de sus datos personales a trav\u00e9s de cualquier formulario en esta p\u00e1gina web implica que usted otorga su consentimiento para el procesamiento.<\/p>\n\n\n\n<p>Al marcar la casilla incluida en los formularios de recopilaci\u00f3n de datos titulada \u00abHe le\u00eddo y acepto la Pol\u00edtica de Privacidad\u00bb y hacer clic en el bot\u00f3n \u00abEnviar\u00bb (o similar), est\u00e1 otorgando su consentimiento expl\u00edcito para el procesamiento de sus datos para los fines mencionados y declara haber le\u00eddo, comprendido y aceptado expresamente este Aviso y la Pol\u00edtica de Privacidad.<\/p>\n\n\n\n<p>Puede revocar el consentimiento otorgado en cualquier momento, sin que esto afecte la legalidad del procesamiento realizado anteriormente.<\/p>\n\n\n\n<p><strong>COMUNICACI\u00d3N Y USO DE LOS DATOS<\/strong><\/p>\n\n\n\n<p>Sus datos personales pueden ser compartidos con empresas pertenecientes a AUREN para fines administrativos internos. No se transferir\u00e1n a terceros sin su consentimiento, excepto cuando exista una obligaci\u00f3n legal de informar a las autoridades competentes.<\/p>\n\n\n\n<p>Sin embargo, para gestionar el servicio o la funcionalidad solicitada, AUREN puede contar con la colaboraci\u00f3n de proveedores de servicios externos que tendr\u00e1n acceso a sus datos, proces\u00e1ndolos en nombre de AUREN. En estos casos, AUREN se compromete a firmar con estos proveedores los contratos de procesamiento de datos adecuados y garantizar la implementaci\u00f3n de medidas t\u00e9cnicas y organizativas para proteger la informaci\u00f3n.<\/p>\n\n\n\n<p><strong>PERIODO DE CONSERVACI\u00d3N DE LOS DATOS PERSONALES<\/strong><\/p>\n\n\n\n<p>En general, sus datos personales se conservar\u00e1n solo durante el tiempo necesario para cumplir con el prop\u00f3sito para el que fueron recopilados, teniendo en cuenta la base legal del procesamiento.<br>En particular, los datos proporcionados a trav\u00e9s del formulario de \u00abContacto\u00bb se conservar\u00e1n mientras sean necesarios para responder a su solicitud de informaci\u00f3n.<\/p>\n\n\n\n<p><strong>DERECHOS DE LOS TITULARES DE LOS DATOS<\/strong><br>El titular de los datos tiene derecho a:<br>\u2022 Acceder a sus datos personales y conocer qu\u00e9 informaci\u00f3n est\u00e1 siendo procesada.<br>\u2022 Solicitar la rectificaci\u00f3n de datos incorrectos.<br>\u2022 Solicitar la eliminaci\u00f3n de datos que ya no sean necesarios.<br>\u2022 Oponerse al procesamiento de sus datos, si es aplicable.<br>\u2022 Restringir el procesamiento en determinadas circunstancias.<br>\u2022 Solicitar la portabilidad de sus datos, recibi\u00e9ndolos en un formato electr\u00f3nico estructurado y legible.<br>Para ejercer sus derechos, puede enviar un correo electr\u00f3nico a dpd@auren.pt, acreditando su identidad e indicando qu\u00e9 derecho desea ejercer.<br>Si considera que ha habido una violaci\u00f3n de la normativa de protecci\u00f3n de datos, puede presentar una reclamaci\u00f3n ante la autoridad supervisora competente.<\/p>\n\n\n\n<p><strong>T\u00c9RMINOS DE USO<\/strong><\/p>\n\n\n\n<p>El uso del sitio web https:\/\/auren.com\/pt implica la aceptaci\u00f3n expresa de los t\u00e9rminos aqu\u00ed establecidos.<\/p>\n\n\n\n<p>Los menores de edad no pueden utilizar los servicios y funcionalidades de este sitio web sin la autorizaci\u00f3n previa de sus responsables legales.<\/p>\n\n\n\n<p>Este sitio web proporciona informaci\u00f3n general, que no debe interpretarse como asesoramiento legal. AUREN no se hace responsable de los da\u00f1os derivados del uso incorrecto de la informaci\u00f3n presentada.<\/p>\n\n<\/div>\r\n    <\/div>\r\n<\/div>\r\n","protected":false},"excerpt":{"rendered":"","protected":false},"author":2,"featured_media":0,"parent":0,"menu_order":0,"comment_status":"closed","ping_status":"closed","template":"","meta":{"_acf_changed":false,"inline_featured_image":false,"footnotes":""},"class_list":["post-10243","page","type-page","status-publish","hentry"],"acf":[],"yoast_head":"<!-- This site is optimized with the Yoast SEO plugin v27.2 - https:\/\/yoast.com\/product\/yoast-seo-wordpress\/ -->\n<title>Privacy Policy - Auren Portugal<\/title>\n<meta name=\"robots\" content=\"index, follow, max-snippet:-1, max-image-preview:large, max-video-preview:-1\" \/>\n<link rel=\"canonical\" href=\"https:\/\/auren.com\/pt\/es\/privacy-policy\/\" \/>\n<meta property=\"og:locale\" content=\"es_ES\" \/>\n<meta property=\"og:type\" content=\"article\" \/>\n<meta property=\"og:title\" content=\"Privacy Policy - Auren Portugal\" \/>\n<meta property=\"og:url\" content=\"https:\/\/auren.com\/pt\/es\/privacy-policy\/\" \/>\n<meta property=\"og:site_name\" content=\"Auren Portugal\" \/>\n<meta property=\"article:publisher\" content=\"https:\/\/www.facebook.com\/AurenPortugal\" \/>\n<meta property=\"article:modified_time\" content=\"2025-02-07T13:11:55+00:00\" \/>\n<meta name=\"twitter:card\" content=\"summary_large_image\" \/>\n<meta name=\"twitter:label1\" content=\"Tiempo de lectura\" \/>\n\t<meta name=\"twitter:data1\" content=\"4 minutos\" \/>\n<script type=\"application\/ld+json\" class=\"yoast-schema-graph\">{\"@context\":\"https:\/\/schema.org\",\"@graph\":[{\"@type\":\"WebPage\",\"@id\":\"https:\/\/auren.com\/pt\/es\/privacy-policy\/\",\"url\":\"https:\/\/auren.com\/pt\/es\/privacy-policy\/\",\"name\":\"Privacy Policy - Auren Portugal\",\"isPartOf\":{\"@id\":\"https:\/\/auren.com\/pt\/es\/#website\"},\"datePublished\":\"2025-01-23T18:27:44+00:00\",\"dateModified\":\"2025-02-07T13:11:55+00:00\",\"breadcrumb\":{\"@id\":\"https:\/\/auren.com\/pt\/es\/privacy-policy\/#breadcrumb\"},\"inLanguage\":\"es\",\"potentialAction\":[{\"@type\":\"ReadAction\",\"target\":[\"https:\/\/auren.com\/pt\/es\/privacy-policy\/\"]}]},{\"@type\":\"BreadcrumbList\",\"@id\":\"https:\/\/auren.com\/pt\/es\/privacy-policy\/#breadcrumb\",\"itemListElement\":[{\"@type\":\"ListItem\",\"position\":1,\"name\":\"Home\",\"item\":\"https:\/\/auren.com\/pt\/es\/\"},{\"@type\":\"ListItem\",\"position\":2,\"name\":\"Privacy Policy\"}]},{\"@type\":\"WebSite\",\"@id\":\"https:\/\/auren.com\/pt\/es\/#website\",\"url\":\"https:\/\/auren.com\/pt\/es\/\",\"name\":\"Auren Portugal\",\"description\":\"\",\"publisher\":{\"@id\":\"https:\/\/auren.com\/pt\/es\/#organization\"},\"potentialAction\":[{\"@type\":\"SearchAction\",\"target\":{\"@type\":\"EntryPoint\",\"urlTemplate\":\"https:\/\/auren.com\/pt\/es\/?s={search_term_string}\"},\"query-input\":{\"@type\":\"PropertyValueSpecification\",\"valueRequired\":true,\"valueName\":\"search_term_string\"}}],\"inLanguage\":\"es\"},{\"@type\":\"Organization\",\"@id\":\"https:\/\/auren.com\/pt\/es\/#organization\",\"name\":\"Auren Portugal\",\"url\":\"https:\/\/auren.com\/pt\/es\/\",\"logo\":{\"@type\":\"ImageObject\",\"inLanguage\":\"es\",\"@id\":\"https:\/\/auren.com\/pt\/es\/#\/schema\/logo\/image\/\",\"url\":\"https:\/\/auren.com\/pt\/wp-content\/uploads\/2025\/01\/cropped-cropped-favicon-Auren.png\",\"contentUrl\":\"https:\/\/auren.com\/pt\/wp-content\/uploads\/2025\/01\/cropped-cropped-favicon-Auren.png\",\"width\":512,\"height\":512,\"caption\":\"Auren Portugal\"},\"image\":{\"@id\":\"https:\/\/auren.com\/pt\/es\/#\/schema\/logo\/image\/\"},\"sameAs\":[\"https:\/\/www.facebook.com\/AurenPortugal\",\"https:\/\/pt.linkedin.com\/company\/aurenportugal\"]}]}<\/script>\n<!-- \/ Yoast SEO plugin. -->","yoast_head_json":{"title":"Privacy Policy - Auren Portugal","robots":{"index":"index","follow":"follow","max-snippet":"max-snippet:-1","max-image-preview":"max-image-preview:large","max-video-preview":"max-video-preview:-1"},"canonical":"https:\/\/auren.com\/pt\/es\/privacy-policy\/","og_locale":"es_ES","og_type":"article","og_title":"Privacy Policy - Auren Portugal","og_url":"https:\/\/auren.com\/pt\/es\/privacy-policy\/","og_site_name":"Auren Portugal","article_publisher":"https:\/\/www.facebook.com\/AurenPortugal","article_modified_time":"2025-02-07T13:11:55+00:00","twitter_card":"summary_large_image","twitter_misc":{"Tiempo de lectura":"4 minutos"},"schema":{"@context":"https:\/\/schema.org","@graph":[{"@type":"WebPage","@id":"https:\/\/auren.com\/pt\/es\/privacy-policy\/","url":"https:\/\/auren.com\/pt\/es\/privacy-policy\/","name":"Privacy Policy - Auren Portugal","isPartOf":{"@id":"https:\/\/auren.com\/pt\/es\/#website"},"datePublished":"2025-01-23T18:27:44+00:00","dateModified":"2025-02-07T13:11:55+00:00","breadcrumb":{"@id":"https:\/\/auren.com\/pt\/es\/privacy-policy\/#breadcrumb"},"inLanguage":"es","potentialAction":[{"@type":"ReadAction","target":["https:\/\/auren.com\/pt\/es\/privacy-policy\/"]}]},{"@type":"BreadcrumbList","@id":"https:\/\/auren.com\/pt\/es\/privacy-policy\/#breadcrumb","itemListElement":[{"@type":"ListItem","position":1,"name":"Home","item":"https:\/\/auren.com\/pt\/es\/"},{"@type":"ListItem","position":2,"name":"Privacy Policy"}]},{"@type":"WebSite","@id":"https:\/\/auren.com\/pt\/es\/#website","url":"https:\/\/auren.com\/pt\/es\/","name":"Auren Portugal","description":"","publisher":{"@id":"https:\/\/auren.com\/pt\/es\/#organization"},"potentialAction":[{"@type":"SearchAction","target":{"@type":"EntryPoint","urlTemplate":"https:\/\/auren.com\/pt\/es\/?s={search_term_string}"},"query-input":{"@type":"PropertyValueSpecification","valueRequired":true,"valueName":"search_term_string"}}],"inLanguage":"es"},{"@type":"Organization","@id":"https:\/\/auren.com\/pt\/es\/#organization","name":"Auren Portugal","url":"https:\/\/auren.com\/pt\/es\/","logo":{"@type":"ImageObject","inLanguage":"es","@id":"https:\/\/auren.com\/pt\/es\/#\/schema\/logo\/image\/","url":"https:\/\/auren.com\/pt\/wp-content\/uploads\/2025\/01\/cropped-cropped-favicon-Auren.png","contentUrl":"https:\/\/auren.com\/pt\/wp-content\/uploads\/2025\/01\/cropped-cropped-favicon-Auren.png","width":512,"height":512,"caption":"Auren Portugal"},"image":{"@id":"https:\/\/auren.com\/pt\/es\/#\/schema\/logo\/image\/"},"sameAs":["https:\/\/www.facebook.com\/AurenPortugal","https:\/\/pt.linkedin.com\/company\/aurenportugal"]}]}},"_links":{"self":[{"href":"https:\/\/auren.com\/pt\/es\/wp-json\/wp\/v2\/pages\/10243","targetHints":{"allow":["GET"]}}],"collection":[{"href":"https:\/\/auren.com\/pt\/es\/wp-json\/wp\/v2\/pages"}],"about":[{"href":"https:\/\/auren.com\/pt\/es\/wp-json\/wp\/v2\/types\/page"}],"author":[{"embeddable":true,"href":"https:\/\/auren.com\/pt\/es\/wp-json\/wp\/v2\/users\/2"}],"replies":[{"embeddable":true,"href":"https:\/\/auren.com\/pt\/es\/wp-json\/wp\/v2\/comments?post=10243"}],"version-history":[{"count":0,"href":"https:\/\/auren.com\/pt\/es\/wp-json\/wp\/v2\/pages\/10243\/revisions"}],"wp:attachment":[{"href":"https:\/\/auren.com\/pt\/es\/wp-json\/wp\/v2\/media?parent=10243"}],"curies":[{"name":"wp","href":"https:\/\/api.w.org\/{rel}","templated":true}]}}