{"id":10247,"date":"2025-01-23T19:31:04","date_gmt":"2025-01-23T18:31:04","guid":{"rendered":"https:\/\/auren.com\/pt\/legal-advice\/"},"modified":"2025-02-07T14:13:30","modified_gmt":"2025-02-07T13:13:30","slug":"legal-advice","status":"publish","type":"page","link":"https:\/\/auren.com\/pt\/es\/legal-advice\/","title":{"rendered":"Legal Advice"},"content":{"rendered":"<section id=\"HeaderSlider-block_5078eb50bc88353c3579d94c8938c6a6\" class=\"Header HeaderSlider\">\r\n\r\n    \r\n    <div class=\"hero-home\">\r\n        <div class=\"hero-home_swiper swiper\" id=\"heroSwiper\">\r\n            <div class=\"swiper-wrapper\">\r\n                \r\n                <div class=\"swiper-slide lazyload\" style=\"background-image:inherit;\" data-bg-image=\"url(&#039;https:\/\/auren.com\/pt\/wp-content\/uploads\/2025\/01\/Rectangle-16-1-1.webp&#039;)\">\r\n                    <div class=\"container\">\r\n                        <div class=\"hero-home_header\">\r\n                            \r\n            <div class=\"hero-home_header_title\">\r\n                <h1>AVISO LEGAL<\/h1>\n\r\n            <\/div>\r\n                            \r\n                        <\/div>\r\n                    <\/div>\r\n                <\/div>\r\n                            <\/div>\r\n            <div class=\"container\">\r\n                <div class=\"swiper-pagination\"><\/div>\r\n            <\/div>\r\n        <\/div>\r\n\r\n        <nav class=\"hero-home_nav\"><\/nav>\r\n                <p class=\"hero-home_scroll\"><strong>Explorar m\u00e1s<\/strong> Despl\u00e1cese hacia abajo<\/p>\r\n            <\/div>\r\n\r\n        \r\n<\/section>\r\n\n\n\r\n<section id=\"Breadcrumbs-block_739cd2e2bb930a86913c0683a34bb15b\" class=\"Breadcrumbs\">\r\n    \r\n        <nav class=\"breads\" aria-label=\"Breadcrumb\">\r\n            <ul class=\"container\">\r\n                <li><a href=\"https:\/\/auren.com\/pt\/es\/\">Home<\/a><\/li>\r\n                <li><span aria-current=\"page\">Legal Advice<\/span><\/li>            <\/ul>\r\n        <\/nav>\r\n\r\n                                                                                     \r\n    \r\n<\/section>\r\n\n\n<div id=\"ContainerLegals-block_b60e9519a11893a36f4fd8b719a45208\" class=\"ContainerLegals\" style=\"background-image:url(); background-color: \">\r\n    <div class=\"container\">\r\n        <div class=\"acf-innerblocks-container\">\n\n<p><strong>GENERAL INFORMATION<\/strong>&nbsp;<\/p>\n\n\n\n<p><strong>AUREN PORTUGAL<\/strong> (Auren Consultores Portugal)<br>NIF: 514088451<br>Correo electr\u00f3nico: dpd@auren.pt<br>Direcci\u00f3n:<br>Pra\u00e7a de Alvalade, n\u00ba 6, 13.\u00ba Frente<br>1700-036 Lisboa, Portugal<br>dpd@auren.pt<\/p>\n\n<\/div>\r\n    <\/div>\r\n<\/div>\r\n","protected":false},"excerpt":{"rendered":"","protected":false},"author":2,"featured_media":0,"parent":0,"menu_order":0,"comment_status":"closed","ping_status":"closed","template":"","meta":{"_acf_changed":false,"inline_featured_image":false,"footnotes":""},"class_list":["post-10247","page","type-page","status-publish","hentry"],"acf":[],"yoast_head":"<!-- This site is optimized with the Yoast SEO plugin v27.2 - https:\/\/yoast.com\/product\/yoast-seo-wordpress\/ -->\n<title>Legal Advice - Auren Portugal<\/title>\n<meta name=\"robots\" content=\"index, follow, max-snippet:-1, max-image-preview:large, max-video-preview:-1\" \/>\n<link rel=\"canonical\" href=\"https:\/\/auren.com\/pt\/es\/legal-advice\/\" \/>\n<meta property=\"og:locale\" content=\"es_ES\" \/>\n<meta property=\"og:type\" content=\"article\" \/>\n<meta property=\"og:title\" content=\"Legal Advice - Auren Portugal\" \/>\n<meta property=\"og:url\" content=\"https:\/\/auren.com\/pt\/es\/legal-advice\/\" \/>\n<meta property=\"og:site_name\" content=\"Auren Portugal\" \/>\n<meta property=\"article:publisher\" content=\"https:\/\/www.facebook.com\/AurenPortugal\" \/>\n<meta property=\"article:modified_time\" content=\"2025-02-07T13:13:30+00:00\" \/>\n<meta name=\"twitter:card\" content=\"summary_large_image\" \/>\n<meta name=\"twitter:label1\" content=\"Tiempo de lectura\" \/>\n\t<meta name=\"twitter:data1\" content=\"1 minuto\" \/>\n<script type=\"application\/ld+json\" class=\"yoast-schema-graph\">{\"@context\":\"https:\/\/schema.org\",\"@graph\":[{\"@type\":\"WebPage\",\"@id\":\"https:\/\/auren.com\/pt\/es\/legal-advice\/\",\"url\":\"https:\/\/auren.com\/pt\/es\/legal-advice\/\",\"name\":\"Legal Advice - Auren Portugal\",\"isPartOf\":{\"@id\":\"https:\/\/auren.com\/pt\/es\/#website\"},\"datePublished\":\"2025-01-23T18:31:04+00:00\",\"dateModified\":\"2025-02-07T13:13:30+00:00\",\"breadcrumb\":{\"@id\":\"https:\/\/auren.com\/pt\/es\/legal-advice\/#breadcrumb\"},\"inLanguage\":\"es\",\"potentialAction\":[{\"@type\":\"ReadAction\",\"target\":[\"https:\/\/auren.com\/pt\/es\/legal-advice\/\"]}]},{\"@type\":\"BreadcrumbList\",\"@id\":\"https:\/\/auren.com\/pt\/es\/legal-advice\/#breadcrumb\",\"itemListElement\":[{\"@type\":\"ListItem\",\"position\":1,\"name\":\"Home\",\"item\":\"https:\/\/auren.com\/pt\/es\/\"},{\"@type\":\"ListItem\",\"position\":2,\"name\":\"Legal Advice\"}]},{\"@type\":\"WebSite\",\"@id\":\"https:\/\/auren.com\/pt\/es\/#website\",\"url\":\"https:\/\/auren.com\/pt\/es\/\",\"name\":\"Auren Portugal\",\"description\":\"\",\"publisher\":{\"@id\":\"https:\/\/auren.com\/pt\/es\/#organization\"},\"potentialAction\":[{\"@type\":\"SearchAction\",\"target\":{\"@type\":\"EntryPoint\",\"urlTemplate\":\"https:\/\/auren.com\/pt\/es\/?s={search_term_string}\"},\"query-input\":{\"@type\":\"PropertyValueSpecification\",\"valueRequired\":true,\"valueName\":\"search_term_string\"}}],\"inLanguage\":\"es\"},{\"@type\":\"Organization\",\"@id\":\"https:\/\/auren.com\/pt\/es\/#organization\",\"name\":\"Auren Portugal\",\"url\":\"https:\/\/auren.com\/pt\/es\/\",\"logo\":{\"@type\":\"ImageObject\",\"inLanguage\":\"es\",\"@id\":\"https:\/\/auren.com\/pt\/es\/#\/schema\/logo\/image\/\",\"url\":\"https:\/\/auren.com\/pt\/wp-content\/uploads\/2025\/01\/cropped-cropped-favicon-Auren.png\",\"contentUrl\":\"https:\/\/auren.com\/pt\/wp-content\/uploads\/2025\/01\/cropped-cropped-favicon-Auren.png\",\"width\":512,\"height\":512,\"caption\":\"Auren Portugal\"},\"image\":{\"@id\":\"https:\/\/auren.com\/pt\/es\/#\/schema\/logo\/image\/\"},\"sameAs\":[\"https:\/\/www.facebook.com\/AurenPortugal\",\"https:\/\/pt.linkedin.com\/company\/aurenportugal\"]}]}<\/script>\n<!-- \/ Yoast SEO plugin. -->","yoast_head_json":{"title":"Legal Advice - Auren Portugal","robots":{"index":"index","follow":"follow","max-snippet":"max-snippet:-1","max-image-preview":"max-image-preview:large","max-video-preview":"max-video-preview:-1"},"canonical":"https:\/\/auren.com\/pt\/es\/legal-advice\/","og_locale":"es_ES","og_type":"article","og_title":"Legal Advice - Auren Portugal","og_url":"https:\/\/auren.com\/pt\/es\/legal-advice\/","og_site_name":"Auren Portugal","article_publisher":"https:\/\/www.facebook.com\/AurenPortugal","article_modified_time":"2025-02-07T13:13:30+00:00","twitter_card":"summary_large_image","twitter_misc":{"Tiempo de lectura":"1 minuto"},"schema":{"@context":"https:\/\/schema.org","@graph":[{"@type":"WebPage","@id":"https:\/\/auren.com\/pt\/es\/legal-advice\/","url":"https:\/\/auren.com\/pt\/es\/legal-advice\/","name":"Legal Advice - Auren Portugal","isPartOf":{"@id":"https:\/\/auren.com\/pt\/es\/#website"},"datePublished":"2025-01-23T18:31:04+00:00","dateModified":"2025-02-07T13:13:30+00:00","breadcrumb":{"@id":"https:\/\/auren.com\/pt\/es\/legal-advice\/#breadcrumb"},"inLanguage":"es","potentialAction":[{"@type":"ReadAction","target":["https:\/\/auren.com\/pt\/es\/legal-advice\/"]}]},{"@type":"BreadcrumbList","@id":"https:\/\/auren.com\/pt\/es\/legal-advice\/#breadcrumb","itemListElement":[{"@type":"ListItem","position":1,"name":"Home","item":"https:\/\/auren.com\/pt\/es\/"},{"@type":"ListItem","position":2,"name":"Legal Advice"}]},{"@type":"WebSite","@id":"https:\/\/auren.com\/pt\/es\/#website","url":"https:\/\/auren.com\/pt\/es\/","name":"Auren Portugal","description":"","publisher":{"@id":"https:\/\/auren.com\/pt\/es\/#organization"},"potentialAction":[{"@type":"SearchAction","target":{"@type":"EntryPoint","urlTemplate":"https:\/\/auren.com\/pt\/es\/?s={search_term_string}"},"query-input":{"@type":"PropertyValueSpecification","valueRequired":true,"valueName":"search_term_string"}}],"inLanguage":"es"},{"@type":"Organization","@id":"https:\/\/auren.com\/pt\/es\/#organization","name":"Auren Portugal","url":"https:\/\/auren.com\/pt\/es\/","logo":{"@type":"ImageObject","inLanguage":"es","@id":"https:\/\/auren.com\/pt\/es\/#\/schema\/logo\/image\/","url":"https:\/\/auren.com\/pt\/wp-content\/uploads\/2025\/01\/cropped-cropped-favicon-Auren.png","contentUrl":"https:\/\/auren.com\/pt\/wp-content\/uploads\/2025\/01\/cropped-cropped-favicon-Auren.png","width":512,"height":512,"caption":"Auren Portugal"},"image":{"@id":"https:\/\/auren.com\/pt\/es\/#\/schema\/logo\/image\/"},"sameAs":["https:\/\/www.facebook.com\/AurenPortugal","https:\/\/pt.linkedin.com\/company\/aurenportugal"]}]}},"_links":{"self":[{"href":"https:\/\/auren.com\/pt\/es\/wp-json\/wp\/v2\/pages\/10247","targetHints":{"allow":["GET"]}}],"collection":[{"href":"https:\/\/auren.com\/pt\/es\/wp-json\/wp\/v2\/pages"}],"about":[{"href":"https:\/\/auren.com\/pt\/es\/wp-json\/wp\/v2\/types\/page"}],"author":[{"embeddable":true,"href":"https:\/\/auren.com\/pt\/es\/wp-json\/wp\/v2\/users\/2"}],"replies":[{"embeddable":true,"href":"https:\/\/auren.com\/pt\/es\/wp-json\/wp\/v2\/comments?post=10247"}],"version-history":[{"count":0,"href":"https:\/\/auren.com\/pt\/es\/wp-json\/wp\/v2\/pages\/10247\/revisions"}],"wp:attachment":[{"href":"https:\/\/auren.com\/pt\/es\/wp-json\/wp\/v2\/media?parent=10247"}],"curies":[{"name":"wp","href":"https:\/\/api.w.org\/{rel}","templated":true}]}}