{"id":5062,"date":"2025-01-07T12:00:25","date_gmt":"2025-01-07T11:00:25","guid":{"rendered":"https:\/\/auren.com\/pt\/?page_id=5062"},"modified":"2025-01-25T09:39:11","modified_gmt":"2025-01-25T08:39:11","slug":"tendencias","status":"publish","type":"page","link":"https:\/\/auren.com\/pt\/es\/tendencias\/","title":{"rendered":"Tendencias"},"content":{"rendered":"<section id=\"Header-block_224784d4e6798b5eefc815f727bf4a02\" class=\"Header\">\r\n\r\n    <div class=\"hero\">\r\n                <div class=\"container\">\r\n            <div class=\"hero_header\">\r\n                                \r\n                <div class=\"hero_header_title\">\r\n                    <h1 class='' style=\"text-align: right;\">TENDENCIAS<\/h1>\n                <\/div>\r\n\r\n                                                \r\n                <div class=\"hero_header_subtitle\">\r\n                    <p style=\"text-align: right;\">EN NUESTRO BLOG, ENCONTRAR\u00c1 ART\u00cdCULOS DE INTER\u00c9S SOBRE NUESTRAS DISTINTAS \u00c1REAS DE ESPECIALIZACI\u00d3N<\/p>\n                <\/div>\r\n\r\n                                \r\n            <\/div>\r\n        <\/div>\r\n        \r\n                <picture>\r\n            <source data-srcset=\"https:\/\/auren.com\/pt\/wp-content\/uploads\/2025\/01\/bg-hero-trends-country-d.webp\"\r\n                media=\"(min-width: 1200px)\" \/>\r\n            <img decoding=\"async\" class=\"hero_bg lazyload\"\r\n                <img decoding=\"async\" width=\"640\" height=\"383\" data-src=\"https:\/\/auren.com\/pt\/wp-content\/uploads\/2025\/01\/bg-hero-trends-country-d-1024x612.webp\" class=\"hero_bg lazyload\" alt=\"\" data-srcset=\"https:\/\/auren.com\/pt\/wp-content\/uploads\/2025\/01\/bg-hero-trends-country-d-1024x612.webp 1024w, https:\/\/auren.com\/pt\/wp-content\/uploads\/2025\/01\/bg-hero-trends-country-d-300x179.webp 300w, https:\/\/auren.com\/pt\/wp-content\/uploads\/2025\/01\/bg-hero-trends-country-d-768x459.webp 768w, https:\/\/auren.com\/pt\/wp-content\/uploads\/2025\/01\/bg-hero-trends-country-d.webp 1200w\" data-sizes=\"(max-width: 640px) 100vw, 640px\" src=\"data:image\/svg+xml;base64,PHN2ZyB3aWR0aD0iMSIgaGVpZ2h0PSIxIiB4bWxucz0iaHR0cDovL3d3dy53My5vcmcvMjAwMC9zdmciPjwvc3ZnPg==\" style=\"--smush-placeholder-width: 640px; --smush-placeholder-aspect-ratio: 640\/383;\" \/>>\r\n        <\/picture>\r\n        \r\n                        <p class=\"hero_scroll\"><strong>Explorar m\u00e1s<\/strong> Despl\u00e1cese hacia abajo<\/p>\r\n                    <\/div>\r\n\r\n<\/section>\n\n\r\n<section id=\"Breadcrumbs-block_abbd6c1d998e36cd7fe93a7e7a26d424\" class=\"Breadcrumbs\">\r\n    \r\n        <nav class=\"breads\" aria-label=\"Breadcrumb\">\r\n            <ul class=\"container\">\r\n                <li><a href=\"https:\/\/auren.com\/pt\/es\/\">Home<\/a><\/li>\r\n                <li><span aria-current=\"page\">Tendencias<\/span><\/li>            <\/ul>\r\n        <\/nav>\r\n\r\n                                                                                     \r\n    \r\n<\/section>\r\n\n\n\r\n<section id=\"ImageText-block_5422a386c902e47ae9d643b45be41c14\" class=\"ImageText\">\r\n\r\n    <section class=\"info \">\r\n        <div class=\"container\">\r\n            <div class=\"info_text\">\r\n                <div class=\"info_title\">\r\n                    <h2 class=''>CONTENIDOS QUE CONECTAN<\/h2>\n                <\/div>\r\n                <div class=\"info_description\">\r\n                                    <\/div>\r\n            <\/div>\r\n            <div class=\"info_media\">\r\n                <div class=\"info_media_item info_media_item-1\">\r\n                    <div class=\"info_media_item_text\"><span class=\"title\"><\/span><\/div>\r\n                    <div class=\"info_media_item_text_claim\"><\/div>\r\n                    <span class=\"info_media_item_bg\">\r\n                                                    <img decoding=\"async\" width=\"640\" height=\"359\" data-src=\"https:\/\/auren.com\/pt\/wp-content\/uploads\/2025\/01\/image-text-11-1-1024x574.webp\" class=\"attachment-large size-large lazyload\" alt=\"\" data-srcset=\"https:\/\/auren.com\/pt\/wp-content\/uploads\/2025\/01\/image-text-11-1-1024x574.webp 1024w, https:\/\/auren.com\/pt\/wp-content\/uploads\/2025\/01\/image-text-11-1-300x168.webp 300w, https:\/\/auren.com\/pt\/wp-content\/uploads\/2025\/01\/image-text-11-1-768x431.webp 768w, https:\/\/auren.com\/pt\/wp-content\/uploads\/2025\/01\/image-text-11-1-1536x861.webp 1536w, https:\/\/auren.com\/pt\/wp-content\/uploads\/2025\/01\/image-text-11-1-2048x1148.webp 2048w\" data-sizes=\"(max-width: 640px) 100vw, 640px\" src=\"data:image\/svg+xml;base64,PHN2ZyB3aWR0aD0iMSIgaGVpZ2h0PSIxIiB4bWxucz0iaHR0cDovL3d3dy53My5vcmcvMjAwMC9zdmciPjwvc3ZnPg==\" style=\"--smush-placeholder-width: 640px; --smush-placeholder-aspect-ratio: 640\/359;\" \/>                                            <\/span>\r\n                                                        <\/div>\r\n                <div class=\"info_media_claim\">\r\n                    <p>DESCUBRA QU\u00c9 EST\u00c1 RESONANDO ENTRE EL P\u00daBLICO DE TODO EL MUNDO<\/p>\n                <\/div>\r\n                <div class=\"info_media_item info_media_item-2\">\r\n                    <div class=\"info_media_item_text\"><span class=\"title\"><\/span><\/div>\r\n                    <div class=\"info_media_item_text_claim\"><\/div>\r\n                    <span class=\"info_media_item_bg\">\r\n                                                    <img decoding=\"async\" width=\"640\" height=\"381\" data-src=\"https:\/\/auren.com\/pt\/wp-content\/uploads\/2025\/01\/image-text-10-1-1024x610.webp\" class=\"attachment-large size-large lazyload\" alt=\"\" data-srcset=\"https:\/\/auren.com\/pt\/wp-content\/uploads\/2025\/01\/image-text-10-1-1024x610.webp 1024w, https:\/\/auren.com\/pt\/wp-content\/uploads\/2025\/01\/image-text-10-1-300x179.webp 300w, https:\/\/auren.com\/pt\/wp-content\/uploads\/2025\/01\/image-text-10-1-768x457.webp 768w, https:\/\/auren.com\/pt\/wp-content\/uploads\/2025\/01\/image-text-10-1-1536x915.webp 1536w, https:\/\/auren.com\/pt\/wp-content\/uploads\/2025\/01\/image-text-10-1-2048x1220.webp 2048w\" data-sizes=\"(max-width: 640px) 100vw, 640px\" src=\"data:image\/svg+xml;base64,PHN2ZyB3aWR0aD0iMSIgaGVpZ2h0PSIxIiB4bWxucz0iaHR0cDovL3d3dy53My5vcmcvMjAwMC9zdmciPjwvc3ZnPg==\" style=\"--smush-placeholder-width: 640px; --smush-placeholder-aspect-ratio: 640\/381;\" \/>                                            <\/span>\r\n                                                        <\/div>\r\n            <\/div>\r\n        <\/div>\r\n    <\/section>\r\n\r\n<\/section>\r\n\r\n\n\n<section id=\"TrendingNow-block_22338ac5a09c05218957e086673bc1ed\" class=\"TrendingNow\">\r\n\r\n    <section class=\"trendings\">\r\n        <div class=\"container\">\r\n            <div class=\"trendings_title\">\r\n                <h2 class=''>\u00bfQU\u00c9 ES TENDENCIA AHORA?<\/h2>\n            <\/div>\r\n            <nav class=\"trendings_nav\">\r\n                <a class=\"trendings_nav_item trendings_nav_item-1\" href=\"https:\/\/auren.com\/pt\/es\/tendencias\/noticias\/\"><strong class=\"trendings_nav_item_text\">Noticias<\/strong><img decoding=\"async\" width=\"640\" height=\"426\" data-src=\"https:\/\/auren.com\/pt\/wp-content\/uploads\/2025\/01\/trending-1-1024x682.webp\" class=\"trendings_nav_item_bg lazyload\" alt=\"\" data-srcset=\"https:\/\/auren.com\/pt\/wp-content\/uploads\/2025\/01\/trending-1-1024x682.webp 1024w, https:\/\/auren.com\/pt\/wp-content\/uploads\/2025\/01\/trending-1-300x200.webp 300w, https:\/\/auren.com\/pt\/wp-content\/uploads\/2025\/01\/trending-1-768x512.webp 768w, https:\/\/auren.com\/pt\/wp-content\/uploads\/2025\/01\/trending-1.webp 1160w\" data-sizes=\"(max-width: 640px) 100vw, 640px\" src=\"data:image\/svg+xml;base64,PHN2ZyB3aWR0aD0iMSIgaGVpZ2h0PSIxIiB4bWxucz0iaHR0cDovL3d3dy53My5vcmcvMjAwMC9zdmciPjwvc3ZnPg==\" style=\"--smush-placeholder-width: 640px; --smush-placeholder-aspect-ratio: 640\/426;\" \/><\/a>                <a class=\"trendings_nav_item trendings_nav_item-2\" href=\"https:\/\/auren.com\/pt\/es\/tendencias\/blog\/\"><strong class=\"trendings_nav_item_text\">Blog<\/strong><img decoding=\"async\" width=\"640\" height=\"359\" data-src=\"https:\/\/auren.com\/pt\/wp-content\/uploads\/2025\/01\/trending-2-1024x574.webp\" class=\"trendings_nav_item_bg lazyload\" alt=\"\" data-srcset=\"https:\/\/auren.com\/pt\/wp-content\/uploads\/2025\/01\/trending-2-1024x574.webp 1024w, https:\/\/auren.com\/pt\/wp-content\/uploads\/2025\/01\/trending-2-300x168.webp 300w, https:\/\/auren.com\/pt\/wp-content\/uploads\/2025\/01\/trending-2-768x430.webp 768w, https:\/\/auren.com\/pt\/wp-content\/uploads\/2025\/01\/trending-2-1536x861.webp 1536w, https:\/\/auren.com\/pt\/wp-content\/uploads\/2025\/01\/trending-2-2048x1148.webp 2048w\" data-sizes=\"(max-width: 640px) 100vw, 640px\" src=\"data:image\/svg+xml;base64,PHN2ZyB3aWR0aD0iMSIgaGVpZ2h0PSIxIiB4bWxucz0iaHR0cDovL3d3dy53My5vcmcvMjAwMC9zdmciPjwvc3ZnPg==\" style=\"--smush-placeholder-width: 640px; --smush-placeholder-aspect-ratio: 640\/359;\" \/><\/a>                <a class=\"trendings_nav_item trendings_nav_item-3\" href=\"https:\/\/auren.com\/pt\/es\/tendencias\/publicaciones\/\"><strong class=\"trendings_nav_item_text\">Publicaciones<\/strong><img decoding=\"async\" width=\"640\" height=\"427\" data-src=\"https:\/\/auren.com\/pt\/wp-content\/uploads\/2025\/01\/trending-3-1024x683.webp\" class=\"trendings_nav_item_bg lazyload\" alt=\"\" data-srcset=\"https:\/\/auren.com\/pt\/wp-content\/uploads\/2025\/01\/trending-3-1024x683.webp 1024w, https:\/\/auren.com\/pt\/wp-content\/uploads\/2025\/01\/trending-3-300x200.webp 300w, https:\/\/auren.com\/pt\/wp-content\/uploads\/2025\/01\/trending-3-768x512.webp 768w, https:\/\/auren.com\/pt\/wp-content\/uploads\/2025\/01\/trending-3-1536x1024.webp 1536w, https:\/\/auren.com\/pt\/wp-content\/uploads\/2025\/01\/trending-3-2048x1366.webp 2048w\" data-sizes=\"(max-width: 640px) 100vw, 640px\" src=\"data:image\/svg+xml;base64,PHN2ZyB3aWR0aD0iMSIgaGVpZ2h0PSIxIiB4bWxucz0iaHR0cDovL3d3dy53My5vcmcvMjAwMC9zdmciPjwvc3ZnPg==\" style=\"--smush-placeholder-width: 640px; --smush-placeholder-aspect-ratio: 640\/427;\" \/><\/a>                <a class=\"trendings_nav_item trendings_nav_item-4\" href=\"https:\/\/auren.com\/pt\/es\/tendencias\/videos-podcast\/\"><strong class=\"trendings_nav_item_text\">Videos &#038; Podcast<\/strong><img decoding=\"async\" width=\"640\" height=\"359\" data-src=\"https:\/\/auren.com\/pt\/wp-content\/uploads\/2025\/01\/trending-4-1024x574.webp\" class=\"trendings_nav_item_bg lazyload\" alt=\"\" data-srcset=\"https:\/\/auren.com\/pt\/wp-content\/uploads\/2025\/01\/trending-4-1024x574.webp 1024w, https:\/\/auren.com\/pt\/wp-content\/uploads\/2025\/01\/trending-4-300x168.webp 300w, https:\/\/auren.com\/pt\/wp-content\/uploads\/2025\/01\/trending-4-768x431.webp 768w, https:\/\/auren.com\/pt\/wp-content\/uploads\/2025\/01\/trending-4-1536x861.webp 1536w, https:\/\/auren.com\/pt\/wp-content\/uploads\/2025\/01\/trending-4-2048x1148.webp 2048w\" data-sizes=\"(max-width: 640px) 100vw, 640px\" src=\"data:image\/svg+xml;base64,PHN2ZyB3aWR0aD0iMSIgaGVpZ2h0PSIxIiB4bWxucz0iaHR0cDovL3d3dy53My5vcmcvMjAwMC9zdmciPjwvc3ZnPg==\" style=\"--smush-placeholder-width: 640px; --smush-placeholder-aspect-ratio: 640\/359;\" \/><\/a>                <a class=\"\" href=\"https:\/\/auren.com\/pt\/es\/tendencias\/descubra-las-ultimas-tendencias\/\">\r\n                    <h2 class='trendings_nav_claim'>Explore los temas m\u00e1s comentados<\/h2>\n                <\/a>\r\n            <\/nav>\r\n        <\/div>\r\n    <\/section>\r\n    \r\n<\/section>\r\n\r\n\n\n<section id=\"ImageTextV2-block_5554e35460bef802cbb291b9db107f66\" class=\"ImageTextV2\">\r\n\r\n    <div class=\"upcoming \">\r\n        <div class=\"container\">\r\n            <div class=\"upcoming_text\">\r\n                <div class=\"upcoming_title\">\r\n                    <h2 class=''>Mant\u00e9ngase al tanto de las novedades y los pr\u00f3ximos eventos.<\/h2>\n                <\/div>\r\n                <div class=\"upcoming_kicker\">\r\n                    <p>NUESTROS EVENTOS<\/p>\n                <\/div>\r\n            <\/div>\r\n            <div class=\"upcoming_media\">\r\n                <a class=\"button button-primary button-icon\" href=\"https:\/\/auren.com\/pt\/es\/subscribe\/\" target=\"\">P\u00f3ngase en contacto<\/a>\r\n                <span class=\"upcoming_media_bg\"><img decoding=\"async\" width=\"640\" height=\"428\" data-src=\"https:\/\/auren.com\/pt\/wp-content\/uploads\/2025\/01\/image-text-12-1-1024x684.webp\" alt=\"\" data-srcset=\"https:\/\/auren.com\/pt\/wp-content\/uploads\/2025\/01\/image-text-12-1-1024x684.webp 1024w, https:\/\/auren.com\/pt\/wp-content\/uploads\/2025\/01\/image-text-12-1-300x200.webp 300w, https:\/\/auren.com\/pt\/wp-content\/uploads\/2025\/01\/image-text-12-1-768x513.webp 768w, https:\/\/auren.com\/pt\/wp-content\/uploads\/2025\/01\/image-text-12-1-1536x1025.webp 1536w, https:\/\/auren.com\/pt\/wp-content\/uploads\/2025\/01\/image-text-12-1-2048x1367.webp 2048w\" data-sizes=\"(max-width: 640px) 100vw, 640px\" src=\"data:image\/svg+xml;base64,PHN2ZyB3aWR0aD0iMSIgaGVpZ2h0PSIxIiB4bWxucz0iaHR0cDovL3d3dy53My5vcmcvMjAwMC9zdmciPjwvc3ZnPg==\" class=\"lazyload\" style=\"--smush-placeholder-width: 640px; --smush-placeholder-aspect-ratio: 640\/428;\" \/><\/span>\r\n            <\/div>\r\n        <\/div>\r\n    <\/div>\r\n\r\n<\/section>\r\n","protected":false},"excerpt":{"rendered":"","protected":false},"author":2,"featured_media":0,"parent":0,"menu_order":0,"comment_status":"closed","ping_status":"closed","template":"","meta":{"_acf_changed":false,"inline_featured_image":false,"footnotes":""},"class_list":["post-5062","page","type-page","status-publish","hentry"],"acf":[],"yoast_head":"<!-- This site is optimized with the Yoast SEO plugin v27.2 - https:\/\/yoast.com\/product\/yoast-seo-wordpress\/ -->\n<title>Tendencias - Auren Portugal<\/title>\n<meta name=\"robots\" content=\"index, follow, max-snippet:-1, max-image-preview:large, max-video-preview:-1\" \/>\n<link rel=\"canonical\" href=\"https:\/\/auren.com\/pt\/es\/tendencias\/\" \/>\n<meta property=\"og:locale\" content=\"es_ES\" \/>\n<meta property=\"og:type\" content=\"article\" \/>\n<meta property=\"og:title\" content=\"Tendencias - Auren Portugal\" \/>\n<meta property=\"og:url\" content=\"https:\/\/auren.com\/pt\/es\/tendencias\/\" \/>\n<meta property=\"og:site_name\" content=\"Auren Portugal\" \/>\n<meta property=\"article:publisher\" content=\"https:\/\/www.facebook.com\/AurenPortugal\" \/>\n<meta property=\"article:modified_time\" content=\"2025-01-25T08:39:11+00:00\" \/>\n<meta name=\"twitter:card\" content=\"summary_large_image\" \/>\n<script type=\"application\/ld+json\" class=\"yoast-schema-graph\">{\"@context\":\"https:\/\/schema.org\",\"@graph\":[{\"@type\":\"WebPage\",\"@id\":\"https:\/\/auren.com\/pt\/es\/tendencias\/\",\"url\":\"https:\/\/auren.com\/pt\/es\/tendencias\/\",\"name\":\"Tendencias - Auren Portugal\",\"isPartOf\":{\"@id\":\"https:\/\/auren.com\/pt\/es\/#website\"},\"datePublished\":\"2025-01-07T11:00:25+00:00\",\"dateModified\":\"2025-01-25T08:39:11+00:00\",\"breadcrumb\":{\"@id\":\"https:\/\/auren.com\/pt\/es\/tendencias\/#breadcrumb\"},\"inLanguage\":\"es\",\"potentialAction\":[{\"@type\":\"ReadAction\",\"target\":[\"https:\/\/auren.com\/pt\/es\/tendencias\/\"]}]},{\"@type\":\"BreadcrumbList\",\"@id\":\"https:\/\/auren.com\/pt\/es\/tendencias\/#breadcrumb\",\"itemListElement\":[{\"@type\":\"ListItem\",\"position\":1,\"name\":\"Home\",\"item\":\"https:\/\/auren.com\/pt\/es\/\"},{\"@type\":\"ListItem\",\"position\":2,\"name\":\"Tendencias\"}]},{\"@type\":\"WebSite\",\"@id\":\"https:\/\/auren.com\/pt\/es\/#website\",\"url\":\"https:\/\/auren.com\/pt\/es\/\",\"name\":\"Auren Portugal\",\"description\":\"\",\"publisher\":{\"@id\":\"https:\/\/auren.com\/pt\/es\/#organization\"},\"potentialAction\":[{\"@type\":\"SearchAction\",\"target\":{\"@type\":\"EntryPoint\",\"urlTemplate\":\"https:\/\/auren.com\/pt\/es\/?s={search_term_string}\"},\"query-input\":{\"@type\":\"PropertyValueSpecification\",\"valueRequired\":true,\"valueName\":\"search_term_string\"}}],\"inLanguage\":\"es\"},{\"@type\":\"Organization\",\"@id\":\"https:\/\/auren.com\/pt\/es\/#organization\",\"name\":\"Auren Portugal\",\"url\":\"https:\/\/auren.com\/pt\/es\/\",\"logo\":{\"@type\":\"ImageObject\",\"inLanguage\":\"es\",\"@id\":\"https:\/\/auren.com\/pt\/es\/#\/schema\/logo\/image\/\",\"url\":\"https:\/\/auren.com\/pt\/wp-content\/uploads\/2025\/01\/cropped-cropped-favicon-Auren.png\",\"contentUrl\":\"https:\/\/auren.com\/pt\/wp-content\/uploads\/2025\/01\/cropped-cropped-favicon-Auren.png\",\"width\":512,\"height\":512,\"caption\":\"Auren Portugal\"},\"image\":{\"@id\":\"https:\/\/auren.com\/pt\/es\/#\/schema\/logo\/image\/\"},\"sameAs\":[\"https:\/\/www.facebook.com\/AurenPortugal\",\"https:\/\/pt.linkedin.com\/company\/aurenportugal\"]}]}<\/script>\n<!-- \/ Yoast SEO plugin. -->","yoast_head_json":{"title":"Tendencias - Auren Portugal","robots":{"index":"index","follow":"follow","max-snippet":"max-snippet:-1","max-image-preview":"max-image-preview:large","max-video-preview":"max-video-preview:-1"},"canonical":"https:\/\/auren.com\/pt\/es\/tendencias\/","og_locale":"es_ES","og_type":"article","og_title":"Tendencias - Auren Portugal","og_url":"https:\/\/auren.com\/pt\/es\/tendencias\/","og_site_name":"Auren Portugal","article_publisher":"https:\/\/www.facebook.com\/AurenPortugal","article_modified_time":"2025-01-25T08:39:11+00:00","twitter_card":"summary_large_image","schema":{"@context":"https:\/\/schema.org","@graph":[{"@type":"WebPage","@id":"https:\/\/auren.com\/pt\/es\/tendencias\/","url":"https:\/\/auren.com\/pt\/es\/tendencias\/","name":"Tendencias - Auren Portugal","isPartOf":{"@id":"https:\/\/auren.com\/pt\/es\/#website"},"datePublished":"2025-01-07T11:00:25+00:00","dateModified":"2025-01-25T08:39:11+00:00","breadcrumb":{"@id":"https:\/\/auren.com\/pt\/es\/tendencias\/#breadcrumb"},"inLanguage":"es","potentialAction":[{"@type":"ReadAction","target":["https:\/\/auren.com\/pt\/es\/tendencias\/"]}]},{"@type":"BreadcrumbList","@id":"https:\/\/auren.com\/pt\/es\/tendencias\/#breadcrumb","itemListElement":[{"@type":"ListItem","position":1,"name":"Home","item":"https:\/\/auren.com\/pt\/es\/"},{"@type":"ListItem","position":2,"name":"Tendencias"}]},{"@type":"WebSite","@id":"https:\/\/auren.com\/pt\/es\/#website","url":"https:\/\/auren.com\/pt\/es\/","name":"Auren Portugal","description":"","publisher":{"@id":"https:\/\/auren.com\/pt\/es\/#organization"},"potentialAction":[{"@type":"SearchAction","target":{"@type":"EntryPoint","urlTemplate":"https:\/\/auren.com\/pt\/es\/?s={search_term_string}"},"query-input":{"@type":"PropertyValueSpecification","valueRequired":true,"valueName":"search_term_string"}}],"inLanguage":"es"},{"@type":"Organization","@id":"https:\/\/auren.com\/pt\/es\/#organization","name":"Auren Portugal","url":"https:\/\/auren.com\/pt\/es\/","logo":{"@type":"ImageObject","inLanguage":"es","@id":"https:\/\/auren.com\/pt\/es\/#\/schema\/logo\/image\/","url":"https:\/\/auren.com\/pt\/wp-content\/uploads\/2025\/01\/cropped-cropped-favicon-Auren.png","contentUrl":"https:\/\/auren.com\/pt\/wp-content\/uploads\/2025\/01\/cropped-cropped-favicon-Auren.png","width":512,"height":512,"caption":"Auren Portugal"},"image":{"@id":"https:\/\/auren.com\/pt\/es\/#\/schema\/logo\/image\/"},"sameAs":["https:\/\/www.facebook.com\/AurenPortugal","https:\/\/pt.linkedin.com\/company\/aurenportugal"]}]}},"_links":{"self":[{"href":"https:\/\/auren.com\/pt\/es\/wp-json\/wp\/v2\/pages\/5062","targetHints":{"allow":["GET"]}}],"collection":[{"href":"https:\/\/auren.com\/pt\/es\/wp-json\/wp\/v2\/pages"}],"about":[{"href":"https:\/\/auren.com\/pt\/es\/wp-json\/wp\/v2\/types\/page"}],"author":[{"embeddable":true,"href":"https:\/\/auren.com\/pt\/es\/wp-json\/wp\/v2\/users\/2"}],"replies":[{"embeddable":true,"href":"https:\/\/auren.com\/pt\/es\/wp-json\/wp\/v2\/comments?post=5062"}],"version-history":[{"count":0,"href":"https:\/\/auren.com\/pt\/es\/wp-json\/wp\/v2\/pages\/5062\/revisions"}],"wp:attachment":[{"href":"https:\/\/auren.com\/pt\/es\/wp-json\/wp\/v2\/media?parent=5062"}],"curies":[{"name":"wp","href":"https:\/\/api.w.org\/{rel}","templated":true}]}}