{"id":5193,"date":"2025-01-07T17:21:29","date_gmt":"2025-01-07T16:21:29","guid":{"rendered":"https:\/\/auren.com\/pt\/?page_id=5193"},"modified":"2025-01-07T17:26:57","modified_gmt":"2025-01-07T16:26:57","slug":"nuestros-expertos","status":"publish","type":"page","link":"https:\/\/auren.com\/pt\/es\/conoce-auren\/nuestros-expertos\/","title":{"rendered":"Nuestros expertos"},"content":{"rendered":"<section id=\"Header-block_f8747fb04bbe46505c45a6a04ea82506\" class=\"Header\">\r\n\r\n    <div class=\"hero\">\r\n                <div class=\"container\">\r\n            <div class=\"hero_header\">\r\n                                \r\n                <div class=\"hero_header_title\">\r\n                    <p class='' style=\"text-align: right;\">NUESTROS <strong>EXPERTOS<\/strong><\/p>\n                <\/div>\r\n\r\n                                                \r\n                <div class=\"hero_header_subtitle\">\r\n                    <p style=\"text-align: right;\">GENERAR CONFIANZA<\/p>\n                <\/div>\r\n\r\n                                \r\n            <\/div>\r\n        <\/div>\r\n        \r\n                <picture>\r\n            <source data-srcset=\"https:\/\/auren.com\/pt\/wp-content\/uploads\/2025\/01\/bg-hero-aboutus-experts-d.webp\"\r\n                media=\"(min-width: 1200px)\" \/>\r\n            <img decoding=\"async\" class=\"hero_bg lazyload\"\r\n                <img decoding=\"async\" width=\"640\" height=\"383\" data-src=\"https:\/\/auren.com\/pt\/wp-content\/uploads\/2025\/01\/bg-hero-aboutus-experts-d-1024x612.webp\" class=\"hero_bg lazyload\" alt=\"\" data-srcset=\"https:\/\/auren.com\/pt\/wp-content\/uploads\/2025\/01\/bg-hero-aboutus-experts-d-1024x612.webp 1024w, https:\/\/auren.com\/pt\/wp-content\/uploads\/2025\/01\/bg-hero-aboutus-experts-d-300x179.webp 300w, https:\/\/auren.com\/pt\/wp-content\/uploads\/2025\/01\/bg-hero-aboutus-experts-d-768x459.webp 768w, https:\/\/auren.com\/pt\/wp-content\/uploads\/2025\/01\/bg-hero-aboutus-experts-d.webp 1200w\" data-sizes=\"(max-width: 640px) 100vw, 640px\" src=\"data:image\/svg+xml;base64,PHN2ZyB3aWR0aD0iMSIgaGVpZ2h0PSIxIiB4bWxucz0iaHR0cDovL3d3dy53My5vcmcvMjAwMC9zdmciPjwvc3ZnPg==\" style=\"--smush-placeholder-width: 640px; --smush-placeholder-aspect-ratio: 640\/383;\" \/>>\r\n        <\/picture>\r\n        \r\n                        <p class=\"hero_scroll\"><strong>Explorar m\u00e1s<\/strong> Despl\u00e1cese hacia abajo<\/p>\r\n                    <\/div>\r\n\r\n<\/section>\n\n\r\n<section id=\"Breadcrumbs-block_eaaacb9c2dec6a37cb512416186c331e\" class=\"Breadcrumbs\">\r\n    \r\n        <nav class=\"breads\" aria-label=\"Breadcrumb\">\r\n            <ul class=\"container\">\r\n                <li><a href=\"https:\/\/auren.com\/pt\/es\/\">Home<\/a><\/li>\r\n                <li><span aria-current=\"page\">Nuestros expertos<\/span><\/li>            <\/ul>\r\n        <\/nav>\r\n\r\n                                                                                     \r\n    \r\n<\/section>\r\n\n\n\r\n<section id=\"ImageText-block_50a1ac8105ecab357c60e42b3b429d05\" class=\"ImageText\">\r\n\r\n    <section class=\"info \">\r\n        <div class=\"container\">\r\n            <div class=\"info_text\">\r\n                <div class=\"info_title\">\r\n                    <p class=''>NUESTRO EQUIPO<\/p>\n                <\/div>\r\n                <div class=\"info_description\">\r\n                    <p>Los profesionales de Auren son la piedra angular del \u00e9xito de la empresa. Su experiencia, dedicaci\u00f3n y pasi\u00f3n impulsan la misi\u00f3n de la empresa de ofrecer servicios de primer nivel en m\u00faltiples disciplinas. El equipo de Auren no s\u00f3lo est\u00e1 dotado de profundos conocimientos t\u00e9cnicos, sino que tambi\u00e9n encarna un firme compromiso para ofrecer soluciones personalizadas e innovadoras a cada cliente. Esta combinaci\u00f3n de talento humano y conocimientos t\u00e9cnicos es lo que diferencia a Auren en el competitivo mundo de la consultor\u00eda.<\/p>\n                <\/div>\r\n            <\/div>\r\n            <div class=\"info_media\">\r\n                <div class=\"info_media_item info_media_item-1\">\r\n                    <div class=\"info_media_item_text\"><span class=\"title\"><\/span><\/div>\r\n                    <div class=\"info_media_item_text_claim\"><\/div>\r\n                    <span class=\"info_media_item_bg\">\r\n                                                    <img decoding=\"async\" width=\"640\" height=\"366\" data-src=\"https:\/\/auren.com\/pt\/wp-content\/uploads\/2025\/01\/international-auren-media-banner-3-1024x585.webp\" class=\"attachment-large size-large lazyload\" alt=\"\" data-srcset=\"https:\/\/auren.com\/pt\/wp-content\/uploads\/2025\/01\/international-auren-media-banner-3-1024x585.webp 1024w, https:\/\/auren.com\/pt\/wp-content\/uploads\/2025\/01\/international-auren-media-banner-3-300x171.webp 300w, https:\/\/auren.com\/pt\/wp-content\/uploads\/2025\/01\/international-auren-media-banner-3-768x439.webp 768w, https:\/\/auren.com\/pt\/wp-content\/uploads\/2025\/01\/international-auren-media-banner-3-1536x878.webp 1536w, https:\/\/auren.com\/pt\/wp-content\/uploads\/2025\/01\/international-auren-media-banner-3-2048x1171.webp 2048w\" data-sizes=\"(max-width: 640px) 100vw, 640px\" src=\"data:image\/svg+xml;base64,PHN2ZyB3aWR0aD0iMSIgaGVpZ2h0PSIxIiB4bWxucz0iaHR0cDovL3d3dy53My5vcmcvMjAwMC9zdmciPjwvc3ZnPg==\" style=\"--smush-placeholder-width: 640px; --smush-placeholder-aspect-ratio: 640\/366;\" \/>                                            <\/span>\r\n                                                        <\/div>\r\n                <div class=\"info_media_claim\">\r\n                    <p>Los profesionales de Auren<\/p>\n                <\/div>\r\n                <div class=\"info_media_item info_media_item-2\">\r\n                    <div class=\"info_media_item_text\"><span class=\"title\"><\/span><\/div>\r\n                    <div class=\"info_media_item_text_claim\"><\/div>\r\n                    <span class=\"info_media_item_bg\">\r\n                                                    <img decoding=\"async\" width=\"640\" height=\"354\" data-src=\"https:\/\/auren.com\/pt\/wp-content\/uploads\/2025\/01\/image-text-6-1-1024x567.webp\" class=\"attachment-large size-large lazyload\" alt=\"\" data-srcset=\"https:\/\/auren.com\/pt\/wp-content\/uploads\/2025\/01\/image-text-6-1-1024x567.webp 1024w, https:\/\/auren.com\/pt\/wp-content\/uploads\/2025\/01\/image-text-6-1-300x166.webp 300w, https:\/\/auren.com\/pt\/wp-content\/uploads\/2025\/01\/image-text-6-1-768x425.webp 768w, https:\/\/auren.com\/pt\/wp-content\/uploads\/2025\/01\/image-text-6-1-1536x851.webp 1536w, https:\/\/auren.com\/pt\/wp-content\/uploads\/2025\/01\/image-text-6-1-2048x1134.webp 2048w\" data-sizes=\"(max-width: 640px) 100vw, 640px\" src=\"data:image\/svg+xml;base64,PHN2ZyB3aWR0aD0iMSIgaGVpZ2h0PSIxIiB4bWxucz0iaHR0cDovL3d3dy53My5vcmcvMjAwMC9zdmciPjwvc3ZnPg==\" style=\"--smush-placeholder-width: 640px; --smush-placeholder-aspect-ratio: 640\/354;\" \/>                                            <\/span>\r\n                                                        <\/div>\r\n            <\/div>\r\n        <\/div>\r\n    <\/section>\r\n\r\n<\/section>\r\n\r\n\n\n<div id=\"TitleSubtitleText-block_5663bff3fdb35d943faa6a502c6d2a56\" class=\"TitleSubtitleText\">\n\n    <section class=\"headlines v1\">\n        <div class=\"container\">\n                        <div class=\"headlines_title\">\n                <h3 class=''>PROFESIONALES<\/h3>\n            <\/div>\n                                    <div class=\"headlines_content\">\n                                                <div class=\"headlines_description\">\n                    <p>Nuestros profesionales son el mayor activo de la empresa, y su experiencia humana y t\u00e9cnica impulsa el \u00e9xito de Auren. Su dedicaci\u00f3n e innovaci\u00f3n nos permiten ofrecer constantemente resultados excepcionales. Este compromiso es lo que impulsa nuestro crecimiento y garantiza que cumplamos las normas m\u00e1s estrictas para nuestros clientes.<\/p>\n                <\/div>\n                                            <\/div>\n                    <\/div>\n    <\/section>\n\n<\/div>\n\n\n<div id=\"Professionals-block_cf2da34d2d495558cae4999b8a795ec6\" class=\"Professionals\">\n<div class=\"filters\">\n    <div class=\"container\">\n        <div class=\"filters_nav\">\n            <a class=\"filters_nav_button\" href=\"#\">Filtrar<\/a>\n            <div class=\"filters_nav_content filters_nav_content-large\">\n                <div class=\"filers_and_search\">\n                    <div class=\"filters_nav_tags\"><\/div>\n                    <div id=\"search-btn\" class=\"filters_nav_tags close-modal\">\n                        <div class=\"filters_nav_tags_item close\">Search<\/div>\n                    <\/div>\n                <\/div>\n\n                <div class=\"filters_nav_list\"><p class=\"filters_nav_list_title\"><img decoding=\"async\" data-src=\"https:\/\/auren.com\/pt\/wp-content\/themes\/auren\/assets\/images\/ico-offices.svg\" alt=\"\" src=\"data:image\/svg+xml;base64,PHN2ZyB3aWR0aD0iMSIgaGVpZ2h0PSIxIiB4bWxucz0iaHR0cDovL3d3dy53My5vcmcvMjAwMC9zdmciPjwvc3ZnPg==\" class=\"lazyload\"><span>Offices<\/span><\/p><div class=\"filters_checks\"><label class=\"filters_nav_list_item\"><input class=\"filters_nav_list_check\" type=\"checkbox\" data-term=\"all\" data-taxonomy=\"office\"><span class=\"filters_nav_list_text\">All<\/span><\/label><label class=\"filters_nav_list_item\"><input class=\"filters_nav_list_check\" type=\"checkbox\" data-term=\"7320\" data-taxonomy=\"office\"><span class=\"filters_nav_list_text\">Lisbon Consulting | Legal<\/span><\/label><\/div><\/div>                <div class=\"modal-loading\" aria-hidden=\"true\">\n                    <div class=\"spinner\" role=\"status\" aria-label=\"Loading Professionals...\"><\/div>\n                    <p class=\"loading-text\">Loading Professionals&#8230;<\/p>\n                <\/div>\n            <\/div>\n        <\/div>\n    <\/div>\n<\/div>\n\n    <section class=\"ProfessionalsDistributive experts\">\n        <div class=\"container\">\n            <div class=\"professionals\"><\/div>\n            <div class=\"experts_pagination\"><\/div>\n\n                    <\/div>\n    <\/section>\n\n\n<\/div>\n\n\n\n\r\n<section id=\"ParentPostsListDisplay-block_9e4b22e2930090c1ebbedae398780504\" class=\"ParentPostsListDisplay\">\r\n    \r\n        <section class=\"transformation\" id=\"transformation\">\r\n            <div class=\"container\">\r\n                                <div class=\"transformation_title\">\r\n                    <p>NUESTROS SERVICIOS<\/p>\n                <\/div>\r\n                \r\n                                <div class=\"transformation_description\">\r\n                    <p>La multidisciplinariedad y la experiencia en compartir proyectos entre diferentes especialistas confieren a nuestras actuaciones un valor altamente operativo, ofreciendo servicios desde una perspectiva global y orientada a la calidad. A continuaci\u00f3n, presentamos un resumen de nuestros servicios profesionales.<\/p>\n                <\/div>\r\n                \r\n                <div class=\"transformation_content\">\r\n                    <ul class='transformation_list'><li class=\"transformation_list_item transformation_list_item-1\" data-position=\"1\">\r\n                <a class=\"transformation_list_item_link\" href=\"#\">Consultor\u00eda de Gesti\u00f3n<\/a>\r\n                <div class=\"transformation_list_item_text\">\r\n                    <p>Ofrecemos soluciones con una visi\u00f3n experimentada y orientada a resultados.<\/p>\r\n                    <a class='button button-primary' href='https:\/\/auren.com\/pt\/es\/servicios\/consultoria-de-gestao\/'>M\u00e1s informaci\u00f3n<\/a>\r\n                <\/div>\r\n            <\/li><li class=\"transformation_list_item transformation_list_item-2\" data-position=\"2\">\r\n                <a class=\"transformation_list_item_link\" href=\"#\">Auditor\u00eda financiera<\/a>\r\n                <div class=\"transformation_list_item_text\">\r\n                    <p>Ofrecemos un servicio de alta calidad, resultado de un proceso continuo de innovaci\u00f3n.<\/p>\r\n                    <a class='button button-primary' href='https:\/\/auren.com\/pt\/es\/servicios\/auditoria-financeira\/'>M\u00e1s informaci\u00f3n<\/a>\r\n                <\/div>\r\n            <\/li><li class=\"transformation_list_item transformation_list_item-3\" data-position=\"3\">\r\n                <a class=\"transformation_list_item_link\" href=\"#\">Asesor\u00eda<\/a>\r\n                <div class=\"transformation_list_item_text\">\r\n                    <p>COMBINAMOS EXPERIENCIA Y CONFIANZA CON UN COMPROMISO CONSTANTE CON LA INNOVACI\u00d3N PARA OFRECER SERVICIOS DE ALTA CALIDAD<\/p>\r\n                    <a class='button button-primary' href='https:\/\/auren.com\/pt\/es\/servicios\/assessoria\/'>M\u00e1s informaci\u00f3n<\/a>\r\n                <\/div>\r\n            <\/li><li class=\"transformation_list_item transformation_list_item-4\" data-position=\"4\">\r\n                <a class=\"transformation_list_item_link\" href=\"#\">Corporate Finance<\/a>\r\n                <div class=\"transformation_list_item_text\">\r\n                    <p>Ofrecemos asesor\u00eda estrat\u00e9gica y financiera personalizada<\/p>\r\n                    <a class='button button-primary' href='https:\/\/auren.com\/pt\/es\/servicios\/corporate-finance\/'>M\u00e1s informaci\u00f3n<\/a>\r\n                <\/div>\r\n            <\/li><\/ul>                    <div class=\"transformation_media\">\r\n                        <div class=\"transformation_media_main\">\r\n                            <img decoding=\"async\" width=\"640\" height=\"644\" data-src=\"https:\/\/auren.com\/pt\/wp-content\/uploads\/2025\/01\/example-transformation-media.webp\" class=\"transformation_media_main_bg lazyload\" alt=\"\" data-srcset=\"https:\/\/auren.com\/pt\/wp-content\/uploads\/2025\/01\/example-transformation-media.webp 1000w, https:\/\/auren.com\/pt\/wp-content\/uploads\/2025\/01\/example-transformation-media-298x300.webp 298w, https:\/\/auren.com\/pt\/wp-content\/uploads\/2025\/01\/example-transformation-media-150x150.webp 150w, https:\/\/auren.com\/pt\/wp-content\/uploads\/2025\/01\/example-transformation-media-768x773.webp 768w\" data-sizes=\"(max-width: 640px) 100vw, 640px\" src=\"data:image\/svg+xml;base64,PHN2ZyB3aWR0aD0iMSIgaGVpZ2h0PSIxIiB4bWxucz0iaHR0cDovL3d3dy53My5vcmcvMjAwMC9zdmciPjwvc3ZnPg==\" style=\"--smush-placeholder-width: 640px; --smush-placeholder-aspect-ratio: 640\/644;\" \/>                            <a class=\"transformation_media_main_link transformation_media_main_link-1\" href=\"https:\/\/auren.com\/pt\/es\/servicios\/consultoria-de-gestao\/\">\r\n                <span><\/span> \r\n                <strong>Consultor\u00eda de Gesti\u00f3n<\/strong>\r\n            <\/a><a class=\"transformation_media_main_link transformation_media_main_link-2\" href=\"https:\/\/auren.com\/pt\/es\/servicios\/auditoria-financeira\/\">\r\n                <span><\/span> \r\n                <strong>Auditor\u00eda financiera<\/strong>\r\n            <\/a><a class=\"transformation_media_main_link transformation_media_main_link-3\" href=\"https:\/\/auren.com\/pt\/es\/servicios\/assessoria\/\">\r\n                <span><\/span> \r\n                <strong>Asesor\u00eda<\/strong>\r\n            <\/a><a class=\"transformation_media_main_link transformation_media_main_link-4\" href=\"https:\/\/auren.com\/pt\/es\/servicios\/corporate-finance\/\">\r\n                <span><\/span> \r\n                <strong>Corporate Finance<\/strong>\r\n            <\/a>                        <\/div>\r\n                        <div class=\"transformation_media_secondary\">\r\n                            <img decoding=\"async\" width=\"577\" height=\"385\" data-src=\"https:\/\/auren.com\/pt\/wp-content\/uploads\/2025\/01\/example-mosaic-3-2.webp\" class=\"transformation_media_secondary_bg transformation_media_secondary_bg-1 lazyload\" alt=\"\" data-srcset=\"https:\/\/auren.com\/pt\/wp-content\/uploads\/2025\/01\/example-mosaic-3-2.webp 577w, https:\/\/auren.com\/pt\/wp-content\/uploads\/2025\/01\/example-mosaic-3-2-300x200.webp 300w\" data-sizes=\"(max-width: 577px) 100vw, 577px\" src=\"data:image\/svg+xml;base64,PHN2ZyB3aWR0aD0iMSIgaGVpZ2h0PSIxIiB4bWxucz0iaHR0cDovL3d3dy53My5vcmcvMjAwMC9zdmciPjwvc3ZnPg==\" style=\"--smush-placeholder-width: 577px; --smush-placeholder-aspect-ratio: 577\/385;\" \/><img decoding=\"async\" width=\"577\" height=\"385\" data-src=\"https:\/\/auren.com\/pt\/wp-content\/uploads\/2025\/01\/example-mosaic-1-2.webp\" class=\"transformation_media_secondary_bg transformation_media_secondary_bg-2 lazyload\" alt=\"\" data-srcset=\"https:\/\/auren.com\/pt\/wp-content\/uploads\/2025\/01\/example-mosaic-1-2.webp 577w, https:\/\/auren.com\/pt\/wp-content\/uploads\/2025\/01\/example-mosaic-1-2-300x200.webp 300w\" data-sizes=\"(max-width: 577px) 100vw, 577px\" src=\"data:image\/svg+xml;base64,PHN2ZyB3aWR0aD0iMSIgaGVpZ2h0PSIxIiB4bWxucz0iaHR0cDovL3d3dy53My5vcmcvMjAwMC9zdmciPjwvc3ZnPg==\" style=\"--smush-placeholder-width: 577px; --smush-placeholder-aspect-ratio: 577\/385;\" \/><img decoding=\"async\" width=\"577\" height=\"385\" data-src=\"https:\/\/auren.com\/pt\/wp-content\/uploads\/2025\/01\/example-mosaic-2-4.webp\" class=\"transformation_media_secondary_bg transformation_media_secondary_bg-3 lazyload\" alt=\"\" data-srcset=\"https:\/\/auren.com\/pt\/wp-content\/uploads\/2025\/01\/example-mosaic-2-4.webp 577w, https:\/\/auren.com\/pt\/wp-content\/uploads\/2025\/01\/example-mosaic-2-4-300x200.webp 300w\" data-sizes=\"(max-width: 577px) 100vw, 577px\" src=\"data:image\/svg+xml;base64,PHN2ZyB3aWR0aD0iMSIgaGVpZ2h0PSIxIiB4bWxucz0iaHR0cDovL3d3dy53My5vcmcvMjAwMC9zdmciPjwvc3ZnPg==\" style=\"--smush-placeholder-width: 577px; --smush-placeholder-aspect-ratio: 577\/385;\" \/><img decoding=\"async\" width=\"577\" height=\"385\" data-src=\"https:\/\/auren.com\/pt\/wp-content\/uploads\/2025\/01\/example-mosaic-4-2.webp\" class=\"transformation_media_secondary_bg transformation_media_secondary_bg-4 lazyload\" alt=\"\" data-srcset=\"https:\/\/auren.com\/pt\/wp-content\/uploads\/2025\/01\/example-mosaic-4-2.webp 577w, https:\/\/auren.com\/pt\/wp-content\/uploads\/2025\/01\/example-mosaic-4-2-300x200.webp 300w\" data-sizes=\"(max-width: 577px) 100vw, 577px\" src=\"data:image\/svg+xml;base64,PHN2ZyB3aWR0aD0iMSIgaGVpZ2h0PSIxIiB4bWxucz0iaHR0cDovL3d3dy53My5vcmcvMjAwMC9zdmciPjwvc3ZnPg==\" style=\"--smush-placeholder-width: 577px; --smush-placeholder-aspect-ratio: 577\/385;\" \/>                        <\/div>\r\n                    <\/div>\r\n                <\/div>\r\n            <\/div>\r\n        <\/section>\r\n\r\n    <\/section>\r\n\r\n","protected":false},"excerpt":{"rendered":"","protected":false},"author":2,"featured_media":0,"parent":5178,"menu_order":0,"comment_status":"closed","ping_status":"closed","template":"page-templates\/professionals.php","meta":{"_acf_changed":false,"inline_featured_image":false,"footnotes":""},"class_list":["post-5193","page","type-page","status-publish","hentry"],"acf":[],"yoast_head":"<!-- This site is optimized with the Yoast SEO plugin v27.2 - https:\/\/yoast.com\/product\/yoast-seo-wordpress\/ -->\n<title>Nuestros expertos - Auren Portugal<\/title>\n<meta name=\"robots\" content=\"index, follow, max-snippet:-1, max-image-preview:large, max-video-preview:-1\" \/>\n<link rel=\"canonical\" href=\"https:\/\/auren.com\/pt\/es\/conoce-auren\/nuestros-expertos\/\" \/>\n<meta property=\"og:locale\" content=\"es_ES\" \/>\n<meta property=\"og:type\" content=\"article\" \/>\n<meta property=\"og:title\" content=\"Nuestros expertos - Auren Portugal\" \/>\n<meta property=\"og:url\" content=\"https:\/\/auren.com\/pt\/es\/conoce-auren\/nuestros-expertos\/\" \/>\n<meta property=\"og:site_name\" content=\"Auren Portugal\" \/>\n<meta property=\"article:publisher\" content=\"https:\/\/www.facebook.com\/AurenPortugal\" \/>\n<meta property=\"article:modified_time\" content=\"2025-01-07T16:26:57+00:00\" \/>\n<meta name=\"twitter:card\" content=\"summary_large_image\" \/>\n<script type=\"application\/ld+json\" class=\"yoast-schema-graph\">{\"@context\":\"https:\/\/schema.org\",\"@graph\":[{\"@type\":\"WebPage\",\"@id\":\"https:\/\/auren.com\/pt\/es\/conoce-auren\/nuestros-expertos\/\",\"url\":\"https:\/\/auren.com\/pt\/es\/conoce-auren\/nuestros-expertos\/\",\"name\":\"Nuestros expertos - Auren Portugal\",\"isPartOf\":{\"@id\":\"https:\/\/auren.com\/pt\/es\/#website\"},\"datePublished\":\"2025-01-07T16:21:29+00:00\",\"dateModified\":\"2025-01-07T16:26:57+00:00\",\"breadcrumb\":{\"@id\":\"https:\/\/auren.com\/pt\/es\/conoce-auren\/nuestros-expertos\/#breadcrumb\"},\"inLanguage\":\"es\",\"potentialAction\":[{\"@type\":\"ReadAction\",\"target\":[\"https:\/\/auren.com\/pt\/es\/conoce-auren\/nuestros-expertos\/\"]}]},{\"@type\":\"BreadcrumbList\",\"@id\":\"https:\/\/auren.com\/pt\/es\/conoce-auren\/nuestros-expertos\/#breadcrumb\",\"itemListElement\":[{\"@type\":\"ListItem\",\"position\":1,\"name\":\"Home\",\"item\":\"https:\/\/auren.com\/pt\/es\/\"},{\"@type\":\"ListItem\",\"position\":2,\"name\":\"Conoce Auren\",\"item\":\"https:\/\/auren.com\/pt\/es\/conoce-auren\/\"},{\"@type\":\"ListItem\",\"position\":3,\"name\":\"Nuestros expertos\"}]},{\"@type\":\"WebSite\",\"@id\":\"https:\/\/auren.com\/pt\/es\/#website\",\"url\":\"https:\/\/auren.com\/pt\/es\/\",\"name\":\"Auren Portugal\",\"description\":\"\",\"publisher\":{\"@id\":\"https:\/\/auren.com\/pt\/es\/#organization\"},\"potentialAction\":[{\"@type\":\"SearchAction\",\"target\":{\"@type\":\"EntryPoint\",\"urlTemplate\":\"https:\/\/auren.com\/pt\/es\/?s={search_term_string}\"},\"query-input\":{\"@type\":\"PropertyValueSpecification\",\"valueRequired\":true,\"valueName\":\"search_term_string\"}}],\"inLanguage\":\"es\"},{\"@type\":\"Organization\",\"@id\":\"https:\/\/auren.com\/pt\/es\/#organization\",\"name\":\"Auren Portugal\",\"url\":\"https:\/\/auren.com\/pt\/es\/\",\"logo\":{\"@type\":\"ImageObject\",\"inLanguage\":\"es\",\"@id\":\"https:\/\/auren.com\/pt\/es\/#\/schema\/logo\/image\/\",\"url\":\"https:\/\/auren.com\/pt\/wp-content\/uploads\/2025\/01\/cropped-cropped-favicon-Auren.png\",\"contentUrl\":\"https:\/\/auren.com\/pt\/wp-content\/uploads\/2025\/01\/cropped-cropped-favicon-Auren.png\",\"width\":512,\"height\":512,\"caption\":\"Auren Portugal\"},\"image\":{\"@id\":\"https:\/\/auren.com\/pt\/es\/#\/schema\/logo\/image\/\"},\"sameAs\":[\"https:\/\/www.facebook.com\/AurenPortugal\",\"https:\/\/pt.linkedin.com\/company\/aurenportugal\"]}]}<\/script>\n<!-- \/ Yoast SEO plugin. -->","yoast_head_json":{"title":"Nuestros expertos - Auren Portugal","robots":{"index":"index","follow":"follow","max-snippet":"max-snippet:-1","max-image-preview":"max-image-preview:large","max-video-preview":"max-video-preview:-1"},"canonical":"https:\/\/auren.com\/pt\/es\/conoce-auren\/nuestros-expertos\/","og_locale":"es_ES","og_type":"article","og_title":"Nuestros expertos - Auren Portugal","og_url":"https:\/\/auren.com\/pt\/es\/conoce-auren\/nuestros-expertos\/","og_site_name":"Auren Portugal","article_publisher":"https:\/\/www.facebook.com\/AurenPortugal","article_modified_time":"2025-01-07T16:26:57+00:00","twitter_card":"summary_large_image","schema":{"@context":"https:\/\/schema.org","@graph":[{"@type":"WebPage","@id":"https:\/\/auren.com\/pt\/es\/conoce-auren\/nuestros-expertos\/","url":"https:\/\/auren.com\/pt\/es\/conoce-auren\/nuestros-expertos\/","name":"Nuestros expertos - Auren Portugal","isPartOf":{"@id":"https:\/\/auren.com\/pt\/es\/#website"},"datePublished":"2025-01-07T16:21:29+00:00","dateModified":"2025-01-07T16:26:57+00:00","breadcrumb":{"@id":"https:\/\/auren.com\/pt\/es\/conoce-auren\/nuestros-expertos\/#breadcrumb"},"inLanguage":"es","potentialAction":[{"@type":"ReadAction","target":["https:\/\/auren.com\/pt\/es\/conoce-auren\/nuestros-expertos\/"]}]},{"@type":"BreadcrumbList","@id":"https:\/\/auren.com\/pt\/es\/conoce-auren\/nuestros-expertos\/#breadcrumb","itemListElement":[{"@type":"ListItem","position":1,"name":"Home","item":"https:\/\/auren.com\/pt\/es\/"},{"@type":"ListItem","position":2,"name":"Conoce Auren","item":"https:\/\/auren.com\/pt\/es\/conoce-auren\/"},{"@type":"ListItem","position":3,"name":"Nuestros expertos"}]},{"@type":"WebSite","@id":"https:\/\/auren.com\/pt\/es\/#website","url":"https:\/\/auren.com\/pt\/es\/","name":"Auren Portugal","description":"","publisher":{"@id":"https:\/\/auren.com\/pt\/es\/#organization"},"potentialAction":[{"@type":"SearchAction","target":{"@type":"EntryPoint","urlTemplate":"https:\/\/auren.com\/pt\/es\/?s={search_term_string}"},"query-input":{"@type":"PropertyValueSpecification","valueRequired":true,"valueName":"search_term_string"}}],"inLanguage":"es"},{"@type":"Organization","@id":"https:\/\/auren.com\/pt\/es\/#organization","name":"Auren Portugal","url":"https:\/\/auren.com\/pt\/es\/","logo":{"@type":"ImageObject","inLanguage":"es","@id":"https:\/\/auren.com\/pt\/es\/#\/schema\/logo\/image\/","url":"https:\/\/auren.com\/pt\/wp-content\/uploads\/2025\/01\/cropped-cropped-favicon-Auren.png","contentUrl":"https:\/\/auren.com\/pt\/wp-content\/uploads\/2025\/01\/cropped-cropped-favicon-Auren.png","width":512,"height":512,"caption":"Auren Portugal"},"image":{"@id":"https:\/\/auren.com\/pt\/es\/#\/schema\/logo\/image\/"},"sameAs":["https:\/\/www.facebook.com\/AurenPortugal","https:\/\/pt.linkedin.com\/company\/aurenportugal"]}]}},"_links":{"self":[{"href":"https:\/\/auren.com\/pt\/es\/wp-json\/wp\/v2\/pages\/5193","targetHints":{"allow":["GET"]}}],"collection":[{"href":"https:\/\/auren.com\/pt\/es\/wp-json\/wp\/v2\/pages"}],"about":[{"href":"https:\/\/auren.com\/pt\/es\/wp-json\/wp\/v2\/types\/page"}],"author":[{"embeddable":true,"href":"https:\/\/auren.com\/pt\/es\/wp-json\/wp\/v2\/users\/2"}],"replies":[{"embeddable":true,"href":"https:\/\/auren.com\/pt\/es\/wp-json\/wp\/v2\/comments?post=5193"}],"version-history":[{"count":0,"href":"https:\/\/auren.com\/pt\/es\/wp-json\/wp\/v2\/pages\/5193\/revisions"}],"up":[{"embeddable":true,"href":"https:\/\/auren.com\/pt\/es\/wp-json\/wp\/v2\/pages\/5178"}],"wp:attachment":[{"href":"https:\/\/auren.com\/pt\/es\/wp-json\/wp\/v2\/media?parent=5193"}],"curies":[{"name":"wp","href":"https:\/\/api.w.org\/{rel}","templated":true}]}}