{"id":10047,"date":"2025-01-14T12:07:05","date_gmt":"2025-01-14T11:07:05","guid":{"rendered":"https:\/\/auren.com\/pt\/?page_id=10047"},"modified":"2025-01-21T12:11:07","modified_gmt":"2025-01-21T11:11:07","slug":"tendencias-internacionais","status":"publish","type":"page","link":"https:\/\/auren.com\/pt\/tendencias-internacionais\/","title":{"rendered":"Tend\u00eancias Internacionais"},"content":{"rendered":"<section id=\"Header-block_fd69ce99d578a21b1b3fa23b906df99a\" class=\"Header\">\r\n\r\n    <div class=\"hero\">\r\n                <div class=\"container\">\r\n            <div class=\"hero_header\">\r\n                                \r\n                <div class=\"hero_header_title\">\r\n                    <h1 class='' style=\"text-align: right;\">Auren Media<\/h1>\n                <\/div>\r\n\r\n                                                \r\n                <div class=\"hero_header_subtitle\">\r\n                    <p style=\"text-align: right;\">Descubra as \u00faltimas not\u00edcias e publica\u00e7\u00f5es da Auren International.<\/p>\n                <\/div>\r\n\r\n                                \r\n            <\/div>\r\n        <\/div>\r\n        \r\n                <picture>\r\n            <source data-srcset=\"https:\/\/auren.com\/pt\/wp-content\/uploads\/2025\/01\/Rectangle-16-2.webp\"\r\n                media=\"(min-width: 1200px)\" \/>\r\n            <img decoding=\"async\" class=\"hero_bg lazyload\"\r\n                <img decoding=\"async\" width=\"640\" height=\"382\" data-src=\"https:\/\/auren.com\/pt\/wp-content\/uploads\/2025\/01\/Rectangle-16-2-1024x611.webp\" class=\"hero_bg lazyload\" alt=\"\" data-srcset=\"https:\/\/auren.com\/pt\/wp-content\/uploads\/2025\/01\/Rectangle-16-2-1024x611.webp 1024w, https:\/\/auren.com\/pt\/wp-content\/uploads\/2025\/01\/Rectangle-16-2-300x179.webp 300w, https:\/\/auren.com\/pt\/wp-content\/uploads\/2025\/01\/Rectangle-16-2-768x459.webp 768w, https:\/\/auren.com\/pt\/wp-content\/uploads\/2025\/01\/Rectangle-16-2-1536x917.webp 1536w, https:\/\/auren.com\/pt\/wp-content\/uploads\/2025\/01\/Rectangle-16-2.webp 1916w\" data-sizes=\"(max-width: 640px) 100vw, 640px\" src=\"data:image\/svg+xml;base64,PHN2ZyB3aWR0aD0iMSIgaGVpZ2h0PSIxIiB4bWxucz0iaHR0cDovL3d3dy53My5vcmcvMjAwMC9zdmciPjwvc3ZnPg==\" style=\"--smush-placeholder-width: 640px; --smush-placeholder-aspect-ratio: 640\/382;\" \/>>\r\n        <\/picture>\r\n        \r\n                        <p class=\"hero_scroll\"><strong>Explorar mais<\/strong> Role para baixo<\/p>\r\n                    <\/div>\r\n\r\n<\/section>\n\n\r\n<section id=\"Breadcrumbs-block_a36a46b466583e07dac17e9b0c93d529\" class=\"Breadcrumbs\">\r\n    \r\n        <nav class=\"breads\" aria-label=\"Breadcrumb\">\r\n            <ul class=\"container\">\r\n                <li><a href=\"https:\/\/auren.com\/pt\">Home<\/a><\/li>\r\n                <li><span aria-current=\"page\">Tend\u00eancias Internacionais<\/span><\/li>            <\/ul>\r\n        <\/nav>\r\n\r\n                                                                                     \r\n    \r\n<\/section>\r\n\n\n\r\n<section id=\"ImageText-block_ec24b81d27bd328cf44fac5e1578c8b6\" class=\"ImageText\">\r\n\r\n    <section class=\"info \">\r\n        <div class=\"container\">\r\n            <div class=\"info_text\">\r\n                <div class=\"info_title\">\r\n                    <h2 class=''>Conte\u00fado que nos une<\/h2>\n                <\/div>\r\n                <div class=\"info_description\">\r\n                                    <\/div>\r\n            <\/div>\r\n            <div class=\"info_media\">\r\n                <div class=\"info_media_item info_media_item-1\">\r\n                    <div class=\"info_media_item_text\"><span class=\"title\"><\/span><\/div>\r\n                    <div class=\"info_media_item_text_claim\"><\/div>\r\n                    <span class=\"info_media_item_bg\">\r\n                                                    <img decoding=\"async\" width=\"640\" height=\"359\" data-src=\"https:\/\/auren.com\/pt\/wp-content\/uploads\/2025\/01\/image-text-11-1024x574.webp\" class=\"attachment-large size-large lazyload\" alt=\"\" data-srcset=\"https:\/\/auren.com\/pt\/wp-content\/uploads\/2025\/01\/image-text-11-1024x574.webp 1024w, https:\/\/auren.com\/pt\/wp-content\/uploads\/2025\/01\/image-text-11-300x168.webp 300w, https:\/\/auren.com\/pt\/wp-content\/uploads\/2025\/01\/image-text-11-768x431.webp 768w, https:\/\/auren.com\/pt\/wp-content\/uploads\/2025\/01\/image-text-11-1536x861.webp 1536w, https:\/\/auren.com\/pt\/wp-content\/uploads\/2025\/01\/image-text-11-2048x1148.webp 2048w\" data-sizes=\"(max-width: 640px) 100vw, 640px\" src=\"data:image\/svg+xml;base64,PHN2ZyB3aWR0aD0iMSIgaGVpZ2h0PSIxIiB4bWxucz0iaHR0cDovL3d3dy53My5vcmcvMjAwMC9zdmciPjwvc3ZnPg==\" style=\"--smush-placeholder-width: 640px; --smush-placeholder-aspect-ratio: 640\/359;\" \/>                                            <\/span>\r\n                                                        <\/div>\r\n                <div class=\"info_media_claim\">\r\n                    <p>Descubra o que est\u00e1 a ter repercuss\u00e3o com o p\u00fablico globalmente<\/p>\n                <\/div>\r\n                <div class=\"info_media_item info_media_item-2\">\r\n                    <div class=\"info_media_item_text\"><span class=\"title\"><\/span><\/div>\r\n                    <div class=\"info_media_item_text_claim\"><\/div>\r\n                    <span class=\"info_media_item_bg\">\r\n                                                    <img decoding=\"async\" width=\"640\" height=\"381\" data-src=\"https:\/\/auren.com\/pt\/wp-content\/uploads\/2025\/01\/image-text-10-1024x610.webp\" class=\"attachment-large size-large lazyload\" alt=\"\" data-srcset=\"https:\/\/auren.com\/pt\/wp-content\/uploads\/2025\/01\/image-text-10-1024x610.webp 1024w, https:\/\/auren.com\/pt\/wp-content\/uploads\/2025\/01\/image-text-10-300x179.webp 300w, https:\/\/auren.com\/pt\/wp-content\/uploads\/2025\/01\/image-text-10-768x457.webp 768w, https:\/\/auren.com\/pt\/wp-content\/uploads\/2025\/01\/image-text-10-1536x915.webp 1536w, https:\/\/auren.com\/pt\/wp-content\/uploads\/2025\/01\/image-text-10-2048x1220.webp 2048w\" data-sizes=\"(max-width: 640px) 100vw, 640px\" src=\"data:image\/svg+xml;base64,PHN2ZyB3aWR0aD0iMSIgaGVpZ2h0PSIxIiB4bWxucz0iaHR0cDovL3d3dy53My5vcmcvMjAwMC9zdmciPjwvc3ZnPg==\" style=\"--smush-placeholder-width: 640px; --smush-placeholder-aspect-ratio: 640\/381;\" \/>                                            <\/span>\r\n                                                        <\/div>\r\n            <\/div>\r\n        <\/div>\r\n    <\/section>\r\n\r\n<\/section>\r\n\r\n\n\n<section id=\"TrendingNow-block_9eb43f6fd025e660c8b077f86ccf2c90\" class=\"TrendingNow\">\r\n\r\n    <section class=\"trendings\">\r\n        <div class=\"container\">\r\n            <div class=\"trendings_title\">\r\n                <h2 class=''>T\u00f3picos de Tend\u00eancias Hoje<\/h2>\n            <\/div>\r\n            <nav class=\"trendings_nav\">\r\n                <a class=\"trendings_nav_item trendings_nav_item-1\" href=\"https:\/\/auren.com\/pt\/tendencias-internacionais\/noticias\/\"><strong class=\"trendings_nav_item_text\">Noticias<\/strong><img decoding=\"async\" width=\"640\" height=\"426\" data-src=\"https:\/\/auren.com\/pt\/wp-content\/uploads\/2025\/01\/trending-1-1-1024x682.webp\" class=\"trendings_nav_item_bg lazyload\" alt=\"\" data-srcset=\"https:\/\/auren.com\/pt\/wp-content\/uploads\/2025\/01\/trending-1-1-1024x682.webp 1024w, https:\/\/auren.com\/pt\/wp-content\/uploads\/2025\/01\/trending-1-1-300x200.webp 300w, https:\/\/auren.com\/pt\/wp-content\/uploads\/2025\/01\/trending-1-1-768x512.webp 768w, https:\/\/auren.com\/pt\/wp-content\/uploads\/2025\/01\/trending-1-1.webp 1160w\" data-sizes=\"(max-width: 640px) 100vw, 640px\" src=\"data:image\/svg+xml;base64,PHN2ZyB3aWR0aD0iMSIgaGVpZ2h0PSIxIiB4bWxucz0iaHR0cDovL3d3dy53My5vcmcvMjAwMC9zdmciPjwvc3ZnPg==\" style=\"--smush-placeholder-width: 640px; --smush-placeholder-aspect-ratio: 640\/426;\" \/><\/a>                <a class=\"trendings_nav_item trendings_nav_item-2\" href=\"https:\/\/auren.com\/pt\/tendencias-internacionais\/blog\/\"><strong class=\"trendings_nav_item_text\">Blog<\/strong><img decoding=\"async\" width=\"640\" height=\"359\" data-src=\"https:\/\/auren.com\/pt\/wp-content\/uploads\/2025\/01\/trending-2-1-1024x574.webp\" class=\"trendings_nav_item_bg lazyload\" alt=\"\" data-srcset=\"https:\/\/auren.com\/pt\/wp-content\/uploads\/2025\/01\/trending-2-1-1024x574.webp 1024w, https:\/\/auren.com\/pt\/wp-content\/uploads\/2025\/01\/trending-2-1-300x168.webp 300w, https:\/\/auren.com\/pt\/wp-content\/uploads\/2025\/01\/trending-2-1-768x430.webp 768w, https:\/\/auren.com\/pt\/wp-content\/uploads\/2025\/01\/trending-2-1-1536x861.webp 1536w, https:\/\/auren.com\/pt\/wp-content\/uploads\/2025\/01\/trending-2-1-2048x1148.webp 2048w\" data-sizes=\"(max-width: 640px) 100vw, 640px\" src=\"data:image\/svg+xml;base64,PHN2ZyB3aWR0aD0iMSIgaGVpZ2h0PSIxIiB4bWxucz0iaHR0cDovL3d3dy53My5vcmcvMjAwMC9zdmciPjwvc3ZnPg==\" style=\"--smush-placeholder-width: 640px; --smush-placeholder-aspect-ratio: 640\/359;\" \/><\/a>                <a class=\"trendings_nav_item trendings_nav_item-3\" href=\"https:\/\/auren.com\/pt\/tendencias-internacionais\/publicacoes\/\"><strong class=\"trendings_nav_item_text\">Publica\u00e7\u00f5es<\/strong><img decoding=\"async\" width=\"640\" height=\"427\" data-src=\"https:\/\/auren.com\/pt\/wp-content\/uploads\/2025\/01\/trending-3-1-1024x683.webp\" class=\"trendings_nav_item_bg lazyload\" alt=\"\" data-srcset=\"https:\/\/auren.com\/pt\/wp-content\/uploads\/2025\/01\/trending-3-1-1024x683.webp 1024w, https:\/\/auren.com\/pt\/wp-content\/uploads\/2025\/01\/trending-3-1-300x200.webp 300w, https:\/\/auren.com\/pt\/wp-content\/uploads\/2025\/01\/trending-3-1-768x512.webp 768w, https:\/\/auren.com\/pt\/wp-content\/uploads\/2025\/01\/trending-3-1-1536x1024.webp 1536w, https:\/\/auren.com\/pt\/wp-content\/uploads\/2025\/01\/trending-3-1-2048x1366.webp 2048w\" data-sizes=\"(max-width: 640px) 100vw, 640px\" src=\"data:image\/svg+xml;base64,PHN2ZyB3aWR0aD0iMSIgaGVpZ2h0PSIxIiB4bWxucz0iaHR0cDovL3d3dy53My5vcmcvMjAwMC9zdmciPjwvc3ZnPg==\" style=\"--smush-placeholder-width: 640px; --smush-placeholder-aspect-ratio: 640\/427;\" \/><\/a>                <a class=\"trendings_nav_item trendings_nav_item-4\" href=\"https:\/\/auren.com\/pt\/tendencias-internacionais\/videos-podcast\/\"><strong class=\"trendings_nav_item_text\">Videos &#038; Podcast<\/strong><img decoding=\"async\" width=\"640\" height=\"359\" data-src=\"https:\/\/auren.com\/pt\/wp-content\/uploads\/2025\/01\/trending-4-1-1024x574.webp\" class=\"trendings_nav_item_bg lazyload\" alt=\"\" data-srcset=\"https:\/\/auren.com\/pt\/wp-content\/uploads\/2025\/01\/trending-4-1-1024x574.webp 1024w, https:\/\/auren.com\/pt\/wp-content\/uploads\/2025\/01\/trending-4-1-300x168.webp 300w, https:\/\/auren.com\/pt\/wp-content\/uploads\/2025\/01\/trending-4-1-768x431.webp 768w, https:\/\/auren.com\/pt\/wp-content\/uploads\/2025\/01\/trending-4-1-1536x861.webp 1536w, https:\/\/auren.com\/pt\/wp-content\/uploads\/2025\/01\/trending-4-1-2048x1148.webp 2048w\" data-sizes=\"(max-width: 640px) 100vw, 640px\" src=\"data:image\/svg+xml;base64,PHN2ZyB3aWR0aD0iMSIgaGVpZ2h0PSIxIiB4bWxucz0iaHR0cDovL3d3dy53My5vcmcvMjAwMC9zdmciPjwvc3ZnPg==\" style=\"--smush-placeholder-width: 640px; --smush-placeholder-aspect-ratio: 640\/359;\" \/><\/a>                <a class=\"\" href=\"https:\/\/auren.com\/pt\/tendencias-internacionais\/descubra-as-ultimas-tendencias\/\">\r\n                    <h2 class='trendings_nav_claim'>Explore os temas mais comentados<\/h2>\n                <\/a>\r\n            <\/nav>\r\n        <\/div>\r\n    <\/section>\r\n    \r\n<\/section>\r\n\r\n\n\n<section id=\"ImageTextV2-block_a1e8ce6f2f8e7fc068e5162291a6b393\" class=\"ImageTextV2\">\r\n\r\n    <div class=\"upcoming \">\r\n        <div class=\"container\">\r\n            <div class=\"upcoming_text\">\r\n                <div class=\"upcoming_title\">\r\n                    <h2 class=''>Fique atento para atualiza\u00e7\u00f5es interessantes e pr\u00f3ximos eventos!<\/h2>\n                <\/div>\r\n                <div class=\"upcoming_kicker\">\r\n                    <p>OS NOSSOS EVENTOS<\/p>\n                <\/div>\r\n            <\/div>\r\n            <div class=\"upcoming_media\">\r\n                <a class=\"button button-primary button-icon\" href=\"https:\/\/auren.com\/pt\/subscribe\/\" target=\"\">Contatar<\/a>\r\n                <span class=\"upcoming_media_bg\"><img decoding=\"async\" width=\"640\" height=\"428\" data-src=\"https:\/\/auren.com\/pt\/wp-content\/uploads\/2025\/01\/image-text-12-1-1-1024x684.webp\" alt=\"\" data-srcset=\"https:\/\/auren.com\/pt\/wp-content\/uploads\/2025\/01\/image-text-12-1-1-1024x684.webp 1024w, https:\/\/auren.com\/pt\/wp-content\/uploads\/2025\/01\/image-text-12-1-1-300x200.webp 300w, https:\/\/auren.com\/pt\/wp-content\/uploads\/2025\/01\/image-text-12-1-1-768x513.webp 768w, https:\/\/auren.com\/pt\/wp-content\/uploads\/2025\/01\/image-text-12-1-1-1536x1025.webp 1536w, https:\/\/auren.com\/pt\/wp-content\/uploads\/2025\/01\/image-text-12-1-1-2048x1367.webp 2048w\" data-sizes=\"(max-width: 640px) 100vw, 640px\" src=\"data:image\/svg+xml;base64,PHN2ZyB3aWR0aD0iMSIgaGVpZ2h0PSIxIiB4bWxucz0iaHR0cDovL3d3dy53My5vcmcvMjAwMC9zdmciPjwvc3ZnPg==\" class=\"lazyload\" style=\"--smush-placeholder-width: 640px; --smush-placeholder-aspect-ratio: 640\/428;\" \/><\/span>\r\n            <\/div>\r\n        <\/div>\r\n    <\/div>\r\n\r\n<\/section>\r\n","protected":false},"excerpt":{"rendered":"","protected":false},"author":2,"featured_media":0,"parent":0,"menu_order":0,"comment_status":"closed","ping_status":"closed","template":"","meta":{"_acf_changed":false,"inline_featured_image":false,"footnotes":""},"class_list":["post-10047","page","type-page","status-publish","hentry"],"acf":[],"yoast_head":"<!-- This site is optimized with the Yoast SEO plugin v27.2 - https:\/\/yoast.com\/product\/yoast-seo-wordpress\/ -->\n<title>Tend\u00eancias Internacionais - Auren Portugal<\/title>\n<meta name=\"robots\" content=\"index, follow, max-snippet:-1, max-image-preview:large, max-video-preview:-1\" \/>\n<link rel=\"canonical\" href=\"https:\/\/auren.com\/pt\/tendencias-internacionais\/\" \/>\n<meta property=\"og:locale\" content=\"pt_PT\" \/>\n<meta property=\"og:type\" content=\"article\" \/>\n<meta property=\"og:title\" content=\"Tend\u00eancias Internacionais - Auren Portugal\" \/>\n<meta property=\"og:url\" content=\"https:\/\/auren.com\/pt\/tendencias-internacionais\/\" \/>\n<meta property=\"og:site_name\" content=\"Auren Portugal\" \/>\n<meta property=\"article:publisher\" content=\"https:\/\/www.facebook.com\/AurenPortugal\" \/>\n<meta property=\"article:modified_time\" content=\"2025-01-21T11:11:07+00:00\" \/>\n<meta name=\"twitter:card\" content=\"summary_large_image\" \/>\n<script type=\"application\/ld+json\" class=\"yoast-schema-graph\">{\"@context\":\"https:\/\/schema.org\",\"@graph\":[{\"@type\":\"WebPage\",\"@id\":\"https:\/\/auren.com\/pt\/tendencias-internacionais\/\",\"url\":\"https:\/\/auren.com\/pt\/tendencias-internacionais\/\",\"name\":\"Tend\u00eancias Internacionais - Auren Portugal\",\"isPartOf\":{\"@id\":\"https:\/\/auren.com\/pt\/#website\"},\"datePublished\":\"2025-01-14T11:07:05+00:00\",\"dateModified\":\"2025-01-21T11:11:07+00:00\",\"breadcrumb\":{\"@id\":\"https:\/\/auren.com\/pt\/tendencias-internacionais\/#breadcrumb\"},\"inLanguage\":\"pt-PT\",\"potentialAction\":[{\"@type\":\"ReadAction\",\"target\":[\"https:\/\/auren.com\/pt\/tendencias-internacionais\/\"]}]},{\"@type\":\"BreadcrumbList\",\"@id\":\"https:\/\/auren.com\/pt\/tendencias-internacionais\/#breadcrumb\",\"itemListElement\":[{\"@type\":\"ListItem\",\"position\":1,\"name\":\"Home\",\"item\":\"https:\/\/auren.com\/pt\/\"},{\"@type\":\"ListItem\",\"position\":2,\"name\":\"Tend\u00eancias Internacionais\"}]},{\"@type\":\"WebSite\",\"@id\":\"https:\/\/auren.com\/pt\/#website\",\"url\":\"https:\/\/auren.com\/pt\/\",\"name\":\"Auren Portugal\",\"description\":\"\",\"publisher\":{\"@id\":\"https:\/\/auren.com\/pt\/#organization\"},\"potentialAction\":[{\"@type\":\"SearchAction\",\"target\":{\"@type\":\"EntryPoint\",\"urlTemplate\":\"https:\/\/auren.com\/pt\/?s={search_term_string}\"},\"query-input\":{\"@type\":\"PropertyValueSpecification\",\"valueRequired\":true,\"valueName\":\"search_term_string\"}}],\"inLanguage\":\"pt-PT\"},{\"@type\":\"Organization\",\"@id\":\"https:\/\/auren.com\/pt\/#organization\",\"name\":\"Auren Portugal\",\"url\":\"https:\/\/auren.com\/pt\/\",\"logo\":{\"@type\":\"ImageObject\",\"inLanguage\":\"pt-PT\",\"@id\":\"https:\/\/auren.com\/pt\/#\/schema\/logo\/image\/\",\"url\":\"https:\/\/auren.com\/pt\/wp-content\/uploads\/2025\/01\/cropped-cropped-favicon-Auren.png\",\"contentUrl\":\"https:\/\/auren.com\/pt\/wp-content\/uploads\/2025\/01\/cropped-cropped-favicon-Auren.png\",\"width\":512,\"height\":512,\"caption\":\"Auren Portugal\"},\"image\":{\"@id\":\"https:\/\/auren.com\/pt\/#\/schema\/logo\/image\/\"},\"sameAs\":[\"https:\/\/www.facebook.com\/AurenPortugal\",\"https:\/\/pt.linkedin.com\/company\/aurenportugal\"]}]}<\/script>\n<!-- \/ Yoast SEO plugin. -->","yoast_head_json":{"title":"Tend\u00eancias Internacionais - Auren Portugal","robots":{"index":"index","follow":"follow","max-snippet":"max-snippet:-1","max-image-preview":"max-image-preview:large","max-video-preview":"max-video-preview:-1"},"canonical":"https:\/\/auren.com\/pt\/tendencias-internacionais\/","og_locale":"pt_PT","og_type":"article","og_title":"Tend\u00eancias Internacionais - Auren Portugal","og_url":"https:\/\/auren.com\/pt\/tendencias-internacionais\/","og_site_name":"Auren Portugal","article_publisher":"https:\/\/www.facebook.com\/AurenPortugal","article_modified_time":"2025-01-21T11:11:07+00:00","twitter_card":"summary_large_image","schema":{"@context":"https:\/\/schema.org","@graph":[{"@type":"WebPage","@id":"https:\/\/auren.com\/pt\/tendencias-internacionais\/","url":"https:\/\/auren.com\/pt\/tendencias-internacionais\/","name":"Tend\u00eancias Internacionais - Auren Portugal","isPartOf":{"@id":"https:\/\/auren.com\/pt\/#website"},"datePublished":"2025-01-14T11:07:05+00:00","dateModified":"2025-01-21T11:11:07+00:00","breadcrumb":{"@id":"https:\/\/auren.com\/pt\/tendencias-internacionais\/#breadcrumb"},"inLanguage":"pt-PT","potentialAction":[{"@type":"ReadAction","target":["https:\/\/auren.com\/pt\/tendencias-internacionais\/"]}]},{"@type":"BreadcrumbList","@id":"https:\/\/auren.com\/pt\/tendencias-internacionais\/#breadcrumb","itemListElement":[{"@type":"ListItem","position":1,"name":"Home","item":"https:\/\/auren.com\/pt\/"},{"@type":"ListItem","position":2,"name":"Tend\u00eancias Internacionais"}]},{"@type":"WebSite","@id":"https:\/\/auren.com\/pt\/#website","url":"https:\/\/auren.com\/pt\/","name":"Auren Portugal","description":"","publisher":{"@id":"https:\/\/auren.com\/pt\/#organization"},"potentialAction":[{"@type":"SearchAction","target":{"@type":"EntryPoint","urlTemplate":"https:\/\/auren.com\/pt\/?s={search_term_string}"},"query-input":{"@type":"PropertyValueSpecification","valueRequired":true,"valueName":"search_term_string"}}],"inLanguage":"pt-PT"},{"@type":"Organization","@id":"https:\/\/auren.com\/pt\/#organization","name":"Auren Portugal","url":"https:\/\/auren.com\/pt\/","logo":{"@type":"ImageObject","inLanguage":"pt-PT","@id":"https:\/\/auren.com\/pt\/#\/schema\/logo\/image\/","url":"https:\/\/auren.com\/pt\/wp-content\/uploads\/2025\/01\/cropped-cropped-favicon-Auren.png","contentUrl":"https:\/\/auren.com\/pt\/wp-content\/uploads\/2025\/01\/cropped-cropped-favicon-Auren.png","width":512,"height":512,"caption":"Auren Portugal"},"image":{"@id":"https:\/\/auren.com\/pt\/#\/schema\/logo\/image\/"},"sameAs":["https:\/\/www.facebook.com\/AurenPortugal","https:\/\/pt.linkedin.com\/company\/aurenportugal"]}]}},"_links":{"self":[{"href":"https:\/\/auren.com\/pt\/wp-json\/wp\/v2\/pages\/10047","targetHints":{"allow":["GET"]}}],"collection":[{"href":"https:\/\/auren.com\/pt\/wp-json\/wp\/v2\/pages"}],"about":[{"href":"https:\/\/auren.com\/pt\/wp-json\/wp\/v2\/types\/page"}],"author":[{"embeddable":true,"href":"https:\/\/auren.com\/pt\/wp-json\/wp\/v2\/users\/2"}],"replies":[{"embeddable":true,"href":"https:\/\/auren.com\/pt\/wp-json\/wp\/v2\/comments?post=10047"}],"version-history":[{"count":0,"href":"https:\/\/auren.com\/pt\/wp-json\/wp\/v2\/pages\/10047\/revisions"}],"wp:attachment":[{"href":"https:\/\/auren.com\/pt\/wp-json\/wp\/v2\/media?parent=10047"}],"curies":[{"name":"wp","href":"https:\/\/api.w.org\/{rel}","templated":true}]}}