{"id":10242,"date":"2025-01-23T19:27:44","date_gmt":"2025-01-23T18:27:44","guid":{"rendered":"https:\/\/auren.com\/pt\/privacy-policy\/"},"modified":"2025-02-07T14:16:29","modified_gmt":"2025-02-07T13:16:29","slug":"privacy-policy","status":"publish","type":"page","link":"https:\/\/auren.com\/pt\/privacy-policy\/","title":{"rendered":"Privacy Policy"},"content":{"rendered":"<section id=\"HeaderSlider-block_4d8ae54f011579260397082989dd3014\" class=\"Header HeaderSlider\">\r\n\r\n    \r\n    <div class=\"hero-home\">\r\n        <div class=\"hero-home_swiper swiper\" id=\"heroSwiper\">\r\n            <div class=\"swiper-wrapper\">\r\n                \r\n                <div class=\"swiper-slide lazyload\" style=\"background-image:inherit;\" data-bg-image=\"url(&#039;https:\/\/auren.com\/pt\/wp-content\/uploads\/2025\/01\/Rectangle-16-1-1.webp&#039;)\">\r\n                    <div class=\"container\">\r\n                        <div class=\"hero-home_header\">\r\n                            \r\n            <div class=\"hero-home_header_title\">\r\n                <h1>POL\u00cdTICA DE PRIVACIDADE<\/h1>\n\r\n            <\/div>\r\n                            \r\n                        <\/div>\r\n                    <\/div>\r\n                <\/div>\r\n                            <\/div>\r\n            <div class=\"container\">\r\n                <div class=\"swiper-pagination\"><\/div>\r\n            <\/div>\r\n        <\/div>\r\n\r\n        <nav class=\"hero-home_nav\"><\/nav>\r\n                <p class=\"hero-home_scroll\"><strong>Explorar mais<\/strong> Role para baixo<\/p>\r\n            <\/div>\r\n\r\n        \r\n<\/section>\r\n\n\n\r\n<section id=\"Breadcrumbs-block_8bb7112c0c5a8745473c7c1dbf918a89\" class=\"Breadcrumbs\">\r\n    \r\n        <nav class=\"breads\" aria-label=\"Breadcrumb\">\r\n            <ul class=\"container\">\r\n                <li><a href=\"https:\/\/auren.com\/pt\">Home<\/a><\/li>\r\n                <li><span aria-current=\"page\">Privacy Policy<\/span><\/li>            <\/ul>\r\n        <\/nav>\r\n\r\n                                                                                     \r\n    \r\n<\/section>\r\n\n\n<div id=\"ContainerLegals-block_7b29d33749775c7751504742b8869e5f\" class=\"ContainerLegals\" style=\"background-image:url(); background-color: \">\r\n    <div class=\"container\">\r\n        <div class=\"acf-innerblocks-container\">\n\n<p>Todas as empresas que comp\u00f5em a AUREN est\u00e3o altamente comprometidas com a seguran\u00e7a das informa\u00e7\u00f5es pessoais e com seu processamento legal e transparente.<br>Neste documento, forneceremos informa\u00e7\u00f5es detalhadas relacionadas ao tratamento dos dados pessoais coletados por meio desta p\u00e1gina web.<\/p>\n\n\n\n<p><strong>CONTROLADOR<\/strong><\/p>\n\n\n\n<p>O processamento dos seus dados ser\u00e1 realizado por:<\/p>\n\n\n\n<p>AUREN PORTUGAL<\/p>\n\n\n\n<p>AUREN PORTUGAL (Auren Consultores Portugal)<\/p>\n\n\n\n<p>NIF 514088451<br>dpd@auren.pt\u201d<\/p>\n\n\n\n<p>Pra\u00e7a de Alvalade, n\u00ba 6, 13.\u00ba Frente<br>1700-036 Lisbon, Portugal<\/p>\n\n\n\n<p><strong>FINALIDADE DA COLETA E PROCESSAMENTO DE DADOS PESSOAIS<\/strong><\/p>\n\n\n\n<p>Como controlador, as entidades mencionadas acima (doravante &#8220;AUREN&#8221;) coletam dados pessoais por meio dos formul\u00e1rios inclu\u00eddos nesta p\u00e1gina web para os seguintes prop\u00f3sitos:<br>\u2022 Responder a mensagens recebidas atrav\u00e9s do formul\u00e1rio de contato relacionadas a d\u00favidas, pedidos de informa\u00e7\u00e3o ou oportunidades de carreira.<br><br><strong>DADOS PESSOAIS A SEREM PROCESSADOS<\/strong><\/p>\n\n\n\n<p>O acesso geral e a navega\u00e7\u00e3o nesta p\u00e1gina web n\u00e3o exigem qualquer registro do usu\u00e1rio, exceto quando necess\u00e1rio para solicitar determinados servi\u00e7os ou funcionalidades, caso em que as informa\u00e7\u00f5es solicitadas nos formul\u00e1rios de inscri\u00e7\u00e3o ou registro devem ser fornecidas.<\/p>\n\n\n\n<p>Todos os campos marcados com um asterisco (*) nos formul\u00e1rios devem ser preenchidos. A omiss\u00e3o de qualquer um deles pode impossibilitar a obten\u00e7\u00e3o dos servi\u00e7os ou informa\u00e7\u00f5es solicitadas.<\/p>\n\n\n\n<p>No formul\u00e1rio de contato, coletamos os dados necess\u00e1rios para responder \u00e0 sua solicita\u00e7\u00e3o e fornecer as informa\u00e7\u00f5es desejadas.<\/p>\n\n\n\n<p><strong>BASE LEGAL PARA O PROCESSAMENTO DOS DADOS PESSOAIS<\/strong><\/p>\n\n\n\n<p>O simples envio dos seus dados pessoais por meio de qualquer formul\u00e1rio nesta p\u00e1gina web significa que voc\u00ea fornece seu consentimento para o processamento.<\/p>\n\n\n\n<p>Ao marcar a caixa inclu\u00edda nos formul\u00e1rios de coleta de dados intitulada &#8220;Li e aceito a Pol\u00edtica de Privacidade&#8221; e clicar no bot\u00e3o &#8220;Enviar&#8221; (ou similar), voc\u00ea est\u00e1 fornecendo seu consentimento expl\u00edcito para o processamento dos seus dados para os prop\u00f3sitos mencionados e est\u00e1 declarando que leu, entendeu e aceitou expressamente este Aviso e a Pol\u00edtica de Privacidade.<\/p>\n\n\n\n<p>Voc\u00ea pode revogar o consentimento dado a qualquer momento, sem tornar ilegal o processamento realizado anteriormente.<\/p>\n\n\n\n<p><strong>COMUNICA\u00c7\u00c3O E USO DOS DADOS<\/strong><\/p>\n\n\n\n<p>Os seus dados pessoais podem ser compartilhados com empresas pertencentes \u00e0 AUREN para fins administrativos internos. Os seus dados n\u00e3o ser\u00e3o transferidos para terceiros sem o seu consentimento, exceto nos casos em que houver obriga\u00e7\u00e3o legal de inform\u00e1-los \u00e0s autoridades competentes.<\/p>\n\n\n\n<p>No entanto, para gerenciar o servi\u00e7o ou funcionalidade solicitada, a AUREN pode contar com a colabora\u00e7\u00e3o de prestadores de servi\u00e7os terceirizados que ter\u00e3o acesso aos seus dados, processando-os em nome da AUREN, especificamente AUREN INTERNACIONAL, SERVICIOS PROFESIONALES AVANZADOS, S.L., com escrit\u00f3rio registado em Calle Mallorca 260, \u00c1tico de Madrid (08008), e com o c\u00f3digo de identifica\u00e7\u00e3o fiscal n\u00ba B64250970. Nesses casos, a AUREN se compromete a assinar com esses prestadores os contratos de processamento de dados apropriados e a garantir a implementa\u00e7\u00e3o de medidas t\u00e9cnicas e organizacionais adequadas para proteger os dados.<\/p>\n\n\n\n<p><strong>PRAZO DE CONSERVA\u00c7\u00c3O DOS DADOS PESSOAIS<\/strong><\/p>\n\n\n\n<p>De modo geral, os seus dados pessoais ser\u00e3o mantidos apenas pelo tempo necess\u00e1rio para cumprir a finalidade para a qual foram coletados, levando em considera\u00e7\u00e3o a base legal para o processamento.<\/p>\n\n\n\n<p>Em particular, os dados fornecidos por meio do formul\u00e1rio de &#8220;Contato&#8221; ser\u00e3o mantidos enquanto forem necess\u00e1rios para responder \u00e0 sua solicita\u00e7\u00e3o de informa\u00e7\u00e3o.<\/p>\n\n\n\n<p><strong>DIREITOS DOS TITULARES DOS DADOS<\/strong><\/p>\n\n\n\n<p>O titutar dos dados tem direito a:<\/p>\n\n\n\n<p>Acessar aos seus dados pessoais e conhecer que informa\u00e7\u00f5es est\u00e3o a ser processadas.<\/p>\n\n\n\n<p>Solicitar a retifica\u00e7\u00e3o de dados incorretos.<\/p>\n\n\n\n<p>Solicitar a exclus\u00e3o de dados que n\u00e3o sejam mais necess\u00e1rios.<\/p>\n\n\n\n<p>Opor-se ao processamento dos seus dados, se aplic\u00e1vel.<\/p>\n\n\n\n<p>Restringir o processamento em determinadas circunst\u00e2ncias.<\/p>\n\n\n\n<p>Solicitar a portabilidade dos seus dados, recebendo-os em formato eletr\u00f4nico organizado e leg\u00edvel.<\/p>\n\n\n\n<p>Para exercer seus direitos, basta enviar um e-mail para dpd@auren.pt, comprovando a sua identidade e indicando qual direito deseja exercer.<\/p>\n\n\n\n<p>Se considerar que houve viola\u00e7\u00e3o da regulamenta\u00e7\u00e3o da prote\u00e7\u00e3o de dados, pode apresentar uma reclama\u00e7\u00e3o \u00e0 autoridade supervisora competente.<\/p>\n\n\n\n<p><strong>TERMOS DE USO<\/strong><\/p>\n\n\n\n<p>O uso do site https:\/\/auren.com\/pt implica a aceita\u00e7\u00e3o expressa dos termos aqui estabelecidos.<\/p>\n\n\n\n<p>Menores de idade n\u00e3o podem utilizar os servi\u00e7os e funcionalidades deste site sem autoriza\u00e7\u00e3o pr\u00e9via dos seus respons\u00e1veis legais.<\/p>\n\n\n\n<p>Este site fornece informa\u00e7\u00f5es gerais, que n\u00e3o devem ser interpretadas como aconselhamento legal.<br>A AUREN n\u00e3o se responsabiliza por danos causados pelo uso incorreto das informa\u00e7\u00f5es aqui apresentadas.<\/p>\n\n\n\n<p><strong>DADOS DA EMPRESA<\/strong><\/p>\n\n\n\n<p>Nome Corporativo: AUREN PORTUGAL (Auren Consultores Portugal)<\/p>\n\n\n\n<p>NIF: 514088451<br>E-mail: dpd@auren.pt\u201d<\/p>\n\n\n\n<p>Morada; Pra\u00e7a de Alvalade, n\u00ba 6, 13.\u00ba Frente<br>1700-036 Lisbon, Portugal<br>dpd@auren.pt<\/p>\n\n\n\n<p><strong>OBJECTO E \u00c2MBITO DE APLICA\u00c7\u00c3O<\/strong><\/p>\n\n\n\n<p>O objeto das presentes Condi\u00e7\u00f5es de Utiliza\u00e7\u00e3o \u00e9 regular o acesso, navega\u00e7\u00e3o e utiliza\u00e7\u00e3o do Site por parte do Utilizador, sem preju\u00edzo do direito que a AUREN se reserva de as modificar.<\/p>\n\n\n\n<p>O acesso, navega\u00e7\u00e3o e utiliza\u00e7\u00e3o dos conte\u00fados do Site por parte do Utilizador ap\u00f3s a entrada em vigor de quaisquer Condi\u00e7\u00f5es modificadas implicam a aceita\u00e7\u00e3o das mesmas.<\/p>\n\n\n\n<p>Para efeitos de interpreta\u00e7\u00e3o, entendemos que uma pessoa se converte em Utilizador do Site quando acede, navega e\/ou utiliza os conte\u00fados do Site e aceita as Condi\u00e7\u00f5es de Utiliza\u00e7\u00e3o e a Pol\u00edtica de Privacidade estabelecidas.<\/p>\n\n\n\n<p><strong>RESPONSABILIDADES<\/strong><\/p>\n\n\n\n<p>Auren n\u00e3o \u00e9 respons\u00e1vel por:<\/p>\n\n\n\n<ol class=\"wp-block-list\">\n<li>pelo mau funcionamento e\/ou erros na Web, se tal se dever a tarefas de manuten\u00e7\u00e3o, incidentes, mau funcionamento do terminal ou \u00e0 sua insuficiente capacidade para executar os sistemas essenciais para a utiliza\u00e7\u00e3o do servi\u00e7o.<\/li>\n\n\n\n<li>qualquer v\u00edrus e\/ou outros componentes nocivos na Web ou no servidor que a aloja.<\/li>\n\n\n\n<li>Os danos causados ao Utilizador em caso de impossibilidade de presta\u00e7\u00e3o do servi\u00e7o devido a casos fortuitos, de for\u00e7a maior ou qualquer outra causa n\u00e3o imput\u00e1vel \u00e0 AUREN.<\/li>\n\n\n\n<li>Os danos causados a si pr\u00f3prio ou a terceiros por quem infrinja as Condi\u00e7\u00f5es de Utiliza\u00e7\u00e3o que a AUREN estabelece na Web, ou que infrinja os sistemas de seguran\u00e7a da Web.<\/li>\n\n\n\n<li>qualquer informa\u00e7\u00e3o publicada no seu s\u00edtio Web, quando esta informa\u00e7\u00e3o tenha sido manipulada ou introduzida por um terceiro.<\/li>\n<\/ol>\n\n\n\n<p>Auren declara ter adotado todas as medidas necess\u00e1rias, dentro das suas possibilidades e do estado da tecnologia, para garantir o funcionamento da Web e reduzir ao m\u00ednimo os erros do sistema, tanto do ponto de vista t\u00e9cnico como jur\u00eddico e organizativo.<\/p>\n\n\n\n<p>Auren adoptar\u00e1 as medidas adequadas para garantir uma resposta r\u00e1pida, sem ser respons\u00e1vel pelos atrasos que possam ser devidos aos servi\u00e7os de telecomunica\u00e7\u00f5es.<\/p>\n\n\n\n<p>Al\u00e9m disso, a AUREN n\u00e3o ser\u00e1 respons\u00e1vel pela informa\u00e7\u00e3o armazenada em blogues, coment\u00e1rios, redes sociais ou qualquer outro meio que permita a terceiros publicar informa\u00e7\u00e3o na sua Web.<\/p>\n\n\n\n<p><strong>REGRAS DE ACESSO E UTILIZA\u00c7\u00c3O DOS CONTE\u00daDOS<\/strong><\/p>\n\n\n\n<p>Em especial, e a t\u00edtulo meramente exemplificativo, s\u00e3o proibidas as seguintes ac\u00e7\u00f5es<\/p>\n\n\n\n<p>1.Obter os conte\u00fados disponibilizados na Web atrav\u00e9s de meios il\u00edcitos ou fraudulentos, roubo ou pl\u00e1gio.<br>2.Utilizar qualquer um dos servi\u00e7os e conte\u00fados que a AUREN coloca \u00e0 sua disposi\u00e7\u00e3o com fins il\u00edcitos.<br>3.Realizar qualquer atividade que possa prejudicar, sobrecarregar, deteriorar ou impedir a atividade normal do Site ou de qualquer computador de terceiros.<br>4.Utilizar a Web para transferir, instalar ou publicar qualquer v\u00edrus, malware ou outros programas ou ficheiros prejudiciais;<br>5.Aceder sem autoriza\u00e7\u00e3o a qualquer sec\u00e7\u00e3o do Site, a outras redes ou sistemas ligados, a qualquer servidor da AUREN ou a qualquer dos servi\u00e7os oferecidos no Site atrav\u00e9s de pirataria inform\u00e1tica ou falsifica\u00e7\u00e3o, roubo de palavras-passe ou qualquer outro meio il\u00edcito;<\/p>\n\n\n\n<p>No caso de o Utilizador causar danos a terceiros, atrav\u00e9s da utiliza\u00e7\u00e3o de qualquer servi\u00e7o ou conte\u00fado disponibilizado atrav\u00e9s do Site, isenta expressamente a AUREN de qualquer responsabilidade que lhe possa ser imputada. Para este efeito, o Utilizador assumir\u00e1 exclusivamente a responsabilidade que possa surgir.<\/p>\n\n\n\n<p>A AUREN reserva-se o direito de intentar as ac\u00e7\u00f5es legais oportunas no caso de incumprimento de qualquer das obriga\u00e7\u00f5es anteriores por parte do Utilizador.<\/p>\n\n\n\n<p><strong>LINKS PARA OUTRAS WEBPAGES<\/strong><\/p>\n\n\n\n<p>A AUREN n\u00e3o controla os conte\u00fados nem as Condi\u00e7\u00f5es de Utiliza\u00e7\u00e3o ou a Pol\u00edtica de Privacidade de quaisquer p\u00e1ginas web de terceiros.<br>Para al\u00e9m disso, a AUREN n\u00e3o \u00e9 respons\u00e1vel pela disponibilidade de tais p\u00e1ginas web, e n\u00e3o subscreve qualquer publicidade, produtos ou servi\u00e7os oferecidos nas mesmas.<\/p>\n\n\n\n<p>O Utilizador aceita que a AUREN n\u00e3o \u00e9 respons\u00e1vel por quaisquer danos em que o Utilizador possa incorrer como resultado da disponibilidade de tais Webs.<br>Al\u00e9m disso, os Utilizadores que desejem incluir links para a Web da AUREN a partir das suas pr\u00f3prias p\u00e1ginas Web devem cumprir as seguintes condi\u00e7\u00f5es:<\/p>\n\n\n\n<ol class=\"wp-block-list\">\n<li>Ter a autoriza\u00e7\u00e3o pr\u00e9via da AUREN.<\/li>\n\n\n\n<li>A liga\u00e7\u00e3o s\u00f3 ligar\u00e1 a Web atrav\u00e9s do seu endere\u00e7o de Internet.<\/li>\n\n\n\n<li>Na p\u00e1gina web onde aparece a liga\u00e7\u00e3o n\u00e3o pode ser feita nenhuma declara\u00e7\u00e3o falsa ou inexata sobre a AUREN.<\/li>\n\n\n\n<li>A p\u00e1gina web onde aparece a liga\u00e7\u00e3o deve cumprir a normativa vigente e n\u00e3o deve proporcionar liga\u00e7\u00f5es a conte\u00fados il\u00edcitos, nocivos, imorais ou contr\u00e1rios \u00e0 boa conduta.<\/li>\n<\/ol>\n\n\n\n<p>Em qualquer caso, a AUREN reserva-se o direito de, em qualquer momento, proibir ou n\u00e3o utilizar qualquer hiperliga\u00e7\u00e3o para esta Web.<\/p>\n\n\n\n<p><strong>PROPRIEDADE INTELECTUAL<\/strong><\/p>\n\n\n\n<p>A AUREN \u00e9 titular, ou det\u00e9m os direitos correspondentes, dos direitos de propriedade intelectual dos elementos que comp\u00f5em o design do website, tais como a marca registada, o nome comercial ou o sinal distintivo. Em particular, det\u00e9m os direitos de autor que protegem os log\u00f3tipos, combina\u00e7\u00f5es de cores, escolha e forma de apresenta\u00e7\u00e3o, o c\u00f3digo fonte da Web, os menus, bot\u00f5es do navegador, c\u00f3digo HTML, textos, fotografias, gr\u00e1ficos e qualquer outro conte\u00fado da Web relacionado com os servi\u00e7os, conte\u00fados e\/ou ferramentas fornecidos pela AUREN.<\/p>\n\n\n\n<p>Em nenhum caso se considerar\u00e1 que o acesso, navega\u00e7\u00e3o ou utiliza\u00e7\u00e3o do Site por parte do Utilizador implica qualquer cess\u00e3o, transfer\u00eancia ou ren\u00fancia total ou parcial dos referidos direitos por parte da AUREN.<\/p>\n\n\n\n<p>O Utilizador poder\u00e1 visualizar, imprimir e copiar os conte\u00fados desta Web para seu uso privado. No entanto, fica proibida a sua utiliza\u00e7\u00e3o para fins comerciais, ou o exerc\u00edcio dos direitos de explora\u00e7\u00e3o, reprodu\u00e7\u00e3o, distribui\u00e7\u00e3o, comunica\u00e7\u00e3o p\u00fablica, coloca\u00e7\u00e3o \u00e0 disposi\u00e7\u00e3o e transforma\u00e7\u00e3o da totalidade ou parte dos conte\u00fados inclu\u00eddos na Web sem o pr\u00e9vio consentimento expresso e por escrito da AUREN.<\/p>\n\n\n\n<p><strong>SUSPENS\u00c3O DO WEBSITE<\/strong><br>A AUREN reserva-se o direito de suspender, modificar, restringir ou interromper, de forma tempor\u00e1ria ou definitiva, o acesso ou a navega\u00e7\u00e3o, a utiliza\u00e7\u00e3o, o alojamento e\/ou a descarga dos conte\u00fados e\/ou a utiliza\u00e7\u00e3o dos servi\u00e7os do Site, com ou sem aviso pr\u00e9vio, sem que o Utilizador possa reclamar qualquer indemniza\u00e7\u00e3o por este facto.<\/p>\n\n\n\n<p><strong>LEI E JURISDI\u00c7\u00c3O APLIC\u00c1VEIS<\/strong><br>As presentes Condi\u00e7\u00f5es de Utiliza\u00e7\u00e3o regem-se pela regulamenta\u00e7\u00e3o vigente que lhes seja aplic\u00e1vel.<\/p>\n\n\n\n<p>Para a resolu\u00e7\u00e3o de quaisquer quest\u00f5es ou lit\u00edgios relacionados com a presente Web, aplicar-se-\u00e3o as leis de Portugal, \u00e0s quais as partes se submetem expressamente, sendo competentes para a resolu\u00e7\u00e3o de quaisquer lit\u00edgios que possam surgir em consequ\u00eancia das disposi\u00e7\u00f5es do presente documento os Tribunais Judiciais de Lisboa e, se for caso disso, quaisquer Tribunais Arbitrais de consumo.<\/p>\n\n\n\n<p><strong>LEI APLIC\u00c1VEL E JURISDI\u00c7\u00c3O<\/strong><\/p>\n\n\n\n<p>Os presentes Termos de Utiliza\u00e7\u00e3o s\u00e3o regidos pela legisla\u00e7\u00e3o em vigor que lhes seja aplic\u00e1vel.<\/p>\n\n\n\n<p>Para a resolu\u00e7\u00e3o de quaisquer quest\u00f5es ou lit\u00edgios relacionados com este Website, ser\u00e1 aplicada a legisla\u00e7\u00e3o portuguesa, \u00e0 qual as partes se submetem expressamente, sendo competentes os Tribunais Judiciais de Lisboa e, sempre que aplic\u00e1vel, os Tribunais Arbitrais de Consumo, para resolver quaisquer lit\u00edgios que possam surgir em consequ\u00eancia das disposi\u00e7\u00f5es aqui previstas.<\/p>\n\n<\/div>\r\n    <\/div>\r\n<\/div>\r\n","protected":false},"excerpt":{"rendered":"","protected":false},"author":2,"featured_media":0,"parent":0,"menu_order":0,"comment_status":"closed","ping_status":"closed","template":"","meta":{"_acf_changed":false,"inline_featured_image":false,"footnotes":""},"class_list":["post-10242","page","type-page","status-publish","hentry"],"acf":[],"yoast_head":"<!-- This site is optimized with the Yoast SEO plugin v27.2 - https:\/\/yoast.com\/product\/yoast-seo-wordpress\/ -->\n<title>Privacy Policy - Auren Portugal<\/title>\n<meta name=\"robots\" content=\"index, follow, max-snippet:-1, max-image-preview:large, max-video-preview:-1\" \/>\n<link rel=\"canonical\" href=\"https:\/\/auren.com\/pt\/privacy-policy\/\" \/>\n<meta property=\"og:locale\" content=\"pt_PT\" \/>\n<meta property=\"og:type\" content=\"article\" \/>\n<meta property=\"og:title\" content=\"Privacy Policy - Auren Portugal\" \/>\n<meta property=\"og:url\" content=\"https:\/\/auren.com\/pt\/privacy-policy\/\" \/>\n<meta property=\"og:site_name\" content=\"Auren Portugal\" \/>\n<meta property=\"article:publisher\" content=\"https:\/\/www.facebook.com\/AurenPortugal\" \/>\n<meta property=\"article:modified_time\" content=\"2025-02-07T13:16:29+00:00\" \/>\n<meta name=\"twitter:card\" content=\"summary_large_image\" \/>\n<meta name=\"twitter:label1\" content=\"Tempo estimado de leitura\" \/>\n\t<meta name=\"twitter:data1\" content=\"8 minutos\" \/>\n<script type=\"application\/ld+json\" class=\"yoast-schema-graph\">{\"@context\":\"https:\/\/schema.org\",\"@graph\":[{\"@type\":\"WebPage\",\"@id\":\"https:\/\/auren.com\/pt\/privacy-policy\/\",\"url\":\"https:\/\/auren.com\/pt\/privacy-policy\/\",\"name\":\"Privacy Policy - Auren Portugal\",\"isPartOf\":{\"@id\":\"https:\/\/auren.com\/pt\/#website\"},\"datePublished\":\"2025-01-23T18:27:44+00:00\",\"dateModified\":\"2025-02-07T13:16:29+00:00\",\"breadcrumb\":{\"@id\":\"https:\/\/auren.com\/pt\/privacy-policy\/#breadcrumb\"},\"inLanguage\":\"pt-PT\",\"potentialAction\":[{\"@type\":\"ReadAction\",\"target\":[\"https:\/\/auren.com\/pt\/privacy-policy\/\"]}]},{\"@type\":\"BreadcrumbList\",\"@id\":\"https:\/\/auren.com\/pt\/privacy-policy\/#breadcrumb\",\"itemListElement\":[{\"@type\":\"ListItem\",\"position\":1,\"name\":\"Home\",\"item\":\"https:\/\/auren.com\/pt\/\"},{\"@type\":\"ListItem\",\"position\":2,\"name\":\"Privacy Policy\"}]},{\"@type\":\"WebSite\",\"@id\":\"https:\/\/auren.com\/pt\/#website\",\"url\":\"https:\/\/auren.com\/pt\/\",\"name\":\"Auren Portugal\",\"description\":\"\",\"publisher\":{\"@id\":\"https:\/\/auren.com\/pt\/#organization\"},\"potentialAction\":[{\"@type\":\"SearchAction\",\"target\":{\"@type\":\"EntryPoint\",\"urlTemplate\":\"https:\/\/auren.com\/pt\/?s={search_term_string}\"},\"query-input\":{\"@type\":\"PropertyValueSpecification\",\"valueRequired\":true,\"valueName\":\"search_term_string\"}}],\"inLanguage\":\"pt-PT\"},{\"@type\":\"Organization\",\"@id\":\"https:\/\/auren.com\/pt\/#organization\",\"name\":\"Auren Portugal\",\"url\":\"https:\/\/auren.com\/pt\/\",\"logo\":{\"@type\":\"ImageObject\",\"inLanguage\":\"pt-PT\",\"@id\":\"https:\/\/auren.com\/pt\/#\/schema\/logo\/image\/\",\"url\":\"https:\/\/auren.com\/pt\/wp-content\/uploads\/2025\/01\/cropped-cropped-favicon-Auren.png\",\"contentUrl\":\"https:\/\/auren.com\/pt\/wp-content\/uploads\/2025\/01\/cropped-cropped-favicon-Auren.png\",\"width\":512,\"height\":512,\"caption\":\"Auren Portugal\"},\"image\":{\"@id\":\"https:\/\/auren.com\/pt\/#\/schema\/logo\/image\/\"},\"sameAs\":[\"https:\/\/www.facebook.com\/AurenPortugal\",\"https:\/\/pt.linkedin.com\/company\/aurenportugal\"]}]}<\/script>\n<!-- \/ Yoast SEO plugin. -->","yoast_head_json":{"title":"Privacy Policy - Auren Portugal","robots":{"index":"index","follow":"follow","max-snippet":"max-snippet:-1","max-image-preview":"max-image-preview:large","max-video-preview":"max-video-preview:-1"},"canonical":"https:\/\/auren.com\/pt\/privacy-policy\/","og_locale":"pt_PT","og_type":"article","og_title":"Privacy Policy - Auren Portugal","og_url":"https:\/\/auren.com\/pt\/privacy-policy\/","og_site_name":"Auren Portugal","article_publisher":"https:\/\/www.facebook.com\/AurenPortugal","article_modified_time":"2025-02-07T13:16:29+00:00","twitter_card":"summary_large_image","twitter_misc":{"Tempo estimado de leitura":"8 minutos"},"schema":{"@context":"https:\/\/schema.org","@graph":[{"@type":"WebPage","@id":"https:\/\/auren.com\/pt\/privacy-policy\/","url":"https:\/\/auren.com\/pt\/privacy-policy\/","name":"Privacy Policy - Auren Portugal","isPartOf":{"@id":"https:\/\/auren.com\/pt\/#website"},"datePublished":"2025-01-23T18:27:44+00:00","dateModified":"2025-02-07T13:16:29+00:00","breadcrumb":{"@id":"https:\/\/auren.com\/pt\/privacy-policy\/#breadcrumb"},"inLanguage":"pt-PT","potentialAction":[{"@type":"ReadAction","target":["https:\/\/auren.com\/pt\/privacy-policy\/"]}]},{"@type":"BreadcrumbList","@id":"https:\/\/auren.com\/pt\/privacy-policy\/#breadcrumb","itemListElement":[{"@type":"ListItem","position":1,"name":"Home","item":"https:\/\/auren.com\/pt\/"},{"@type":"ListItem","position":2,"name":"Privacy Policy"}]},{"@type":"WebSite","@id":"https:\/\/auren.com\/pt\/#website","url":"https:\/\/auren.com\/pt\/","name":"Auren Portugal","description":"","publisher":{"@id":"https:\/\/auren.com\/pt\/#organization"},"potentialAction":[{"@type":"SearchAction","target":{"@type":"EntryPoint","urlTemplate":"https:\/\/auren.com\/pt\/?s={search_term_string}"},"query-input":{"@type":"PropertyValueSpecification","valueRequired":true,"valueName":"search_term_string"}}],"inLanguage":"pt-PT"},{"@type":"Organization","@id":"https:\/\/auren.com\/pt\/#organization","name":"Auren Portugal","url":"https:\/\/auren.com\/pt\/","logo":{"@type":"ImageObject","inLanguage":"pt-PT","@id":"https:\/\/auren.com\/pt\/#\/schema\/logo\/image\/","url":"https:\/\/auren.com\/pt\/wp-content\/uploads\/2025\/01\/cropped-cropped-favicon-Auren.png","contentUrl":"https:\/\/auren.com\/pt\/wp-content\/uploads\/2025\/01\/cropped-cropped-favicon-Auren.png","width":512,"height":512,"caption":"Auren Portugal"},"image":{"@id":"https:\/\/auren.com\/pt\/#\/schema\/logo\/image\/"},"sameAs":["https:\/\/www.facebook.com\/AurenPortugal","https:\/\/pt.linkedin.com\/company\/aurenportugal"]}]}},"_links":{"self":[{"href":"https:\/\/auren.com\/pt\/wp-json\/wp\/v2\/pages\/10242","targetHints":{"allow":["GET"]}}],"collection":[{"href":"https:\/\/auren.com\/pt\/wp-json\/wp\/v2\/pages"}],"about":[{"href":"https:\/\/auren.com\/pt\/wp-json\/wp\/v2\/types\/page"}],"author":[{"embeddable":true,"href":"https:\/\/auren.com\/pt\/wp-json\/wp\/v2\/users\/2"}],"replies":[{"embeddable":true,"href":"https:\/\/auren.com\/pt\/wp-json\/wp\/v2\/comments?post=10242"}],"version-history":[{"count":0,"href":"https:\/\/auren.com\/pt\/wp-json\/wp\/v2\/pages\/10242\/revisions"}],"wp:attachment":[{"href":"https:\/\/auren.com\/pt\/wp-json\/wp\/v2\/media?parent=10242"}],"curies":[{"name":"wp","href":"https:\/\/api.w.org\/{rel}","templated":true}]}}