{"id":11492,"date":"2025-02-06T14:08:56","date_gmt":"2025-02-06T13:08:56","guid":{"rendered":"https:\/\/auren.com\/pt\/?page_id=11492"},"modified":"2025-02-06T14:10:27","modified_gmt":"2025-02-06T13:10:27","slug":"contato-paises","status":"publish","type":"page","link":"https:\/\/auren.com\/pt\/contato-paises\/","title":{"rendered":"Contato paises"},"content":{"rendered":"<section id=\"Header-block_ea62c11b01bffbde7e6bf51483c5692f\" class=\"Header\">\r\n\r\n    <div class=\"hero\">\r\n                <div class=\"container\">\r\n            <div class=\"hero_header\">\r\n                                \r\n                <div class=\"hero_header_title\">\r\n                    <h1 class=''>CONTATO<\/h1>\n                <\/div>\r\n\r\n                                                \r\n                <div class=\"hero_header_title\">\r\n                    <p class='' style=\"text-align: right;\"><strong>PA\u00cdSES<\/strong><\/p>\n                <\/div>\r\n\r\n                                                \r\n                <div class=\"hero_header_subtitle\">\r\n                    <p>Preencha o formul\u00e1rio para mais informa\u00e7\u00f5es, entraremos em contato o mais breve poss\u00edvel.<\/p>\n                <\/div>\r\n\r\n                                \r\n            <\/div>\r\n        <\/div>\r\n        \r\n                <picture>\r\n            <source data-srcset=\"https:\/\/auren.com\/pt\/wp-content\/uploads\/2024\/11\/bg-hero-contact-countries-d.webp\"\r\n                media=\"(min-width: 1200px)\" \/>\r\n            <img decoding=\"async\" class=\"hero_bg lazyload\"\r\n                <img decoding=\"async\" width=\"640\" height=\"383\" data-src=\"https:\/\/auren.com\/pt\/wp-content\/uploads\/2024\/11\/bg-hero-contact-countries-d-1024x612.webp\" class=\"hero_bg lazyload\" alt=\"\" data-srcset=\"https:\/\/auren.com\/pt\/wp-content\/uploads\/2024\/11\/bg-hero-contact-countries-d-1024x612.webp 1024w, https:\/\/auren.com\/pt\/wp-content\/uploads\/2024\/11\/bg-hero-contact-countries-d-300x179.webp 300w, https:\/\/auren.com\/pt\/wp-content\/uploads\/2024\/11\/bg-hero-contact-countries-d-768x459.webp 768w, https:\/\/auren.com\/pt\/wp-content\/uploads\/2024\/11\/bg-hero-contact-countries-d.webp 1200w\" data-sizes=\"(max-width: 640px) 100vw, 640px\" src=\"data:image\/svg+xml;base64,PHN2ZyB3aWR0aD0iMSIgaGVpZ2h0PSIxIiB4bWxucz0iaHR0cDovL3d3dy53My5vcmcvMjAwMC9zdmciPjwvc3ZnPg==\" style=\"--smush-placeholder-width: 640px; --smush-placeholder-aspect-ratio: 640\/383;\" \/>>\r\n        <\/picture>\r\n        \r\n                        <p class=\"hero_scroll\"><strong>Explorar mais<\/strong> Role para baixo<\/p>\r\n                    <\/div>\r\n\r\n<\/section>\n\n\r\n<section id=\"Breadcrumbs-block_a6d2c30613ce93ccf0941c54b9065caf\" class=\"Breadcrumbs\">\r\n    \r\n        <nav class=\"breads\" aria-label=\"Breadcrumb\">\r\n            <ul class=\"container\">\r\n                <li><a href=\"https:\/\/auren.com\/pt\">Home<\/a><\/li>\r\n                <li><span aria-current=\"page\">Contato paises<\/span><\/li>            <\/ul>\r\n        <\/nav>\r\n\r\n                                                                                     \r\n    \r\n<\/section>\r\n\n\n\r\n<section id=\"ContactFormCountry-block_0b4149fb549185fabbd12166ff613b5d\" class=\"ContactFormCountry\">\r\n\r\n    <div class=\"container\">\r\n        <div class=\"row\">\r\n            <div class=\"col-lg-6\">\r\n\r\n                <section class=\"info v3\">\r\n                    <div class=\"container\">\r\n                        <div class=\"info_text\">\r\n                            <div class=\"info_title\">\r\n                                <h3>Temos uma ampla vis\u00e3o de mercado<\/h3>\n                            <\/div>\r\n                        <\/div>\r\n                        <div class=\"info_media\">\r\n                            <div class=\"info_media_title\">\r\n                                                            <\/div>\r\n                            <div class=\"info_media_item info_media_item-1\">\r\n                                <span class=\"info_media_item_bg\"><img decoding=\"async\" width=\"640\" height=\"381\" data-src=\"https:\/\/auren.com\/pt\/wp-content\/uploads\/2025\/01\/image-text-10-scaled-1-1024x610.webp\" alt=\"\" data-srcset=\"https:\/\/auren.com\/pt\/wp-content\/uploads\/2025\/01\/image-text-10-scaled-1-1024x610.webp 1024w, https:\/\/auren.com\/pt\/wp-content\/uploads\/2025\/01\/image-text-10-scaled-1-300x179.webp 300w, https:\/\/auren.com\/pt\/wp-content\/uploads\/2025\/01\/image-text-10-scaled-1-768x457.webp 768w, https:\/\/auren.com\/pt\/wp-content\/uploads\/2025\/01\/image-text-10-scaled-1-1536x914.webp 1536w, https:\/\/auren.com\/pt\/wp-content\/uploads\/2025\/01\/image-text-10-scaled-1-2048x1219.webp 2048w\" data-sizes=\"(max-width: 640px) 100vw, 640px\" src=\"data:image\/svg+xml;base64,PHN2ZyB3aWR0aD0iMSIgaGVpZ2h0PSIxIiB4bWxucz0iaHR0cDovL3d3dy53My5vcmcvMjAwMC9zdmciPjwvc3ZnPg==\" class=\"lazyload\" style=\"--smush-placeholder-width: 640px; --smush-placeholder-aspect-ratio: 640\/381;\" \/><\/span>\r\n                            <\/div>\r\n                            <div class=\"info_media_item info_media_item-2\">\r\n                                <span class=\"info_media_item_bg\"><img decoding=\"async\" width=\"640\" height=\"359\" data-src=\"https:\/\/auren.com\/pt\/wp-content\/uploads\/2025\/01\/image-text-11-1024x574.webp\" alt=\"\" data-srcset=\"https:\/\/auren.com\/pt\/wp-content\/uploads\/2025\/01\/image-text-11-1024x574.webp 1024w, https:\/\/auren.com\/pt\/wp-content\/uploads\/2025\/01\/image-text-11-300x168.webp 300w, https:\/\/auren.com\/pt\/wp-content\/uploads\/2025\/01\/image-text-11-768x431.webp 768w, https:\/\/auren.com\/pt\/wp-content\/uploads\/2025\/01\/image-text-11-1536x861.webp 1536w, https:\/\/auren.com\/pt\/wp-content\/uploads\/2025\/01\/image-text-11-2048x1148.webp 2048w\" data-sizes=\"(max-width: 640px) 100vw, 640px\" src=\"data:image\/svg+xml;base64,PHN2ZyB3aWR0aD0iMSIgaGVpZ2h0PSIxIiB4bWxucz0iaHR0cDovL3d3dy53My5vcmcvMjAwMC9zdmciPjwvc3ZnPg==\" class=\"lazyload\" style=\"--smush-placeholder-width: 640px; --smush-placeholder-aspect-ratio: 640\/359;\" \/><\/span>\r\n                            <\/div>\r\n                        <\/div>\r\n                    <\/div>\r\n                <\/section>\r\n\r\n            <\/div>\r\n            <div class=\"col-lg-6\">\r\n\r\n                <section class=\"contact contact-country\">\r\n                    <div class=\"container\">\r\n                        <div class=\"contact_wrapper\">\r\n                            \n<div class=\"wpcf7 no-js\" id=\"wpcf7-f11494-o1\" lang=\"pt-PT\" dir=\"ltr\" data-wpcf7-id=\"11494\">\n<div class=\"screen-reader-response\"><p role=\"status\" aria-live=\"polite\" aria-atomic=\"true\"><\/p> <ul><\/ul><\/div>\n<form action=\"\/pt\/wp-json\/wp\/v2\/pages\/11492#wpcf7-f11494-o1\" method=\"post\" class=\"wpcf7-form init\" aria-label=\"Formul\u00e1rio de contacto\" novalidate=\"novalidate\" data-status=\"init\">\n<fieldset class=\"hidden-fields-container\"><input type=\"hidden\" name=\"_wpcf7\" value=\"11494\" \/><input type=\"hidden\" name=\"_wpcf7_version\" value=\"6.1.5\" \/><input type=\"hidden\" name=\"_wpcf7_locale\" value=\"pt_PT\" \/><input type=\"hidden\" name=\"_wpcf7_unit_tag\" value=\"wpcf7-f11494-o1\" \/><input type=\"hidden\" name=\"_wpcf7_container_post\" value=\"0\" \/><input type=\"hidden\" name=\"_wpcf7_posted_data_hash\" value=\"\" \/><input type=\"hidden\" name=\"_wpcf7dtx_version\" value=\"5.0.5\" \/>\n<\/fieldset>\n<span class=\"wpcf7-form-control-wrap your-subject\" data-name=\"your-subject\"><input type=\"hidden\" name=\"your-subject\" class=\"wpcf7-form-control wpcf7-hidden wpcf7dtx wpcf7dtx-hidden\" aria-invalid=\"false\" value=\"Auren Argentina - Solicitud Contacto Pa\u00edses - [PT-PT] - No country\"><\/span>\n<span class=\"wpcf7-form-control-wrap country\" data-name=\"country\"><input type=\"hidden\" name=\"country\" class=\"wpcf7-form-control wpcf7-hidden wpcf7dtx wpcf7dtx-hidden\" aria-invalid=\"false\" value=\"[PT-PT] - No country\"><\/span>\n<span class=\"wpcf7-form-control-wrap email-to\" data-name=\"email-to\"><input type=\"hidden\" name=\"email-to\" class=\"wpcf7-form-control wpcf7-hidden wpcf7dtx wpcf7dtx-hidden\" aria-invalid=\"false\" value=\"nuria.vidal@auren.es,visi.cuestas@auren.es\"><\/span>\n<span class=\"wpcf7-form-control-wrap current-language\" data-name=\"current-language\"><input type=\"hidden\" name=\"current-language\" class=\"wpcf7-form-control wpcf7-hidden wpcf7dtx wpcf7dtx-hidden\" aria-invalid=\"false\" value=\"Pt-pt\"><\/span>\n<span class=\"wpcf7-form-control-wrap country-name\" data-name=\"country-name\"><input type=\"hidden\" name=\"country-name\" class=\"wpcf7-form-control wpcf7-hidden wpcf7dtx wpcf7dtx-hidden\" aria-invalid=\"false\" value=\"No country\"><\/span>\n<div class=\"contact_field contact_field-placeholder\">\n\t<p><span class=\"wpcf7-form-control-wrap\" data-name=\"your-name\"><input size=\"40\" maxlength=\"400\" class=\"wpcf7-form-control wpcf7-text wpcf7-validates-as-required\" id=\"your-name\" autocomplete=\"name\" aria-required=\"true\" aria-invalid=\"false\" value=\"\" type=\"text\" name=\"your-name\" \/><\/span><label for=\"your-name\">Nome completo<span>*<\/span><\/label>\n\t<\/p>\n<\/div>\n<div class=\"contact_field contact_field-placeholder\">\n\t<p><span class=\"wpcf7-form-control-wrap\" data-name=\"your-company\"><input size=\"40\" maxlength=\"400\" class=\"wpcf7-form-control wpcf7-text wpcf7-validates-as-required\" id=\"your-company\" aria-required=\"true\" aria-invalid=\"false\" value=\"\" type=\"text\" name=\"your-company\" \/><\/span><label for=\"your-company\">Empresa<span>*<\/span><\/label>\n\t<\/p>\n<\/div>\n<div class=\"contact_field contact_field-placeholder\">\n\t<p><span class=\"wpcf7-form-control-wrap\" data-name=\"your-email\"><input size=\"40\" maxlength=\"400\" class=\"wpcf7-form-control wpcf7-email wpcf7-validates-as-required wpcf7-text wpcf7-validates-as-email\" id=\"your-email\" autocomplete=\"email\" aria-required=\"true\" aria-invalid=\"false\" value=\"\" type=\"email\" name=\"your-email\" \/><\/span><label for=\"your-email\">E-mail<span>*<\/span><\/label>\n\t<\/p>\n<\/div>\n<div class=\"contact_field contact_field-placeholder\">\n\t<p><span class=\"wpcf7-form-control-wrap\" data-name=\"your-phone\"><input size=\"40\" maxlength=\"400\" class=\"wpcf7-form-control wpcf7-text wpcf7-validates-as-required\" id=\"your-phone\" aria-required=\"true\" aria-invalid=\"false\" value=\"\" type=\"text\" name=\"your-phone\" \/><\/span><label for=\"your-phone\">Telefone<span>*<\/span><\/label>\n\t<\/p>\n<\/div>\n<div class=\"contact_field contact_field-textarea\">\n\t<p><span class=\"wpcf7-form-control-wrap\" data-name=\"your-message\"><textarea cols=\"40\" rows=\"10\" maxlength=\"2000\" class=\"wpcf7-form-control wpcf7-textarea wpcf7-validates-as-required\" id=\"your-message\" aria-required=\"true\" aria-invalid=\"false\" name=\"your-message\"><\/textarea><\/span><label for=\"your-message\">Mensagem<\/label>\n\t<\/p>\n<\/div>\n<div class=\"contact_field contact_field-check\">\n\t<p><span class=\"wpcf7-form-control-wrap\" data-name=\"acceptance-216\"><span class=\"wpcf7-form-control wpcf7-acceptance\"><span class=\"wpcf7-list-item\"><label><input type=\"checkbox\" name=\"acceptance-216\" value=\"1\" aria-invalid=\"false\" \/><span class=\"wpcf7-list-item-label\">Li e aceito o <a href=\"https:\/\/auren.com\/ar\/pt-pt\/legal-notice\/\">aviso legal<\/a> e a <a href=\"https:\/\/auren.com\/ar\/pt-pt\/privacy-policy\/\">pol\u00edtica de privacidade<\/a><span>*<\/span><\/span><\/label><\/span><\/span><\/span>\n\t<\/p>\n<\/div>\n<p><button type=\"submit\" class=\"wpcf7-form-control wpcf7-submit button button-primary button-icon\">Enviar<\/button>\n<\/p><div class=\"wpcf7-response-output\" aria-hidden=\"true\"><\/div>\n<\/form>\n<\/div>\n                                                            <div class=\"contact_note\">\r\n                                    <p>Informamos que os dados assinalados com um asterisco (*) s\u00e3o necess\u00e1rios para poder responder ao seu pedido de informa\u00e7\u00e3o. Ao clicar no bot\u00e3o \u201cenviar\u201d est\u00e1 a dar o seu consentimento expresso e inequ\u00edvoco para que tratemos os seus dados de forma a responder \u00e0 sua mensagem. Os seus dados n\u00e3o ser\u00e3o transferidos para terceiros fora do Grupo Auren e ser\u00e3o eliminados assim que lhe enviarmos a nossa resposta. Em qualquer caso, poder\u00e1 exercer os seus direitos de acesso, retifica\u00e7\u00e3o, elimina\u00e7\u00e3o, portabilidade, limita\u00e7\u00e3o e oposi\u00e7\u00e3o ao tratamento dos seus dados pessoais. Para mais informa\u00e7\u00f5es poder\u00e1 consultar o nosso <a href=\"https:\/\/auren.com\/pt\/privacy-policy\/\">P\u00f3litica de Privacidade<\/a>.<\/p>\n                                <\/div>\r\n                                                    <\/div>\r\n                    <\/div>\r\n                <\/section>\r\n\r\n            <\/div>\r\n        <\/div>\r\n    <\/div>\r\n\r\n<\/section>","protected":false},"excerpt":{"rendered":"","protected":false},"author":2,"featured_media":0,"parent":0,"menu_order":0,"comment_status":"closed","ping_status":"closed","template":"","meta":{"_acf_changed":false,"inline_featured_image":false,"footnotes":""},"class_list":["post-11492","page","type-page","status-publish","hentry"],"acf":[],"yoast_head":"<!-- This site is optimized with the Yoast SEO plugin v27.2 - https:\/\/yoast.com\/product\/yoast-seo-wordpress\/ -->\n<title>Contato paises - Auren Portugal<\/title>\n<meta name=\"robots\" content=\"index, follow, max-snippet:-1, max-image-preview:large, max-video-preview:-1\" \/>\n<link rel=\"canonical\" href=\"https:\/\/auren.com\/pt\/contato-paises\/\" \/>\n<meta property=\"og:locale\" content=\"pt_PT\" \/>\n<meta property=\"og:type\" content=\"article\" \/>\n<meta property=\"og:title\" content=\"Contato paises - Auren Portugal\" \/>\n<meta property=\"og:url\" content=\"https:\/\/auren.com\/pt\/contato-paises\/\" \/>\n<meta property=\"og:site_name\" content=\"Auren Portugal\" \/>\n<meta property=\"article:publisher\" content=\"https:\/\/www.facebook.com\/AurenPortugal\" \/>\n<meta property=\"article:modified_time\" content=\"2025-02-06T13:10:27+00:00\" \/>\n<meta name=\"twitter:card\" content=\"summary_large_image\" \/>\n<script type=\"application\/ld+json\" class=\"yoast-schema-graph\">{\"@context\":\"https:\/\/schema.org\",\"@graph\":[{\"@type\":\"WebPage\",\"@id\":\"https:\/\/auren.com\/pt\/contato-paises\/\",\"url\":\"https:\/\/auren.com\/pt\/contato-paises\/\",\"name\":\"Contato paises - Auren Portugal\",\"isPartOf\":{\"@id\":\"https:\/\/auren.com\/pt\/#website\"},\"datePublished\":\"2025-02-06T13:08:56+00:00\",\"dateModified\":\"2025-02-06T13:10:27+00:00\",\"breadcrumb\":{\"@id\":\"https:\/\/auren.com\/pt\/contato-paises\/#breadcrumb\"},\"inLanguage\":\"pt-PT\",\"potentialAction\":[{\"@type\":\"ReadAction\",\"target\":[\"https:\/\/auren.com\/pt\/contato-paises\/\"]}]},{\"@type\":\"BreadcrumbList\",\"@id\":\"https:\/\/auren.com\/pt\/contato-paises\/#breadcrumb\",\"itemListElement\":[{\"@type\":\"ListItem\",\"position\":1,\"name\":\"Home\",\"item\":\"https:\/\/auren.com\/pt\/\"},{\"@type\":\"ListItem\",\"position\":2,\"name\":\"Contato paises\"}]},{\"@type\":\"WebSite\",\"@id\":\"https:\/\/auren.com\/pt\/#website\",\"url\":\"https:\/\/auren.com\/pt\/\",\"name\":\"Auren Portugal\",\"description\":\"\",\"publisher\":{\"@id\":\"https:\/\/auren.com\/pt\/#organization\"},\"potentialAction\":[{\"@type\":\"SearchAction\",\"target\":{\"@type\":\"EntryPoint\",\"urlTemplate\":\"https:\/\/auren.com\/pt\/?s={search_term_string}\"},\"query-input\":{\"@type\":\"PropertyValueSpecification\",\"valueRequired\":true,\"valueName\":\"search_term_string\"}}],\"inLanguage\":\"pt-PT\"},{\"@type\":\"Organization\",\"@id\":\"https:\/\/auren.com\/pt\/#organization\",\"name\":\"Auren Portugal\",\"url\":\"https:\/\/auren.com\/pt\/\",\"logo\":{\"@type\":\"ImageObject\",\"inLanguage\":\"pt-PT\",\"@id\":\"https:\/\/auren.com\/pt\/#\/schema\/logo\/image\/\",\"url\":\"https:\/\/auren.com\/pt\/wp-content\/uploads\/2025\/01\/cropped-cropped-favicon-Auren.png\",\"contentUrl\":\"https:\/\/auren.com\/pt\/wp-content\/uploads\/2025\/01\/cropped-cropped-favicon-Auren.png\",\"width\":512,\"height\":512,\"caption\":\"Auren Portugal\"},\"image\":{\"@id\":\"https:\/\/auren.com\/pt\/#\/schema\/logo\/image\/\"},\"sameAs\":[\"https:\/\/www.facebook.com\/AurenPortugal\",\"https:\/\/pt.linkedin.com\/company\/aurenportugal\"]}]}<\/script>\n<!-- \/ Yoast SEO plugin. -->","yoast_head_json":{"title":"Contato paises - Auren Portugal","robots":{"index":"index","follow":"follow","max-snippet":"max-snippet:-1","max-image-preview":"max-image-preview:large","max-video-preview":"max-video-preview:-1"},"canonical":"https:\/\/auren.com\/pt\/contato-paises\/","og_locale":"pt_PT","og_type":"article","og_title":"Contato paises - Auren Portugal","og_url":"https:\/\/auren.com\/pt\/contato-paises\/","og_site_name":"Auren Portugal","article_publisher":"https:\/\/www.facebook.com\/AurenPortugal","article_modified_time":"2025-02-06T13:10:27+00:00","twitter_card":"summary_large_image","schema":{"@context":"https:\/\/schema.org","@graph":[{"@type":"WebPage","@id":"https:\/\/auren.com\/pt\/contato-paises\/","url":"https:\/\/auren.com\/pt\/contato-paises\/","name":"Contato paises - Auren Portugal","isPartOf":{"@id":"https:\/\/auren.com\/pt\/#website"},"datePublished":"2025-02-06T13:08:56+00:00","dateModified":"2025-02-06T13:10:27+00:00","breadcrumb":{"@id":"https:\/\/auren.com\/pt\/contato-paises\/#breadcrumb"},"inLanguage":"pt-PT","potentialAction":[{"@type":"ReadAction","target":["https:\/\/auren.com\/pt\/contato-paises\/"]}]},{"@type":"BreadcrumbList","@id":"https:\/\/auren.com\/pt\/contato-paises\/#breadcrumb","itemListElement":[{"@type":"ListItem","position":1,"name":"Home","item":"https:\/\/auren.com\/pt\/"},{"@type":"ListItem","position":2,"name":"Contato paises"}]},{"@type":"WebSite","@id":"https:\/\/auren.com\/pt\/#website","url":"https:\/\/auren.com\/pt\/","name":"Auren Portugal","description":"","publisher":{"@id":"https:\/\/auren.com\/pt\/#organization"},"potentialAction":[{"@type":"SearchAction","target":{"@type":"EntryPoint","urlTemplate":"https:\/\/auren.com\/pt\/?s={search_term_string}"},"query-input":{"@type":"PropertyValueSpecification","valueRequired":true,"valueName":"search_term_string"}}],"inLanguage":"pt-PT"},{"@type":"Organization","@id":"https:\/\/auren.com\/pt\/#organization","name":"Auren Portugal","url":"https:\/\/auren.com\/pt\/","logo":{"@type":"ImageObject","inLanguage":"pt-PT","@id":"https:\/\/auren.com\/pt\/#\/schema\/logo\/image\/","url":"https:\/\/auren.com\/pt\/wp-content\/uploads\/2025\/01\/cropped-cropped-favicon-Auren.png","contentUrl":"https:\/\/auren.com\/pt\/wp-content\/uploads\/2025\/01\/cropped-cropped-favicon-Auren.png","width":512,"height":512,"caption":"Auren Portugal"},"image":{"@id":"https:\/\/auren.com\/pt\/#\/schema\/logo\/image\/"},"sameAs":["https:\/\/www.facebook.com\/AurenPortugal","https:\/\/pt.linkedin.com\/company\/aurenportugal"]}]}},"_links":{"self":[{"href":"https:\/\/auren.com\/pt\/wp-json\/wp\/v2\/pages\/11492","targetHints":{"allow":["GET"]}}],"collection":[{"href":"https:\/\/auren.com\/pt\/wp-json\/wp\/v2\/pages"}],"about":[{"href":"https:\/\/auren.com\/pt\/wp-json\/wp\/v2\/types\/page"}],"author":[{"embeddable":true,"href":"https:\/\/auren.com\/pt\/wp-json\/wp\/v2\/users\/2"}],"replies":[{"embeddable":true,"href":"https:\/\/auren.com\/pt\/wp-json\/wp\/v2\/comments?post=11492"}],"version-history":[{"count":0,"href":"https:\/\/auren.com\/pt\/wp-json\/wp\/v2\/pages\/11492\/revisions"}],"wp:attachment":[{"href":"https:\/\/auren.com\/pt\/wp-json\/wp\/v2\/media?parent=11492"}],"curies":[{"name":"wp","href":"https:\/\/api.w.org\/{rel}","templated":true}]}}