{"id":5005,"date":"2025-01-06T08:54:08","date_gmt":"2025-01-06T07:54:08","guid":{"rendered":"https:\/\/auren.com\/pt\/?page_id=5005"},"modified":"2025-01-25T15:30:46","modified_gmt":"2025-01-25T14:30:46","slug":"subscribe","status":"publish","type":"page","link":"https:\/\/auren.com\/pt\/subscribe\/","title":{"rendered":"Subscribe"},"content":{"rendered":"<section id=\"SubscribeForm-block_89460c214bbd37a203a43a4aa07a1ef7\" class=\"subscribe SubscribeForm v2\">\n    \n    <div class=\"container\">\n        <div class=\"subscribe_header\">\n            <div class=\"subscribe_header_title\">\n                <h1>ASSINAR PARA<br \/>\nAS NOSSAS ATUALIZA\u00c7\u00d5ES!<\/h1>\n            <\/div>\n            <div class=\"subscribe_header_kicker\">\n                <p style=\"text-align: right;\">FIQUE LIGADO PARA ATUALIZA\u00c7\u00d5ES EMOCIONANTES<br \/>\nE PR\u00d3XIMOS EVENTOS!<\/p>\n            <\/div>\n        <\/div>\n        <div class=\"subscribe_text\">\n            \n<div class=\"wpcf7 no-js\" id=\"wpcf7-f10411-o1\" lang=\"pt-PT\" dir=\"ltr\" data-wpcf7-id=\"10411\">\n<div class=\"screen-reader-response\"><p role=\"status\" aria-live=\"polite\" aria-atomic=\"true\"><\/p> <ul><\/ul><\/div>\n<form action=\"\/pt\/wp-json\/wp\/v2\/pages\/5005#wpcf7-f10411-o1\" method=\"post\" class=\"wpcf7-form init\" aria-label=\"Formul\u00e1rio de contacto\" novalidate=\"novalidate\" data-status=\"init\">\n<fieldset class=\"hidden-fields-container\"><input type=\"hidden\" name=\"_wpcf7\" value=\"10411\" \/><input type=\"hidden\" name=\"_wpcf7_version\" value=\"6.1.5\" \/><input type=\"hidden\" name=\"_wpcf7_locale\" value=\"pt_PT\" \/><input type=\"hidden\" name=\"_wpcf7_unit_tag\" value=\"wpcf7-f10411-o1\" \/><input type=\"hidden\" name=\"_wpcf7_container_post\" value=\"0\" \/><input type=\"hidden\" name=\"_wpcf7_posted_data_hash\" value=\"\" \/><input type=\"hidden\" name=\"_wpcf7dtx_version\" value=\"5.0.5\" \/>\n<\/fieldset>\n<span class=\"wpcf7-form-control-wrap your-subject\" data-name=\"your-subject\"><input type=\"hidden\" name=\"your-subject\" class=\"wpcf7-form-control wpcf7-hidden wpcf7dtx wpcf7dtx-hidden\" aria-invalid=\"false\" value=\"Auren Portugal - Subscri\u00e7\u00e3o de newsletter\"><\/span>\n<p><input type=\"hidden\" name=\"token\" id=\"token\" \/>\n<\/p>\n<div class=\"subscribe_field subscribe_field-placeholder\">\n\t<p><span class=\"wpcf7-form-control-wrap\" data-name=\"name\"><input size=\"40\" maxlength=\"400\" class=\"wpcf7-form-control wpcf7-text wpcf7-validates-as-required\" id=\"name\" autocomplete=\"name\" aria-required=\"true\" aria-invalid=\"false\" value=\"\" type=\"text\" name=\"name\" \/><\/span><label for=\"name\">Nome completo<span>*<\/span><\/label>\n\t<\/p>\n<\/div>\n<div class=\"subscribe_field subscribe_field-placeholder\">\n\t<p><span class=\"wpcf7-form-control-wrap\" data-name=\"validate_email\"><input size=\"40\" maxlength=\"400\" class=\"wpcf7-form-control wpcf7-email wpcf7-validates-as-required wpcf7-text wpcf7-validates-as-email\" id=\"validate_email\" autocomplete=\"email\" aria-required=\"true\" aria-invalid=\"false\" value=\"\" type=\"email\" name=\"validate_email\" \/><\/span><label for=\"validate_email\">Email<span>*<\/span><\/label>\n\t<\/p>\n<\/div>\n<div class=\"subscribe_field subscribe_field-select\">\n\t<p><label for=\"services\">Servi\u00e7os<\/label><span class=\"wpcf7-form-control-wrap\" data-name=\"services\"><span class=\"wpcf7-form-control wpcf7-checkbox wpcf7-validates-as-required\"><span class=\"wpcf7-list-item first\"><label><input type=\"checkbox\" name=\"services[]\" value=\"3651\" \/><span class=\"wpcf7-list-item-label\">Auditoria Financeira<\/span><\/label><\/span><span class=\"wpcf7-list-item\"><label><input type=\"checkbox\" name=\"services[]\" value=\"3693\" \/><span class=\"wpcf7-list-item-label\">Assessoria<\/span><\/label><\/span><span class=\"wpcf7-list-item\"><label><input type=\"checkbox\" name=\"services[]\" value=\"3715\" \/><span class=\"wpcf7-list-item-label\">Consultoria de Gest\u00e3o<\/span><\/label><\/span><span class=\"wpcf7-list-item\"><label><input type=\"checkbox\" name=\"services[]\" value=\"3782\" \/><span class=\"wpcf7-list-item-label\">Corporate Finance<\/span><\/label><\/span><span class=\"wpcf7-list-item last\"><label><input type=\"checkbox\" name=\"services[]\" value=\"3572\" \/><span class=\"wpcf7-list-item-label\">Impostos e Assessoria Legal<\/span><\/label><\/span><\/span><\/span>\n\t<\/p>\n<\/div>\n<div class=\"subscribe_field subscribe_field-check\">\n\t<p><span class=\"wpcf7-form-control-wrap\" data-name=\"privacy\"><span class=\"wpcf7-form-control wpcf7-acceptance\"><span class=\"wpcf7-list-item\"><label><input type=\"checkbox\" name=\"privacy\" value=\"1\" aria-invalid=\"false\" \/><span class=\"wpcf7-list-item-label\">Li e aceito o <a href=\"https:\/\/auren.com\/pt\/legal-advice\/\">aviso legal<\/a> e o <a href=\"https:\/\/auren.com\/pt\/privacy-policy\/\">Pol\u00edtica de Privacidade.<\/a><span>*<\/span><\/span><\/label><\/span><\/span><\/span>\n\t<\/p>\n<\/div>\n<div class=\"subscribe_note\">\n\t<p>Ao assinalar a caixa indicando &#8220;Li e concordo com o Aviso Legal e a Pol\u00edtica de Privacidade&#8221; e clicar no bot\u00e3o &#8220;enviar&#8221;, est\u00e1 a dar o seu consentimento expresso e inequ\u00edvoco para que os seus dados sejam tratados pelo respons\u00e1vel pelo tratamento, com o objetivo de responder \u00e0 sua mensagem. Os seus dados n\u00e3o ser\u00e3o partilhados com terceiros n\u00e3o relacionados com o Grupo Auren e ser\u00e3o eliminados assim que lhe enviarmos a nossa resposta. Em qualquer caso, poder\u00e1 consultar mais informa\u00e7\u00f5es sobre o exerc\u00edcio dos seus direitos de acesso, retifica\u00e7\u00e3o, apagamento, portabilidade, limita\u00e7\u00e3o, oposi\u00e7\u00e3o ao tratamento dos seus dados pessoais e demais informa\u00e7\u00f5es relacionadas no \u00e2mbito da nossa <a href=\"https:\/\/auren.com\/pt\/privacy-policy\/\">Pol\u00edtica de Privacidade.<\/a>\n\t<\/p>\n<\/div>\n<p><button type=\"submit\" class=\"wpcf7-form-control wpcf7-submit button button-primary button-icon\">Inscrever-se<\/button>\n<\/p><div class=\"wpcf7-response-output\" aria-hidden=\"true\"><\/div>\n<\/form>\n<\/div>\n        <\/div>\n    <\/div>\n\n    \n\n\n\n<\/section>\n","protected":false},"excerpt":{"rendered":"","protected":false},"author":2,"featured_media":0,"parent":0,"menu_order":0,"comment_status":"closed","ping_status":"closed","template":"","meta":{"_acf_changed":false,"inline_featured_image":false,"footnotes":""},"class_list":["post-5005","page","type-page","status-publish","hentry"],"acf":[],"yoast_head":"<!-- This site is optimized with the Yoast SEO plugin v27.4 - https:\/\/yoast.com\/product\/yoast-seo-wordpress\/ -->\n<title>Subscribe - Auren Portugal<\/title>\n<meta name=\"robots\" content=\"index, follow, max-snippet:-1, max-image-preview:large, max-video-preview:-1\" \/>\n<link rel=\"canonical\" href=\"https:\/\/auren.com\/pt\/subscribe\/\" \/>\n<meta property=\"og:locale\" content=\"pt_PT\" \/>\n<meta property=\"og:type\" content=\"article\" \/>\n<meta property=\"og:title\" content=\"Subscribe - Auren Portugal\" \/>\n<meta property=\"og:url\" content=\"https:\/\/auren.com\/pt\/subscribe\/\" \/>\n<meta property=\"og:site_name\" content=\"Auren Portugal\" \/>\n<meta property=\"article:publisher\" content=\"https:\/\/www.facebook.com\/AurenPortugal\" \/>\n<meta property=\"article:modified_time\" content=\"2025-01-25T14:30:46+00:00\" \/>\n<meta name=\"twitter:card\" content=\"summary_large_image\" \/>\n<script type=\"application\/ld+json\" class=\"yoast-schema-graph\">{\"@context\":\"https:\\\/\\\/schema.org\",\"@graph\":[{\"@type\":\"WebPage\",\"@id\":\"https:\\\/\\\/auren.com\\\/pt\\\/subscribe\\\/\",\"url\":\"https:\\\/\\\/auren.com\\\/pt\\\/subscribe\\\/\",\"name\":\"Subscribe - Auren Portugal\",\"isPartOf\":{\"@id\":\"https:\\\/\\\/auren.com\\\/pt\\\/#website\"},\"datePublished\":\"2025-01-06T07:54:08+00:00\",\"dateModified\":\"2025-01-25T14:30:46+00:00\",\"breadcrumb\":{\"@id\":\"https:\\\/\\\/auren.com\\\/pt\\\/subscribe\\\/#breadcrumb\"},\"inLanguage\":\"pt-PT\",\"potentialAction\":[{\"@type\":\"ReadAction\",\"target\":[\"https:\\\/\\\/auren.com\\\/pt\\\/subscribe\\\/\"]}]},{\"@type\":\"BreadcrumbList\",\"@id\":\"https:\\\/\\\/auren.com\\\/pt\\\/subscribe\\\/#breadcrumb\",\"itemListElement\":[{\"@type\":\"ListItem\",\"position\":1,\"name\":\"Home\",\"item\":\"https:\\\/\\\/auren.com\\\/pt\\\/\"},{\"@type\":\"ListItem\",\"position\":2,\"name\":\"Subscribe\"}]},{\"@type\":\"WebSite\",\"@id\":\"https:\\\/\\\/auren.com\\\/pt\\\/#website\",\"url\":\"https:\\\/\\\/auren.com\\\/pt\\\/\",\"name\":\"Auren Portugal\",\"description\":\"\",\"publisher\":{\"@id\":\"https:\\\/\\\/auren.com\\\/pt\\\/#organization\"},\"potentialAction\":[{\"@type\":\"SearchAction\",\"target\":{\"@type\":\"EntryPoint\",\"urlTemplate\":\"https:\\\/\\\/auren.com\\\/pt\\\/?s={search_term_string}\"},\"query-input\":{\"@type\":\"PropertyValueSpecification\",\"valueRequired\":true,\"valueName\":\"search_term_string\"}}],\"inLanguage\":\"pt-PT\"},{\"@type\":\"Organization\",\"@id\":\"https:\\\/\\\/auren.com\\\/pt\\\/#organization\",\"name\":\"Auren Portugal\",\"url\":\"https:\\\/\\\/auren.com\\\/pt\\\/\",\"logo\":{\"@type\":\"ImageObject\",\"inLanguage\":\"pt-PT\",\"@id\":\"https:\\\/\\\/auren.com\\\/pt\\\/#\\\/schema\\\/logo\\\/image\\\/\",\"url\":\"https:\\\/\\\/auren.com\\\/pt\\\/wp-content\\\/uploads\\\/2025\\\/01\\\/cropped-cropped-favicon-Auren.png\",\"contentUrl\":\"https:\\\/\\\/auren.com\\\/pt\\\/wp-content\\\/uploads\\\/2025\\\/01\\\/cropped-cropped-favicon-Auren.png\",\"width\":512,\"height\":512,\"caption\":\"Auren Portugal\"},\"image\":{\"@id\":\"https:\\\/\\\/auren.com\\\/pt\\\/#\\\/schema\\\/logo\\\/image\\\/\"},\"sameAs\":[\"https:\\\/\\\/www.facebook.com\\\/AurenPortugal\",\"https:\\\/\\\/pt.linkedin.com\\\/company\\\/aurenportugal\"]}]}<\/script>\n<!-- \/ Yoast SEO plugin. -->","yoast_head_json":{"title":"Subscribe - Auren Portugal","robots":{"index":"index","follow":"follow","max-snippet":"max-snippet:-1","max-image-preview":"max-image-preview:large","max-video-preview":"max-video-preview:-1"},"canonical":"https:\/\/auren.com\/pt\/subscribe\/","og_locale":"pt_PT","og_type":"article","og_title":"Subscribe - Auren Portugal","og_url":"https:\/\/auren.com\/pt\/subscribe\/","og_site_name":"Auren Portugal","article_publisher":"https:\/\/www.facebook.com\/AurenPortugal","article_modified_time":"2025-01-25T14:30:46+00:00","twitter_card":"summary_large_image","schema":{"@context":"https:\/\/schema.org","@graph":[{"@type":"WebPage","@id":"https:\/\/auren.com\/pt\/subscribe\/","url":"https:\/\/auren.com\/pt\/subscribe\/","name":"Subscribe - Auren Portugal","isPartOf":{"@id":"https:\/\/auren.com\/pt\/#website"},"datePublished":"2025-01-06T07:54:08+00:00","dateModified":"2025-01-25T14:30:46+00:00","breadcrumb":{"@id":"https:\/\/auren.com\/pt\/subscribe\/#breadcrumb"},"inLanguage":"pt-PT","potentialAction":[{"@type":"ReadAction","target":["https:\/\/auren.com\/pt\/subscribe\/"]}]},{"@type":"BreadcrumbList","@id":"https:\/\/auren.com\/pt\/subscribe\/#breadcrumb","itemListElement":[{"@type":"ListItem","position":1,"name":"Home","item":"https:\/\/auren.com\/pt\/"},{"@type":"ListItem","position":2,"name":"Subscribe"}]},{"@type":"WebSite","@id":"https:\/\/auren.com\/pt\/#website","url":"https:\/\/auren.com\/pt\/","name":"Auren Portugal","description":"","publisher":{"@id":"https:\/\/auren.com\/pt\/#organization"},"potentialAction":[{"@type":"SearchAction","target":{"@type":"EntryPoint","urlTemplate":"https:\/\/auren.com\/pt\/?s={search_term_string}"},"query-input":{"@type":"PropertyValueSpecification","valueRequired":true,"valueName":"search_term_string"}}],"inLanguage":"pt-PT"},{"@type":"Organization","@id":"https:\/\/auren.com\/pt\/#organization","name":"Auren Portugal","url":"https:\/\/auren.com\/pt\/","logo":{"@type":"ImageObject","inLanguage":"pt-PT","@id":"https:\/\/auren.com\/pt\/#\/schema\/logo\/image\/","url":"https:\/\/auren.com\/pt\/wp-content\/uploads\/2025\/01\/cropped-cropped-favicon-Auren.png","contentUrl":"https:\/\/auren.com\/pt\/wp-content\/uploads\/2025\/01\/cropped-cropped-favicon-Auren.png","width":512,"height":512,"caption":"Auren Portugal"},"image":{"@id":"https:\/\/auren.com\/pt\/#\/schema\/logo\/image\/"},"sameAs":["https:\/\/www.facebook.com\/AurenPortugal","https:\/\/pt.linkedin.com\/company\/aurenportugal"]}]}},"_links":{"self":[{"href":"https:\/\/auren.com\/pt\/wp-json\/wp\/v2\/pages\/5005","targetHints":{"allow":["GET"]}}],"collection":[{"href":"https:\/\/auren.com\/pt\/wp-json\/wp\/v2\/pages"}],"about":[{"href":"https:\/\/auren.com\/pt\/wp-json\/wp\/v2\/types\/page"}],"author":[{"embeddable":true,"href":"https:\/\/auren.com\/pt\/wp-json\/wp\/v2\/users\/2"}],"replies":[{"embeddable":true,"href":"https:\/\/auren.com\/pt\/wp-json\/wp\/v2\/comments?post=5005"}],"version-history":[{"count":0,"href":"https:\/\/auren.com\/pt\/wp-json\/wp\/v2\/pages\/5005\/revisions"}],"wp:attachment":[{"href":"https:\/\/auren.com\/pt\/wp-json\/wp\/v2\/media?parent=5005"}],"curies":[{"name":"wp","href":"https:\/\/api.w.org\/{rel}","templated":true}]}}