{"id":5180,"date":"2025-01-07T17:21:29","date_gmt":"2025-01-07T16:21:29","guid":{"rendered":"https:\/\/auren.com\/pt\/?page_id=5180"},"modified":"2025-09-17T17:27:21","modified_gmt":"2025-09-17T15:27:21","slug":"nossa-equipa","status":"publish","type":"page","link":"https:\/\/auren.com\/pt\/sobre-a-auren\/nossa-equipa\/","title":{"rendered":"Os nossos especialistas"},"content":{"rendered":"<section id=\"Header-block_52343fce4d902fe792f64161383889ad\" class=\"Header\">\r\n\r\n    <div class=\"hero\">\r\n                <div class=\"container\">\r\n            <div class=\"hero_header\">\r\n                                \r\n                <div class=\"hero_header_title\">\r\n                    <p class='' style=\"text-align: right;\">OS NOSSOS <strong>ESPECIALISTAS<\/strong><\/p>\n                <\/div>\r\n\r\n                                                \r\n                <div class=\"hero_header_subtitle\">\r\n                    <p style=\"text-align: right;\">CONFIAN\u00c7A NA CONSTRU\u00c7\u00c3O<\/p>\n                <\/div>\r\n\r\n                                \r\n            <\/div>\r\n        <\/div>\r\n        \r\n                <picture>\r\n            <source data-srcset=\"https:\/\/auren.com\/pt\/wp-content\/uploads\/2025\/01\/bg-hero-aboutus-experts-d.webp\"\r\n                media=\"(min-width: 1200px)\" \/>\r\n            <img decoding=\"async\" class=\"hero_bg lazyload\"\r\n                <img decoding=\"async\" width=\"640\" height=\"383\" data-src=\"https:\/\/auren.com\/pt\/wp-content\/uploads\/2025\/01\/bg-hero-aboutus-experts-d-1024x612.webp\" class=\"hero_bg lazyload\" alt=\"\" data-srcset=\"https:\/\/auren.com\/pt\/wp-content\/uploads\/2025\/01\/bg-hero-aboutus-experts-d-1024x612.webp 1024w, https:\/\/auren.com\/pt\/wp-content\/uploads\/2025\/01\/bg-hero-aboutus-experts-d-300x179.webp 300w, https:\/\/auren.com\/pt\/wp-content\/uploads\/2025\/01\/bg-hero-aboutus-experts-d-768x459.webp 768w, https:\/\/auren.com\/pt\/wp-content\/uploads\/2025\/01\/bg-hero-aboutus-experts-d.webp 1200w\" data-sizes=\"(max-width: 640px) 100vw, 640px\" src=\"data:image\/svg+xml;base64,PHN2ZyB3aWR0aD0iMSIgaGVpZ2h0PSIxIiB4bWxucz0iaHR0cDovL3d3dy53My5vcmcvMjAwMC9zdmciPjwvc3ZnPg==\" style=\"--smush-placeholder-width: 640px; --smush-placeholder-aspect-ratio: 640\/383;\" \/>>\r\n        <\/picture>\r\n        \r\n                        <p class=\"hero_scroll\"><strong>Explorar mais<\/strong> Role para baixo<\/p>\r\n                    <\/div>\r\n\r\n<\/section>\n\n\r\n<section id=\"Breadcrumbs-block_b00343cdf79e6af86d9e4c31efc7033c\" class=\"Breadcrumbs\">\r\n    \r\n        <nav class=\"breads\" aria-label=\"Breadcrumb\">\r\n            <ul class=\"container\">\r\n                <li><a href=\"https:\/\/auren.com\/pt\">Home<\/a><\/li>\r\n                <li><span aria-current=\"page\">Os nossos especialistas<\/span><\/li>            <\/ul>\r\n        <\/nav>\r\n\r\n                                                                                     \r\n    \r\n<\/section>\r\n\n\n\r\n<section id=\"ImageText-block_f31cc5552598d5c5b4b85ca7520c322f\" class=\"ImageText\">\r\n\r\n    <section class=\"info \">\r\n        <div class=\"container\">\r\n            <div class=\"info_text\">\r\n                <div class=\"info_title\">\r\n                    <p class=''>A NOSSA EQUIPA<\/p>\n                <\/div>\r\n                <div class=\"info_description\">\r\n                    <p>Os profissionais da Auren s\u00e3o a pedra angular do sucesso da empresa. A sua experi\u00eancia, dedica\u00e7\u00e3o e paix\u00e3o impulsionam a miss\u00e3o da empresa de prestar servi\u00e7os de classe mundial em v\u00e1rias disciplinas. A equipa da Auren n\u00e3o \u00e9 apenas dotada de profundos conhecimentos t\u00e9cnicos, mas tamb\u00e9m incorpora um forte empenho em fornecer solu\u00e7\u00f5es personalizadas e inovadoras a cada cliente. Esta combina\u00e7\u00e3o de talento humano e conhecimentos t\u00e9cnicos \u00e9 o que distingue a Auren no competitivo mundo da consultoria.<\/p>\n                <\/div>\r\n            <\/div>\r\n            <div class=\"info_media\">\r\n                <div class=\"info_media_item info_media_item-1\">\r\n                    <div class=\"info_media_item_text\"><span class=\"title\"><\/span><\/div>\r\n                    <div class=\"info_media_item_text_claim\"><\/div>\r\n                    <span class=\"info_media_item_bg\">\r\n                                                    <img decoding=\"async\" width=\"640\" height=\"366\" data-src=\"https:\/\/auren.com\/pt\/wp-content\/uploads\/2025\/01\/international-auren-media-banner-3-1024x585.webp\" class=\"attachment-large size-large lazyload\" alt=\"\" data-srcset=\"https:\/\/auren.com\/pt\/wp-content\/uploads\/2025\/01\/international-auren-media-banner-3-1024x585.webp 1024w, https:\/\/auren.com\/pt\/wp-content\/uploads\/2025\/01\/international-auren-media-banner-3-300x171.webp 300w, https:\/\/auren.com\/pt\/wp-content\/uploads\/2025\/01\/international-auren-media-banner-3-768x439.webp 768w, https:\/\/auren.com\/pt\/wp-content\/uploads\/2025\/01\/international-auren-media-banner-3-1536x878.webp 1536w, https:\/\/auren.com\/pt\/wp-content\/uploads\/2025\/01\/international-auren-media-banner-3-2048x1171.webp 2048w\" data-sizes=\"(max-width: 640px) 100vw, 640px\" src=\"data:image\/svg+xml;base64,PHN2ZyB3aWR0aD0iMSIgaGVpZ2h0PSIxIiB4bWxucz0iaHR0cDovL3d3dy53My5vcmcvMjAwMC9zdmciPjwvc3ZnPg==\" style=\"--smush-placeholder-width: 640px; --smush-placeholder-aspect-ratio: 640\/366;\" \/>                                            <\/span>\r\n                                                        <\/div>\r\n                <div class=\"info_media_claim\">\r\n                    <p>Profissionais de Auren<\/p>\n                <\/div>\r\n                <div class=\"info_media_item info_media_item-2\">\r\n                    <div class=\"info_media_item_text\"><span class=\"title\"><\/span><\/div>\r\n                    <div class=\"info_media_item_text_claim\"><\/div>\r\n                    <span class=\"info_media_item_bg\">\r\n                                                    <img decoding=\"async\" width=\"640\" height=\"354\" data-src=\"https:\/\/auren.com\/pt\/wp-content\/uploads\/2025\/01\/image-text-6-1-1024x567.webp\" class=\"attachment-large size-large lazyload\" alt=\"\" data-srcset=\"https:\/\/auren.com\/pt\/wp-content\/uploads\/2025\/01\/image-text-6-1-1024x567.webp 1024w, https:\/\/auren.com\/pt\/wp-content\/uploads\/2025\/01\/image-text-6-1-300x166.webp 300w, https:\/\/auren.com\/pt\/wp-content\/uploads\/2025\/01\/image-text-6-1-768x425.webp 768w, https:\/\/auren.com\/pt\/wp-content\/uploads\/2025\/01\/image-text-6-1-1536x851.webp 1536w, https:\/\/auren.com\/pt\/wp-content\/uploads\/2025\/01\/image-text-6-1-2048x1134.webp 2048w\" data-sizes=\"(max-width: 640px) 100vw, 640px\" src=\"data:image\/svg+xml;base64,PHN2ZyB3aWR0aD0iMSIgaGVpZ2h0PSIxIiB4bWxucz0iaHR0cDovL3d3dy53My5vcmcvMjAwMC9zdmciPjwvc3ZnPg==\" style=\"--smush-placeholder-width: 640px; --smush-placeholder-aspect-ratio: 640\/354;\" \/>                                            <\/span>\r\n                                                        <\/div>\r\n            <\/div>\r\n        <\/div>\r\n    <\/section>\r\n\r\n<\/section>\r\n\r\n\n\n<div id=\"TitleSubtitleText-block_e1f04777c0b4096c7c09e2640d589f0c\" class=\"TitleSubtitleText\">\n\n    <section class=\"headlines v1\">\n        <div class=\"container\">\n                        <div class=\"headlines_title\">\n                <h3 class=''>PROFISSIONAIS<\/h3>\n            <\/div>\n                                    <div class=\"headlines_content\">\n                                                <div class=\"headlines_description\">\n                    <p>Os nossos profissionais s\u00e3o o maior ativo da empresa e a sua compet\u00eancia humana e t\u00e9cnica \u00e9 o motor do sucesso da Auren. A sua dedica\u00e7\u00e3o e inova\u00e7\u00e3o permitem-nos obter resultados excepcionais de forma consistente. Este empenhamento \u00e9 o motor do nosso crescimento e garante a satisfa\u00e7\u00e3o dos nossos clientes com os mais elevados padr\u00f5es de qualidade.<\/p>\n                <\/div>\n                                            <\/div>\n                    <\/div>\n    <\/section>\n\n<\/div>\n\n\n<div id=\"Professionals-block_2893fc11c65dee71c21ebcc916507f74\" class=\"Professionals\">\n<div class=\"filters\">\n    <div class=\"container\">\n        <div class=\"filters_nav\">\n            <a class=\"filters_nav_button\" href=\"#\">Filtro<\/a>\n            <div class=\"filters_nav_content filters_nav_content-large\">\n                <div class=\"filers_and_search\">\n                    <div class=\"filters_nav_tags\"><\/div>\n                    <div id=\"search-btn\" class=\"filters_nav_tags close-modal\">\n                        <div class=\"filters_nav_tags_item close\">Search<\/div>\n                    <\/div>\n                <\/div>\n\n                <div class=\"filters_nav_list\"><p class=\"filters_nav_list_title\"><img decoding=\"async\" data-src=\"https:\/\/auren.com\/pt\/wp-content\/themes\/auren\/assets\/images\/ico-offices.svg\" alt=\"\" src=\"data:image\/svg+xml;base64,PHN2ZyB3aWR0aD0iMSIgaGVpZ2h0PSIxIiB4bWxucz0iaHR0cDovL3d3dy53My5vcmcvMjAwMC9zdmciPjwvc3ZnPg==\" class=\"lazyload\"><span>Offices<\/span><\/p><div class=\"filters_checks\"><label class=\"filters_nav_list_item\"><input class=\"filters_nav_list_check\" type=\"checkbox\" data-term=\"all\" data-taxonomy=\"office\"><span class=\"filters_nav_list_text\">All<\/span><\/label><label class=\"filters_nav_list_item\"><input class=\"filters_nav_list_check\" type=\"checkbox\" data-term=\"7321\" data-taxonomy=\"office\"><span class=\"filters_nav_list_text\">Lisbon Consulting | Legal<\/span><\/label><\/div><\/div>                <div class=\"modal-loading\" aria-hidden=\"true\">\n                    <div class=\"spinner\" role=\"status\" aria-label=\"Loading Professionals...\"><\/div>\n                    <p class=\"loading-text\">Loading Professionals&#8230;<\/p>\n                <\/div>\n            <\/div>\n        <\/div>\n    <\/div>\n<\/div>\n\n    <section class=\"ProfessionalsDistributive experts\">\n        <div class=\"container\">\n            <div class=\"professionals\"><\/div>\n            <div class=\"experts_pagination\"><\/div>\n\n                    <\/div>\n    <\/section>\n\n\n<\/div>\n\n","protected":false},"excerpt":{"rendered":"","protected":false},"author":2,"featured_media":0,"parent":5153,"menu_order":0,"comment_status":"closed","ping_status":"closed","template":"page-templates\/professionals.php","meta":{"_acf_changed":false,"inline_featured_image":false,"footnotes":""},"class_list":["post-5180","page","type-page","status-publish","hentry"],"acf":[],"yoast_head":"<!-- This site is optimized with the Yoast SEO plugin v27.2 - https:\/\/yoast.com\/product\/yoast-seo-wordpress\/ -->\n<title>Os nossos especialistas - Auren Portugal<\/title>\n<meta name=\"robots\" content=\"index, follow, max-snippet:-1, max-image-preview:large, max-video-preview:-1\" \/>\n<link rel=\"canonical\" href=\"https:\/\/auren.com\/pt\/sobre-a-auren\/nossa-equipa\/\" \/>\n<meta property=\"og:locale\" content=\"pt_PT\" \/>\n<meta property=\"og:type\" content=\"article\" \/>\n<meta property=\"og:title\" content=\"Os nossos especialistas - Auren Portugal\" \/>\n<meta property=\"og:url\" content=\"https:\/\/auren.com\/pt\/sobre-a-auren\/nossa-equipa\/\" \/>\n<meta property=\"og:site_name\" content=\"Auren Portugal\" \/>\n<meta property=\"article:publisher\" content=\"https:\/\/www.facebook.com\/AurenPortugal\" \/>\n<meta property=\"article:modified_time\" content=\"2025-09-17T15:27:21+00:00\" \/>\n<meta name=\"twitter:card\" content=\"summary_large_image\" \/>\n<script type=\"application\/ld+json\" class=\"yoast-schema-graph\">{\"@context\":\"https:\/\/schema.org\",\"@graph\":[{\"@type\":\"WebPage\",\"@id\":\"https:\/\/auren.com\/pt\/sobre-a-auren\/nossa-equipa\/\",\"url\":\"https:\/\/auren.com\/pt\/sobre-a-auren\/nossa-equipa\/\",\"name\":\"Os nossos especialistas - Auren Portugal\",\"isPartOf\":{\"@id\":\"https:\/\/auren.com\/pt\/#website\"},\"datePublished\":\"2025-01-07T16:21:29+00:00\",\"dateModified\":\"2025-09-17T15:27:21+00:00\",\"breadcrumb\":{\"@id\":\"https:\/\/auren.com\/pt\/sobre-a-auren\/nossa-equipa\/#breadcrumb\"},\"inLanguage\":\"pt-PT\",\"potentialAction\":[{\"@type\":\"ReadAction\",\"target\":[\"https:\/\/auren.com\/pt\/sobre-a-auren\/nossa-equipa\/\"]}]},{\"@type\":\"BreadcrumbList\",\"@id\":\"https:\/\/auren.com\/pt\/sobre-a-auren\/nossa-equipa\/#breadcrumb\",\"itemListElement\":[{\"@type\":\"ListItem\",\"position\":1,\"name\":\"Home\",\"item\":\"https:\/\/auren.com\/pt\/\"},{\"@type\":\"ListItem\",\"position\":2,\"name\":\"Sobre a Auren\",\"item\":\"https:\/\/auren.com\/pt\/sobre-a-auren\/\"},{\"@type\":\"ListItem\",\"position\":3,\"name\":\"Os nossos especialistas\"}]},{\"@type\":\"WebSite\",\"@id\":\"https:\/\/auren.com\/pt\/#website\",\"url\":\"https:\/\/auren.com\/pt\/\",\"name\":\"Auren Portugal\",\"description\":\"\",\"publisher\":{\"@id\":\"https:\/\/auren.com\/pt\/#organization\"},\"potentialAction\":[{\"@type\":\"SearchAction\",\"target\":{\"@type\":\"EntryPoint\",\"urlTemplate\":\"https:\/\/auren.com\/pt\/?s={search_term_string}\"},\"query-input\":{\"@type\":\"PropertyValueSpecification\",\"valueRequired\":true,\"valueName\":\"search_term_string\"}}],\"inLanguage\":\"pt-PT\"},{\"@type\":\"Organization\",\"@id\":\"https:\/\/auren.com\/pt\/#organization\",\"name\":\"Auren Portugal\",\"url\":\"https:\/\/auren.com\/pt\/\",\"logo\":{\"@type\":\"ImageObject\",\"inLanguage\":\"pt-PT\",\"@id\":\"https:\/\/auren.com\/pt\/#\/schema\/logo\/image\/\",\"url\":\"https:\/\/auren.com\/pt\/wp-content\/uploads\/2025\/01\/cropped-cropped-favicon-Auren.png\",\"contentUrl\":\"https:\/\/auren.com\/pt\/wp-content\/uploads\/2025\/01\/cropped-cropped-favicon-Auren.png\",\"width\":512,\"height\":512,\"caption\":\"Auren Portugal\"},\"image\":{\"@id\":\"https:\/\/auren.com\/pt\/#\/schema\/logo\/image\/\"},\"sameAs\":[\"https:\/\/www.facebook.com\/AurenPortugal\",\"https:\/\/pt.linkedin.com\/company\/aurenportugal\"]}]}<\/script>\n<!-- \/ Yoast SEO plugin. -->","yoast_head_json":{"title":"Os nossos especialistas - Auren Portugal","robots":{"index":"index","follow":"follow","max-snippet":"max-snippet:-1","max-image-preview":"max-image-preview:large","max-video-preview":"max-video-preview:-1"},"canonical":"https:\/\/auren.com\/pt\/sobre-a-auren\/nossa-equipa\/","og_locale":"pt_PT","og_type":"article","og_title":"Os nossos especialistas - Auren Portugal","og_url":"https:\/\/auren.com\/pt\/sobre-a-auren\/nossa-equipa\/","og_site_name":"Auren Portugal","article_publisher":"https:\/\/www.facebook.com\/AurenPortugal","article_modified_time":"2025-09-17T15:27:21+00:00","twitter_card":"summary_large_image","schema":{"@context":"https:\/\/schema.org","@graph":[{"@type":"WebPage","@id":"https:\/\/auren.com\/pt\/sobre-a-auren\/nossa-equipa\/","url":"https:\/\/auren.com\/pt\/sobre-a-auren\/nossa-equipa\/","name":"Os nossos especialistas - Auren Portugal","isPartOf":{"@id":"https:\/\/auren.com\/pt\/#website"},"datePublished":"2025-01-07T16:21:29+00:00","dateModified":"2025-09-17T15:27:21+00:00","breadcrumb":{"@id":"https:\/\/auren.com\/pt\/sobre-a-auren\/nossa-equipa\/#breadcrumb"},"inLanguage":"pt-PT","potentialAction":[{"@type":"ReadAction","target":["https:\/\/auren.com\/pt\/sobre-a-auren\/nossa-equipa\/"]}]},{"@type":"BreadcrumbList","@id":"https:\/\/auren.com\/pt\/sobre-a-auren\/nossa-equipa\/#breadcrumb","itemListElement":[{"@type":"ListItem","position":1,"name":"Home","item":"https:\/\/auren.com\/pt\/"},{"@type":"ListItem","position":2,"name":"Sobre a Auren","item":"https:\/\/auren.com\/pt\/sobre-a-auren\/"},{"@type":"ListItem","position":3,"name":"Os nossos especialistas"}]},{"@type":"WebSite","@id":"https:\/\/auren.com\/pt\/#website","url":"https:\/\/auren.com\/pt\/","name":"Auren Portugal","description":"","publisher":{"@id":"https:\/\/auren.com\/pt\/#organization"},"potentialAction":[{"@type":"SearchAction","target":{"@type":"EntryPoint","urlTemplate":"https:\/\/auren.com\/pt\/?s={search_term_string}"},"query-input":{"@type":"PropertyValueSpecification","valueRequired":true,"valueName":"search_term_string"}}],"inLanguage":"pt-PT"},{"@type":"Organization","@id":"https:\/\/auren.com\/pt\/#organization","name":"Auren Portugal","url":"https:\/\/auren.com\/pt\/","logo":{"@type":"ImageObject","inLanguage":"pt-PT","@id":"https:\/\/auren.com\/pt\/#\/schema\/logo\/image\/","url":"https:\/\/auren.com\/pt\/wp-content\/uploads\/2025\/01\/cropped-cropped-favicon-Auren.png","contentUrl":"https:\/\/auren.com\/pt\/wp-content\/uploads\/2025\/01\/cropped-cropped-favicon-Auren.png","width":512,"height":512,"caption":"Auren Portugal"},"image":{"@id":"https:\/\/auren.com\/pt\/#\/schema\/logo\/image\/"},"sameAs":["https:\/\/www.facebook.com\/AurenPortugal","https:\/\/pt.linkedin.com\/company\/aurenportugal"]}]}},"_links":{"self":[{"href":"https:\/\/auren.com\/pt\/wp-json\/wp\/v2\/pages\/5180","targetHints":{"allow":["GET"]}}],"collection":[{"href":"https:\/\/auren.com\/pt\/wp-json\/wp\/v2\/pages"}],"about":[{"href":"https:\/\/auren.com\/pt\/wp-json\/wp\/v2\/types\/page"}],"author":[{"embeddable":true,"href":"https:\/\/auren.com\/pt\/wp-json\/wp\/v2\/users\/2"}],"replies":[{"embeddable":true,"href":"https:\/\/auren.com\/pt\/wp-json\/wp\/v2\/comments?post=5180"}],"version-history":[{"count":0,"href":"https:\/\/auren.com\/pt\/wp-json\/wp\/v2\/pages\/5180\/revisions"}],"up":[{"embeddable":true,"href":"https:\/\/auren.com\/pt\/wp-json\/wp\/v2\/pages\/5153"}],"wp:attachment":[{"href":"https:\/\/auren.com\/pt\/wp-json\/wp\/v2\/media?parent=5180"}],"curies":[{"name":"wp","href":"https:\/\/api.w.org\/{rel}","templated":true}]}}