{"id":5240,"date":"2025-01-07T17:39:42","date_gmt":"2025-01-07T16:39:42","guid":{"rendered":"https:\/\/auren.com\/pt\/?page_id=5240"},"modified":"2025-01-07T17:39:43","modified_gmt":"2025-01-07T16:39:43","slug":"responsabilidade-empresarial","status":"publish","type":"page","link":"https:\/\/auren.com\/pt\/sobre-a-auren\/responsabilidade-empresarial\/","title":{"rendered":"Responsabilidade empresarial"},"content":{"rendered":"<section id=\"Header-block_c4c71454c8992e1a9a1fb33346cd6941\" class=\"Header\">\r\n\r\n    <div class=\"hero\">\r\n                <div class=\"container\">\r\n            <div class=\"hero_header\">\r\n                                \r\n                <div class=\"hero_header_title\">\r\n                    <p class=''>Responsabilidade<\/p>\n                <\/div>\r\n\r\n                                                \r\n                <div class=\"hero_header_title\">\r\n                    <p class='' style=\"text-align: right;\"><strong>empresarial:<\/strong><\/p>\n                <\/div>\r\n\r\n                                                \r\n                <div class=\"hero_header_subtitle\">\r\n                    <p style=\"text-align: right;\">Contribu\u00edmos para o bem-estar geral da sociedade<\/p>\n                <\/div>\r\n\r\n                                \r\n            <\/div>\r\n        <\/div>\r\n        \r\n                <picture>\r\n            <source data-srcset=\"https:\/\/auren.com\/pt\/wp-content\/uploads\/2025\/01\/bg-hero-aboutus-corporate-d.webp\"\r\n                media=\"(min-width: 1200px)\" \/>\r\n            <img decoding=\"async\" class=\"hero_bg lazyload\"\r\n                <img decoding=\"async\" width=\"640\" height=\"383\" data-src=\"https:\/\/auren.com\/pt\/wp-content\/uploads\/2025\/01\/bg-hero-aboutus-corporate-d-1024x612.webp\" class=\"hero_bg lazyload\" alt=\"\" data-srcset=\"https:\/\/auren.com\/pt\/wp-content\/uploads\/2025\/01\/bg-hero-aboutus-corporate-d-1024x612.webp 1024w, https:\/\/auren.com\/pt\/wp-content\/uploads\/2025\/01\/bg-hero-aboutus-corporate-d-300x179.webp 300w, https:\/\/auren.com\/pt\/wp-content\/uploads\/2025\/01\/bg-hero-aboutus-corporate-d-768x459.webp 768w, https:\/\/auren.com\/pt\/wp-content\/uploads\/2025\/01\/bg-hero-aboutus-corporate-d.webp 1200w\" data-sizes=\"(max-width: 640px) 100vw, 640px\" src=\"data:image\/svg+xml;base64,PHN2ZyB3aWR0aD0iMSIgaGVpZ2h0PSIxIiB4bWxucz0iaHR0cDovL3d3dy53My5vcmcvMjAwMC9zdmciPjwvc3ZnPg==\" style=\"--smush-placeholder-width: 640px; --smush-placeholder-aspect-ratio: 640\/383;\" \/>>\r\n        <\/picture>\r\n        \r\n                        <p class=\"hero_scroll\"><strong>Explorar mais<\/strong> Role para baixo<\/p>\r\n                    <\/div>\r\n\r\n<\/section>\n\n\r\n<section id=\"Breadcrumbs-block_7dfeda95ef7463c9073aaf34419ae101\" class=\"Breadcrumbs\">\r\n    \r\n        <nav class=\"breads\" aria-label=\"Breadcrumb\">\r\n            <ul class=\"container\">\r\n                <li><a href=\"https:\/\/auren.com\/pt\">Home<\/a><\/li>\r\n                <li><span aria-current=\"page\">Responsabilidade empresarial<\/span><\/li>            <\/ul>\r\n        <\/nav>\r\n\r\n                                                                                     \r\n    \r\n<\/section>\r\n\n\n\r\n<section id=\"ImageText-block_b9f4c752b4ed360b55e4101181857d10\" class=\"ImageText\">\r\n\r\n    <section class=\"info \">\r\n        <div class=\"container\">\r\n            <div class=\"info_text\">\r\n                <div class=\"info_title\">\r\n                    <p class=''>Impulsionar a mudan\u00e7a positiva<\/p>\n                <\/div>\r\n                <div class=\"info_description\">\r\n                    <p>A responsabilidade social est\u00e1 no ADN da Auren desde as suas origens, \u00e9 fundamental na nossa cultura empresarial e \u00e9 um valor partilhado por todos os nossos profissionais. Estamos empenhados em ter um impacto positivo na sociedade e em promover pr\u00e1ticas \u00e9ticas que contribuam para o bem-estar social.<\/p>\n<p>A promo\u00e7\u00e3o da responsabilidade social corporativa e de pr\u00e1ticas empresariais sustent\u00e1veis \u00e9 uma das nossas prioridades, bem como a promo\u00e7\u00e3o da inclus\u00e3o e da diversidade na nossa organiza\u00e7\u00e3o.<\/p>\n<p>Somos socialmente respons\u00e1veis ao sermos sustent\u00e1veis e ao ajudarmos os nossos clientes a serem sustent\u00e1veis.<\/p>\n                <\/div>\r\n            <\/div>\r\n            <div class=\"info_media\">\r\n                <div class=\"info_media_item info_media_item-1\">\r\n                    <div class=\"info_media_item_text\"><span class=\"title\"><\/span><\/div>\r\n                    <div class=\"info_media_item_text_claim\"><\/div>\r\n                    <span class=\"info_media_item_bg\">\r\n                                                    <img decoding=\"async\" width=\"640\" height=\"366\" data-src=\"https:\/\/auren.com\/pt\/wp-content\/uploads\/2025\/01\/international-auren-media-banner-3-1024x585.webp\" class=\"attachment-large size-large lazyload\" alt=\"\" data-srcset=\"https:\/\/auren.com\/pt\/wp-content\/uploads\/2025\/01\/international-auren-media-banner-3-1024x585.webp 1024w, https:\/\/auren.com\/pt\/wp-content\/uploads\/2025\/01\/international-auren-media-banner-3-300x171.webp 300w, https:\/\/auren.com\/pt\/wp-content\/uploads\/2025\/01\/international-auren-media-banner-3-768x439.webp 768w, https:\/\/auren.com\/pt\/wp-content\/uploads\/2025\/01\/international-auren-media-banner-3-1536x878.webp 1536w, https:\/\/auren.com\/pt\/wp-content\/uploads\/2025\/01\/international-auren-media-banner-3-2048x1171.webp 2048w\" data-sizes=\"(max-width: 640px) 100vw, 640px\" src=\"data:image\/svg+xml;base64,PHN2ZyB3aWR0aD0iMSIgaGVpZ2h0PSIxIiB4bWxucz0iaHR0cDovL3d3dy53My5vcmcvMjAwMC9zdmciPjwvc3ZnPg==\" style=\"--smush-placeholder-width: 640px; --smush-placeholder-aspect-ratio: 640\/366;\" \/>                                            <\/span>\r\n                                                        <\/div>\r\n                <div class=\"info_media_claim\">\r\n                    <p>Auren com sustentabilidade<\/p>\n                <\/div>\r\n                <div class=\"info_media_item info_media_item-2\">\r\n                    <div class=\"info_media_item_text\"><span class=\"title\"><\/span><\/div>\r\n                    <div class=\"info_media_item_text_claim\"><\/div>\r\n                    <span class=\"info_media_item_bg\">\r\n                                                    <img decoding=\"async\" width=\"640\" height=\"354\" data-src=\"https:\/\/auren.com\/pt\/wp-content\/uploads\/2025\/01\/image-text-5-1-1024x567.webp\" class=\"attachment-large size-large lazyload\" alt=\"\" data-srcset=\"https:\/\/auren.com\/pt\/wp-content\/uploads\/2025\/01\/image-text-5-1-1024x567.webp 1024w, https:\/\/auren.com\/pt\/wp-content\/uploads\/2025\/01\/image-text-5-1-300x166.webp 300w, https:\/\/auren.com\/pt\/wp-content\/uploads\/2025\/01\/image-text-5-1-768x425.webp 768w, https:\/\/auren.com\/pt\/wp-content\/uploads\/2025\/01\/image-text-5-1-1536x851.webp 1536w, https:\/\/auren.com\/pt\/wp-content\/uploads\/2025\/01\/image-text-5-1-2048x1134.webp 2048w\" data-sizes=\"(max-width: 640px) 100vw, 640px\" src=\"data:image\/svg+xml;base64,PHN2ZyB3aWR0aD0iMSIgaGVpZ2h0PSIxIiB4bWxucz0iaHR0cDovL3d3dy53My5vcmcvMjAwMC9zdmciPjwvc3ZnPg==\" style=\"--smush-placeholder-width: 640px; --smush-placeholder-aspect-ratio: 640\/354;\" \/>                                            <\/span>\r\n                                                        <\/div>\r\n            <\/div>\r\n        <\/div>\r\n    <\/section>\r\n\r\n<\/section>\r\n\r\n\n\n<div id=\"TitleSubtitleText-block_30737384a0131df45f7808817682df83\" class=\"TitleSubtitleText\">\n\n    <section class=\"headlines v2\">\n        <div class=\"container\">\n                        <div class=\"headlines_title\">\n                <p class=''>Servi\u00e7os profissionais com uma abordagem humana<\/p>\n            <\/div>\n                                    <div class=\"headlines_content\">\n                                <div class=\"headlines_subtitle\">\n                    <p>Impulsionar a mudan\u00e7a<\/p>\n                <\/div>\n                                                <div class=\"headlines_description\">\n                    <p>Na Auren, estamos convencidos de que as empresas profissionais desempenham um papel fundamental no progresso da sociedade. Estamos empenhados em desenvolver uma economia \u00e9tica que promova o bem-estar da sociedade, colocando as pessoas no centro de todas as decis\u00f5es.<\/p>\n<p>A nossa miss\u00e3o \u00e9 construir uma sociedade mais pr\u00f3spera, justa e sustent\u00e1vel, respeitando sempre a dignidade humana. Trabalhamos para garantir que as pr\u00e1ticas empresariais respons\u00e1veis impulsionam o progresso social e a gest\u00e3o ambiental, gerando um impacto positivo na sociedade como um todo.<\/p>\n                <\/div>\n                                            <\/div>\n                    <\/div>\n    <\/section>\n\n<\/div>\n\n\n<div id=\"CoverBanner-block_470ffd913a576effc526ed0726203756\" class=\"CoverBanner\">\n\n    <section class=\"cover\">\n        <div class=\"container\">\n            <div class=\"cover_content lazyload\" style=\"background-image:inherit;\" data-bg-image=\"url(&#039;https:\/\/auren.com\/pt\/wp-content\/uploads\/2025\/01\/example-cover-1.webp&#039;)\">\n                <div class=\"cover_title\">\n                    <h3 class=''>Comprometidos com a sociedade.<\/h3>\n                <\/div>\n                <div class=\"cover_subtitle\">\n                    <h3 class=''>Impacto positivo<\/h3>\n                <\/div>\n                <div class=\"cover_description\">\n                    <p class=''>No nosso trabalho di\u00e1rio, consideramos os interesses dos nossos parceiros, colaboradores, clientes, fornecedores e outras partes interessadas. O nosso objetivo \u00e9 ter um impacto positivo na sociedade e refor\u00e7ar o bem comum, procurando o desenvolvimento equilibrado das pessoas e do seu ambiente.<\/p>\n                <\/div>\n            <\/div>\n        <\/div>\n    <\/section>\n\n<\/div>\n\n\n","protected":false},"excerpt":{"rendered":"","protected":false},"author":2,"featured_media":0,"parent":5153,"menu_order":0,"comment_status":"closed","ping_status":"closed","template":"","meta":{"_acf_changed":false,"inline_featured_image":false,"footnotes":""},"class_list":["post-5240","page","type-page","status-publish","hentry"],"acf":[],"yoast_head":"<!-- This site is optimized with the Yoast SEO plugin v27.2 - https:\/\/yoast.com\/product\/yoast-seo-wordpress\/ -->\n<title>Responsabilidade empresarial - Auren Portugal<\/title>\n<meta name=\"robots\" content=\"index, follow, max-snippet:-1, max-image-preview:large, max-video-preview:-1\" \/>\n<link rel=\"canonical\" href=\"https:\/\/auren.com\/pt\/sobre-a-auren\/responsabilidade-empresarial\/\" \/>\n<meta property=\"og:locale\" content=\"pt_PT\" \/>\n<meta property=\"og:type\" content=\"article\" \/>\n<meta property=\"og:title\" content=\"Responsabilidade empresarial - Auren Portugal\" \/>\n<meta property=\"og:url\" content=\"https:\/\/auren.com\/pt\/sobre-a-auren\/responsabilidade-empresarial\/\" \/>\n<meta property=\"og:site_name\" content=\"Auren Portugal\" \/>\n<meta property=\"article:publisher\" content=\"https:\/\/www.facebook.com\/AurenPortugal\" \/>\n<meta property=\"article:modified_time\" content=\"2025-01-07T16:39:43+00:00\" \/>\n<meta name=\"twitter:card\" content=\"summary_large_image\" \/>\n<script type=\"application\/ld+json\" class=\"yoast-schema-graph\">{\"@context\":\"https:\/\/schema.org\",\"@graph\":[{\"@type\":\"WebPage\",\"@id\":\"https:\/\/auren.com\/pt\/sobre-a-auren\/responsabilidade-empresarial\/\",\"url\":\"https:\/\/auren.com\/pt\/sobre-a-auren\/responsabilidade-empresarial\/\",\"name\":\"Responsabilidade empresarial - Auren Portugal\",\"isPartOf\":{\"@id\":\"https:\/\/auren.com\/pt\/#website\"},\"datePublished\":\"2025-01-07T16:39:42+00:00\",\"dateModified\":\"2025-01-07T16:39:43+00:00\",\"breadcrumb\":{\"@id\":\"https:\/\/auren.com\/pt\/sobre-a-auren\/responsabilidade-empresarial\/#breadcrumb\"},\"inLanguage\":\"pt-PT\",\"potentialAction\":[{\"@type\":\"ReadAction\",\"target\":[\"https:\/\/auren.com\/pt\/sobre-a-auren\/responsabilidade-empresarial\/\"]}]},{\"@type\":\"BreadcrumbList\",\"@id\":\"https:\/\/auren.com\/pt\/sobre-a-auren\/responsabilidade-empresarial\/#breadcrumb\",\"itemListElement\":[{\"@type\":\"ListItem\",\"position\":1,\"name\":\"Home\",\"item\":\"https:\/\/auren.com\/pt\/\"},{\"@type\":\"ListItem\",\"position\":2,\"name\":\"Sobre a Auren\",\"item\":\"https:\/\/auren.com\/pt\/sobre-a-auren\/\"},{\"@type\":\"ListItem\",\"position\":3,\"name\":\"Responsabilidade empresarial\"}]},{\"@type\":\"WebSite\",\"@id\":\"https:\/\/auren.com\/pt\/#website\",\"url\":\"https:\/\/auren.com\/pt\/\",\"name\":\"Auren Portugal\",\"description\":\"\",\"publisher\":{\"@id\":\"https:\/\/auren.com\/pt\/#organization\"},\"potentialAction\":[{\"@type\":\"SearchAction\",\"target\":{\"@type\":\"EntryPoint\",\"urlTemplate\":\"https:\/\/auren.com\/pt\/?s={search_term_string}\"},\"query-input\":{\"@type\":\"PropertyValueSpecification\",\"valueRequired\":true,\"valueName\":\"search_term_string\"}}],\"inLanguage\":\"pt-PT\"},{\"@type\":\"Organization\",\"@id\":\"https:\/\/auren.com\/pt\/#organization\",\"name\":\"Auren Portugal\",\"url\":\"https:\/\/auren.com\/pt\/\",\"logo\":{\"@type\":\"ImageObject\",\"inLanguage\":\"pt-PT\",\"@id\":\"https:\/\/auren.com\/pt\/#\/schema\/logo\/image\/\",\"url\":\"https:\/\/auren.com\/pt\/wp-content\/uploads\/2025\/01\/cropped-cropped-favicon-Auren.png\",\"contentUrl\":\"https:\/\/auren.com\/pt\/wp-content\/uploads\/2025\/01\/cropped-cropped-favicon-Auren.png\",\"width\":512,\"height\":512,\"caption\":\"Auren Portugal\"},\"image\":{\"@id\":\"https:\/\/auren.com\/pt\/#\/schema\/logo\/image\/\"},\"sameAs\":[\"https:\/\/www.facebook.com\/AurenPortugal\",\"https:\/\/pt.linkedin.com\/company\/aurenportugal\"]}]}<\/script>\n<!-- \/ Yoast SEO plugin. -->","yoast_head_json":{"title":"Responsabilidade empresarial - Auren Portugal","robots":{"index":"index","follow":"follow","max-snippet":"max-snippet:-1","max-image-preview":"max-image-preview:large","max-video-preview":"max-video-preview:-1"},"canonical":"https:\/\/auren.com\/pt\/sobre-a-auren\/responsabilidade-empresarial\/","og_locale":"pt_PT","og_type":"article","og_title":"Responsabilidade empresarial - Auren Portugal","og_url":"https:\/\/auren.com\/pt\/sobre-a-auren\/responsabilidade-empresarial\/","og_site_name":"Auren Portugal","article_publisher":"https:\/\/www.facebook.com\/AurenPortugal","article_modified_time":"2025-01-07T16:39:43+00:00","twitter_card":"summary_large_image","schema":{"@context":"https:\/\/schema.org","@graph":[{"@type":"WebPage","@id":"https:\/\/auren.com\/pt\/sobre-a-auren\/responsabilidade-empresarial\/","url":"https:\/\/auren.com\/pt\/sobre-a-auren\/responsabilidade-empresarial\/","name":"Responsabilidade empresarial - Auren Portugal","isPartOf":{"@id":"https:\/\/auren.com\/pt\/#website"},"datePublished":"2025-01-07T16:39:42+00:00","dateModified":"2025-01-07T16:39:43+00:00","breadcrumb":{"@id":"https:\/\/auren.com\/pt\/sobre-a-auren\/responsabilidade-empresarial\/#breadcrumb"},"inLanguage":"pt-PT","potentialAction":[{"@type":"ReadAction","target":["https:\/\/auren.com\/pt\/sobre-a-auren\/responsabilidade-empresarial\/"]}]},{"@type":"BreadcrumbList","@id":"https:\/\/auren.com\/pt\/sobre-a-auren\/responsabilidade-empresarial\/#breadcrumb","itemListElement":[{"@type":"ListItem","position":1,"name":"Home","item":"https:\/\/auren.com\/pt\/"},{"@type":"ListItem","position":2,"name":"Sobre a Auren","item":"https:\/\/auren.com\/pt\/sobre-a-auren\/"},{"@type":"ListItem","position":3,"name":"Responsabilidade empresarial"}]},{"@type":"WebSite","@id":"https:\/\/auren.com\/pt\/#website","url":"https:\/\/auren.com\/pt\/","name":"Auren Portugal","description":"","publisher":{"@id":"https:\/\/auren.com\/pt\/#organization"},"potentialAction":[{"@type":"SearchAction","target":{"@type":"EntryPoint","urlTemplate":"https:\/\/auren.com\/pt\/?s={search_term_string}"},"query-input":{"@type":"PropertyValueSpecification","valueRequired":true,"valueName":"search_term_string"}}],"inLanguage":"pt-PT"},{"@type":"Organization","@id":"https:\/\/auren.com\/pt\/#organization","name":"Auren Portugal","url":"https:\/\/auren.com\/pt\/","logo":{"@type":"ImageObject","inLanguage":"pt-PT","@id":"https:\/\/auren.com\/pt\/#\/schema\/logo\/image\/","url":"https:\/\/auren.com\/pt\/wp-content\/uploads\/2025\/01\/cropped-cropped-favicon-Auren.png","contentUrl":"https:\/\/auren.com\/pt\/wp-content\/uploads\/2025\/01\/cropped-cropped-favicon-Auren.png","width":512,"height":512,"caption":"Auren Portugal"},"image":{"@id":"https:\/\/auren.com\/pt\/#\/schema\/logo\/image\/"},"sameAs":["https:\/\/www.facebook.com\/AurenPortugal","https:\/\/pt.linkedin.com\/company\/aurenportugal"]}]}},"_links":{"self":[{"href":"https:\/\/auren.com\/pt\/wp-json\/wp\/v2\/pages\/5240","targetHints":{"allow":["GET"]}}],"collection":[{"href":"https:\/\/auren.com\/pt\/wp-json\/wp\/v2\/pages"}],"about":[{"href":"https:\/\/auren.com\/pt\/wp-json\/wp\/v2\/types\/page"}],"author":[{"embeddable":true,"href":"https:\/\/auren.com\/pt\/wp-json\/wp\/v2\/users\/2"}],"replies":[{"embeddable":true,"href":"https:\/\/auren.com\/pt\/wp-json\/wp\/v2\/comments?post=5240"}],"version-history":[{"count":0,"href":"https:\/\/auren.com\/pt\/wp-json\/wp\/v2\/pages\/5240\/revisions"}],"up":[{"embeddable":true,"href":"https:\/\/auren.com\/pt\/wp-json\/wp\/v2\/pages\/5153"}],"wp:attachment":[{"href":"https:\/\/auren.com\/pt\/wp-json\/wp\/v2\/media?parent=5240"}],"curies":[{"name":"wp","href":"https:\/\/api.w.org\/{rel}","templated":true}]}}